{"id":999,"date":"2025-11-15T13:21:14","date_gmt":"2025-11-15T13:21:14","guid":{"rendered":"https:\/\/powerchip.com.br\/?post_type=product&#038;p=999"},"modified":"2025-11-17T12:47:39","modified_gmt":"2025-11-17T12:47:39","slug":"mercedes-benz-cla-arquivo-de-reset-clear-para-modulo-de-airbag-0285013862-a1179001802-hw-a1179017201-sw-a1179021102-hwid-153800-sw-id-160800-q1-com-soic-95640-mais-instrucoes","status":"publish","type":"product","link":"https:\/\/powerchip.com.br\/index.php\/produto\/mercedes-benz-cla-arquivo-de-reset-clear-para-modulo-de-airbag-0285013862-a1179001802-hw-a1179017201-sw-a1179021102-hwid-153800-sw-id-160800-q1-com-soic-95640-mais-instrucoes\/","title":{"rendered":"\u00a0MERCEDES-BENZ CLA ARQUIVO\u00a0 de Reset\u00a0 Clear\u00a0 para modulo de airbag  0285013862 A1179001802, HW A1179017201 SW A1179021102 HWID 153800 SW ID 160800 Q1 com soic 95640 mais instru\u00e7\u00f5es."},"content":{"rendered":"<h3 id=\"_cnkYaaD4NbOU5OUPlri96QU_83\" class=\"LC20lb MBeuO DKV0Md\">\u00a0MERCEDES-BENZ CLA ARQUIVO\u00a0 de Reset\u00a0 Clear\u00a0 para modulo de airbag 0285013862 com soic 95640 mais instru\u00e7\u00f5es.<\/h3>\n<p>MERCEDES-BENZ, CLA ,ARQUIVO,\u00a0 ,Reset,\u00a0 Clear\u00a0, , modulo ,airbag, 0285013862 ,soic, 95640, A1179001802, HW A1179017201 SW A1179021102 HWID 153800 SW ID 160800 Q1<\/p>\n<p>0285013862 com soic 95640 mais instru\u00e7\u00f5es, Beeprog , upa etc.<\/p>\n<p>&nbsp;<\/p>\n<p><img loading=\"lazy\" decoding=\"async\" class=\"alignnone size-full wp-image-1040\" src=\"https:\/\/powerchip.com.br\/wp-content\/uploads\/2025\/11\/alto-falante.jpg\" alt=\"\" width=\"67\" height=\"55\" \/> \u00a0Voc\u00ea receber\u00e1 ap\u00f3s pagar, um link com o arquivo:<\/p>\n<p><img loading=\"lazy\" decoding=\"async\" class=\"alignnone size-full wp-image-1044\" src=\"https:\/\/powerchip.com.br\/wp-content\/uploads\/2025\/11\/AIRBAG-PEQUENO.jpg\" alt=\"\" width=\"28\" height=\"31\" \/> Arquivo compactado contendo dentro:<\/p>\n<p>&nbsp;<\/p>\n<p><img loading=\"lazy\" decoding=\"async\" class=\"alignnone size-full wp-image-1044\" src=\"https:\/\/powerchip.com.br\/wp-content\/uploads\/2025\/11\/AIRBAG-PEQUENO.jpg\" alt=\"\" width=\"28\" height=\"31\" \/> arquivo original<\/p>\n<p><img loading=\"lazy\" decoding=\"async\" class=\"alignnone size-full wp-image-1044\" src=\"https:\/\/powerchip.com.br\/wp-content\/uploads\/2025\/11\/AIRBAG-PEQUENO.jpg\" alt=\"\" width=\"28\" height=\"31\" \/> <img loading=\"lazy\" decoding=\"async\" class=\"alignnone size-full wp-image-1044\" src=\"https:\/\/powerchip.com.br\/wp-content\/uploads\/2025\/11\/AIRBAG-PEQUENO.jpg\" alt=\"\" width=\"28\" height=\"31\" \/> Arquivo CLEAR RESET. Beeprog , upa etc.<\/p>\n<p>&nbsp;<\/p>\n<p><a href=\"https:\/\/powerchip.com.br\/index.php\/arquivo-destinado-a-profissionais\/\">Arquivo destinado a profissionais<\/a>.<\/p>\n<p><a href=\"https:\/\/powerchip.com.br\/index.php\/como-usar-o-arquivo-comprado\/\">Como usar o arquivo<\/a>.<\/p>\n<p><a href=\"https:\/\/powerchip.com.br\/index.php\/como-comprar\/\">Como comprar<\/a><\/p>\n<p><img loading=\"lazy\" decoding=\"async\" class=\"alignnone size-medium wp-image-1000\" src=\"https:\/\/powerchip.com.br\/wp-content\/uploads\/2025\/11\/foto-de-zip-airabg-RESET-mercedes-mb-300x170.jpg\" alt=\"\" width=\"300\" height=\"170\" srcset=\"https:\/\/powerchip.com.br\/wp-content\/uploads\/2025\/11\/foto-de-zip-airabg-RESET-mercedes-mb-300x170.jpg 300w, https:\/\/powerchip.com.br\/wp-content\/uploads\/2025\/11\/foto-de-zip-airabg-RESET-mercedes-mb-600x341.jpg 600w, https:\/\/powerchip.com.br\/wp-content\/uploads\/2025\/11\/foto-de-zip-airabg-RESET-mercedes-mb.jpg 733w\" sizes=\"auto, (max-width: 300px) 100vw, 300px\" \/><\/p>\n","protected":false},"excerpt":{"rendered":"<h3 id=\"_cnkYaaD4NbOU5OUPlri96QU_83\" class=\"LC20lb MBeuO DKV0Md\">\u00a0MERCEDES-BENZ CLA ARQUIVO\u00a0 de Reset\u00a0 Clear\u00a0 para modulo de airbag 0285013862 com soic 95640 mais instru\u00e7\u00f5es.<\/h3>\n<p>0285013862 com soic 95640 mais instru\u00e7\u00f5es, Beeprog , upa etc.<\/p>\n<p><img loading=\"lazy\" decoding=\"async\" class=\"alignnone size-medium wp-image-1000\" src=\"https:\/\/powerchip.com.br\/wp-content\/uploads\/2025\/11\/foto-de-zip-airabg-RESET-mercedes-mb-300x170.jpg\" alt=\"\" width=\"300\" height=\"170\" srcset=\"https:\/\/powerchip.com.br\/wp-content\/uploads\/2025\/11\/foto-de-zip-airabg-RESET-mercedes-mb-300x170.jpg 300w, https:\/\/powerchip.com.br\/wp-content\/uploads\/2025\/11\/foto-de-zip-airabg-RESET-mercedes-mb-600x341.jpg 600w, https:\/\/powerchip.com.br\/wp-content\/uploads\/2025\/11\/foto-de-zip-airabg-RESET-mercedes-mb.jpg 733w\" sizes=\"auto, (max-width: 300px) 100vw, 300px\" \/><\/p>\n","protected":false},"featured_media":1000,"template":"","meta":{"_joinchat":[]},"product_brand":[],"product_cat":[485],"product_tag":[1070,1072,1073,233,116,1069,238,1074,1076,1068,655,1078,235,1071,1075,1077],"class_list":{"0":"post-999","1":"product","2":"type-product","3":"status-publish","4":"has-post-thumbnail","6":"product_cat-mercedes","7":"product_tag-1070","8":"product_tag-1072","9":"product_tag-a1179001802","10":"product_tag-airbag","11":"product_tag-arquivo","12":"product_tag-cla","13":"product_tag-clear","14":"product_tag-hw-a1179017201","15":"product_tag-hwid-153800","16":"product_tag-mercedes-benz","17":"product_tag-modulo","18":"product_tag-q1","19":"product_tag-reset","20":"product_tag-soic","21":"product_tag-sw-a1179021102","22":"product_tag-sw-id-160800","24":"first","25":"instock","26":"downloadable","27":"virtual","28":"purchasable","29":"product-type-simple"},"jetpack_sharing_enabled":true,"_links":{"self":[{"href":"https:\/\/powerchip.com.br\/index.php\/wp-json\/wp\/v2\/product\/999","targetHints":{"allow":["GET"]}}],"collection":[{"href":"https:\/\/powerchip.com.br\/index.php\/wp-json\/wp\/v2\/product"}],"about":[{"href":"https:\/\/powerchip.com.br\/index.php\/wp-json\/wp\/v2\/types\/product"}],"wp:featuredmedia":[{"embeddable":true,"href":"https:\/\/powerchip.com.br\/index.php\/wp-json\/wp\/v2\/media\/1000"}],"wp:attachment":[{"href":"https:\/\/powerchip.com.br\/index.php\/wp-json\/wp\/v2\/media?parent=999"}],"wp:term":[{"taxonomy":"product_brand","embeddable":true,"href":"https:\/\/powerchip.com.br\/index.php\/wp-json\/wp\/v2\/product_brand?post=999"},{"taxonomy":"product_cat","embeddable":true,"href":"https:\/\/powerchip.com.br\/index.php\/wp-json\/wp\/v2\/product_cat?post=999"},{"taxonomy":"product_tag","embeddable":true,"href":"https:\/\/powerchip.com.br\/index.php\/wp-json\/wp\/v2\/product_tag?post=999"}],"curies":[{"name":"wp","href":"https:\/\/api.w.org\/{rel}","templated":true}]}}