{"id":996,"date":"2025-11-14T22:13:14","date_gmt":"2025-11-14T22:13:14","guid":{"rendered":"https:\/\/powerchip.com.br\/?post_type=product&#038;p=996"},"modified":"2025-11-14T22:14:03","modified_gmt":"2025-11-14T22:14:03","slug":"peugeot-206-1-6-05-09-arquivo-potencia-decode-arquivo-original-para-me7-4-4-0261207665-9649035600-24-1037364128-208a3507-05414851-ej645-hu-phv-1hw-j0b7jabt","status":"publish","type":"product","link":"https:\/\/powerchip.com.br\/index.php\/produto\/peugeot-206-1-6-05-09-arquivo-potencia-decode-arquivo-original-para-me7-4-4-0261207665-9649035600-24-1037364128-208a3507-05414851-ej645-hu-phv-1hw-j0b7jabt\/","title":{"rendered":"Peugeot 206 1.6 05\/09  ARQUIVO POTENCIA+ DECODE + ARQUIVO ORIGINAL PARA ME7.4.4  0261207665 9649035600 24 1037364128 208A3507 05414851 EJ645 HU-PHV-1HW J0B7JABT"},"content":{"rendered":"<p>Peugeot 206 1.6 05\/09 ARQUIVO POTENCIA+ DECODE + ARQUIVO ORIGINAL PARA ME7.4.4 0261207665 9649035600 24\u00a0 1037364128 208A3507 05414851 EJ645 HU-PHV-1HW J0B7JABT<\/p>\n<p>AR CONDICIONADO 100% OK.<\/p>\n<p>\u201cLembrete: Estes arquivos N\u00c3O\u00a0 \u00a0necessitam de prepara\u00e7\u00e3o espec\u00edfica para a central (ECU) de destino antes do uso\u00a0 \u00a0 .\u201d<\/p>\n<p>Um profissional saber\u00e1 utilizar isso , ou ap\u00f3s a compra entre em contato.<\/p>\n<p>Voc\u00ea receber\u00e1 um link com arquivo compactado para baixar\u00a0 ap\u00f3s pagar, contendo:<\/p>\n<p>01 ARQUIVO ORIGINAL SOIC. BEEPROG UPA ETC&#8230;<\/p>\n<p>01 ARQUIVO\u00a0 DECODE\u00a0 NA SOIC. BEEPROG UPA ETC&#8230;<\/p>\n<p>01 ARQUIVO\u00a0 ORIGINAL PARA PSOP 29F400 28F400. BEEPROG\u00a0 ETC&#8230;\u00a0 Peugeot 206 1.6 05\/09 ARQUIVO POTENCIA+ DECODE + ARQUIVO ORIGINAL PARA ME7.4.4 0261207665 9649035600 24 1037364128<\/p>\n<p>01 ARQUIVO POT\u00caNCIA\u00a0 CHECKSUM OK, PARA PSOP 29F400 28F400 BEEPROG\u00a0 ETC&#8230;\u00a0 Peugeot 206 1.6 05\/09 ARQUIVO POTENCIA+ DECODE + ARQUIVO ORIGINAL PARA ME7.4.4 0261207665 9649035600 24 1037364128<\/p>\n<p>&nbsp;<\/p>\n<p><a href=\"https:\/\/powerchip.com.br\/index.php\/arquivo-destinado-a-profissionais\/\">Arquivo destinado a profissionais<\/a>.<\/p>\n<p><a href=\"https:\/\/powerchip.com.br\/index.php\/como-usar-o-arquivo-comprado\/\">Como usar o arquivo<\/a>.<\/p>\n<p><a href=\"https:\/\/powerchip.com.br\/index.php\/como-comprar\/\">Como comprar<\/a><\/p>\n<p>&nbsp;<\/p>\n<p><img loading=\"lazy\" decoding=\"async\" class=\"alignnone size-medium wp-image-943\" src=\"https:\/\/powerchip.com.br\/wp-content\/uploads\/2025\/11\/foto-de-zip-potencia-1-1-300x170.jpg\" alt=\"\" width=\"300\" height=\"170\" srcset=\"https:\/\/powerchip.com.br\/wp-content\/uploads\/2025\/11\/foto-de-zip-potencia-1-1-300x170.jpg 300w, https:\/\/powerchip.com.br\/wp-content\/uploads\/2025\/11\/foto-de-zip-potencia-1-1-600x341.jpg 600w, https:\/\/powerchip.com.br\/wp-content\/uploads\/2025\/11\/foto-de-zip-potencia-1-1.jpg 733w\" sizes=\"auto, (max-width: 300px) 100vw, 300px\" \/><img loading=\"lazy\" decoding=\"async\" class=\"alignnone size-medium wp-image-948\" src=\"https:\/\/powerchip.com.br\/wp-content\/uploads\/2025\/11\/foto-de-zip-original--300x175.jpg\" alt=\"\" width=\"300\" height=\"175\" srcset=\"https:\/\/powerchip.com.br\/wp-content\/uploads\/2025\/11\/foto-de-zip-original--300x175.jpg 300w, https:\/\/powerchip.com.br\/wp-content\/uploads\/2025\/11\/foto-de-zip-original--600x350.jpg 600w, https:\/\/powerchip.com.br\/wp-content\/uploads\/2025\/11\/foto-de-zip-original-.jpg 727w\" sizes=\"auto, (max-width: 300px) 100vw, 300px\" \/><img loading=\"lazy\" decoding=\"async\" class=\"alignnone size-medium wp-image-360\" src=\"https:\/\/powerchip.com.br\/wp-content\/uploads\/2025\/10\/foto-de-zip-INJECAO-DECODE--300x198.jpg\" alt=\"\" width=\"300\" height=\"198\" srcset=\"https:\/\/powerchip.com.br\/wp-content\/uploads\/2025\/10\/foto-de-zip-INJECAO-DECODE--300x198.jpg 300w, https:\/\/powerchip.com.br\/wp-content\/uploads\/2025\/10\/foto-de-zip-INJECAO-DECODE--768x506.jpg 768w, https:\/\/powerchip.com.br\/wp-content\/uploads\/2025\/10\/foto-de-zip-INJECAO-DECODE--600x396.jpg 600w, https:\/\/powerchip.com.br\/wp-content\/uploads\/2025\/10\/foto-de-zip-INJECAO-DECODE-.jpg 775w\" sizes=\"auto, (max-width: 300px) 100vw, 300px\" \/><img loading=\"lazy\" decoding=\"async\" class=\"alignnone size-full wp-image-645\" src=\"https:\/\/powerchip.com.br\/wp-content\/uploads\/2025\/11\/soic-8-.jpg\" alt=\"\" width=\"246\" height=\"245\" srcset=\"https:\/\/powerchip.com.br\/wp-content\/uploads\/2025\/11\/soic-8-.jpg 246w, https:\/\/powerchip.com.br\/wp-content\/uploads\/2025\/11\/soic-8--150x150.jpg 150w, https:\/\/powerchip.com.br\/wp-content\/uploads\/2025\/11\/soic-8--100x100.jpg 100w\" sizes=\"auto, (max-width: 246px) 100vw, 246px\" \/><img loading=\"lazy\" decoding=\"async\" class=\"alignnone size-full wp-image-644\" src=\"https:\/\/powerchip.com.br\/wp-content\/uploads\/2025\/11\/psop-29f400-28f400-.jpg\" alt=\"\" width=\"299\" height=\"167\" \/><\/p>\n","protected":false},"excerpt":{"rendered":"<p>Peugeot 206 1.6 05\/09 ARQUIVO POTENCIA+ DECODE + ARQUIVO ORIGINAL PARA ME7.4.4 0261207665 1037364128 208A3507 05414851 EJ645 HU-PHV-1HW J0B7JABT<\/p>\n<p>&nbsp;<\/p>\n<p><img loading=\"lazy\" decoding=\"async\" class=\"alignnone size-medium wp-image-943\" src=\"https:\/\/powerchip.com.br\/wp-content\/uploads\/2025\/11\/foto-de-zip-potencia-1-1-300x170.jpg\" alt=\"\" width=\"300\" height=\"170\" srcset=\"https:\/\/powerchip.com.br\/wp-content\/uploads\/2025\/11\/foto-de-zip-potencia-1-1-300x170.jpg 300w, https:\/\/powerchip.com.br\/wp-content\/uploads\/2025\/11\/foto-de-zip-potencia-1-1-600x341.jpg 600w, https:\/\/powerchip.com.br\/wp-content\/uploads\/2025\/11\/foto-de-zip-potencia-1-1.jpg 733w\" sizes=\"auto, (max-width: 300px) 100vw, 300px\" \/><img loading=\"lazy\" decoding=\"async\" class=\"alignnone size-medium wp-image-948\" src=\"https:\/\/powerchip.com.br\/wp-content\/uploads\/2025\/11\/foto-de-zip-original--300x175.jpg\" alt=\"\" width=\"300\" height=\"175\" srcset=\"https:\/\/powerchip.com.br\/wp-content\/uploads\/2025\/11\/foto-de-zip-original--300x175.jpg 300w, https:\/\/powerchip.com.br\/wp-content\/uploads\/2025\/11\/foto-de-zip-original--600x350.jpg 600w, https:\/\/powerchip.com.br\/wp-content\/uploads\/2025\/11\/foto-de-zip-original-.jpg 727w\" sizes=\"auto, (max-width: 300px) 100vw, 300px\" \/><img loading=\"lazy\" decoding=\"async\" class=\"alignnone size-medium wp-image-360\" src=\"https:\/\/powerchip.com.br\/wp-content\/uploads\/2025\/10\/foto-de-zip-INJECAO-DECODE--300x198.jpg\" alt=\"\" width=\"300\" height=\"198\" srcset=\"https:\/\/powerchip.com.br\/wp-content\/uploads\/2025\/10\/foto-de-zip-INJECAO-DECODE--300x198.jpg 300w, https:\/\/powerchip.com.br\/wp-content\/uploads\/2025\/10\/foto-de-zip-INJECAO-DECODE--768x506.jpg 768w, https:\/\/powerchip.com.br\/wp-content\/uploads\/2025\/10\/foto-de-zip-INJECAO-DECODE--600x396.jpg 600w, https:\/\/powerchip.com.br\/wp-content\/uploads\/2025\/10\/foto-de-zip-INJECAO-DECODE-.jpg 775w\" sizes=\"auto, (max-width: 300px) 100vw, 300px\" \/><img loading=\"lazy\" decoding=\"async\" class=\"alignnone size-full wp-image-645\" src=\"https:\/\/powerchip.com.br\/wp-content\/uploads\/2025\/11\/soic-8-.jpg\" alt=\"\" width=\"246\" height=\"245\" srcset=\"https:\/\/powerchip.com.br\/wp-content\/uploads\/2025\/11\/soic-8-.jpg 246w, https:\/\/powerchip.com.br\/wp-content\/uploads\/2025\/11\/soic-8--150x150.jpg 150w, https:\/\/powerchip.com.br\/wp-content\/uploads\/2025\/11\/soic-8--100x100.jpg 100w\" sizes=\"auto, (max-width: 246px) 100vw, 246px\" \/><img loading=\"lazy\" decoding=\"async\" class=\"alignnone size-full wp-image-644\" src=\"https:\/\/powerchip.com.br\/wp-content\/uploads\/2025\/11\/psop-29f400-28f400-.jpg\" alt=\"\" width=\"299\" height=\"167\" \/><\/p>\n","protected":false},"featured_media":642,"template":"","meta":{"_joinchat":[]},"product_brand":[],"product_cat":[205],"product_tag":[432,1062,1065,405,1063,207,1064,116,127,1066,1049,1067,1061,66,206,41],"class_list":{"0":"post-996","1":"product","2":"type-product","3":"status-publish","4":"has-post-thumbnail","6":"product_cat-psa","7":"product_tag-0261201437-me-7-4-4-380068-1037380068-104b1s11-arquivo-29f400-28f400-29f400_-c3","8":"product_tag-1062","9":"product_tag-1065","10":"product_tag-1-6","11":"product_tag-1063","12":"product_tag-207","13":"product_tag-208a3507","14":"product_tag-arquivo","15":"product_tag-decode","16":"product_tag-ej645","17":"product_tag-hu-phv-1hw","18":"product_tag-j0b7jabt","19":"product_tag-me7-4-4","20":"product_tag-original","21":"product_tag-peugeot","22":"product_tag-potencia","24":"first","25":"instock","26":"downloadable","27":"virtual","28":"purchasable","29":"product-type-simple"},"jetpack_sharing_enabled":true,"_links":{"self":[{"href":"https:\/\/powerchip.com.br\/index.php\/wp-json\/wp\/v2\/product\/996","targetHints":{"allow":["GET"]}}],"collection":[{"href":"https:\/\/powerchip.com.br\/index.php\/wp-json\/wp\/v2\/product"}],"about":[{"href":"https:\/\/powerchip.com.br\/index.php\/wp-json\/wp\/v2\/types\/product"}],"wp:featuredmedia":[{"embeddable":true,"href":"https:\/\/powerchip.com.br\/index.php\/wp-json\/wp\/v2\/media\/642"}],"wp:attachment":[{"href":"https:\/\/powerchip.com.br\/index.php\/wp-json\/wp\/v2\/media?parent=996"}],"wp:term":[{"taxonomy":"product_brand","embeddable":true,"href":"https:\/\/powerchip.com.br\/index.php\/wp-json\/wp\/v2\/product_brand?post=996"},{"taxonomy":"product_cat","embeddable":true,"href":"https:\/\/powerchip.com.br\/index.php\/wp-json\/wp\/v2\/product_cat?post=996"},{"taxonomy":"product_tag","embeddable":true,"href":"https:\/\/powerchip.com.br\/index.php\/wp-json\/wp\/v2\/product_tag?post=996"}],"curies":[{"name":"wp","href":"https:\/\/api.w.org\/{rel}","templated":true}]}}