{"id":982,"date":"2025-11-14T17:58:52","date_gmt":"2025-11-14T17:58:52","guid":{"rendered":"https:\/\/powerchip.com.br\/?post_type=product&#038;p=982"},"modified":"2026-01-22T13:11:24","modified_gmt":"2026-01-22T13:11:24","slug":"renault-clio-5-captur-arquivo-gpf-opf-cat-off-decat-237101511s-237102703s-237615475s-1-3-tce-130-hp-continental-ems3161-237101511s-re902280-re902280-dhlptx-tpnh54446-2019-a-2022","status":"publish","type":"product","link":"https:\/\/powerchip.com.br\/index.php\/produto\/renault-clio-5-captur-arquivo-gpf-opf-cat-off-decat-237101511s-237102703s-237615475s-1-3-tce-130-hp-continental-ems3161-237101511s-re902280-re902280-dhlptx-tpnh54446-2019-a-2022\/","title":{"rendered":"Renault Clio 5 ,Captur , ARQUIVO  GPF OPF CAT OFF DECAT&#8230; 237101511S 237102703S 237615475S 1.3 TCE\u00a0 130 hp Continental EMS3161\u00a0 237101511S RE902280 RE902280 DHLPTX TPNH54446 2019 A 2022"},"content":{"rendered":"<p>Renault Clio ,Captur , ARQUIVO GPF OPF CAT OFF DECAT&#8230; 237101511S 237102703S 237615475S 1.3 TCE\u00a0 130 hp Continental EMS3161\u00a0 237101511S RE902280 RE902280 DHLPTX TPNH54446 2019 A 2022<\/p>\n<p>Lembrete: Estes arquivos SIM\u00a0 necessitam de prepara\u00e7\u00e3o espec\u00edfica para a central (ECU) de destino antes do uso\u00a0 DEPENDENDO DO PROGRAMADOR (PROGRAMADORES\u00a0 OBD2 NORMALMENTE N\u00c3O PRECISAM SE MESMO SW .\u201d<\/p>\n<p>Um profissional saber\u00e1 utilizar isso , ou ap\u00f3s a compra entre em contato.<\/p>\n<p>Voc\u00ea receber\u00e1 um link com arquivo compactado para baixar\u00a0 ap\u00f3s pagar, contendo:<\/p>\n<p>01 ARQUIVO ORIGINAL<\/p>\n<p>01 ARQUIVO\u00a0 GPF OPD DECAT CAT ODD.\u00a0 PARA ESCAPE etc ).<\/p>\n<p><a href=\"https:\/\/powerchip.com.br\/index.php\/arquivo-destinado-a-profissionais\/\">Arquivo destinado a profissionais<\/a>.<\/p>\n<p><a href=\"https:\/\/powerchip.com.br\/index.php\/como-usar-o-arquivo-comprado\/\">Como usar o arquivo<\/a>.<\/p>\n<p><a href=\"https:\/\/powerchip.com.br\/index.php\/como-comprar\/\">Como comprar<\/a><\/p>\n<p><img loading=\"lazy\" decoding=\"async\" class=\"alignnone size-medium wp-image-944\" src=\"https:\/\/powerchip.com.br\/wp-content\/uploads\/2025\/11\/foto-de-zip-catalizador--300x174.jpg\" alt=\"\" width=\"300\" height=\"174\" srcset=\"https:\/\/powerchip.com.br\/wp-content\/uploads\/2025\/11\/foto-de-zip-catalizador--300x174.jpg 300w, https:\/\/powerchip.com.br\/wp-content\/uploads\/2025\/11\/foto-de-zip-catalizador--600x348.jpg 600w, https:\/\/powerchip.com.br\/wp-content\/uploads\/2025\/11\/foto-de-zip-catalizador-.jpg 733w\" sizes=\"auto, (max-width: 300px) 100vw, 300px\" \/><img loading=\"lazy\" decoding=\"async\" class=\"alignnone size-medium wp-image-948\" src=\"https:\/\/powerchip.com.br\/wp-content\/uploads\/2025\/11\/foto-de-zip-original--300x175.jpg\" alt=\"\" width=\"300\" height=\"175\" srcset=\"https:\/\/powerchip.com.br\/wp-content\/uploads\/2025\/11\/foto-de-zip-original--300x175.jpg 300w, https:\/\/powerchip.com.br\/wp-content\/uploads\/2025\/11\/foto-de-zip-original--600x350.jpg 600w, https:\/\/powerchip.com.br\/wp-content\/uploads\/2025\/11\/foto-de-zip-original-.jpg 727w\" sizes=\"auto, (max-width: 300px) 100vw, 300px\" \/><\/p>\n","protected":false},"excerpt":{"rendered":"<p>Renault Clio ,Captur , ARQUIVO GPF OPF CAT OFF DECAT&#8230; 237101511S 237102703S 237615475S 1.3 TCE\u00a0 130 hp Continental EMS3161\u00a0 237101511S RE902280 RE902280 DHLPTX TPNH54446 2019 A 2022<\/p>\n<p><img loading=\"lazy\" decoding=\"async\" class=\"alignnone size-medium wp-image-944\" src=\"https:\/\/powerchip.com.br\/wp-content\/uploads\/2025\/11\/foto-de-zip-catalizador--300x174.jpg\" alt=\"\" width=\"300\" height=\"174\" srcset=\"https:\/\/powerchip.com.br\/wp-content\/uploads\/2025\/11\/foto-de-zip-catalizador--300x174.jpg 300w, https:\/\/powerchip.com.br\/wp-content\/uploads\/2025\/11\/foto-de-zip-catalizador--600x348.jpg 600w, https:\/\/powerchip.com.br\/wp-content\/uploads\/2025\/11\/foto-de-zip-catalizador-.jpg 733w\" sizes=\"auto, (max-width: 300px) 100vw, 300px\" \/><img loading=\"lazy\" decoding=\"async\" class=\"alignnone size-medium wp-image-948\" src=\"https:\/\/powerchip.com.br\/wp-content\/uploads\/2025\/11\/foto-de-zip-original--300x175.jpg\" alt=\"\" width=\"300\" height=\"175\" srcset=\"https:\/\/powerchip.com.br\/wp-content\/uploads\/2025\/11\/foto-de-zip-original--300x175.jpg 300w, https:\/\/powerchip.com.br\/wp-content\/uploads\/2025\/11\/foto-de-zip-original--600x350.jpg 600w, https:\/\/powerchip.com.br\/wp-content\/uploads\/2025\/11\/foto-de-zip-original-.jpg 727w\" sizes=\"auto, (max-width: 300px) 100vw, 300px\" \/><\/p>\n","protected":false},"featured_media":301,"template":"","meta":{"_joinchat":[]},"product_brand":[],"product_cat":[249,248],"product_tag":[1033,1035,1030,1031,1032,116,1027,423,660,138,1038,1036,1028,1029,1037,1026,1034,1039],"class_list":{"0":"post-982","1":"product","2":"type-product","3":"status-publish","4":"has-post-thumbnail","6":"product_cat-dacia","7":"product_cat-renault","8":"product_tag-1-3","9":"product_tag-130-hp","10":"product_tag-237101511s","11":"product_tag-237102703s","12":"product_tag-237615475s","13":"product_tag-arquivo","14":"product_tag-captur","15":"product_tag-cat-off","16":"product_tag-continental","17":"product_tag-decat","18":"product_tag-dhlptx","19":"product_tag-ems3161","20":"product_tag-gpf","21":"product_tag-opf","22":"product_tag-re902280","23":"product_tag-renault-clio","24":"product_tag-tce","25":"product_tag-tpnh54446","27":"first","28":"instock","29":"downloadable","30":"virtual","31":"purchasable","32":"product-type-simple"},"jetpack_sharing_enabled":true,"_links":{"self":[{"href":"https:\/\/powerchip.com.br\/index.php\/wp-json\/wp\/v2\/product\/982","targetHints":{"allow":["GET"]}}],"collection":[{"href":"https:\/\/powerchip.com.br\/index.php\/wp-json\/wp\/v2\/product"}],"about":[{"href":"https:\/\/powerchip.com.br\/index.php\/wp-json\/wp\/v2\/types\/product"}],"wp:featuredmedia":[{"embeddable":true,"href":"https:\/\/powerchip.com.br\/index.php\/wp-json\/wp\/v2\/media\/301"}],"wp:attachment":[{"href":"https:\/\/powerchip.com.br\/index.php\/wp-json\/wp\/v2\/media?parent=982"}],"wp:term":[{"taxonomy":"product_brand","embeddable":true,"href":"https:\/\/powerchip.com.br\/index.php\/wp-json\/wp\/v2\/product_brand?post=982"},{"taxonomy":"product_cat","embeddable":true,"href":"https:\/\/powerchip.com.br\/index.php\/wp-json\/wp\/v2\/product_cat?post=982"},{"taxonomy":"product_tag","embeddable":true,"href":"https:\/\/powerchip.com.br\/index.php\/wp-json\/wp\/v2\/product_tag?post=982"}],"curies":[{"name":"wp","href":"https:\/\/api.w.org\/{rel}","templated":true}]}}