{"id":965,"date":"2025-11-13T16:38:47","date_gmt":"2025-11-13T16:38:47","guid":{"rendered":"https:\/\/powerchip.com.br\/?post_type=product&#038;p=965"},"modified":"2025-11-13T16:42:15","modified_gmt":"2025-11-13T16:42:15","slug":"arquivo-decode-sem-imo-injecao-audi-a4-1-8t-0261203938-939-8d0907557c-0261203938-939-8d0907557c-0261203939-0261203938-939","status":"publish","type":"product","link":"https:\/\/powerchip.com.br\/index.php\/produto\/arquivo-decode-sem-imo-injecao-audi-a4-1-8t-0261203938-939-8d0907557c-0261203938-939-8d0907557c-0261203939-0261203938-939\/","title":{"rendered":"ARQUIVO DECODE SEM IMO Inje\u00e7\u00e3o Audi A4 1.8t &#8211; 0261203938\/939 \/ 8d0907557c 0261203938 939  8D0907557C   0261203939 ,0261203938-939"},"content":{"rendered":"<p>ARQUIVO DECODE SEM IMO Inje\u00e7\u00e3o Audi A4 1.8t &#8211; 0261203938\/939 \/ 8d0907557c 0261203938 939 8D0907557C\u00a0 0261203939 ,0261203938-939<\/p>\n<p>\u201cLembrete: Este arquivo N\u00c3O necessita de prepara\u00e7\u00e3o espec\u00edfica para a central (ECU) de destino antes do uso.\u201d<\/p>\n<p>USAR EM GRAVADOR BEEPROG , UPA&#8230;.<\/p>\n<p>DECODE\u00a0 Audi A4 1.8t &#8211; 0261203938\/939 \/ 8d0907557c<\/p>\n<p>\u201cLembrete: Este arquivo N\u00c3O necessita de prepara\u00e7\u00e3o espec\u00edfica para a central (ECU) de destino antes do uso.\u201d<\/p>\n<p>Um profissional saber\u00e1 utilizar isso , ou ap\u00f3s a compra entre em contato.<\/p>\n<p>Voc\u00ea recebera ap\u00f3s pagar:<\/p>\n<p>Um link compactado contendo:<\/p>\n<p>01 arquivos\u00a0 original.<\/p>\n<p>01 arquivos DECODE\u00a0 sem imo Audi A4 1.8t &#8211; 0261203938\/939 \/ 8d0907557c para Beeprog ,Upa ,etc<\/p>\n<p>01\u00a0 manual de uso r\u00e1pido<\/p>\n<p>Desligar a caixa do imobilizador abaixo da coluna dire\u00e7\u00e3o.<\/p>\n<p><a href=\"https:\/\/powerchip.com.br\/index.php\/como-comprar\/\">Como comprar<\/a><\/p>\n<p><a href=\"https:\/\/powerchip.com.br\/index.php\/arquivo-destinado-a-profissionais\/\">Arquivo destinado a profissionais<\/a>.<\/p>\n<p><a href=\"https:\/\/powerchip.com.br\/index.php\/como-usar-o-arquivo-comprado\/\">Como usar o arquivo<\/a>.<\/p>\n<p><img loading=\"lazy\" decoding=\"async\" class=\"alignnone size-medium wp-image-360\" src=\"https:\/\/powerchip.com.br\/wp-content\/uploads\/2025\/10\/foto-de-zip-INJECAO-DECODE--300x198.jpg\" alt=\"\" width=\"300\" height=\"198\" srcset=\"https:\/\/powerchip.com.br\/wp-content\/uploads\/2025\/10\/foto-de-zip-INJECAO-DECODE--300x198.jpg 300w, https:\/\/powerchip.com.br\/wp-content\/uploads\/2025\/10\/foto-de-zip-INJECAO-DECODE--768x506.jpg 768w, https:\/\/powerchip.com.br\/wp-content\/uploads\/2025\/10\/foto-de-zip-INJECAO-DECODE--600x396.jpg 600w, https:\/\/powerchip.com.br\/wp-content\/uploads\/2025\/10\/foto-de-zip-INJECAO-DECODE-.jpg 775w\" sizes=\"auto, (max-width: 300px) 100vw, 300px\" \/><img loading=\"lazy\" decoding=\"async\" class=\"alignnone size-medium wp-image-948\" src=\"https:\/\/powerchip.com.br\/wp-content\/uploads\/2025\/11\/foto-de-zip-original--300x175.jpg\" alt=\"\" width=\"300\" height=\"175\" srcset=\"https:\/\/powerchip.com.br\/wp-content\/uploads\/2025\/11\/foto-de-zip-original--300x175.jpg 300w, https:\/\/powerchip.com.br\/wp-content\/uploads\/2025\/11\/foto-de-zip-original--600x350.jpg 600w, https:\/\/powerchip.com.br\/wp-content\/uploads\/2025\/11\/foto-de-zip-original-.jpg 727w\" sizes=\"auto, (max-width: 300px) 100vw, 300px\" \/><\/p>\n","protected":false},"excerpt":{"rendered":"<p>&nbsp;<\/p>\n<p>ARQUIVO DECODE SEM IMO Inje\u00e7\u00e3o Audi A4 1.8t &#8211; 0261203938\/939 \/ 8d0907557c0261203938 939 8D0907557C 0261203939 ,0261203938-939<\/p>\n<p>\u201cLembrete: Este arquivo N\u00c3O necessita de prepara\u00e7\u00e3o espec\u00edfica para a central (ECU) de destino antes do uso.\u201d<\/p>\n<p>&nbsp;<\/p>\n<p>&nbsp;<\/p>\n<p><img loading=\"lazy\" decoding=\"async\" class=\"alignnone size-medium wp-image-360\" src=\"https:\/\/powerchip.com.br\/wp-content\/uploads\/2025\/10\/foto-de-zip-INJECAO-DECODE--300x198.jpg\" alt=\"\" width=\"300\" height=\"198\" srcset=\"https:\/\/powerchip.com.br\/wp-content\/uploads\/2025\/10\/foto-de-zip-INJECAO-DECODE--300x198.jpg 300w, https:\/\/powerchip.com.br\/wp-content\/uploads\/2025\/10\/foto-de-zip-INJECAO-DECODE--768x506.jpg 768w, https:\/\/powerchip.com.br\/wp-content\/uploads\/2025\/10\/foto-de-zip-INJECAO-DECODE--600x396.jpg 600w, https:\/\/powerchip.com.br\/wp-content\/uploads\/2025\/10\/foto-de-zip-INJECAO-DECODE-.jpg 775w\" sizes=\"auto, (max-width: 300px) 100vw, 300px\" \/><img loading=\"lazy\" decoding=\"async\" class=\"alignnone size-medium wp-image-948\" src=\"https:\/\/powerchip.com.br\/wp-content\/uploads\/2025\/11\/foto-de-zip-original--300x175.jpg\" alt=\"\" width=\"300\" height=\"175\" srcset=\"https:\/\/powerchip.com.br\/wp-content\/uploads\/2025\/11\/foto-de-zip-original--300x175.jpg 300w, https:\/\/powerchip.com.br\/wp-content\/uploads\/2025\/11\/foto-de-zip-original--600x350.jpg 600w, https:\/\/powerchip.com.br\/wp-content\/uploads\/2025\/11\/foto-de-zip-original-.jpg 727w\" sizes=\"auto, (max-width: 300px) 100vw, 300px\" \/><\/p>\n","protected":false},"featured_media":360,"template":"","meta":{"_joinchat":[]},"product_brand":[],"product_cat":[212],"product_tag":[979,977,981,976,978,980,975,220,127,617,139],"class_list":{"0":"post-965","1":"product","2":"type-product","3":"status-publish","4":"has-post-thumbnail","6":"product_cat-audi","7":"product_tag-979","8":"product_tag-0261203938-939","9":"product_tag-981","10":"product_tag-1-8t","11":"product_tag-8d0907557c","12":"product_tag-980","13":"product_tag-a4","14":"product_tag-audi","15":"product_tag-decode","16":"product_tag-injecao","17":"product_tag-sem-imo","19":"first","20":"instock","21":"downloadable","22":"virtual","23":"purchasable","24":"product-type-simple"},"jetpack_sharing_enabled":true,"_links":{"self":[{"href":"https:\/\/powerchip.com.br\/index.php\/wp-json\/wp\/v2\/product\/965","targetHints":{"allow":["GET"]}}],"collection":[{"href":"https:\/\/powerchip.com.br\/index.php\/wp-json\/wp\/v2\/product"}],"about":[{"href":"https:\/\/powerchip.com.br\/index.php\/wp-json\/wp\/v2\/types\/product"}],"wp:featuredmedia":[{"embeddable":true,"href":"https:\/\/powerchip.com.br\/index.php\/wp-json\/wp\/v2\/media\/360"}],"wp:attachment":[{"href":"https:\/\/powerchip.com.br\/index.php\/wp-json\/wp\/v2\/media?parent=965"}],"wp:term":[{"taxonomy":"product_brand","embeddable":true,"href":"https:\/\/powerchip.com.br\/index.php\/wp-json\/wp\/v2\/product_brand?post=965"},{"taxonomy":"product_cat","embeddable":true,"href":"https:\/\/powerchip.com.br\/index.php\/wp-json\/wp\/v2\/product_cat?post=965"},{"taxonomy":"product_tag","embeddable":true,"href":"https:\/\/powerchip.com.br\/index.php\/wp-json\/wp\/v2\/product_tag?post=965"}],"curies":[{"name":"wp","href":"https:\/\/api.w.org\/{rel}","templated":true}]}}