{"id":927,"date":"2025-11-11T21:44:44","date_gmt":"2025-11-11T21:44:44","guid":{"rendered":"https:\/\/powerchip.com.br\/?post_type=product&#038;p=927"},"modified":"2026-01-22T13:11:07","modified_gmt":"2026-01-22T13:11:07","slug":"arquivo-de-decat-cat-off-potencia-ori-readness-off-4gf-st-fiat-strada-1-4-o4gfst-55251995-4gf002apgnpxm3n-iaw4gfhw001-701er88-_cs_ok","status":"publish","type":"product","link":"https:\/\/powerchip.com.br\/index.php\/produto\/arquivo-de-decat-cat-off-potencia-ori-readness-off-4gf-st-fiat-strada-1-4-o4gfst-55251995-4gf002apgnpxm3n-iaw4gfhw001-701er88-_cs_ok\/","title":{"rendered":"Arquivo de DECAT cat off+ potencia + ORI READNESS OFF 4GF.ST Fiat Strada 1.4 O4GFST 55251995 4GF002APGNPXM3N IAW4GFHW001 701ER88 _CS_OK"},"content":{"rendered":"<p>Arquivo de DECAT cat off+ potencia + ORI READNESS OFF 4GF.ST Fiat Strada 1.4 O4GFST 55251995 4GF002APGNPXM3N IAW4GFHW001 701ER88 _CS_OK<\/p>\n<p>\u201cLembrete: Este arquivo\u00a0 SIM\u00a0 \u00a0necessita de prepara\u00e7\u00e3o espec\u00edfica para a central (ECU) de destino SE MESMO SW&#8221;<\/p>\n<p>VOC\u00ca PRECISA AP\u00d3S GRAVAR RESETAR A CENTRAL..COISA SIMPLES.<\/p>\n<p>Ou leia com programador\u00a0 st10f os blocos 0123 e salve o original. Ap\u00f3s\u00a0 grave esse em BIN\u00c1RIO\u00a0 e AP\u00d3S\u00a0 volte o\u00a0 BACKUP\u00a0 0123 blocos originais&#8230; 0123 \u00c1REA DO IMO E CHASSI ORIGINAL.<\/p>\n<p>Voc\u00ea receber\u00e1 ap\u00f3s pagar:<\/p>\n<p>03 arquivos :<\/p>\n<p>ARQUIVO ORIGINAL , 4GFST 55251995 4GF002APGNPXM3N IAW4GFHW001 701ER88<\/p>\n<p>ARQUIVO\u00a0 DECAT , 4GFST 55251995 4GF002APGNPXM3N IAW4GFHW001 701ER88<\/p>\n<p>ARQUIVO POT\u00caNCIA , 4GFST 55251995 4GF002APGNPXM3N IAW4GFHW001 701ER88<\/p>\n<p>&nbsp;<\/p>\n<p>Um profissional saber\u00e1 utilizar isso , ou ap\u00f3s a compra entrar em contato.<\/p>\n<p>N\u00e3o conserta sua central\u2026nem seu carro, \u00e9 s\u00f3 um arquivo sem imo, grave em seu m\u00f3dulo ou guarde de lembran\u00e7a.<\/p>\n<p><a href=\"https:\/\/powerchip.com.br\/index.php\/arquivo-destinado-a-profissionais\/\">Arquivo destinado a profissionais<\/a>.<\/p>\n<p><a href=\"https:\/\/powerchip.com.br\/index.php\/como-usar-o-arquivo-comprado\/\">Como usar o arquivo<\/a>.<\/p>\n<p><a href=\"https:\/\/powerchip.com.br\/index.php\/como-comprar\/\">Como comprar<\/a><\/p>\n<p><img loading=\"lazy\" decoding=\"async\" class=\"alignnone size-medium wp-image-944\" src=\"https:\/\/powerchip.com.br\/wp-content\/uploads\/2025\/11\/foto-de-zip-catalizador--300x174.jpg\" alt=\"\" width=\"300\" height=\"174\" srcset=\"https:\/\/powerchip.com.br\/wp-content\/uploads\/2025\/11\/foto-de-zip-catalizador--300x174.jpg 300w, https:\/\/powerchip.com.br\/wp-content\/uploads\/2025\/11\/foto-de-zip-catalizador--600x348.jpg 600w, https:\/\/powerchip.com.br\/wp-content\/uploads\/2025\/11\/foto-de-zip-catalizador-.jpg 733w\" sizes=\"auto, (max-width: 300px) 100vw, 300px\" \/><img loading=\"lazy\" decoding=\"async\" class=\"alignnone size-medium wp-image-943\" src=\"https:\/\/powerchip.com.br\/wp-content\/uploads\/2025\/11\/foto-de-zip-potencia-1-1-300x170.jpg\" alt=\"\" width=\"300\" height=\"170\" srcset=\"https:\/\/powerchip.com.br\/wp-content\/uploads\/2025\/11\/foto-de-zip-potencia-1-1-300x170.jpg 300w, https:\/\/powerchip.com.br\/wp-content\/uploads\/2025\/11\/foto-de-zip-potencia-1-1-600x341.jpg 600w, https:\/\/powerchip.com.br\/wp-content\/uploads\/2025\/11\/foto-de-zip-potencia-1-1.jpg 733w\" sizes=\"auto, (max-width: 300px) 100vw, 300px\" \/><\/p>\n","protected":false},"excerpt":{"rendered":"<p>Arquivo de DECAT cat off+ potencia + ORI READNESS OFF 4GF.ST Fiat Strada 1.4 O4GFST 55251995 4GF002APGNPXM3N IAW4GFHW001 701ER88 _CS_OK<\/p>\n<p><img loading=\"lazy\" decoding=\"async\" class=\"alignnone size-medium wp-image-944\" src=\"https:\/\/powerchip.com.br\/wp-content\/uploads\/2025\/11\/foto-de-zip-catalizador--300x174.jpg\" alt=\"\" width=\"300\" height=\"174\" srcset=\"https:\/\/powerchip.com.br\/wp-content\/uploads\/2025\/11\/foto-de-zip-catalizador--300x174.jpg 300w, https:\/\/powerchip.com.br\/wp-content\/uploads\/2025\/11\/foto-de-zip-catalizador--600x348.jpg 600w, https:\/\/powerchip.com.br\/wp-content\/uploads\/2025\/11\/foto-de-zip-catalizador-.jpg 733w\" sizes=\"auto, (max-width: 300px) 100vw, 300px\" \/><img loading=\"lazy\" decoding=\"async\" class=\"alignnone size-medium wp-image-943\" src=\"https:\/\/powerchip.com.br\/wp-content\/uploads\/2025\/11\/foto-de-zip-potencia-1-1-300x170.jpg\" alt=\"\" width=\"300\" height=\"170\" srcset=\"https:\/\/powerchip.com.br\/wp-content\/uploads\/2025\/11\/foto-de-zip-potencia-1-1-300x170.jpg 300w, https:\/\/powerchip.com.br\/wp-content\/uploads\/2025\/11\/foto-de-zip-potencia-1-1-600x341.jpg 600w, https:\/\/powerchip.com.br\/wp-content\/uploads\/2025\/11\/foto-de-zip-potencia-1-1.jpg 733w\" sizes=\"auto, (max-width: 300px) 100vw, 300px\" \/><\/p>\n","protected":false},"featured_media":299,"template":"","meta":{"_joinchat":[]},"product_brand":[],"product_cat":[21],"product_tag":[932,930,931,934,933],"class_list":{"0":"post-927","1":"product","2":"type-product","3":"status-publish","4":"has-post-thumbnail","6":"product_cat-fiat","7":"product_tag-4gf002apgnpxm3n","8":"product_tag-4gfst","9":"product_tag-931","10":"product_tag-701er88","11":"product_tag-iaw4gfhw001","13":"first","14":"instock","15":"downloadable","16":"virtual","17":"purchasable","18":"product-type-simple"},"jetpack_sharing_enabled":true,"_links":{"self":[{"href":"https:\/\/powerchip.com.br\/index.php\/wp-json\/wp\/v2\/product\/927","targetHints":{"allow":["GET"]}}],"collection":[{"href":"https:\/\/powerchip.com.br\/index.php\/wp-json\/wp\/v2\/product"}],"about":[{"href":"https:\/\/powerchip.com.br\/index.php\/wp-json\/wp\/v2\/types\/product"}],"wp:featuredmedia":[{"embeddable":true,"href":"https:\/\/powerchip.com.br\/index.php\/wp-json\/wp\/v2\/media\/299"}],"wp:attachment":[{"href":"https:\/\/powerchip.com.br\/index.php\/wp-json\/wp\/v2\/media?parent=927"}],"wp:term":[{"taxonomy":"product_brand","embeddable":true,"href":"https:\/\/powerchip.com.br\/index.php\/wp-json\/wp\/v2\/product_brand?post=927"},{"taxonomy":"product_cat","embeddable":true,"href":"https:\/\/powerchip.com.br\/index.php\/wp-json\/wp\/v2\/product_cat?post=927"},{"taxonomy":"product_tag","embeddable":true,"href":"https:\/\/powerchip.com.br\/index.php\/wp-json\/wp\/v2\/product_tag?post=927"}],"curies":[{"name":"wp","href":"https:\/\/api.w.org\/{rel}","templated":true}]}}