{"id":922,"date":"2025-11-11T20:50:43","date_gmt":"2025-11-11T20:50:43","guid":{"rendered":"https:\/\/powerchip.com.br\/?post_type=product&#038;p=922"},"modified":"2025-11-12T22:02:57","modified_gmt":"2025-11-12T22:02:57","slug":"52057088","status":"publish","type":"product","link":"https:\/\/powerchip.com.br\/index.php\/produto\/52057088\/","title":{"rendered":"Arquivo\u00a0 para 10GF.AB\u00a0 mpc 10GFHW001 52057088 MM10GFHW001 B2 B056BB29."},"content":{"rendered":"<p>RENEGADE , Arquivo\u00a0 para 10GF.AB\u00a0 mpc 10GFHW001 52057088 MM10GFHW001 B2 B056BB29.<\/p>\n<p>FLASH 2MB SUM ORIGINAL 8863 10GF.AB 10GFHW001 52057088 MM10GFHW001 B2 B056BB29 RENEGADE<\/p>\n<p>\u201cLembrete: Estes arquivos N\u00c3O necessitam de prepara\u00e7\u00e3o espec\u00edfica para a central (ECU) de destino antes do uso SE MESMA\u00a0 numera\u00e7\u00e3o id .\u201d<\/p>\n<p>Um profissional saber\u00e1 utilizar isso , ou ap\u00f3s a compra entre em contato.<\/p>\n<p>Voc\u00ea recebera um link com arquivo compactado para baixar\u00a0 ap\u00f3s pagar, contendo:<\/p>\n<p>2 X ARQUIVOS.<\/p>\n<p>01 ARQUIVO\u00a0 ORIGINAL 10GF.AB 10GFHW001 52057088<\/p>\n<p>01\u00a0 ARQUIVO DECODE\u00a0 10GF.AB 10GFHW001 52057088<\/p>\n<p><a href=\"https:\/\/powerchip.com.br\/index.php\/arquivo-destinado-a-profissionais\/\">Arquivo destinado a profissionais<\/a>.<\/p>\n<p><a href=\"https:\/\/powerchip.com.br\/index.php\/como-usar-o-arquivo-comprado\/\">Como usar o arquivo<\/a>.<\/p>\n<p><a href=\"https:\/\/powerchip.com.br\/index.php\/como-comprar\/\">Como comprar<\/a><\/p>\n<p><img loading=\"lazy\" decoding=\"async\" class=\"alignnone size-medium wp-image-360\" src=\"https:\/\/powerchip.com.br\/wp-content\/uploads\/2025\/10\/foto-de-zip-INJECAO-DECODE--300x198.jpg\" alt=\"\" width=\"300\" height=\"198\" srcset=\"https:\/\/powerchip.com.br\/wp-content\/uploads\/2025\/10\/foto-de-zip-INJECAO-DECODE--300x198.jpg 300w, https:\/\/powerchip.com.br\/wp-content\/uploads\/2025\/10\/foto-de-zip-INJECAO-DECODE--768x506.jpg 768w, https:\/\/powerchip.com.br\/wp-content\/uploads\/2025\/10\/foto-de-zip-INJECAO-DECODE--600x396.jpg 600w, https:\/\/powerchip.com.br\/wp-content\/uploads\/2025\/10\/foto-de-zip-INJECAO-DECODE-.jpg 775w\" sizes=\"auto, (max-width: 300px) 100vw, 300px\" \/><img loading=\"lazy\" decoding=\"async\" class=\"alignnone size-medium wp-image-948\" src=\"https:\/\/powerchip.com.br\/wp-content\/uploads\/2025\/11\/foto-de-zip-original--300x175.jpg\" alt=\"\" width=\"300\" height=\"175\" srcset=\"https:\/\/powerchip.com.br\/wp-content\/uploads\/2025\/11\/foto-de-zip-original--300x175.jpg 300w, https:\/\/powerchip.com.br\/wp-content\/uploads\/2025\/11\/foto-de-zip-original--600x350.jpg 600w, https:\/\/powerchip.com.br\/wp-content\/uploads\/2025\/11\/foto-de-zip-original-.jpg 727w\" sizes=\"auto, (max-width: 300px) 100vw, 300px\" \/><\/p>\n","protected":false},"excerpt":{"rendered":"<p>RENEGADE , Arquivo\u00a0 para 10GF.AB\u00a0 mpc 10GFHW001 52057088 MM10GFHW001 B2 B056BB29. FLASH 2MB SUM ORIGINAL 8863 10GF.AB 10GFHW001 52057088 MM10GFHW001 B2 B056BB29 RENEGADE \u201cLembrete: Estes arquivos N\u00c3O necessitam de prepara\u00e7\u00e3o espec\u00edfica para a central (ECU) de destino antes do uso SE MESMA\u00a0 numera\u00e7\u00e3o id .\u201d Um profissional saber\u00e1 utilizar isso , ou ap\u00f3s a compra [&hellip;]<\/p>\n","protected":false},"featured_media":360,"template":"","meta":{"_joinchat":[]},"product_brand":[],"product_cat":[21],"product_tag":[878,882,923,929,926,925,927,924,638,158,928],"class_list":{"0":"post-922","1":"product","2":"type-product","3":"status-publish","4":"has-post-thumbnail","6":"product_cat-fiat","7":"product_tag-10gf-ab","8":"product_tag-10gfhw001","9":"product_tag-923","10":"product_tag-929","11":"product_tag-b056bb29","12":"product_tag-b2","13":"product_tag-flash-2mb","14":"product_tag-mm10gfhw001","15":"product_tag-mpc","16":"product_tag-renegade","17":"product_tag-sum-original","19":"first","20":"instock","21":"downloadable","22":"virtual","23":"purchasable","24":"product-type-simple"},"jetpack_sharing_enabled":true,"_links":{"self":[{"href":"https:\/\/powerchip.com.br\/index.php\/wp-json\/wp\/v2\/product\/922","targetHints":{"allow":["GET"]}}],"collection":[{"href":"https:\/\/powerchip.com.br\/index.php\/wp-json\/wp\/v2\/product"}],"about":[{"href":"https:\/\/powerchip.com.br\/index.php\/wp-json\/wp\/v2\/types\/product"}],"wp:featuredmedia":[{"embeddable":true,"href":"https:\/\/powerchip.com.br\/index.php\/wp-json\/wp\/v2\/media\/360"}],"wp:attachment":[{"href":"https:\/\/powerchip.com.br\/index.php\/wp-json\/wp\/v2\/media?parent=922"}],"wp:term":[{"taxonomy":"product_brand","embeddable":true,"href":"https:\/\/powerchip.com.br\/index.php\/wp-json\/wp\/v2\/product_brand?post=922"},{"taxonomy":"product_cat","embeddable":true,"href":"https:\/\/powerchip.com.br\/index.php\/wp-json\/wp\/v2\/product_cat?post=922"},{"taxonomy":"product_tag","embeddable":true,"href":"https:\/\/powerchip.com.br\/index.php\/wp-json\/wp\/v2\/product_tag?post=922"}],"curies":[{"name":"wp","href":"https:\/\/api.w.org\/{rel}","templated":true}]}}