{"id":917,"date":"2025-11-11T20:30:16","date_gmt":"2025-11-11T20:30:16","guid":{"rendered":"https:\/\/powerchip.com.br\/?post_type=product&#038;p=917"},"modified":"2026-02-27T14:36:40","modified_gmt":"2026-02-27T14:36:40","slug":"ford-airbag-jr3t-14b321-fa-de2nb-arquivo-de-reset-arquivo-original-para-base-clear","status":"publish","type":"product","link":"https:\/\/powerchip.com.br\/index.php\/produto\/ford-airbag-jr3t-14b321-fa-de2nb-arquivo-de-reset-arquivo-original-para-base-clear\/","title":{"rendered":"FORD airbag\u00a0 JR3T 14B321 FA DE2NB, arquivo de RESET ARQUIVO ORIGINAL para base clear. 1FA6P8CF5J5130693 0RYD + MANUAL DE COMO RESETAR SEU ARQUIVO FA\u00c7ILMENTE."},"content":{"rendered":"<p>FORD airbag\u00a0 JR3T 14B321 FA DE2NB, arquivo de RESET ARQUIVO ORIGINAL para base clear. 1FA6P8CF5J5130693 0RYD<\/p>\n<p><img loading=\"lazy\" decoding=\"async\" class=\"alignnone size-full wp-image-1040\" src=\"https:\/\/powerchip.com.br\/wp-content\/uploads\/2025\/11\/alto-falante.jpg\" alt=\"\" width=\"67\" height=\"55\" \/>\u00a0 \u00a0<strong>\u00a0<\/strong>\u201cLembrete: Este arquivo SIM necessita de prepara\u00e7\u00e3o espec\u00edfica para a central (ECU) de destino\u00a0 .\u201d<\/p>\n<p>Voc\u00ea receber\u00e1 ap\u00f3s pagar:<\/p>\n<p>03 arquivos.<\/p>\n<p>01\u00a0 arquivo original<\/p>\n<p>+ 01\u00a0 arquivo CLEAR PARA SEUS TESTES.<\/p>\n<p>+ MANUAL DE COMO RESETAR SEU ARQUIVO FA\u00c7ILMENTE.<\/p>\n<p>Arquivo .<\/p>\n<p>FORD airbag\u00a0 JR3T 14B321 FA DE2NB, arquivo de RESET ARQUIVO ORIGINAL para base Clear.<\/p>\n<p>Com ele voc\u00ea pode fazer o seu usando de base, um arquivo limpo e testado.<\/p>\n<p>Caso precise limpar o seu lido , entre em contato , mas o pre\u00e7o vai mudar muito.<\/p>\n<p>Pe\u00e7a or\u00e7amento pelo Whatzapp.<\/p>\n<p><a href=\"https:\/\/powerchip.com.br\/index.php\/como-comprar\/\">Como comprar<\/a><\/p>\n<p><a href=\"https:\/\/powerchip.com.br\/index.php\/arquivo-destinado-a-profissionais\/\">Arquivo destinado a profissionais<\/a>.<\/p>\n<p><a href=\"https:\/\/powerchip.com.br\/index.php\/como-usar-o-arquivo-comprado\/\">Como usar o arquivo<\/a>.<\/p>\n<p>&nbsp;<\/p>\n<p><img loading=\"lazy\" decoding=\"async\" class=\"alignnone size-medium wp-image-918\" src=\"https:\/\/powerchip.com.br\/wp-content\/uploads\/2025\/11\/FOTO-JR3T-14B321-FA-DE2NB--300x171.jpg\" alt=\"\" width=\"300\" height=\"171\" srcset=\"https:\/\/powerchip.com.br\/wp-content\/uploads\/2025\/11\/FOTO-JR3T-14B321-FA-DE2NB--300x171.jpg 300w, https:\/\/powerchip.com.br\/wp-content\/uploads\/2025\/11\/FOTO-JR3T-14B321-FA-DE2NB--600x341.jpg 600w, https:\/\/powerchip.com.br\/wp-content\/uploads\/2025\/11\/FOTO-JR3T-14B321-FA-DE2NB-.jpg 728w\" sizes=\"auto, (max-width: 300px) 100vw, 300px\" \/><\/p>\n","protected":false},"excerpt":{"rendered":"<p>FORD airbag\u00a0 JR3T 14B321 FA DE2NB, arquivo de RESET ARQUIVO ORIGINAL para base clear. 1FA6P8CF5J5130693 0RYD<\/p>\n","protected":false},"featured_media":920,"template":"","meta":{"_joinchat":[]},"product_brand":[],"product_cat":[69],"product_tag":[922,921],"class_list":{"0":"post-917","1":"product","2":"type-product","3":"status-publish","4":"has-post-thumbnail","6":"product_cat-ford","7":"product_tag-arquivo-de-reset-arquivo-original-para-base-clear","8":"product_tag-ford-airbag-jr3t-14b321-fa-de2nb","10":"first","11":"instock","12":"downloadable","13":"virtual","14":"purchasable","15":"product-type-simple"},"jetpack_sharing_enabled":true,"_links":{"self":[{"href":"https:\/\/powerchip.com.br\/index.php\/wp-json\/wp\/v2\/product\/917","targetHints":{"allow":["GET"]}}],"collection":[{"href":"https:\/\/powerchip.com.br\/index.php\/wp-json\/wp\/v2\/product"}],"about":[{"href":"https:\/\/powerchip.com.br\/index.php\/wp-json\/wp\/v2\/types\/product"}],"wp:featuredmedia":[{"embeddable":true,"href":"https:\/\/powerchip.com.br\/index.php\/wp-json\/wp\/v2\/media\/920"}],"wp:attachment":[{"href":"https:\/\/powerchip.com.br\/index.php\/wp-json\/wp\/v2\/media?parent=917"}],"wp:term":[{"taxonomy":"product_brand","embeddable":true,"href":"https:\/\/powerchip.com.br\/index.php\/wp-json\/wp\/v2\/product_brand?post=917"},{"taxonomy":"product_cat","embeddable":true,"href":"https:\/\/powerchip.com.br\/index.php\/wp-json\/wp\/v2\/product_cat?post=917"},{"taxonomy":"product_tag","embeddable":true,"href":"https:\/\/powerchip.com.br\/index.php\/wp-json\/wp\/v2\/product_tag?post=917"}],"curies":[{"name":"wp","href":"https:\/\/api.w.org\/{rel}","templated":true}]}}