{"id":881,"date":"2025-11-10T22:20:27","date_gmt":"2025-11-10T22:20:27","guid":{"rendered":"https:\/\/powerchip.com.br\/?post_type=product&#038;p=881"},"modified":"2026-01-22T13:13:37","modified_gmt":"2026-01-22T13:13:37","slug":"arquivo-para-misfire-st10f-0261s0481-032906032be-0261s04281-397374-arquivo-original-st10f-0261s0481-032906032be-0261s04281-397374-st10f-e-tambem-em-bin","status":"publish","type":"product","link":"https:\/\/powerchip.com.br\/index.php\/produto\/arquivo-para-misfire-st10f-0261s0481-032906032be-0261s04281-397374-arquivo-original-st10f-0261s0481-032906032be-0261s04281-397374-st10f-e-tambem-em-bin\/","title":{"rendered":"Arquivo para MISFIRE  ST10F 0261S0481 032906032BE 7.5.30 0261S04281 397374 + arquivo original ST10F 0261S0481 032906032BE 0261S04281 397374, ST10F E TAMBEM EM .BIN"},"content":{"rendered":"<p>Arquivo para MISFIRE ST10F 0261S0481 032906032BE\u00a0 \u00a0397374 + arquivo original ST10F 0261S0481 032906032BE 0261S04281 397374, ST10F,\u00a0 E TAMBEM EM .BIN<\/p>\n<p>ARQUIVO INJE\u00c7AO MISFIRE OFF (n\u00e3o \u00e9 s\u00f3 DTC OFF\u2026)\u00a0 0261S0481 032906032BE 7.5.30<\/p>\n<p>&nbsp;<\/p>\n<p><img loading=\"lazy\" decoding=\"async\" class=\"alignnone size-full wp-image-1040\" src=\"https:\/\/powerchip.com.br\/wp-content\/uploads\/2025\/11\/alto-falante.jpg\" alt=\"\" width=\"67\" height=\"55\" \/>ATEN\u00c7\u00c3O: O arquivo\u00a0 \u00e9 o\u00a0 mesmo para as CENTRAIS\u00a0 COM MESMO SW ACERTAR AREA OTP.<\/p>\n<p>&#8212;&#8212;&#8212;&#8212;&#8212;&#8212;&#8212;&#8212;&#8212;&#8212;&#8212;&#8212;&#8212;&#8212;&#8212;&#8212;&#8212;&#8212;-<\/p>\n<p><img loading=\"lazy\" decoding=\"async\" class=\"alignnone size-full wp-image-1042\" src=\"https:\/\/powerchip.com.br\/wp-content\/uploads\/2025\/11\/pistao.jpg\" alt=\"\" width=\"17\" height=\"41\" \/> Arquivo compactado contendo\u00a0 <img loading=\"lazy\" decoding=\"async\" class=\"alignnone size-full wp-image-1042\" src=\"https:\/\/powerchip.com.br\/wp-content\/uploads\/2025\/11\/pistao.jpg\" alt=\"\" width=\"17\" height=\"41\" \/><img loading=\"lazy\" decoding=\"async\" class=\"alignnone size-full wp-image-1042\" src=\"https:\/\/powerchip.com.br\/wp-content\/uploads\/2025\/11\/pistao.jpg\" alt=\"\" width=\"17\" height=\"41\" \/><img loading=\"lazy\" decoding=\"async\" class=\"alignnone size-full wp-image-1042\" src=\"https:\/\/powerchip.com.br\/wp-content\/uploads\/2025\/11\/pistao.jpg\" alt=\"\" width=\"17\" height=\"41\" \/><img loading=\"lazy\" decoding=\"async\" class=\"alignnone size-full wp-image-1042\" src=\"https:\/\/powerchip.com.br\/wp-content\/uploads\/2025\/11\/pistao.jpg\" alt=\"\" width=\"17\" height=\"41\" \/>\u00a0 arquivos:<\/p>\n<p><img loading=\"lazy\" decoding=\"async\" class=\"alignnone size-full wp-image-1039\" src=\"https:\/\/powerchip.com.br\/wp-content\/uploads\/2025\/11\/veja-acima.jpg\" alt=\"\" width=\"21\" height=\"34\" \/><\/p>\n<p><img loading=\"lazy\" decoding=\"async\" class=\"alignnone size-full wp-image-1042\" src=\"https:\/\/powerchip.com.br\/wp-content\/uploads\/2025\/11\/pistao.jpg\" alt=\"\" width=\"17\" height=\"41\" \/>\u00a0 Arquivo original\u00a0 \u00a0,.BIN<\/p>\n<p><img loading=\"lazy\" decoding=\"async\" class=\"alignnone size-full wp-image-1042\" src=\"https:\/\/powerchip.com.br\/wp-content\/uploads\/2025\/11\/pistao.jpg\" alt=\"\" width=\"17\" height=\"41\" \/><img loading=\"lazy\" decoding=\"async\" class=\"alignnone size-full wp-image-1042\" src=\"https:\/\/powerchip.com.br\/wp-content\/uploads\/2025\/11\/pistao.jpg\" alt=\"\" width=\"17\" height=\"41\" \/>\u00a0 Arquivo original ST10F\u00a0 .HEX<\/p>\n<p><img loading=\"lazy\" decoding=\"async\" class=\"alignnone size-full wp-image-1042\" src=\"https:\/\/powerchip.com.br\/wp-content\/uploads\/2025\/11\/pistao.jpg\" alt=\"\" width=\"17\" height=\"41\" \/><img loading=\"lazy\" decoding=\"async\" class=\"alignnone size-full wp-image-1042\" src=\"https:\/\/powerchip.com.br\/wp-content\/uploads\/2025\/11\/pistao.jpg\" alt=\"\" width=\"17\" height=\"41\" \/><img loading=\"lazy\" decoding=\"async\" class=\"alignnone size-full wp-image-1042\" src=\"https:\/\/powerchip.com.br\/wp-content\/uploads\/2025\/11\/pistao.jpg\" alt=\"\" width=\"17\" height=\"41\" \/>\u00a0 Arquivo original\u00a0 MISFIRE OFF (falha de cilindro) com DECAT \u201cSEM CAT\u201d normalmente\u00a0 pP0301, P0302 \u2026 ST10F , .BIN<\/p>\n<p><img loading=\"lazy\" decoding=\"async\" class=\"alignnone size-full wp-image-1042\" src=\"https:\/\/powerchip.com.br\/wp-content\/uploads\/2025\/11\/pistao.jpg\" alt=\"\" width=\"17\" height=\"41\" \/><img loading=\"lazy\" decoding=\"async\" class=\"alignnone size-full wp-image-1042\" src=\"https:\/\/powerchip.com.br\/wp-content\/uploads\/2025\/11\/pistao.jpg\" alt=\"\" width=\"17\" height=\"41\" \/><img loading=\"lazy\" decoding=\"async\" class=\"alignnone size-full wp-image-1042\" src=\"https:\/\/powerchip.com.br\/wp-content\/uploads\/2025\/11\/pistao.jpg\" alt=\"\" width=\"17\" height=\"41\" \/><img loading=\"lazy\" decoding=\"async\" class=\"alignnone size-full wp-image-1042\" src=\"https:\/\/powerchip.com.br\/wp-content\/uploads\/2025\/11\/pistao.jpg\" alt=\"\" width=\"17\" height=\"41\" \/> Arquivo original\u00a0 MISFIRE OFF (falha de cilindro) com DECAT \u201cSEM CAT\u201d normalmente\u00a0 pP0301, P0302 \u2026 ST10F , .HEX<\/p>\n<p>7.5.30 ST10F<\/p>\n<p>MISFIRE OFF N\u00c3O \u00c9 DTC OFF ,<\/p>\n<p>Duvidas e se precisar de algo a mais , compre e mande um WhatsApp.<\/p>\n<p>&nbsp;<\/p>\n<p>Grave o arquivo total acima de acordo com sua escolha para seu cliente.<\/p>\n<p>N\u00e3o conserta sua central, NEM SEU MOTOR \u2026\u00e9 s\u00f3 um arquivo para o Misfire off , aquela falha de cilindro \u201cSEM CAUSA EXPECIFICA\u201d\u00a0 , grave em seu m\u00f3dulo ou guarde de lembran\u00e7a.<\/p>\n<p><a href=\"https:\/\/powerchip.com.br\/index.php\/arquivo-destinado-a-profissionais\/\">Arquivo destinado a profissionais<\/a>.<\/p>\n<p><a href=\"https:\/\/powerchip.com.br\/index.php\/como-usar-o-arquivo-comprado\/\">Como usar o arquivo<\/a>.<\/p>\n<p><a href=\"https:\/\/powerchip.com.br\/index.php\/como-comprar\/\">Como comprar<\/a><\/p>\n<p>&nbsp;<\/p>\n<p>&nbsp;<\/p>\n<p><img loading=\"lazy\" decoding=\"async\" class=\"alignnone size-medium wp-image-882\" src=\"https:\/\/powerchip.com.br\/wp-content\/uploads\/2025\/11\/ZIP-0261S04281-032906032BE-1037397374-300x170.jpg\" alt=\"\" width=\"300\" height=\"170\" srcset=\"https:\/\/powerchip.com.br\/wp-content\/uploads\/2025\/11\/ZIP-0261S04281-032906032BE-1037397374-300x170.jpg 300w, https:\/\/powerchip.com.br\/wp-content\/uploads\/2025\/11\/ZIP-0261S04281-032906032BE-1037397374-600x341.jpg 600w, https:\/\/powerchip.com.br\/wp-content\/uploads\/2025\/11\/ZIP-0261S04281-032906032BE-1037397374.jpg 733w\" sizes=\"auto, (max-width: 300px) 100vw, 300px\" \/><img loading=\"lazy\" decoding=\"async\" class=\"alignnone size-medium wp-image-773\" src=\"https:\/\/powerchip.com.br\/wp-content\/uploads\/2025\/11\/ECU-7.5.30--300x196.jpg\" alt=\"\" width=\"300\" height=\"196\" srcset=\"https:\/\/powerchip.com.br\/wp-content\/uploads\/2025\/11\/ECU-7.5.30--300x196.jpg 300w, https:\/\/powerchip.com.br\/wp-content\/uploads\/2025\/11\/ECU-7.5.30-.jpg 309w\" sizes=\"auto, (max-width: 300px) 100vw, 300px\" \/><img loading=\"lazy\" decoding=\"async\" class=\"alignnone size-medium wp-image-888\" src=\"https:\/\/powerchip.com.br\/wp-content\/uploads\/2025\/11\/FOTO-MISFIRE-ARQUIVOS--300x189.jpg\" alt=\"\" width=\"300\" height=\"189\" srcset=\"https:\/\/powerchip.com.br\/wp-content\/uploads\/2025\/11\/FOTO-MISFIRE-ARQUIVOS--300x189.jpg 300w, https:\/\/powerchip.com.br\/wp-content\/uploads\/2025\/11\/FOTO-MISFIRE-ARQUIVOS--600x377.jpg 600w, https:\/\/powerchip.com.br\/wp-content\/uploads\/2025\/11\/FOTO-MISFIRE-ARQUIVOS-.jpg 733w\" sizes=\"auto, (max-width: 300px) 100vw, 300px\" \/><\/p>\n","protected":false},"excerpt":{"rendered":"<p>Arquivo para MISFIRE ST10F 0261S0481 032906032BE 0261S04281 397374 + arquivo original ST10F 0261S0481 032906032BE 0261S04281 397374, ST10F E TAMBEM EM .BIN<\/p>\n<p><img loading=\"lazy\" decoding=\"async\" class=\"alignnone size-medium wp-image-882\" src=\"https:\/\/powerchip.com.br\/wp-content\/uploads\/2025\/11\/ZIP-0261S04281-032906032BE-1037397374-300x170.jpg\" alt=\"\" width=\"300\" height=\"170\" srcset=\"https:\/\/powerchip.com.br\/wp-content\/uploads\/2025\/11\/ZIP-0261S04281-032906032BE-1037397374-300x170.jpg 300w, https:\/\/powerchip.com.br\/wp-content\/uploads\/2025\/11\/ZIP-0261S04281-032906032BE-1037397374-600x341.jpg 600w, https:\/\/powerchip.com.br\/wp-content\/uploads\/2025\/11\/ZIP-0261S04281-032906032BE-1037397374.jpg 733w\" sizes=\"auto, (max-width: 300px) 100vw, 300px\" \/><img loading=\"lazy\" decoding=\"async\" class=\"alignnone size-medium wp-image-773\" src=\"https:\/\/powerchip.com.br\/wp-content\/uploads\/2025\/11\/ECU-7.5.30--300x196.jpg\" alt=\"\" width=\"300\" height=\"196\" srcset=\"https:\/\/powerchip.com.br\/wp-content\/uploads\/2025\/11\/ECU-7.5.30--300x196.jpg 300w, https:\/\/powerchip.com.br\/wp-content\/uploads\/2025\/11\/ECU-7.5.30-.jpg 309w\" sizes=\"auto, (max-width: 300px) 100vw, 300px\" \/><img loading=\"lazy\" decoding=\"async\" class=\"alignnone size-medium wp-image-888\" src=\"https:\/\/powerchip.com.br\/wp-content\/uploads\/2025\/11\/FOTO-MISFIRE-ARQUIVOS--300x189.jpg\" alt=\"\" width=\"300\" height=\"189\" srcset=\"https:\/\/powerchip.com.br\/wp-content\/uploads\/2025\/11\/FOTO-MISFIRE-ARQUIVOS--300x189.jpg 300w, https:\/\/powerchip.com.br\/wp-content\/uploads\/2025\/11\/FOTO-MISFIRE-ARQUIVOS--600x377.jpg 600w, https:\/\/powerchip.com.br\/wp-content\/uploads\/2025\/11\/FOTO-MISFIRE-ARQUIVOS-.jpg 733w\" sizes=\"auto, (max-width: 300px) 100vw, 300px\" \/><\/p>\n","protected":false},"featured_media":888,"template":"","meta":{"_joinchat":[]},"product_brand":[],"product_cat":[32],"product_tag":[834,832,833,836,835,837,116,678,618,288],"class_list":{"0":"post-881","1":"product","2":"type-product","3":"status-publish","4":"has-post-thumbnail","6":"product_cat-vw","7":"product_tag-0261s04281","8":"product_tag-0261s0481","9":"product_tag-032906032be","10":"product_tag-1037397374-bin","11":"product_tag-835","12":"product_tag-7-5-30","13":"product_tag-arquivo","14":"product_tag-arquivo-original","15":"product_tag-misfire","16":"product_tag-st10f","18":"first","19":"instock","20":"downloadable","21":"virtual","22":"purchasable","23":"product-type-simple"},"jetpack_sharing_enabled":true,"_links":{"self":[{"href":"https:\/\/powerchip.com.br\/index.php\/wp-json\/wp\/v2\/product\/881","targetHints":{"allow":["GET"]}}],"collection":[{"href":"https:\/\/powerchip.com.br\/index.php\/wp-json\/wp\/v2\/product"}],"about":[{"href":"https:\/\/powerchip.com.br\/index.php\/wp-json\/wp\/v2\/types\/product"}],"wp:featuredmedia":[{"embeddable":true,"href":"https:\/\/powerchip.com.br\/index.php\/wp-json\/wp\/v2\/media\/888"}],"wp:attachment":[{"href":"https:\/\/powerchip.com.br\/index.php\/wp-json\/wp\/v2\/media?parent=881"}],"wp:term":[{"taxonomy":"product_brand","embeddable":true,"href":"https:\/\/powerchip.com.br\/index.php\/wp-json\/wp\/v2\/product_brand?post=881"},{"taxonomy":"product_cat","embeddable":true,"href":"https:\/\/powerchip.com.br\/index.php\/wp-json\/wp\/v2\/product_cat?post=881"},{"taxonomy":"product_tag","embeddable":true,"href":"https:\/\/powerchip.com.br\/index.php\/wp-json\/wp\/v2\/product_tag?post=881"}],"curies":[{"name":"wp","href":"https:\/\/api.w.org\/{rel}","templated":true}]}}