{"id":862,"date":"2025-11-10T15:20:08","date_gmt":"2025-11-10T15:20:08","guid":{"rendered":"https:\/\/powerchip.com.br\/?post_type=product&#038;p=862"},"modified":"2025-11-10T19:36:24","modified_gmt":"2025-11-10T19:36:24","slug":"arquivo-para-mercedes-715-a6121535979-0281011406-kit-de-arquivos-imobilizador-processador-e-soic-da-ecu-35p08","status":"publish","type":"product","link":"https:\/\/powerchip.com.br\/index.php\/produto\/arquivo-para-mercedes-715-a6121535979-0281011406-kit-de-arquivos-imobilizador-processador-e-soic-da-ecu-35p08\/","title":{"rendered":"Arquivo para Mercedes, 715 A6121535979 0281011406 kit de arquivos imobilizador (processador )  e  soic da ecu (35p08), 0281011406  A6121535979 0335355932 06M05"},"content":{"rendered":"<p>Arquivo para Mercedes, 715 A6121535979 0281011406 kit de arquivos imobilizador (processador ) e soic da ecu (35p08) 0281011406 A6121535979 5P08<\/p>\n<p>0281011406 A6121535979 0335355932 06M05<\/p>\n<p>0281011406 1037365118<\/p>\n<p>\u201cLembrete: Este arquivo N\u00c3O\u00a0 necessita de prepara\u00e7\u00e3o espec\u00edfica para a central (ECU) de destino .\u201d<\/p>\n<p>Voc\u00ea receber\u00e1 ap\u00f3s pagar um link com o arquivo zipado:<\/p>\n<p>04 arquivos dentro do zip.<\/p>\n<p>&nbsp;<\/p>\n<p>01 arquivo original ecu SOIC. kit do imobilizador .<\/p>\n<p>01 arquivo imobilizador mcu VVDI. kit do imobilizador .<\/p>\n<p>01 arquivo original ecu PSOP 28F800 BEEPROG, ETC.\u00a0 Brinde.<\/p>\n<p>01 ARQUIVO POT\u00caNCIA PSOP 28F800 BEEPROG, ETC. Brinde.<\/p>\n<p>&nbsp;<\/p>\n<p><img loading=\"lazy\" decoding=\"async\" class=\"alignnone size-medium wp-image-752\" src=\"https:\/\/powerchip.com.br\/wp-content\/uploads\/2025\/11\/FOTO-CASAL-ARQUIVOS-ARQUIVOS--300x170.jpg\" alt=\"\" width=\"300\" height=\"170\" srcset=\"https:\/\/powerchip.com.br\/wp-content\/uploads\/2025\/11\/FOTO-CASAL-ARQUIVOS-ARQUIVOS--300x170.jpg 300w, https:\/\/powerchip.com.br\/wp-content\/uploads\/2025\/11\/FOTO-CASAL-ARQUIVOS-ARQUIVOS--600x341.jpg 600w, https:\/\/powerchip.com.br\/wp-content\/uploads\/2025\/11\/FOTO-CASAL-ARQUIVOS-ARQUIVOS-.jpg 733w\" sizes=\"auto, (max-width: 300px) 100vw, 300px\" \/><img loading=\"lazy\" decoding=\"async\" class=\"alignnone size-medium wp-image-871\" src=\"https:\/\/powerchip.com.br\/wp-content\/uploads\/2025\/11\/0281011406-A6121535979-0335355932-06M05-300x272.jpeg\" alt=\"\" width=\"300\" height=\"272\" srcset=\"https:\/\/powerchip.com.br\/wp-content\/uploads\/2025\/11\/0281011406-A6121535979-0335355932-06M05-300x272.jpeg 300w, https:\/\/powerchip.com.br\/wp-content\/uploads\/2025\/11\/0281011406-A6121535979-0335355932-06M05.jpeg 556w\" sizes=\"auto, (max-width: 300px) 100vw, 300px\" \/><img loading=\"lazy\" decoding=\"async\" class=\"alignnone size-medium wp-image-681\" src=\"https:\/\/powerchip.com.br\/wp-content\/uploads\/2025\/11\/29f800-300x174.jpg\" alt=\"\" width=\"300\" height=\"174\" srcset=\"https:\/\/powerchip.com.br\/wp-content\/uploads\/2025\/11\/29f800-300x174.jpg 300w, https:\/\/powerchip.com.br\/wp-content\/uploads\/2025\/11\/29f800.jpg 343w\" sizes=\"auto, (max-width: 300px) 100vw, 300px\" \/><img loading=\"lazy\" decoding=\"async\" class=\"alignnone size-full wp-image-645\" src=\"https:\/\/powerchip.com.br\/wp-content\/uploads\/2025\/11\/soic-8-.jpg\" alt=\"\" width=\"246\" height=\"245\" srcset=\"https:\/\/powerchip.com.br\/wp-content\/uploads\/2025\/11\/soic-8-.jpg 246w, https:\/\/powerchip.com.br\/wp-content\/uploads\/2025\/11\/soic-8--150x150.jpg 150w, https:\/\/powerchip.com.br\/wp-content\/uploads\/2025\/11\/soic-8--100x100.jpg 100w\" sizes=\"auto, (max-width: 246px) 100vw, 246px\" \/><img loading=\"lazy\" decoding=\"async\" class=\"alignnone size-full wp-image-873\" src=\"https:\/\/powerchip.com.br\/wp-content\/uploads\/2025\/11\/mcu-imo.jpg\" alt=\"\" width=\"188\" height=\"194\" \/><\/p>\n","protected":false},"excerpt":{"rendered":"<p>Arquivo para Mercedes, 715 A6121535979 0281011406 kit de arquivos imobilizador (processador ) e soic da ecu (35p08) 0281011406 A6121535979 5P08<\/p>\n<p>0281011406 A6121535979 0335355932 06M05<\/p>\n<p>0281011406 1037365118<\/p>\n","protected":false},"featured_media":752,"template":"","meta":{"_joinchat":[]},"product_brand":[],"product_cat":[485],"product_tag":[793,791,796,797,795,789,790,799,788,798,794,234,792],"class_list":{"0":"post-862","1":"product","2":"type-product","3":"status-publish","4":"has-post-thumbnail","6":"product_cat-mercedes","7":"product_tag-processador","8":"product_tag-791","9":"product_tag-796","10":"product_tag-06m05","11":"product_tag-5p08","12":"product_tag-789","13":"product_tag-a6121535979","14":"product_tag-arquivo-imobilizador-mcu-vvdi","15":"product_tag-arquivo-para-mercedes","16":"product_tag-arquivo-potencia-psop-28f800","17":"product_tag-e-soic-da-ecu-35p08","18":"product_tag-imobilizador","19":"product_tag-kit-de-arquivos","21":"first","22":"instock","23":"downloadable","24":"virtual","25":"purchasable","26":"product-type-simple"},"jetpack_sharing_enabled":true,"_links":{"self":[{"href":"https:\/\/powerchip.com.br\/index.php\/wp-json\/wp\/v2\/product\/862","targetHints":{"allow":["GET"]}}],"collection":[{"href":"https:\/\/powerchip.com.br\/index.php\/wp-json\/wp\/v2\/product"}],"about":[{"href":"https:\/\/powerchip.com.br\/index.php\/wp-json\/wp\/v2\/types\/product"}],"wp:featuredmedia":[{"embeddable":true,"href":"https:\/\/powerchip.com.br\/index.php\/wp-json\/wp\/v2\/media\/752"}],"wp:attachment":[{"href":"https:\/\/powerchip.com.br\/index.php\/wp-json\/wp\/v2\/media?parent=862"}],"wp:term":[{"taxonomy":"product_brand","embeddable":true,"href":"https:\/\/powerchip.com.br\/index.php\/wp-json\/wp\/v2\/product_brand?post=862"},{"taxonomy":"product_cat","embeddable":true,"href":"https:\/\/powerchip.com.br\/index.php\/wp-json\/wp\/v2\/product_cat?post=862"},{"taxonomy":"product_tag","embeddable":true,"href":"https:\/\/powerchip.com.br\/index.php\/wp-json\/wp\/v2\/product_tag?post=862"}],"curies":[{"name":"wp","href":"https:\/\/api.w.org\/{rel}","templated":true}]}}