{"id":792,"date":"2025-11-08T15:19:52","date_gmt":"2025-11-08T15:19:52","guid":{"rendered":"https:\/\/powerchip.com.br\/?post_type=product&#038;p=792"},"modified":"2025-11-17T12:26:44","modified_gmt":"2025-11-17T12:26:44","slug":"jeep-arquivo-para-modulo-inecao-compass-decat-cat-off-sem-cat-p68259170ac-p50051371","status":"publish","type":"product","link":"https:\/\/powerchip.com.br\/index.php\/produto\/jeep-arquivo-para-modulo-inecao-compass-decat-cat-off-sem-cat-p68259170ac-p50051371\/","title":{"rendered":"\u00a0JEEP, ARQUIVO  PARA MODULO INE\u00c7\u00c3O COMPASS DECAT CAT OFF , SEM CAT P68259170AC P50051371"},"content":{"rendered":"<p>JEEP, ARQUIVO PARA MODULO INE\u00c7\u00c3O COMPASS DECAT CAT OFF , SEM CAT P68259170AC P50051371<\/p>\n<p>DECAT COMPASS\u00a0 P68259170AC\u00a0 P50051371\u00a0 CONTINENTAL SIEMENS VDO GPEC2 INT_flash MPC5566<\/p>\n<p><img loading=\"lazy\" decoding=\"async\" class=\"alignnone size-full wp-image-1040\" src=\"https:\/\/powerchip.com.br\/wp-content\/uploads\/2025\/11\/alto-falante.jpg\" alt=\"\" width=\"67\" height=\"55\" \/>\u201cLembrete: Estes arquivos N\u00c3O necessitam de prepara\u00e7\u00e3o espec\u00edfica para a central (ECU) de destino antes do uso .\u201d<\/p>\n<p>Voc\u00ea recebera um link com arquivo compactado para baixar\u00a0 ap\u00f3s pagar, contendo:<\/p>\n<p><img loading=\"lazy\" decoding=\"async\" class=\"alignnone size-full wp-image-1039\" src=\"https:\/\/powerchip.com.br\/wp-content\/uploads\/2025\/11\/veja-acima.jpg\" alt=\"\" width=\"21\" height=\"34\" \/><\/p>\n<p><img loading=\"lazy\" decoding=\"async\" class=\"alignnone size-full wp-image-1042\" src=\"https:\/\/powerchip.com.br\/wp-content\/uploads\/2025\/11\/pistao.jpg\" alt=\"\" width=\"17\" height=\"41\" \/> ARQUIVOS.<br \/>\n<img loading=\"lazy\" decoding=\"async\" class=\"alignnone size-full wp-image-1042\" src=\"https:\/\/powerchip.com.br\/wp-content\/uploads\/2025\/11\/pistao.jpg\" alt=\"\" width=\"17\" height=\"41\" \/><img loading=\"lazy\" decoding=\"async\" class=\"alignnone size-full wp-image-1042\" src=\"https:\/\/powerchip.com.br\/wp-content\/uploads\/2025\/11\/pistao.jpg\" alt=\"\" width=\"17\" height=\"41\" \/> ORIGINAL<br \/>\n<img loading=\"lazy\" decoding=\"async\" class=\"alignnone size-full wp-image-1042\" src=\"https:\/\/powerchip.com.br\/wp-content\/uploads\/2025\/11\/pistao.jpg\" alt=\"\" width=\"17\" height=\"41\" \/><img loading=\"lazy\" decoding=\"async\" class=\"alignnone size-full wp-image-1042\" src=\"https:\/\/powerchip.com.br\/wp-content\/uploads\/2025\/11\/pistao.jpg\" alt=\"\" width=\"17\" height=\"41\" \/><img loading=\"lazy\" decoding=\"async\" class=\"alignnone size-full wp-image-1042\" src=\"https:\/\/powerchip.com.br\/wp-content\/uploads\/2025\/11\/pistao.jpg\" alt=\"\" width=\"17\" height=\"41\" \/> DECAT CHECKSUN GPEC2\u00a0 CORRIGIDO.<\/p>\n<p>ATEN\u00c7\u00c3O : SOMENTE DECAT CHECKSUN GPEC2\u00a0 CORRIGIDO.<\/p>\n<p>Lembrete: Estes arquivos N\u00c3O\u00a0 necessitam de prepara\u00e7\u00e3o espec\u00edfica para a central (ECU) de destino, O IMOBILIZADOR ESTA NA SOIC, O PROGRAMADOR SE ENCARREGARA DE ACERTAR O SUM.<\/p>\n<p>Arquivo muito bom para pot\u00eancia, sem barulhos no motor etc.., considerando que seu Compass seja bom e original, agora se for RUIM , ent\u00e3o conserte seu Compass e depois compre.<\/p>\n<p>Um profissional saber\u00e1 utilizar isso , ou ap\u00f3s a compra entre em contato.<\/p>\n<p><a href=\"https:\/\/powerchip.com.br\/index.php\/arquivo-destinado-a-profissionais\/\">Arquivo destinado a profissionais<\/a>.<\/p>\n<p><a href=\"https:\/\/powerchip.com.br\/index.php\/como-usar-o-arquivo-comprado\/\">Como usar o arquivo<\/a>.<\/p>\n<p><a href=\"https:\/\/powerchip.com.br\/index.php\/como-comprar\/\">Como comprar<\/a><\/p>\n<p>&nbsp;<\/p>\n<p><img loading=\"lazy\" decoding=\"async\" class=\"alignnone size-medium wp-image-794\" src=\"https:\/\/powerchip.com.br\/wp-content\/uploads\/2025\/11\/ZIP-P68259170AC-P50051371--300x154.jpeg\" alt=\"\" width=\"300\" height=\"154\" srcset=\"https:\/\/powerchip.com.br\/wp-content\/uploads\/2025\/11\/ZIP-P68259170AC-P50051371--300x154.jpeg 300w, https:\/\/powerchip.com.br\/wp-content\/uploads\/2025\/11\/ZIP-P68259170AC-P50051371--768x394.jpeg 768w, https:\/\/powerchip.com.br\/wp-content\/uploads\/2025\/11\/ZIP-P68259170AC-P50051371--600x308.jpeg 600w, https:\/\/powerchip.com.br\/wp-content\/uploads\/2025\/11\/ZIP-P68259170AC-P50051371-.jpeg 811w\" sizes=\"auto, (max-width: 300px) 100vw, 300px\" \/><img loading=\"lazy\" decoding=\"async\" class=\"alignnone size-medium wp-image-948\" src=\"https:\/\/powerchip.com.br\/wp-content\/uploads\/2025\/11\/foto-de-zip-original--300x175.jpg\" alt=\"\" width=\"300\" height=\"175\" srcset=\"https:\/\/powerchip.com.br\/wp-content\/uploads\/2025\/11\/foto-de-zip-original--300x175.jpg 300w, https:\/\/powerchip.com.br\/wp-content\/uploads\/2025\/11\/foto-de-zip-original--600x350.jpg 600w, https:\/\/powerchip.com.br\/wp-content\/uploads\/2025\/11\/foto-de-zip-original-.jpg 727w\" sizes=\"auto, (max-width: 300px) 100vw, 300px\" \/><img loading=\"lazy\" decoding=\"async\" class=\"alignnone size-medium wp-image-944\" src=\"https:\/\/powerchip.com.br\/wp-content\/uploads\/2025\/11\/foto-de-zip-catalizador--300x174.jpg\" alt=\"\" width=\"300\" height=\"174\" srcset=\"https:\/\/powerchip.com.br\/wp-content\/uploads\/2025\/11\/foto-de-zip-catalizador--300x174.jpg 300w, https:\/\/powerchip.com.br\/wp-content\/uploads\/2025\/11\/foto-de-zip-catalizador--600x348.jpg 600w, https:\/\/powerchip.com.br\/wp-content\/uploads\/2025\/11\/foto-de-zip-catalizador-.jpg 733w\" sizes=\"auto, (max-width: 300px) 100vw, 300px\" \/><\/p>\n","protected":false},"excerpt":{"rendered":"<p>JEEP, ARQUIVO PARA MODULO INE\u00c7\u00c3O COMPASS DECAT CAT OFF , SEM CAT P68259170AC P50051371<\/p>\n<p>DECAT COMPASS\u00a0 P68259170AC\u00a0 P50051371\u00a0 CONTINENTAL SIEMENS VDO GPEC2 INT_flash MPC5566<\/p>\n<p><img loading=\"lazy\" decoding=\"async\" class=\"alignnone size-medium wp-image-794\" src=\"https:\/\/powerchip.com.br\/wp-content\/uploads\/2025\/11\/ZIP-P68259170AC-P50051371--300x154.jpeg\" alt=\"\" width=\"300\" height=\"154\" srcset=\"https:\/\/powerchip.com.br\/wp-content\/uploads\/2025\/11\/ZIP-P68259170AC-P50051371--300x154.jpeg 300w, https:\/\/powerchip.com.br\/wp-content\/uploads\/2025\/11\/ZIP-P68259170AC-P50051371--768x394.jpeg 768w, https:\/\/powerchip.com.br\/wp-content\/uploads\/2025\/11\/ZIP-P68259170AC-P50051371--600x308.jpeg 600w, https:\/\/powerchip.com.br\/wp-content\/uploads\/2025\/11\/ZIP-P68259170AC-P50051371-.jpeg 811w\" sizes=\"auto, (max-width: 300px) 100vw, 300px\" \/><img loading=\"lazy\" decoding=\"async\" class=\"alignnone size-medium wp-image-948\" src=\"https:\/\/powerchip.com.br\/wp-content\/uploads\/2025\/11\/foto-de-zip-original--300x175.jpg\" alt=\"\" width=\"300\" height=\"175\" srcset=\"https:\/\/powerchip.com.br\/wp-content\/uploads\/2025\/11\/foto-de-zip-original--300x175.jpg 300w, https:\/\/powerchip.com.br\/wp-content\/uploads\/2025\/11\/foto-de-zip-original--600x350.jpg 600w, https:\/\/powerchip.com.br\/wp-content\/uploads\/2025\/11\/foto-de-zip-original-.jpg 727w\" sizes=\"auto, (max-width: 300px) 100vw, 300px\" \/><img loading=\"lazy\" decoding=\"async\" class=\"alignnone size-medium wp-image-944\" src=\"https:\/\/powerchip.com.br\/wp-content\/uploads\/2025\/11\/foto-de-zip-catalizador--300x174.jpg\" alt=\"\" width=\"300\" height=\"174\" srcset=\"https:\/\/powerchip.com.br\/wp-content\/uploads\/2025\/11\/foto-de-zip-catalizador--300x174.jpg 300w, https:\/\/powerchip.com.br\/wp-content\/uploads\/2025\/11\/foto-de-zip-catalizador--600x348.jpg 600w, https:\/\/powerchip.com.br\/wp-content\/uploads\/2025\/11\/foto-de-zip-catalizador-.jpg 733w\" sizes=\"auto, (max-width: 300px) 100vw, 300px\" \/><\/p>\n","protected":false},"featured_media":794,"template":"","meta":{"_joinchat":[]},"product_brand":[],"product_cat":[241],"product_tag":[116,657,243,660,138,663,656,664,159,655,665,659,658,661,662],"class_list":{"0":"post-792","1":"product","2":"type-product","3":"status-publish","4":"has-post-thumbnail","6":"product_cat-jeep","7":"product_tag-arquivo","8":"product_tag-cat-off-sem-cat","9":"product_tag-compass","10":"product_tag-continental","11":"product_tag-decat","12":"product_tag-gpec2","13":"product_tag-inecao","14":"product_tag-int_flash","15":"product_tag-jeep","16":"product_tag-modulo","17":"product_tag-mpc5566","18":"product_tag-p50051371","19":"product_tag-p68259170ac","20":"product_tag-siemens","21":"product_tag-vdo","23":"first","24":"instock","25":"downloadable","26":"virtual","27":"purchasable","28":"product-type-simple"},"jetpack_sharing_enabled":true,"_links":{"self":[{"href":"https:\/\/powerchip.com.br\/index.php\/wp-json\/wp\/v2\/product\/792","targetHints":{"allow":["GET"]}}],"collection":[{"href":"https:\/\/powerchip.com.br\/index.php\/wp-json\/wp\/v2\/product"}],"about":[{"href":"https:\/\/powerchip.com.br\/index.php\/wp-json\/wp\/v2\/types\/product"}],"wp:featuredmedia":[{"embeddable":true,"href":"https:\/\/powerchip.com.br\/index.php\/wp-json\/wp\/v2\/media\/794"}],"wp:attachment":[{"href":"https:\/\/powerchip.com.br\/index.php\/wp-json\/wp\/v2\/media?parent=792"}],"wp:term":[{"taxonomy":"product_brand","embeddable":true,"href":"https:\/\/powerchip.com.br\/index.php\/wp-json\/wp\/v2\/product_brand?post=792"},{"taxonomy":"product_cat","embeddable":true,"href":"https:\/\/powerchip.com.br\/index.php\/wp-json\/wp\/v2\/product_cat?post=792"},{"taxonomy":"product_tag","embeddable":true,"href":"https:\/\/powerchip.com.br\/index.php\/wp-json\/wp\/v2\/product_tag?post=792"}],"curies":[{"name":"wp","href":"https:\/\/api.w.org\/{rel}","templated":true}]}}