{"id":770,"date":"2025-11-07T12:28:38","date_gmt":"2025-11-07T12:28:38","guid":{"rendered":"https:\/\/powerchip.com.br\/?post_type=product&#038;p=770"},"modified":"2025-11-12T22:08:47","modified_gmt":"2025-11-12T22:08:47","slug":"dpf-egr-dtc-des-mb279700-9811-volvo-diesel-xc90","status":"publish","type":"product","link":"https:\/\/powerchip.com.br\/index.php\/produto\/dpf-egr-dtc-des-mb279700-9811-volvo-diesel-xc90\/","title":{"rendered":"ARQUIVO DY Volvo 4 MB279700-9811 V2AS8WENPBL_VED_SPA  R5E72531R R5F72531D R5E72533 H_VED_XX_XX_16G200 DPF EGR DTC DES  MB279700-9811 Volvo DIESEL XC90"},"content":{"rendered":"<p>ARQUIVO DY Volvo 4 MB279700-9811 V2AS8WENPBL_VED_SPA R5E72531R R5F72531D R5E72533 H_VED_XX_XX_16G200 DPF EGR DTC DES MB279700-9811 Volvo DIESEL XC90 DPF EGR DTC DES MB279700-9811 Volvo DIESEL XC90<\/p>\n<p>&nbsp;<\/p>\n<p>Voc\u00ea receber\u00e1 ap\u00f3s pagar, um link com o arquivo:<\/p>\n<p>1 x arquivo compactado contendo dentro :<\/p>\n<p>01 arquivo ORIGINAL .<\/p>\n<p>01 arquivo ORIGINAL EEPROM .<\/p>\n<p>01 arquivo ORIGINAL DPF EGR DTC.<\/p>\n<p>01 TABELA MB279700-9811 \u00a0DTC DE WINOLS.<\/p>\n<p><a href=\"https:\/\/powerchip.com.br\/index.php\/arquivo-destinado-a-profissionais\/\">Arquivo destinado a profissionais<\/a>.<\/p>\n<p><a href=\"https:\/\/powerchip.com.br\/index.php\/como-usar-o-arquivo-comprado\/\">Como usar o arquivo<\/a>.<\/p>\n<p><a href=\"https:\/\/powerchip.com.br\/index.php\/como-comprar\/\">Como comprar<\/a><\/p>\n<p><img loading=\"lazy\" decoding=\"async\" class=\"alignnone size-medium wp-image-779\" src=\"https:\/\/powerchip.com.br\/wp-content\/uploads\/2025\/11\/ZIP-AQUI-DY-Volvo-4-MB279700-9811-DY-GRAVINE--300x154.jpg\" alt=\"\" width=\"300\" height=\"154\" srcset=\"https:\/\/powerchip.com.br\/wp-content\/uploads\/2025\/11\/ZIP-AQUI-DY-Volvo-4-MB279700-9811-DY-GRAVINE--300x154.jpg 300w, https:\/\/powerchip.com.br\/wp-content\/uploads\/2025\/11\/ZIP-AQUI-DY-Volvo-4-MB279700-9811-DY-GRAVINE--768x394.jpg 768w, https:\/\/powerchip.com.br\/wp-content\/uploads\/2025\/11\/ZIP-AQUI-DY-Volvo-4-MB279700-9811-DY-GRAVINE--600x308.jpg 600w, https:\/\/powerchip.com.br\/wp-content\/uploads\/2025\/11\/ZIP-AQUI-DY-Volvo-4-MB279700-9811-DY-GRAVINE-.jpg 811w\" sizes=\"auto, (max-width: 300px) 100vw, 300px\" \/><img loading=\"lazy\" decoding=\"async\" class=\"alignnone size-medium wp-image-948\" src=\"https:\/\/powerchip.com.br\/wp-content\/uploads\/2025\/11\/foto-de-zip-original--300x175.jpg\" alt=\"\" width=\"300\" height=\"175\" srcset=\"https:\/\/powerchip.com.br\/wp-content\/uploads\/2025\/11\/foto-de-zip-original--300x175.jpg 300w, https:\/\/powerchip.com.br\/wp-content\/uploads\/2025\/11\/foto-de-zip-original--600x350.jpg 600w, https:\/\/powerchip.com.br\/wp-content\/uploads\/2025\/11\/foto-de-zip-original-.jpg 727w\" sizes=\"auto, (max-width: 300px) 100vw, 300px\" \/><img loading=\"lazy\" decoding=\"async\" class=\"alignnone size-medium wp-image-947\" src=\"https:\/\/powerchip.com.br\/wp-content\/uploads\/2025\/11\/foto-de-zip-EGR--300x174.jpg\" alt=\"\" width=\"300\" height=\"174\" srcset=\"https:\/\/powerchip.com.br\/wp-content\/uploads\/2025\/11\/foto-de-zip-EGR--300x174.jpg 300w, https:\/\/powerchip.com.br\/wp-content\/uploads\/2025\/11\/foto-de-zip-EGR--600x348.jpg 600w, https:\/\/powerchip.com.br\/wp-content\/uploads\/2025\/11\/foto-de-zip-EGR-.jpg 733w\" sizes=\"auto, (max-width: 300px) 100vw, 300px\" \/><img loading=\"lazy\" decoding=\"async\" class=\"alignnone size-medium wp-image-944\" src=\"https:\/\/powerchip.com.br\/wp-content\/uploads\/2025\/11\/foto-de-zip-catalizador--300x174.jpg\" alt=\"\" width=\"300\" height=\"174\" srcset=\"https:\/\/powerchip.com.br\/wp-content\/uploads\/2025\/11\/foto-de-zip-catalizador--300x174.jpg 300w, https:\/\/powerchip.com.br\/wp-content\/uploads\/2025\/11\/foto-de-zip-catalizador--600x348.jpg 600w, https:\/\/powerchip.com.br\/wp-content\/uploads\/2025\/11\/foto-de-zip-catalizador-.jpg 733w\" sizes=\"auto, (max-width: 300px) 100vw, 300px\" \/><\/p>\n","protected":false},"excerpt":{"rendered":"<p>DPF EGR DTC DES MB279700-9811 Volvo DIESEL XC90<\/p>\n<p><img loading=\"lazy\" decoding=\"async\" class=\"alignnone size-medium wp-image-779\" src=\"https:\/\/powerchip.com.br\/wp-content\/uploads\/2025\/11\/ZIP-AQUI-DY-Volvo-4-MB279700-9811-DY-GRAVINE--300x154.jpg\" alt=\"\" width=\"300\" height=\"154\" srcset=\"https:\/\/powerchip.com.br\/wp-content\/uploads\/2025\/11\/ZIP-AQUI-DY-Volvo-4-MB279700-9811-DY-GRAVINE--300x154.jpg 300w, https:\/\/powerchip.com.br\/wp-content\/uploads\/2025\/11\/ZIP-AQUI-DY-Volvo-4-MB279700-9811-DY-GRAVINE--768x394.jpg 768w, https:\/\/powerchip.com.br\/wp-content\/uploads\/2025\/11\/ZIP-AQUI-DY-Volvo-4-MB279700-9811-DY-GRAVINE--600x308.jpg 600w, https:\/\/powerchip.com.br\/wp-content\/uploads\/2025\/11\/ZIP-AQUI-DY-Volvo-4-MB279700-9811-DY-GRAVINE-.jpg 811w\" sizes=\"auto, (max-width: 300px) 100vw, 300px\" \/><img loading=\"lazy\" decoding=\"async\" class=\"alignnone size-medium wp-image-948\" src=\"https:\/\/powerchip.com.br\/wp-content\/uploads\/2025\/11\/foto-de-zip-original--300x175.jpg\" alt=\"\" width=\"300\" height=\"175\" srcset=\"https:\/\/powerchip.com.br\/wp-content\/uploads\/2025\/11\/foto-de-zip-original--300x175.jpg 300w, https:\/\/powerchip.com.br\/wp-content\/uploads\/2025\/11\/foto-de-zip-original--600x350.jpg 600w, https:\/\/powerchip.com.br\/wp-content\/uploads\/2025\/11\/foto-de-zip-original-.jpg 727w\" sizes=\"auto, (max-width: 300px) 100vw, 300px\" \/><img loading=\"lazy\" decoding=\"async\" class=\"alignnone size-medium wp-image-947\" src=\"https:\/\/powerchip.com.br\/wp-content\/uploads\/2025\/11\/foto-de-zip-EGR--300x174.jpg\" alt=\"\" width=\"300\" height=\"174\" srcset=\"https:\/\/powerchip.com.br\/wp-content\/uploads\/2025\/11\/foto-de-zip-EGR--300x174.jpg 300w, https:\/\/powerchip.com.br\/wp-content\/uploads\/2025\/11\/foto-de-zip-EGR--600x348.jpg 600w, https:\/\/powerchip.com.br\/wp-content\/uploads\/2025\/11\/foto-de-zip-EGR-.jpg 733w\" sizes=\"auto, (max-width: 300px) 100vw, 300px\" \/><img loading=\"lazy\" decoding=\"async\" class=\"alignnone size-medium wp-image-944\" src=\"https:\/\/powerchip.com.br\/wp-content\/uploads\/2025\/11\/foto-de-zip-catalizador--300x174.jpg\" alt=\"\" width=\"300\" height=\"174\" srcset=\"https:\/\/powerchip.com.br\/wp-content\/uploads\/2025\/11\/foto-de-zip-catalizador--300x174.jpg 300w, https:\/\/powerchip.com.br\/wp-content\/uploads\/2025\/11\/foto-de-zip-catalizador--600x348.jpg 600w, https:\/\/powerchip.com.br\/wp-content\/uploads\/2025\/11\/foto-de-zip-catalizador-.jpg 733w\" sizes=\"auto, (max-width: 300px) 100vw, 300px\" \/><\/p>\n","protected":false},"featured_media":779,"template":"","meta":{"_joinchat":[]},"product_brand":[],"product_cat":[544],"product_tag":[628,626,625,633,167,117,119,624,118,632,634,629,631,630,627,545,635],"class_list":{"0":"post-770","1":"product","2":"type-product","3":"status-publish","4":"has-post-thumbnail","6":"product_cat-volvo","7":"product_tag-_ved_spa","8":"product_tag-279700-9811","9":"product_tag-4-mb","10":"product_tag-des","11":"product_tag-diesel","12":"product_tag-dpf","13":"product_tag-dtc","14":"product_tag-dy","15":"product_tag-egr","16":"product_tag-h_ved_xx_xx_16g200","17":"product_tag-mb279700-9811","18":"product_tag-r5e72531r","19":"product_tag-r5e72533","20":"product_tag-r5f72531d","21":"product_tag-v2as8wenpbl","22":"product_tag-volvo","23":"product_tag-xc90","25":"first","26":"instock","27":"downloadable","28":"virtual","29":"purchasable","30":"product-type-simple"},"jetpack_sharing_enabled":true,"_links":{"self":[{"href":"https:\/\/powerchip.com.br\/index.php\/wp-json\/wp\/v2\/product\/770","targetHints":{"allow":["GET"]}}],"collection":[{"href":"https:\/\/powerchip.com.br\/index.php\/wp-json\/wp\/v2\/product"}],"about":[{"href":"https:\/\/powerchip.com.br\/index.php\/wp-json\/wp\/v2\/types\/product"}],"wp:featuredmedia":[{"embeddable":true,"href":"https:\/\/powerchip.com.br\/index.php\/wp-json\/wp\/v2\/media\/779"}],"wp:attachment":[{"href":"https:\/\/powerchip.com.br\/index.php\/wp-json\/wp\/v2\/media?parent=770"}],"wp:term":[{"taxonomy":"product_brand","embeddable":true,"href":"https:\/\/powerchip.com.br\/index.php\/wp-json\/wp\/v2\/product_brand?post=770"},{"taxonomy":"product_cat","embeddable":true,"href":"https:\/\/powerchip.com.br\/index.php\/wp-json\/wp\/v2\/product_cat?post=770"},{"taxonomy":"product_tag","embeddable":true,"href":"https:\/\/powerchip.com.br\/index.php\/wp-json\/wp\/v2\/product_tag?post=770"}],"curies":[{"name":"wp","href":"https:\/\/api.w.org\/{rel}","templated":true}]}}