{"id":758,"date":"2025-11-07T11:41:45","date_gmt":"2025-11-07T11:41:45","guid":{"rendered":"https:\/\/powerchip.com.br\/?post_type=product&#038;p=758"},"modified":"2025-11-12T22:12:20","modified_gmt":"2025-11-12T22:12:20","slug":"s10-e80-s10-2-5-flex-arquivo-e80-potencia-decat-arquivo-original-para-ecu-e80-sidi-12664513-12655021-12664513-12664608-12664606-1266460912664605-12664602","status":"publish","type":"product","link":"https:\/\/powerchip.com.br\/index.php\/produto\/s10-e80-s10-2-5-flex-arquivo-e80-potencia-decat-arquivo-original-para-ecu-e80-sidi-12664513-12655021-12664513-12664608-12664606-1266460912664605-12664602\/","title":{"rendered":"S10 E80 S10 2.5 FLEX ,   ARQUIVO E80 pot\u00eancia + decat+ arquivo original para ecu E80 SIDI\t  12664513 12655021 12664513 12664608 12664606 12664609\t12664605 12664602"},"content":{"rendered":"<p>S10 E80 S10 2.5 FLEX , E80 ARQUIVO pot\u00eancia decat e arquivo original para ecu E80 SIDI 12664513 12655021 12664513 12664608 12664606 12664609 12664605 12664602<\/p>\n<p>Operating System 12664513<br \/>\nController Service Numbers 12655021<br \/>\nOperating System 12664513<br \/>\nSystem 12664608<br \/>\nFuel System 12664606<br \/>\nSpeedometer 12664609<br \/>\nEngine Diagnostics 12664605<br \/>\nEngine Operation 12664602<\/p>\n<p>\u201cLembrete: Este arquivo SIM necessita de prepara\u00e7\u00e3o espec\u00edfica para a central (ECU) de destino antes do uso se for\u00a0 GRAVAR COMPLETO , se for parcial alguns programadores s\u00f3 gravam \u00e1reas\u00a0 maps.\u201d<\/p>\n<p>Um profissional saber\u00e1 utilizar isso , ou ap\u00f3s a compra entre em contato.<\/p>\n<p>Voc\u00ea recebera ap\u00f3s pagar:<\/p>\n<p>02 arquivos.<\/p>\n<p>01\u00a0 arquivo original (se for usar tem casar com seu imo)<\/p>\n<p>+ 01\u00a0 arquivo de pot\u00eancia e\u00a0 cat-off para escapes.<\/p>\n<p>N\u00e3o pense que vai virar um Turbo hein,\u00a0 mas fica \u00f3timo de\u00a0 andar, boa elasticidade.<\/p>\n<p><a href=\"https:\/\/powerchip.com.br\/index.php\/como-comprar\/\">Como comprar<\/a><\/p>\n<p><a href=\"https:\/\/powerchip.com.br\/index.php\/arquivo-destinado-a-profissionais\/\">Arquivo destinado a profissionais<\/a>.<\/p>\n<p><a href=\"https:\/\/powerchip.com.br\/index.php\/como-usar-o-arquivo-comprado\/\">Como usar o arquivo<\/a>.<\/p>\n<audio class=\"wp-audio-shortcode\" id=\"audio-758-1\" preload=\"none\" style=\"width: 100%;\" controls=\"controls\"><source type=\"audio\/ogg\" src=\"https:\/\/powerchip.com.br\/wp-content\/uploads\/2025\/10\/AUDIO-S10-E80-DECAT-POT-.ogg?_=1\" \/><a href=\"https:\/\/powerchip.com.br\/wp-content\/uploads\/2025\/10\/AUDIO-S10-E80-DECAT-POT-.ogg\">https:\/\/powerchip.com.br\/wp-content\/uploads\/2025\/10\/AUDIO-S10-E80-DECAT-POT-.ogg<\/a><\/audio>\n<p><img loading=\"lazy\" decoding=\"async\" class=\"alignnone size-medium wp-image-335\" src=\"https:\/\/powerchip.com.br\/wp-content\/uploads\/2025\/10\/E80-CRUZE-TURBO-S10-2.5-FLEX-ASPIRADO-1-1-300x283.jpeg\" alt=\"\" width=\"300\" height=\"283\" srcset=\"https:\/\/powerchip.com.br\/wp-content\/uploads\/2025\/10\/E80-CRUZE-TURBO-S10-2.5-FLEX-ASPIRADO-1-1-300x283.jpeg 300w, https:\/\/powerchip.com.br\/wp-content\/uploads\/2025\/10\/E80-CRUZE-TURBO-S10-2.5-FLEX-ASPIRADO-1-1-768x726.jpeg 768w, https:\/\/powerchip.com.br\/wp-content\/uploads\/2025\/10\/E80-CRUZE-TURBO-S10-2.5-FLEX-ASPIRADO-1-1-600x567.jpeg 600w, https:\/\/powerchip.com.br\/wp-content\/uploads\/2025\/10\/E80-CRUZE-TURBO-S10-2.5-FLEX-ASPIRADO-1-1.jpeg 797w\" sizes=\"auto, (max-width: 300px) 100vw, 300px\" \/><img loading=\"lazy\" decoding=\"async\" class=\"alignnone size-medium wp-image-333\" src=\"https:\/\/powerchip.com.br\/wp-content\/uploads\/2025\/10\/E80-CRUZE-TURBO-S10-2.5-FLEX-ASPIRADO-2-300x249.jpeg\" alt=\"\" width=\"300\" height=\"249\" srcset=\"https:\/\/powerchip.com.br\/wp-content\/uploads\/2025\/10\/E80-CRUZE-TURBO-S10-2.5-FLEX-ASPIRADO-2-300x249.jpeg 300w, https:\/\/powerchip.com.br\/wp-content\/uploads\/2025\/10\/E80-CRUZE-TURBO-S10-2.5-FLEX-ASPIRADO-2-768x637.jpeg 768w, https:\/\/powerchip.com.br\/wp-content\/uploads\/2025\/10\/E80-CRUZE-TURBO-S10-2.5-FLEX-ASPIRADO-2-600x497.jpeg 600w, https:\/\/powerchip.com.br\/wp-content\/uploads\/2025\/10\/E80-CRUZE-TURBO-S10-2.5-FLEX-ASPIRADO-2.jpeg 930w\" sizes=\"auto, (max-width: 300px) 100vw, 300px\" \/><img loading=\"lazy\" decoding=\"async\" class=\"alignnone size-medium wp-image-336\" src=\"https:\/\/powerchip.com.br\/wp-content\/uploads\/2025\/10\/e80-boot-BOOT--300x162.jpg\" alt=\"\" width=\"300\" height=\"162\" srcset=\"https:\/\/powerchip.com.br\/wp-content\/uploads\/2025\/10\/e80-boot-BOOT--300x162.jpg 300w, https:\/\/powerchip.com.br\/wp-content\/uploads\/2025\/10\/e80-boot-BOOT--1024x553.jpg 1024w, https:\/\/powerchip.com.br\/wp-content\/uploads\/2025\/10\/e80-boot-BOOT--768x415.jpg 768w, https:\/\/powerchip.com.br\/wp-content\/uploads\/2025\/10\/e80-boot-BOOT--1536x830.jpg 1536w, https:\/\/powerchip.com.br\/wp-content\/uploads\/2025\/10\/e80-boot-BOOT--2048x1107.jpg 2048w, https:\/\/powerchip.com.br\/wp-content\/uploads\/2025\/10\/e80-boot-BOOT--600x324.jpg 600w\" sizes=\"auto, (max-width: 300px) 100vw, 300px\" \/><img loading=\"lazy\" decoding=\"async\" class=\"alignnone size-medium wp-image-948\" src=\"https:\/\/powerchip.com.br\/wp-content\/uploads\/2025\/11\/foto-de-zip-original--300x175.jpg\" alt=\"\" width=\"300\" height=\"175\" srcset=\"https:\/\/powerchip.com.br\/wp-content\/uploads\/2025\/11\/foto-de-zip-original--300x175.jpg 300w, https:\/\/powerchip.com.br\/wp-content\/uploads\/2025\/11\/foto-de-zip-original--600x350.jpg 600w, https:\/\/powerchip.com.br\/wp-content\/uploads\/2025\/11\/foto-de-zip-original-.jpg 727w\" sizes=\"auto, (max-width: 300px) 100vw, 300px\" \/><img loading=\"lazy\" decoding=\"async\" class=\"alignnone size-medium wp-image-940\" src=\"https:\/\/powerchip.com.br\/wp-content\/uploads\/2025\/11\/foto-de-zip-potencia--300x170.jpg\" alt=\"\" width=\"300\" height=\"170\" srcset=\"https:\/\/powerchip.com.br\/wp-content\/uploads\/2025\/11\/foto-de-zip-potencia--300x170.jpg 300w, https:\/\/powerchip.com.br\/wp-content\/uploads\/2025\/11\/foto-de-zip-potencia--600x341.jpg 600w, https:\/\/powerchip.com.br\/wp-content\/uploads\/2025\/11\/foto-de-zip-potencia-.jpg 733w\" sizes=\"auto, (max-width: 300px) 100vw, 300px\" \/><\/p>\n","protected":false},"excerpt":{"rendered":"<p>&nbsp;<\/p>\n<p>S10 E80 S10 2.5 FLEX , E80 ARQUIVO pot\u00eancia decat e arquivo original para ecu E80 SIDI<\/p>\n<p><img loading=\"lazy\" decoding=\"async\" class=\"alignnone size-medium wp-image-335\" src=\"https:\/\/powerchip.com.br\/wp-content\/uploads\/2025\/10\/E80-CRUZE-TURBO-S10-2.5-FLEX-ASPIRADO-1-1-300x283.jpeg\" alt=\"\" width=\"300\" height=\"283\" srcset=\"https:\/\/powerchip.com.br\/wp-content\/uploads\/2025\/10\/E80-CRUZE-TURBO-S10-2.5-FLEX-ASPIRADO-1-1-300x283.jpeg 300w, https:\/\/powerchip.com.br\/wp-content\/uploads\/2025\/10\/E80-CRUZE-TURBO-S10-2.5-FLEX-ASPIRADO-1-1-768x726.jpeg 768w, https:\/\/powerchip.com.br\/wp-content\/uploads\/2025\/10\/E80-CRUZE-TURBO-S10-2.5-FLEX-ASPIRADO-1-1-600x567.jpeg 600w, https:\/\/powerchip.com.br\/wp-content\/uploads\/2025\/10\/E80-CRUZE-TURBO-S10-2.5-FLEX-ASPIRADO-1-1.jpeg 797w\" sizes=\"auto, (max-width: 300px) 100vw, 300px\" \/><img loading=\"lazy\" decoding=\"async\" class=\"alignnone size-medium wp-image-333\" src=\"https:\/\/powerchip.com.br\/wp-content\/uploads\/2025\/10\/E80-CRUZE-TURBO-S10-2.5-FLEX-ASPIRADO-2-300x249.jpeg\" alt=\"\" width=\"300\" height=\"249\" srcset=\"https:\/\/powerchip.com.br\/wp-content\/uploads\/2025\/10\/E80-CRUZE-TURBO-S10-2.5-FLEX-ASPIRADO-2-300x249.jpeg 300w, https:\/\/powerchip.com.br\/wp-content\/uploads\/2025\/10\/E80-CRUZE-TURBO-S10-2.5-FLEX-ASPIRADO-2-768x637.jpeg 768w, https:\/\/powerchip.com.br\/wp-content\/uploads\/2025\/10\/E80-CRUZE-TURBO-S10-2.5-FLEX-ASPIRADO-2-600x497.jpeg 600w, https:\/\/powerchip.com.br\/wp-content\/uploads\/2025\/10\/E80-CRUZE-TURBO-S10-2.5-FLEX-ASPIRADO-2.jpeg 930w\" sizes=\"auto, (max-width: 300px) 100vw, 300px\" \/><img loading=\"lazy\" decoding=\"async\" class=\"alignnone size-medium wp-image-336\" src=\"https:\/\/powerchip.com.br\/wp-content\/uploads\/2025\/10\/e80-boot-BOOT--300x162.jpg\" alt=\"\" width=\"300\" height=\"162\" srcset=\"https:\/\/powerchip.com.br\/wp-content\/uploads\/2025\/10\/e80-boot-BOOT--300x162.jpg 300w, https:\/\/powerchip.com.br\/wp-content\/uploads\/2025\/10\/e80-boot-BOOT--1024x553.jpg 1024w, https:\/\/powerchip.com.br\/wp-content\/uploads\/2025\/10\/e80-boot-BOOT--768x415.jpg 768w, https:\/\/powerchip.com.br\/wp-content\/uploads\/2025\/10\/e80-boot-BOOT--1536x830.jpg 1536w, https:\/\/powerchip.com.br\/wp-content\/uploads\/2025\/10\/e80-boot-BOOT--2048x1107.jpg 2048w, https:\/\/powerchip.com.br\/wp-content\/uploads\/2025\/10\/e80-boot-BOOT--600x324.jpg 600w\" sizes=\"auto, (max-width: 300px) 100vw, 300px\" \/><img loading=\"lazy\" decoding=\"async\" class=\"alignnone size-medium wp-image-948\" src=\"https:\/\/powerchip.com.br\/wp-content\/uploads\/2025\/11\/foto-de-zip-original--300x175.jpg\" alt=\"\" width=\"300\" height=\"175\" srcset=\"https:\/\/powerchip.com.br\/wp-content\/uploads\/2025\/11\/foto-de-zip-original--300x175.jpg 300w, https:\/\/powerchip.com.br\/wp-content\/uploads\/2025\/11\/foto-de-zip-original--600x350.jpg 600w, https:\/\/powerchip.com.br\/wp-content\/uploads\/2025\/11\/foto-de-zip-original-.jpg 727w\" sizes=\"auto, (max-width: 300px) 100vw, 300px\" \/><img loading=\"lazy\" decoding=\"async\" class=\"alignnone size-medium wp-image-940\" src=\"https:\/\/powerchip.com.br\/wp-content\/uploads\/2025\/11\/foto-de-zip-potencia--300x170.jpg\" alt=\"\" width=\"300\" height=\"170\" srcset=\"https:\/\/powerchip.com.br\/wp-content\/uploads\/2025\/11\/foto-de-zip-potencia--300x170.jpg 300w, https:\/\/powerchip.com.br\/wp-content\/uploads\/2025\/11\/foto-de-zip-potencia--600x341.jpg 600w, https:\/\/powerchip.com.br\/wp-content\/uploads\/2025\/11\/foto-de-zip-potencia-.jpg 733w\" sizes=\"auto, (max-width: 300px) 100vw, 300px\" \/><\/p>\n","protected":false},"featured_media":761,"template":"","meta":{"_joinchat":[]},"product_brand":[],"product_cat":[81],"product_tag":[681,680,698,685,684,693,691,682,683,112,696,116,678,686,138,677,695,697,113,692,688,41,676,687,679,694,690,689],"class_list":{"0":"post-758","1":"product","2":"type-product","3":"status-publish","4":"has-post-thumbnail","6":"product_cat-gm","7":"product_tag-681","8":"product_tag-680","9":"product_tag-698","10":"product_tag-12664602-operating-system-12664513","11":"product_tag-684","12":"product_tag-693","13":"product_tag-691","14":"product_tag-12664608-12664606","15":"product_tag-683","16":"product_tag-2-5","17":"product_tag-696","18":"product_tag-arquivo","19":"product_tag-arquivo-original","20":"product_tag-controller","21":"product_tag-decat","22":"product_tag-e80","23":"product_tag-engine-diagnostics-1","24":"product_tag-engine-operation","25":"product_tag-flex","26":"product_tag-fuel-system","27":"product_tag-operating","28":"product_tag-potencia","29":"product_tag-s10-e80-s10","30":"product_tag-service-numbers-12655021","31":"product_tag-sidi","32":"product_tag-speedometer","33":"product_tag-system","34":"product_tag-system-12664513","36":"first","37":"instock","38":"downloadable","39":"virtual","40":"purchasable","41":"product-type-simple"},"jetpack_sharing_enabled":true,"_links":{"self":[{"href":"https:\/\/powerchip.com.br\/index.php\/wp-json\/wp\/v2\/product\/758","targetHints":{"allow":["GET"]}}],"collection":[{"href":"https:\/\/powerchip.com.br\/index.php\/wp-json\/wp\/v2\/product"}],"about":[{"href":"https:\/\/powerchip.com.br\/index.php\/wp-json\/wp\/v2\/types\/product"}],"wp:featuredmedia":[{"embeddable":true,"href":"https:\/\/powerchip.com.br\/index.php\/wp-json\/wp\/v2\/media\/761"}],"wp:attachment":[{"href":"https:\/\/powerchip.com.br\/index.php\/wp-json\/wp\/v2\/media?parent=758"}],"wp:term":[{"taxonomy":"product_brand","embeddable":true,"href":"https:\/\/powerchip.com.br\/index.php\/wp-json\/wp\/v2\/product_brand?post=758"},{"taxonomy":"product_cat","embeddable":true,"href":"https:\/\/powerchip.com.br\/index.php\/wp-json\/wp\/v2\/product_cat?post=758"},{"taxonomy":"product_tag","embeddable":true,"href":"https:\/\/powerchip.com.br\/index.php\/wp-json\/wp\/v2\/product_tag?post=758"}],"curies":[{"name":"wp","href":"https:\/\/api.w.org\/{rel}","templated":true}]}}