{"id":735,"date":"2025-11-06T21:49:18","date_gmt":"2025-11-06T21:49:18","guid":{"rendered":"https:\/\/powerchip.com.br\/?post_type=product&#038;p=735"},"modified":"2025-11-12T22:19:40","modified_gmt":"2025-11-12T22:19:40","slug":"0281036486","status":"publish","type":"product","link":"https:\/\/powerchip.com.br\/index.php\/produto\/0281036486\/","title":{"rendered":"Toro , 0281036486  Mopar Toro Diesel 2021   TC1793  0281036486 EDC17C69 1793 P1618_G07C_C69 1618 EDC17C69 10SW080459 22618 10SW080459002000 10SW0804591618G07C P1618_G07C_C69"},"content":{"rendered":"<p>Toro , 0281036486 Mopar Toro Diesel 2021 TC1793 10SW0804591618G07C<\/p>\n<p>Toro , 0281036486 Mopar Toro Diesel 2021 TC1793 0281036486 EDC17C69 1793 P1618_G07C_C69 1618 EDC17C69 10SW080459 22618 10SW080459002000 10SW0804591618G07C P1618_G07C_C69<\/p>\n<p>FIAT TORO EDC17C69 ARQUIVO POT\u00caNCIA DPF EGR DTC E ARQUIVO ORIGINAL<\/p>\n<p>Voc\u00ea recebera ap\u00f3s pagar:<\/p>\n<p>0 3 arquivos.<\/p>\n<p>01\u00a0 arquivo original<\/p>\n<p>01\u00a0 arquivo original +DPF EGR\u00a0 e\u00a0 cat-off para escapes.<\/p>\n<p>+ 01\u00a0 arquivo de pot\u00eancia DPF EGR\u00a0 e\u00a0 cat-off para escapes.<\/p>\n<p>Seu Toro vai ter que ser adestrado de t\u00e3o bravo\u2026ou usar argolas da Audi.<\/p>\n<p>\u201cLembrete: Este arquivo SIM necessita de prepara\u00e7\u00e3o espec\u00edfica para a central (ECU) de destino antes do uso se for\u00a0 GRAVAR COMPLETO , se for parcial alguns programadores s\u00f3 gravam \u00e1reas\u00a0 maps.\u201d<\/p>\n<p>Um profissional saber\u00e1 utilizar isso , ou ap\u00f3s a compra entre em contato.<\/p>\n<p><a href=\"https:\/\/powerchip.com.br\/index.php\/como-comprar\/\">Como comprar<\/a><\/p>\n<p><a href=\"https:\/\/powerchip.com.br\/index.php\/arquivo-destinado-a-profissionais\/\">Arquivo destinado a profissionais<\/a>.<\/p>\n<p><a href=\"https:\/\/powerchip.com.br\/index.php\/como-usar-o-arquivo-comprado\/\">Como usar o arquivo<\/a>.<\/p>\n<p><img loading=\"lazy\" decoding=\"async\" class=\"alignnone size-medium wp-image-342\" src=\"https:\/\/powerchip.com.br\/wp-content\/uploads\/2025\/10\/ECU-FIAT-TORO-RENEGADE-17C69-10SW0150481618G06E-0281031204-55265162--300x232.jpg\" alt=\"\" width=\"300\" height=\"232\" srcset=\"https:\/\/powerchip.com.br\/wp-content\/uploads\/2025\/10\/ECU-FIAT-TORO-RENEGADE-17C69-10SW0150481618G06E-0281031204-55265162--300x232.jpg 300w, https:\/\/powerchip.com.br\/wp-content\/uploads\/2025\/10\/ECU-FIAT-TORO-RENEGADE-17C69-10SW0150481618G06E-0281031204-55265162--768x594.jpg 768w, https:\/\/powerchip.com.br\/wp-content\/uploads\/2025\/10\/ECU-FIAT-TORO-RENEGADE-17C69-10SW0150481618G06E-0281031204-55265162--600x464.jpg 600w, https:\/\/powerchip.com.br\/wp-content\/uploads\/2025\/10\/ECU-FIAT-TORO-RENEGADE-17C69-10SW0150481618G06E-0281031204-55265162-.jpg 983w\" sizes=\"auto, (max-width: 300px) 100vw, 300px\" \/><img loading=\"lazy\" decoding=\"async\" class=\"alignnone size-medium wp-image-457\" src=\"https:\/\/powerchip.com.br\/wp-content\/uploads\/2025\/10\/FIAT-TORO-COMPAS-2020-204-0281036486-124-BOOT-edc17c69-562-1793-Brasil-sem-abrir-egpt-300x69.jpg\" alt=\"\" width=\"300\" height=\"69\" srcset=\"https:\/\/powerchip.com.br\/wp-content\/uploads\/2025\/10\/FIAT-TORO-COMPAS-2020-204-0281036486-124-BOOT-edc17c69-562-1793-Brasil-sem-abrir-egpt-300x69.jpg 300w, https:\/\/powerchip.com.br\/wp-content\/uploads\/2025\/10\/FIAT-TORO-COMPAS-2020-204-0281036486-124-BOOT-edc17c69-562-1793-Brasil-sem-abrir-egpt-1024x235.jpg 1024w, https:\/\/powerchip.com.br\/wp-content\/uploads\/2025\/10\/FIAT-TORO-COMPAS-2020-204-0281036486-124-BOOT-edc17c69-562-1793-Brasil-sem-abrir-egpt-768x176.jpg 768w, https:\/\/powerchip.com.br\/wp-content\/uploads\/2025\/10\/FIAT-TORO-COMPAS-2020-204-0281036486-124-BOOT-edc17c69-562-1793-Brasil-sem-abrir-egpt-1536x352.jpg 1536w, https:\/\/powerchip.com.br\/wp-content\/uploads\/2025\/10\/FIAT-TORO-COMPAS-2020-204-0281036486-124-BOOT-edc17c69-562-1793-Brasil-sem-abrir-egpt-600x137.jpg 600w, https:\/\/powerchip.com.br\/wp-content\/uploads\/2025\/10\/FIAT-TORO-COMPAS-2020-204-0281036486-124-BOOT-edc17c69-562-1793-Brasil-sem-abrir-egpt.jpg 1755w\" sizes=\"auto, (max-width: 300px) 100vw, 300px\" \/><img loading=\"lazy\" decoding=\"async\" class=\"alignnone size-medium wp-image-738\" src=\"https:\/\/powerchip.com.br\/wp-content\/uploads\/2025\/11\/ZIP-0281036486-Mopar-Toro-Diesel-2021--300x170.jpg\" alt=\"\" width=\"300\" height=\"170\" srcset=\"https:\/\/powerchip.com.br\/wp-content\/uploads\/2025\/11\/ZIP-0281036486-Mopar-Toro-Diesel-2021--300x170.jpg 300w, https:\/\/powerchip.com.br\/wp-content\/uploads\/2025\/11\/ZIP-0281036486-Mopar-Toro-Diesel-2021--600x341.jpg 600w, https:\/\/powerchip.com.br\/wp-content\/uploads\/2025\/11\/ZIP-0281036486-Mopar-Toro-Diesel-2021-.jpg 733w\" sizes=\"auto, (max-width: 300px) 100vw, 300px\" \/><img loading=\"lazy\" decoding=\"async\" class=\"alignnone size-medium wp-image-948\" src=\"https:\/\/powerchip.com.br\/wp-content\/uploads\/2025\/11\/foto-de-zip-original--300x175.jpg\" alt=\"\" width=\"300\" height=\"175\" srcset=\"https:\/\/powerchip.com.br\/wp-content\/uploads\/2025\/11\/foto-de-zip-original--300x175.jpg 300w, https:\/\/powerchip.com.br\/wp-content\/uploads\/2025\/11\/foto-de-zip-original--600x350.jpg 600w, https:\/\/powerchip.com.br\/wp-content\/uploads\/2025\/11\/foto-de-zip-original-.jpg 727w\" sizes=\"auto, (max-width: 300px) 100vw, 300px\" \/><img loading=\"lazy\" decoding=\"async\" class=\"alignnone size-medium wp-image-947\" src=\"https:\/\/powerchip.com.br\/wp-content\/uploads\/2025\/11\/foto-de-zip-EGR--300x174.jpg\" alt=\"\" width=\"300\" height=\"174\" srcset=\"https:\/\/powerchip.com.br\/wp-content\/uploads\/2025\/11\/foto-de-zip-EGR--300x174.jpg 300w, https:\/\/powerchip.com.br\/wp-content\/uploads\/2025\/11\/foto-de-zip-EGR--600x348.jpg 600w, https:\/\/powerchip.com.br\/wp-content\/uploads\/2025\/11\/foto-de-zip-EGR-.jpg 733w\" sizes=\"auto, (max-width: 300px) 100vw, 300px\" \/><img loading=\"lazy\" decoding=\"async\" class=\"alignnone size-medium wp-image-944\" src=\"https:\/\/powerchip.com.br\/wp-content\/uploads\/2025\/11\/foto-de-zip-catalizador--300x174.jpg\" alt=\"\" width=\"300\" height=\"174\" srcset=\"https:\/\/powerchip.com.br\/wp-content\/uploads\/2025\/11\/foto-de-zip-catalizador--300x174.jpg 300w, https:\/\/powerchip.com.br\/wp-content\/uploads\/2025\/11\/foto-de-zip-catalizador--600x348.jpg 600w, https:\/\/powerchip.com.br\/wp-content\/uploads\/2025\/11\/foto-de-zip-catalizador-.jpg 733w\" sizes=\"auto, (max-width: 300px) 100vw, 300px\" \/><img loading=\"lazy\" decoding=\"async\" class=\"alignnone size-medium wp-image-943\" src=\"https:\/\/powerchip.com.br\/wp-content\/uploads\/2025\/11\/foto-de-zip-potencia-1-1-300x170.jpg\" alt=\"\" width=\"300\" height=\"170\" srcset=\"https:\/\/powerchip.com.br\/wp-content\/uploads\/2025\/11\/foto-de-zip-potencia-1-1-300x170.jpg 300w, https:\/\/powerchip.com.br\/wp-content\/uploads\/2025\/11\/foto-de-zip-potencia-1-1-600x341.jpg 600w, https:\/\/powerchip.com.br\/wp-content\/uploads\/2025\/11\/foto-de-zip-potencia-1-1.jpg 733w\" sizes=\"auto, (max-width: 300px) 100vw, 300px\" \/><\/p>\n","protected":false},"excerpt":{"rendered":"<p>Toro , 0281036486 Mopar Toro Diesel 2021 TC1793 0281036486 EDC17C69 1793 P1618_G07C_C69 1618 EDC17C69 10SW080459 22618 10SW080459002000 10SW0804591618G07C P1618_G07C_C69<\/p>\n<p><img loading=\"lazy\" decoding=\"async\" class=\"alignnone size-medium wp-image-342\" src=\"https:\/\/powerchip.com.br\/wp-content\/uploads\/2025\/10\/ECU-FIAT-TORO-RENEGADE-17C69-10SW0150481618G06E-0281031204-55265162--300x232.jpg\" alt=\"\" width=\"300\" height=\"232\" srcset=\"https:\/\/powerchip.com.br\/wp-content\/uploads\/2025\/10\/ECU-FIAT-TORO-RENEGADE-17C69-10SW0150481618G06E-0281031204-55265162--300x232.jpg 300w, https:\/\/powerchip.com.br\/wp-content\/uploads\/2025\/10\/ECU-FIAT-TORO-RENEGADE-17C69-10SW0150481618G06E-0281031204-55265162--768x594.jpg 768w, https:\/\/powerchip.com.br\/wp-content\/uploads\/2025\/10\/ECU-FIAT-TORO-RENEGADE-17C69-10SW0150481618G06E-0281031204-55265162--600x464.jpg 600w, https:\/\/powerchip.com.br\/wp-content\/uploads\/2025\/10\/ECU-FIAT-TORO-RENEGADE-17C69-10SW0150481618G06E-0281031204-55265162-.jpg 983w\" sizes=\"auto, (max-width: 300px) 100vw, 300px\" \/><img loading=\"lazy\" decoding=\"async\" class=\"alignnone size-medium wp-image-457\" src=\"https:\/\/powerchip.com.br\/wp-content\/uploads\/2025\/10\/FIAT-TORO-COMPAS-2020-204-0281036486-124-BOOT-edc17c69-562-1793-Brasil-sem-abrir-egpt-300x69.jpg\" alt=\"\" width=\"300\" height=\"69\" srcset=\"https:\/\/powerchip.com.br\/wp-content\/uploads\/2025\/10\/FIAT-TORO-COMPAS-2020-204-0281036486-124-BOOT-edc17c69-562-1793-Brasil-sem-abrir-egpt-300x69.jpg 300w, https:\/\/powerchip.com.br\/wp-content\/uploads\/2025\/10\/FIAT-TORO-COMPAS-2020-204-0281036486-124-BOOT-edc17c69-562-1793-Brasil-sem-abrir-egpt-1024x235.jpg 1024w, https:\/\/powerchip.com.br\/wp-content\/uploads\/2025\/10\/FIAT-TORO-COMPAS-2020-204-0281036486-124-BOOT-edc17c69-562-1793-Brasil-sem-abrir-egpt-768x176.jpg 768w, https:\/\/powerchip.com.br\/wp-content\/uploads\/2025\/10\/FIAT-TORO-COMPAS-2020-204-0281036486-124-BOOT-edc17c69-562-1793-Brasil-sem-abrir-egpt-1536x352.jpg 1536w, https:\/\/powerchip.com.br\/wp-content\/uploads\/2025\/10\/FIAT-TORO-COMPAS-2020-204-0281036486-124-BOOT-edc17c69-562-1793-Brasil-sem-abrir-egpt-600x137.jpg 600w, https:\/\/powerchip.com.br\/wp-content\/uploads\/2025\/10\/FIAT-TORO-COMPAS-2020-204-0281036486-124-BOOT-edc17c69-562-1793-Brasil-sem-abrir-egpt.jpg 1755w\" sizes=\"auto, (max-width: 300px) 100vw, 300px\" \/><img loading=\"lazy\" decoding=\"async\" class=\"alignnone size-medium wp-image-738\" src=\"https:\/\/powerchip.com.br\/wp-content\/uploads\/2025\/11\/ZIP-0281036486-Mopar-Toro-Diesel-2021--300x170.jpg\" alt=\"\" width=\"300\" height=\"170\" srcset=\"https:\/\/powerchip.com.br\/wp-content\/uploads\/2025\/11\/ZIP-0281036486-Mopar-Toro-Diesel-2021--300x170.jpg 300w, https:\/\/powerchip.com.br\/wp-content\/uploads\/2025\/11\/ZIP-0281036486-Mopar-Toro-Diesel-2021--600x341.jpg 600w, https:\/\/powerchip.com.br\/wp-content\/uploads\/2025\/11\/ZIP-0281036486-Mopar-Toro-Diesel-2021-.jpg 733w\" sizes=\"auto, (max-width: 300px) 100vw, 300px\" \/><img loading=\"lazy\" decoding=\"async\" class=\"alignnone size-medium wp-image-948\" src=\"https:\/\/powerchip.com.br\/wp-content\/uploads\/2025\/11\/foto-de-zip-original--300x175.jpg\" alt=\"\" width=\"300\" height=\"175\" srcset=\"https:\/\/powerchip.com.br\/wp-content\/uploads\/2025\/11\/foto-de-zip-original--300x175.jpg 300w, https:\/\/powerchip.com.br\/wp-content\/uploads\/2025\/11\/foto-de-zip-original--600x350.jpg 600w, https:\/\/powerchip.com.br\/wp-content\/uploads\/2025\/11\/foto-de-zip-original-.jpg 727w\" sizes=\"auto, (max-width: 300px) 100vw, 300px\" \/><img loading=\"lazy\" decoding=\"async\" class=\"alignnone size-medium wp-image-947\" src=\"https:\/\/powerchip.com.br\/wp-content\/uploads\/2025\/11\/foto-de-zip-EGR--300x174.jpg\" alt=\"\" width=\"300\" height=\"174\" srcset=\"https:\/\/powerchip.com.br\/wp-content\/uploads\/2025\/11\/foto-de-zip-EGR--300x174.jpg 300w, https:\/\/powerchip.com.br\/wp-content\/uploads\/2025\/11\/foto-de-zip-EGR--600x348.jpg 600w, https:\/\/powerchip.com.br\/wp-content\/uploads\/2025\/11\/foto-de-zip-EGR-.jpg 733w\" sizes=\"auto, (max-width: 300px) 100vw, 300px\" \/><img loading=\"lazy\" decoding=\"async\" class=\"alignnone size-medium wp-image-944\" src=\"https:\/\/powerchip.com.br\/wp-content\/uploads\/2025\/11\/foto-de-zip-catalizador--300x174.jpg\" alt=\"\" width=\"300\" height=\"174\" srcset=\"https:\/\/powerchip.com.br\/wp-content\/uploads\/2025\/11\/foto-de-zip-catalizador--300x174.jpg 300w, https:\/\/powerchip.com.br\/wp-content\/uploads\/2025\/11\/foto-de-zip-catalizador--600x348.jpg 600w, https:\/\/powerchip.com.br\/wp-content\/uploads\/2025\/11\/foto-de-zip-catalizador-.jpg 733w\" sizes=\"auto, (max-width: 300px) 100vw, 300px\" \/><img loading=\"lazy\" decoding=\"async\" class=\"alignnone size-medium wp-image-943\" src=\"https:\/\/powerchip.com.br\/wp-content\/uploads\/2025\/11\/foto-de-zip-potencia-1-1-300x170.jpg\" alt=\"\" width=\"300\" height=\"170\" srcset=\"https:\/\/powerchip.com.br\/wp-content\/uploads\/2025\/11\/foto-de-zip-potencia-1-1-300x170.jpg 300w, https:\/\/powerchip.com.br\/wp-content\/uploads\/2025\/11\/foto-de-zip-potencia-1-1-600x341.jpg 600w, https:\/\/powerchip.com.br\/wp-content\/uploads\/2025\/11\/foto-de-zip-potencia-1-1.jpg 733w\" sizes=\"auto, (max-width: 300px) 100vw, 300px\" \/><\/p>\n","protected":false},"featured_media":738,"template":"","meta":{"_joinchat":[]},"product_brand":[],"product_cat":[247,21],"product_tag":[559,565,567,568,564,562,566,167,115,560,563,561,114],"class_list":{"0":"post-735","1":"product","2":"type-product","3":"status-publish","4":"has-post-thumbnail","6":"product_cat-fca","7":"product_cat-fiat","8":"product_tag-559","9":"product_tag-10sw080459","10":"product_tag-10sw080459002000","11":"product_tag-10sw0804591618g07c","12":"product_tag-564","13":"product_tag-562","14":"product_tag-566","15":"product_tag-diesel","16":"product_tag-edc17c69","17":"product_tag-mopar","18":"product_tag-p1618_g07c_c69","19":"product_tag-tc1793","20":"product_tag-toro","22":"first","23":"instock","24":"downloadable","25":"virtual","26":"taxable","27":"purchasable","28":"product-type-simple"},"jetpack_sharing_enabled":true,"_links":{"self":[{"href":"https:\/\/powerchip.com.br\/index.php\/wp-json\/wp\/v2\/product\/735","targetHints":{"allow":["GET"]}}],"collection":[{"href":"https:\/\/powerchip.com.br\/index.php\/wp-json\/wp\/v2\/product"}],"about":[{"href":"https:\/\/powerchip.com.br\/index.php\/wp-json\/wp\/v2\/types\/product"}],"wp:featuredmedia":[{"embeddable":true,"href":"https:\/\/powerchip.com.br\/index.php\/wp-json\/wp\/v2\/media\/738"}],"wp:attachment":[{"href":"https:\/\/powerchip.com.br\/index.php\/wp-json\/wp\/v2\/media?parent=735"}],"wp:term":[{"taxonomy":"product_brand","embeddable":true,"href":"https:\/\/powerchip.com.br\/index.php\/wp-json\/wp\/v2\/product_brand?post=735"},{"taxonomy":"product_cat","embeddable":true,"href":"https:\/\/powerchip.com.br\/index.php\/wp-json\/wp\/v2\/product_cat?post=735"},{"taxonomy":"product_tag","embeddable":true,"href":"https:\/\/powerchip.com.br\/index.php\/wp-json\/wp\/v2\/product_tag?post=735"}],"curies":[{"name":"wp","href":"https:\/\/api.w.org\/{rel}","templated":true}]}}