{"id":723,"date":"2025-11-06T19:38:49","date_gmt":"2025-11-06T19:38:49","guid":{"rendered":"https:\/\/powerchip.com.br\/?post_type=product&#038;p=723"},"modified":"2025-11-12T22:30:48","modified_gmt":"2025-11-12T22:30:48","slug":"volvo-arquivo-original-0281030782-volvo-yg-31392982-tc1797_-volvo-edc17cp68-10375627111377051a","status":"publish","type":"product","link":"https:\/\/powerchip.com.br\/index.php\/produto\/volvo-arquivo-original-0281030782-volvo-yg-31392982-tc1797_-volvo-edc17cp68-10375627111377051a\/","title":{"rendered":"VOLVO , ARQUIVO ORIGINAL 0281030782 VOLVO YG 31392982 TC1797_ VOLVO EDC17CP68 10375627111377051A"},"content":{"rendered":"<p>VOLVO , ARQUIVO ORIGINAL 0281030782 VOLVO YG 31392982 TC1797_ VOLVO EDC17CP68 10375627111377051A.<\/p>\n<p>0281030782 EDC17CP68 10375413691377020B 31336984 31392982 10375627111377051A RB2X 999876543210 P_1377 3133 6L7R8<\/p>\n<p>Voc\u00ea receber\u00e1 ap\u00f3s pagar, um link com o arquivo:<\/p>\n<p>1 x arquivo compactado contendo dentro :<\/p>\n<p>01 arquivo ORIGINAL\u00a0 0281030782 VOLVO YG 31392982 TC1797.<\/p>\n<p>&nbsp;<\/p>\n<p><a href=\"https:\/\/powerchip.com.br\/index.php\/arquivo-destinado-a-profissionais\/\">Arquivo destinado a profissionais<\/a>.<\/p>\n<p><a href=\"https:\/\/powerchip.com.br\/index.php\/como-usar-o-arquivo-comprado\/\">Como usar o arquivo<\/a>.<\/p>\n<p><a href=\"https:\/\/powerchip.com.br\/index.php\/como-comprar\/\">Como comprar<\/a><\/p>\n<audio class=\"wp-audio-shortcode\" id=\"audio-723-1\" preload=\"none\" style=\"width: 100%;\" controls=\"controls\"><source type=\"audio\/ogg\" src=\"https:\/\/powerchip.com.br\/wp-content\/uploads\/2025\/10\/AUDIO-ARQUIVO-ORIGINAL.ogg?_=1\" \/><a href=\"https:\/\/powerchip.com.br\/wp-content\/uploads\/2025\/10\/AUDIO-ARQUIVO-ORIGINAL.ogg\">https:\/\/powerchip.com.br\/wp-content\/uploads\/2025\/10\/AUDIO-ARQUIVO-ORIGINAL.ogg<\/a><\/audio>\n<p><img loading=\"lazy\" decoding=\"async\" class=\"alignnone size-medium wp-image-724\" src=\"https:\/\/powerchip.com.br\/wp-content\/uploads\/2025\/11\/ZIP-0281030782-VOLVO-YG-31392982-EDC17CP68--300x170.jpeg\" alt=\"\" width=\"300\" height=\"170\" srcset=\"https:\/\/powerchip.com.br\/wp-content\/uploads\/2025\/11\/ZIP-0281030782-VOLVO-YG-31392982-EDC17CP68--300x170.jpeg 300w, https:\/\/powerchip.com.br\/wp-content\/uploads\/2025\/11\/ZIP-0281030782-VOLVO-YG-31392982-EDC17CP68--600x341.jpeg 600w, https:\/\/powerchip.com.br\/wp-content\/uploads\/2025\/11\/ZIP-0281030782-VOLVO-YG-31392982-EDC17CP68-.jpeg 733w\" sizes=\"auto, (max-width: 300px) 100vw, 300px\" \/><img loading=\"lazy\" decoding=\"async\" class=\"alignnone size-medium wp-image-725\" src=\"https:\/\/powerchip.com.br\/wp-content\/uploads\/2025\/11\/0281030782-VOLVO-YG-31392982-EDC17CP68--183x300.jpeg\" alt=\"\" width=\"183\" height=\"300\" srcset=\"https:\/\/powerchip.com.br\/wp-content\/uploads\/2025\/11\/0281030782-VOLVO-YG-31392982-EDC17CP68--183x300.jpeg 183w, https:\/\/powerchip.com.br\/wp-content\/uploads\/2025\/11\/0281030782-VOLVO-YG-31392982-EDC17CP68--623x1024.jpeg 623w, https:\/\/powerchip.com.br\/wp-content\/uploads\/2025\/11\/0281030782-VOLVO-YG-31392982-EDC17CP68--768x1262.jpeg 768w, https:\/\/powerchip.com.br\/wp-content\/uploads\/2025\/11\/0281030782-VOLVO-YG-31392982-EDC17CP68--600x986.jpeg 600w, https:\/\/powerchip.com.br\/wp-content\/uploads\/2025\/11\/0281030782-VOLVO-YG-31392982-EDC17CP68-.jpeg 887w\" sizes=\"auto, (max-width: 183px) 100vw, 183px\" \/><img loading=\"lazy\" decoding=\"async\" class=\"alignnone size-medium wp-image-948\" src=\"https:\/\/powerchip.com.br\/wp-content\/uploads\/2025\/11\/foto-de-zip-original--300x175.jpg\" alt=\"\" width=\"300\" height=\"175\" srcset=\"https:\/\/powerchip.com.br\/wp-content\/uploads\/2025\/11\/foto-de-zip-original--300x175.jpg 300w, https:\/\/powerchip.com.br\/wp-content\/uploads\/2025\/11\/foto-de-zip-original--600x350.jpg 600w, https:\/\/powerchip.com.br\/wp-content\/uploads\/2025\/11\/foto-de-zip-original-.jpg 727w\" sizes=\"auto, (max-width: 300px) 100vw, 300px\" \/><\/p>\n","protected":false},"excerpt":{"rendered":"<p>VOLVO , ARQUIVO ORIGINAL 0281030782 VOLVO YG 31392982 TC1797_ VOLVO EDC17CP68 10375627111377051A<\/p>\n<p>&nbsp;<\/p>\n<p><img loading=\"lazy\" decoding=\"async\" class=\"alignnone size-medium wp-image-724\" src=\"https:\/\/powerchip.com.br\/wp-content\/uploads\/2025\/11\/ZIP-0281030782-VOLVO-YG-31392982-EDC17CP68--300x170.jpeg\" alt=\"\" width=\"300\" height=\"170\" srcset=\"https:\/\/powerchip.com.br\/wp-content\/uploads\/2025\/11\/ZIP-0281030782-VOLVO-YG-31392982-EDC17CP68--300x170.jpeg 300w, https:\/\/powerchip.com.br\/wp-content\/uploads\/2025\/11\/ZIP-0281030782-VOLVO-YG-31392982-EDC17CP68--600x341.jpeg 600w, https:\/\/powerchip.com.br\/wp-content\/uploads\/2025\/11\/ZIP-0281030782-VOLVO-YG-31392982-EDC17CP68-.jpeg 733w\" sizes=\"auto, (max-width: 300px) 100vw, 300px\" \/><img loading=\"lazy\" decoding=\"async\" class=\"alignnone size-medium wp-image-725\" src=\"https:\/\/powerchip.com.br\/wp-content\/uploads\/2025\/11\/0281030782-VOLVO-YG-31392982-EDC17CP68--183x300.jpeg\" alt=\"\" width=\"183\" height=\"300\" srcset=\"https:\/\/powerchip.com.br\/wp-content\/uploads\/2025\/11\/0281030782-VOLVO-YG-31392982-EDC17CP68--183x300.jpeg 183w, https:\/\/powerchip.com.br\/wp-content\/uploads\/2025\/11\/0281030782-VOLVO-YG-31392982-EDC17CP68--623x1024.jpeg 623w, https:\/\/powerchip.com.br\/wp-content\/uploads\/2025\/11\/0281030782-VOLVO-YG-31392982-EDC17CP68--768x1262.jpeg 768w, https:\/\/powerchip.com.br\/wp-content\/uploads\/2025\/11\/0281030782-VOLVO-YG-31392982-EDC17CP68--600x986.jpeg 600w, https:\/\/powerchip.com.br\/wp-content\/uploads\/2025\/11\/0281030782-VOLVO-YG-31392982-EDC17CP68-.jpeg 887w\" sizes=\"auto, (max-width: 183px) 100vw, 183px\" \/><img loading=\"lazy\" decoding=\"async\" class=\"alignnone size-medium wp-image-948\" src=\"https:\/\/powerchip.com.br\/wp-content\/uploads\/2025\/11\/foto-de-zip-original--300x175.jpg\" alt=\"\" width=\"300\" height=\"175\" srcset=\"https:\/\/powerchip.com.br\/wp-content\/uploads\/2025\/11\/foto-de-zip-original--300x175.jpg 300w, https:\/\/powerchip.com.br\/wp-content\/uploads\/2025\/11\/foto-de-zip-original--600x350.jpg 600w, https:\/\/powerchip.com.br\/wp-content\/uploads\/2025\/11\/foto-de-zip-original-.jpg 727w\" sizes=\"auto, (max-width: 300px) 100vw, 300px\" \/><\/p>\n","protected":false},"featured_media":724,"template":"","meta":{"_joinchat":[]},"product_brand":[],"product_cat":[544],"product_tag":[546,551,550,556,552,548,557,554,116,549,66,555,553,204,545,547],"class_list":{"0":"post-723","1":"product","2":"type-product","3":"status-publish","4":"has-post-thumbnail","6":"product_cat-volvo","7":"product_tag-546","8":"product_tag-10375413691377020b","9":"product_tag-10375627111377051a","10":"product_tag-556","11":"product_tag-552","12":"product_tag-548","13":"product_tag-6l7r8","14":"product_tag-554","15":"product_tag-arquivo","16":"product_tag-edc17cp68","17":"product_tag-original","18":"product_tag-p_1377","19":"product_tag-rb2x","20":"product_tag-tc1797","21":"product_tag-volvo","22":"product_tag-yg","24":"first","25":"instock","26":"downloadable","27":"virtual","28":"purchasable","29":"product-type-simple"},"jetpack_sharing_enabled":true,"_links":{"self":[{"href":"https:\/\/powerchip.com.br\/index.php\/wp-json\/wp\/v2\/product\/723","targetHints":{"allow":["GET"]}}],"collection":[{"href":"https:\/\/powerchip.com.br\/index.php\/wp-json\/wp\/v2\/product"}],"about":[{"href":"https:\/\/powerchip.com.br\/index.php\/wp-json\/wp\/v2\/types\/product"}],"wp:featuredmedia":[{"embeddable":true,"href":"https:\/\/powerchip.com.br\/index.php\/wp-json\/wp\/v2\/media\/724"}],"wp:attachment":[{"href":"https:\/\/powerchip.com.br\/index.php\/wp-json\/wp\/v2\/media?parent=723"}],"wp:term":[{"taxonomy":"product_brand","embeddable":true,"href":"https:\/\/powerchip.com.br\/index.php\/wp-json\/wp\/v2\/product_brand?post=723"},{"taxonomy":"product_cat","embeddable":true,"href":"https:\/\/powerchip.com.br\/index.php\/wp-json\/wp\/v2\/product_cat?post=723"},{"taxonomy":"product_tag","embeddable":true,"href":"https:\/\/powerchip.com.br\/index.php\/wp-json\/wp\/v2\/product_tag?post=723"}],"curies":[{"name":"wp","href":"https:\/\/api.w.org\/{rel}","templated":true}]}}