{"id":719,"date":"2025-11-06T18:44:00","date_gmt":"2025-11-06T18:44:00","guid":{"rendered":"https:\/\/powerchip.com.br\/?post_type=product&#038;p=719"},"modified":"2025-11-17T12:51:28","modified_gmt":"2025-11-17T12:51:28","slug":"a3-turbo-arquivo-de-potencia-0261207443-checksum-original-46ff-a3-t-180cv","status":"publish","type":"product","link":"https:\/\/powerchip.com.br\/index.php\/produto\/a3-turbo-arquivo-de-potencia-0261207443-checksum-original-46ff-a3-t-180cv\/","title":{"rendered":"A3  TURBO , ARQUIVO DE POT\u00caNCIA 0261207443  CHECKSUM ORIGINAL 46FF A3 T 180cv. TUDO ORIGINAL A GASOLINA."},"content":{"rendered":"<p>A3 TURBO , ARQUIVO DE POT\u00caNCIA 0261207443 CHECKSUM ORIGINAL 46FF A3 T 180cv.<\/p>\n<p>TUDO ORIGINAL A GASOLINA.<\/p>\n<p><strong><img loading=\"lazy\" decoding=\"async\" class=\"alignnone size-full wp-image-1039\" src=\"https:\/\/powerchip.com.br\/wp-content\/uploads\/2025\/11\/veja-acima.jpg\" alt=\"\" width=\"21\" height=\"34\" \/><\/strong><\/p>\n<p><img loading=\"lazy\" decoding=\"async\" class=\"alignnone size-full wp-image-1040\" src=\"https:\/\/powerchip.com.br\/wp-content\/uploads\/2025\/11\/alto-falante.jpg\" alt=\"\" width=\"67\" height=\"55\" \/>Voc\u00ea recebera um link com arquivo compactado para baixar\u00a0 ap\u00f3s pagar, contendo: <strong> \u00a0A PROMO\u00c7\u00c3O 2 CILINDROS POWERCHIP<\/strong><\/p>\n<p>&nbsp;<\/p>\n<p><img loading=\"lazy\" decoding=\"async\" class=\"alignnone size-full wp-image-1042\" src=\"https:\/\/powerchip.com.br\/wp-content\/uploads\/2025\/11\/pistao.jpg\" alt=\"\" width=\"17\" height=\"41\" \/><img loading=\"lazy\" decoding=\"async\" class=\"alignnone size-full wp-image-1042\" src=\"https:\/\/powerchip.com.br\/wp-content\/uploads\/2025\/11\/pistao.jpg\" alt=\"\" width=\"17\" height=\"41\" \/> ARQUIVOS PARA GRAVAR a escolha de um deles na PSOP 28f800 29f800.<\/p>\n<p><img loading=\"lazy\" decoding=\"async\" class=\"alignnone size-full wp-image-1042\" src=\"https:\/\/powerchip.com.br\/wp-content\/uploads\/2025\/11\/pistao.jpg\" alt=\"\" width=\"17\" height=\"41\" \/>ORIGINAL PSOP 28f800 29f800<\/p>\n<p><img loading=\"lazy\" decoding=\"async\" class=\"alignnone size-full wp-image-1042\" src=\"https:\/\/powerchip.com.br\/wp-content\/uploads\/2025\/11\/pistao.jpg\" alt=\"\" width=\"17\" height=\"41\" \/><img loading=\"lazy\" decoding=\"async\" class=\"alignnone size-full wp-image-1042\" src=\"https:\/\/powerchip.com.br\/wp-content\/uploads\/2025\/11\/pistao.jpg\" alt=\"\" width=\"17\" height=\"41\" \/> POTENCIA\u00a0 COM CORRE\u00c7OES QUE FIZ AO LONGO DOS ANOS PARA\u00a0 GRAVAR\u00a0 PSOP 28f800 29f800<\/p>\n<p>&nbsp;<\/p>\n<p>\u201cLembrete: Estes arquivos N\u00e3o necessitam de prepara\u00e7\u00e3o espec\u00edfica para a central (ECU) de destino antes do uso.\u201d<\/p>\n<p>Um profissional saber\u00e1 utilizar isso , ou ap\u00f3s a compra entre em contato.<\/p>\n<p><a href=\"https:\/\/powerchip.com.br\/index.php\/arquivo-destinado-a-profissionais\/\">Arquivo destinado a profissionais<\/a>.<\/p>\n<p><a href=\"https:\/\/powerchip.com.br\/index.php\/como-usar-o-arquivo-comprado\/\">Como usar o arquivo<\/a>.<\/p>\n<p><a href=\"https:\/\/powerchip.com.br\/index.php\/como-comprar\/\">Como comprar<\/a><\/p>\n<p><img loading=\"lazy\" decoding=\"async\" class=\"alignnone size-medium wp-image-681\" src=\"https:\/\/powerchip.com.br\/wp-content\/uploads\/2025\/11\/29f800-300x174.jpg\" alt=\"\" width=\"300\" height=\"174\" srcset=\"https:\/\/powerchip.com.br\/wp-content\/uploads\/2025\/11\/29f800-300x174.jpg 300w, https:\/\/powerchip.com.br\/wp-content\/uploads\/2025\/11\/29f800.jpg 343w\" sizes=\"auto, (max-width: 300px) 100vw, 300px\" \/><img loading=\"lazy\" decoding=\"async\" class=\"alignnone size-medium wp-image-440\" src=\"https:\/\/powerchip.com.br\/wp-content\/uploads\/2025\/10\/06A906032LT-0261207957-ORI-5C5E-PSOP-28f800-29f800-300x251.jpg\" alt=\"\" width=\"300\" height=\"251\" srcset=\"https:\/\/powerchip.com.br\/wp-content\/uploads\/2025\/10\/06A906032LT-0261207957-ORI-5C5E-PSOP-28f800-29f800-300x251.jpg 300w, https:\/\/powerchip.com.br\/wp-content\/uploads\/2025\/10\/06A906032LT-0261207957-ORI-5C5E-PSOP-28f800-29f800-600x503.jpg 600w, https:\/\/powerchip.com.br\/wp-content\/uploads\/2025\/10\/06A906032LT-0261207957-ORI-5C5E-PSOP-28f800-29f800.jpg 636w\" sizes=\"auto, (max-width: 300px) 100vw, 300px\" \/><img loading=\"lazy\" decoding=\"async\" class=\"alignnone size-medium wp-image-948\" src=\"https:\/\/powerchip.com.br\/wp-content\/uploads\/2025\/11\/foto-de-zip-original--300x175.jpg\" alt=\"\" width=\"300\" height=\"175\" srcset=\"https:\/\/powerchip.com.br\/wp-content\/uploads\/2025\/11\/foto-de-zip-original--300x175.jpg 300w, https:\/\/powerchip.com.br\/wp-content\/uploads\/2025\/11\/foto-de-zip-original--600x350.jpg 600w, https:\/\/powerchip.com.br\/wp-content\/uploads\/2025\/11\/foto-de-zip-original-.jpg 727w\" sizes=\"auto, (max-width: 300px) 100vw, 300px\" \/><img loading=\"lazy\" decoding=\"async\" class=\"alignnone size-medium wp-image-940\" src=\"https:\/\/powerchip.com.br\/wp-content\/uploads\/2025\/11\/foto-de-zip-potencia--300x170.jpg\" alt=\"\" width=\"300\" height=\"170\" srcset=\"https:\/\/powerchip.com.br\/wp-content\/uploads\/2025\/11\/foto-de-zip-potencia--300x170.jpg 300w, https:\/\/powerchip.com.br\/wp-content\/uploads\/2025\/11\/foto-de-zip-potencia--600x341.jpg 600w, https:\/\/powerchip.com.br\/wp-content\/uploads\/2025\/11\/foto-de-zip-potencia-.jpg 733w\" sizes=\"auto, (max-width: 300px) 100vw, 300px\" \/><\/p>\n","protected":false},"excerpt":{"rendered":"<p>A3 TURBO , ARQUIVO DE POT\u00caNCIA 0261207443 CHECKSUM ORIGINAL 46FF A3 T 180cv TUDO ORIGINAL A GASOLINA.<\/p>\n<p><img loading=\"lazy\" decoding=\"async\" class=\"alignnone size-medium wp-image-681\" src=\"https:\/\/powerchip.com.br\/wp-content\/uploads\/2025\/11\/29f800-300x174.jpg\" alt=\"\" width=\"300\" height=\"174\" srcset=\"https:\/\/powerchip.com.br\/wp-content\/uploads\/2025\/11\/29f800-300x174.jpg 300w, https:\/\/powerchip.com.br\/wp-content\/uploads\/2025\/11\/29f800.jpg 343w\" sizes=\"auto, (max-width: 300px) 100vw, 300px\" \/><img loading=\"lazy\" decoding=\"async\" class=\"alignnone size-medium wp-image-440\" src=\"https:\/\/powerchip.com.br\/wp-content\/uploads\/2025\/10\/06A906032LT-0261207957-ORI-5C5E-PSOP-28f800-29f800-300x251.jpg\" alt=\"\" width=\"300\" height=\"251\" srcset=\"https:\/\/powerchip.com.br\/wp-content\/uploads\/2025\/10\/06A906032LT-0261207957-ORI-5C5E-PSOP-28f800-29f800-300x251.jpg 300w, https:\/\/powerchip.com.br\/wp-content\/uploads\/2025\/10\/06A906032LT-0261207957-ORI-5C5E-PSOP-28f800-29f800-600x503.jpg 600w, https:\/\/powerchip.com.br\/wp-content\/uploads\/2025\/10\/06A906032LT-0261207957-ORI-5C5E-PSOP-28f800-29f800.jpg 636w\" sizes=\"auto, (max-width: 300px) 100vw, 300px\" \/><img loading=\"lazy\" decoding=\"async\" class=\"alignnone size-medium wp-image-948\" src=\"https:\/\/powerchip.com.br\/wp-content\/uploads\/2025\/11\/foto-de-zip-original--300x175.jpg\" alt=\"\" width=\"300\" height=\"175\" srcset=\"https:\/\/powerchip.com.br\/wp-content\/uploads\/2025\/11\/foto-de-zip-original--300x175.jpg 300w, https:\/\/powerchip.com.br\/wp-content\/uploads\/2025\/11\/foto-de-zip-original--600x350.jpg 600w, https:\/\/powerchip.com.br\/wp-content\/uploads\/2025\/11\/foto-de-zip-original-.jpg 727w\" sizes=\"auto, (max-width: 300px) 100vw, 300px\" \/><img loading=\"lazy\" decoding=\"async\" class=\"alignnone size-medium wp-image-940\" src=\"https:\/\/powerchip.com.br\/wp-content\/uploads\/2025\/11\/foto-de-zip-potencia--300x170.jpg\" alt=\"\" width=\"300\" height=\"170\" srcset=\"https:\/\/powerchip.com.br\/wp-content\/uploads\/2025\/11\/foto-de-zip-potencia--300x170.jpg 300w, https:\/\/powerchip.com.br\/wp-content\/uploads\/2025\/11\/foto-de-zip-potencia--600x341.jpg 600w, https:\/\/powerchip.com.br\/wp-content\/uploads\/2025\/11\/foto-de-zip-potencia-.jpg 733w\" sizes=\"auto, (max-width: 300px) 100vw, 300px\" \/><\/p>\n","protected":false},"featured_media":722,"template":"","meta":{"_joinchat":[]},"product_brand":[],"product_cat":[212],"product_tag":[539,541,543,540,542,41],"class_list":{"0":"post-719","1":"product","2":"type-product","3":"status-publish","4":"has-post-thumbnail","6":"product_cat-audi","7":"product_tag-0006a906032","8":"product_tag-541","9":"product_tag-543","10":"product_tag-hr","11":"product_tag-me7-5","12":"product_tag-potencia","14":"first","15":"instock","16":"downloadable","17":"virtual","18":"purchasable","19":"product-type-simple"},"jetpack_sharing_enabled":true,"_links":{"self":[{"href":"https:\/\/powerchip.com.br\/index.php\/wp-json\/wp\/v2\/product\/719","targetHints":{"allow":["GET"]}}],"collection":[{"href":"https:\/\/powerchip.com.br\/index.php\/wp-json\/wp\/v2\/product"}],"about":[{"href":"https:\/\/powerchip.com.br\/index.php\/wp-json\/wp\/v2\/types\/product"}],"wp:featuredmedia":[{"embeddable":true,"href":"https:\/\/powerchip.com.br\/index.php\/wp-json\/wp\/v2\/media\/722"}],"wp:attachment":[{"href":"https:\/\/powerchip.com.br\/index.php\/wp-json\/wp\/v2\/media?parent=719"}],"wp:term":[{"taxonomy":"product_brand","embeddable":true,"href":"https:\/\/powerchip.com.br\/index.php\/wp-json\/wp\/v2\/product_brand?post=719"},{"taxonomy":"product_cat","embeddable":true,"href":"https:\/\/powerchip.com.br\/index.php\/wp-json\/wp\/v2\/product_cat?post=719"},{"taxonomy":"product_tag","embeddable":true,"href":"https:\/\/powerchip.com.br\/index.php\/wp-json\/wp\/v2\/product_tag?post=719"}],"curies":[{"name":"wp","href":"https:\/\/api.w.org\/{rel}","templated":true}]}}