{"id":702,"date":"2025-11-06T13:49:36","date_gmt":"2025-11-06T13:49:36","guid":{"rendered":"https:\/\/powerchip.com.br\/?post_type=product&#038;p=702"},"modified":"2026-03-30T20:04:34","modified_gmt":"2026-03-30T20:04:34","slug":"amarok-arquivo-edc17c54-original-potencia-dpf-egr-manual-sensor-temp-0-graus-9977-cnea-tc1797-10375585721109k750-10375155481109k5wz-03l907309ac-03l906012ft-9977-cnea-10375585721109k750","status":"publish","type":"product","link":"https:\/\/powerchip.com.br\/index.php\/produto\/amarok-arquivo-edc17c54-original-potencia-dpf-egr-manual-sensor-temp-0-graus-9977-cnea-tc1797-10375585721109k750-10375155481109k5wz-03l907309ac-03l906012ft-9977-cnea-10375585721109k750\/","title":{"rendered":"AMAROK   ARQUIVO EDC17C54 ORIGINAL, POTENCIA, DPF, EGR , MANUAL  SENSOR TEMP 0 GRAUS  9977 CNEA   TC1797 10375585721109K750 10375155481109K5WZ 03L907309AC 03L906012FT 9977 CNEA 10375585721109K750"},"content":{"rendered":"<p>AMAROK ARQUIVO EDC17C54 ORIGINAL, POTENCIA, DPF, EGR , MANUAL SENSOR TEMP 0 GRAUS 9977 CNEA TC1797 10375585721109K750 10375155481109K5WZ 03L907309AC 03L906012FT 9977 CNEA 10375585721109K750 10375155481109K5WZ 03L907309AC 03L906012FT 9977 CNEA 10375585721109K750 EDC17C54.<\/p>\n<p><img loading=\"lazy\" decoding=\"async\" class=\"alignnone size-full wp-image-1040\" src=\"https:\/\/powerchip.com.br\/wp-content\/uploads\/2025\/11\/alto-falante.jpg\" alt=\"\" width=\"67\" height=\"55\" \/>\u201cLembrete: Estes arquivos SIM\u00a0 necessitam de prepara\u00e7\u00e3o espec\u00edfica para a central (ECU) de destino antes do uso\u00a0 DEPENDENDO DO PROGRAMADOR (PROGRAMADORES\u00a0 OBD2 NORMALMENTE N\u00c3O PRECISAM SE MESMO SW .\u201d<\/p>\n<p>Um profissional saber\u00e1 utilizar isso , ou ap\u00f3s a compra entre em contato.<\/p>\n<p>&#8212;&#8212;&#8212;&#8212;&#8212;&#8212;&#8212;&#8212;&#8212;&#8212;&#8212;&#8212;&#8212;&#8212;&#8212;&#8212;&#8212;&#8212;&#8212;&#8212;&#8212;&#8212;&#8212;&#8212;&#8212;&#8212;&#8212;&#8212;&#8212;&#8212;&#8212;&#8212;&#8212;&#8212;&#8212;&#8212;<\/p>\n<p>Voc\u00ea receber\u00e1 um link com arquivo compactado para baixar\u00a0 ap\u00f3s pagar, contendo: <strong>\u00a0<\/strong><\/p>\n<p><strong>A PROMO\u00c7\u00c3O 3 CILINDROS POWERCHIP.<\/strong><\/p>\n<p><img loading=\"lazy\" decoding=\"async\" class=\"alignnone size-full wp-image-1039\" src=\"https:\/\/powerchip.com.br\/wp-content\/uploads\/2025\/11\/veja-acima.jpg\" alt=\"\" width=\"21\" height=\"34\" \/><\/p>\n<p><img loading=\"lazy\" decoding=\"async\" class=\"alignnone size-full wp-image-1042\" src=\"https:\/\/powerchip.com.br\/wp-content\/uploads\/2025\/11\/pistao.jpg\" alt=\"\" width=\"17\" height=\"41\" \/> ARQUIVO ORIGINAL<\/p>\n<p><img loading=\"lazy\" decoding=\"async\" class=\"alignnone size-full wp-image-1042\" src=\"https:\/\/powerchip.com.br\/wp-content\/uploads\/2025\/11\/pistao.jpg\" alt=\"\" width=\"17\" height=\"41\" \/><img loading=\"lazy\" decoding=\"async\" class=\"alignnone size-full wp-image-1042\" src=\"https:\/\/powerchip.com.br\/wp-content\/uploads\/2025\/11\/pistao.jpg\" alt=\"\" width=\"17\" height=\"41\" \/>\u00a0 ARQUIVO DPF EGR DTC SENSOR TEMP 0 GRAUS. (fix P0087 ,PARA ESCAPE etc ).<\/p>\n<p><img loading=\"lazy\" decoding=\"async\" class=\"alignnone size-full wp-image-1042\" src=\"https:\/\/powerchip.com.br\/wp-content\/uploads\/2025\/11\/pistao.jpg\" alt=\"\" width=\"17\" height=\"41\" \/><img loading=\"lazy\" decoding=\"async\" class=\"alignnone size-full wp-image-1042\" src=\"https:\/\/powerchip.com.br\/wp-content\/uploads\/2025\/11\/pistao.jpg\" alt=\"\" width=\"17\" height=\"41\" \/><img loading=\"lazy\" decoding=\"async\" class=\"alignnone size-full wp-image-1042\" src=\"https:\/\/powerchip.com.br\/wp-content\/uploads\/2025\/11\/pistao.jpg\" alt=\"\" width=\"17\" height=\"41\" \/> \u00a0ARQUIVO POT\u00caNCIA DPF EGR DTC SENSOR TEMP 0 GRAUS. (fix P0087 ,PARA ESCAPE etc ).<\/p>\n<p>&nbsp;<\/p>\n<p><a href=\"https:\/\/powerchip.com.br\/index.php\/arquivo-destinado-a-profissionais\/\">Arquivo destinado a EMERGENCIA , TESTES profissionais<\/a>.<\/p>\n<p><a href=\"https:\/\/powerchip.com.br\/index.php\/como-usar-o-arquivo-comprado\/\">Como usar o arquivo<\/a>.<\/p>\n<p><a href=\"https:\/\/powerchip.com.br\/index.php\/como-comprar\/\">Como comprar<\/a><\/p>\n<audio class=\"wp-audio-shortcode\" id=\"audio-702-1\" preload=\"none\" style=\"width: 100%;\" controls=\"controls\"><source type=\"audio\/ogg\" src=\"https:\/\/powerchip.com.br\/wp-content\/uploads\/2025\/11\/audio-amarok-edc17c54-.ogg?_=1\" \/><a href=\"https:\/\/powerchip.com.br\/wp-content\/uploads\/2025\/11\/audio-amarok-edc17c54-.ogg\">https:\/\/powerchip.com.br\/wp-content\/uploads\/2025\/11\/audio-amarok-edc17c54-.ogg<\/a><\/audio>\n<p><img loading=\"lazy\" decoding=\"async\" class=\"alignnone size-medium wp-image-704\" src=\"https:\/\/powerchip.com.br\/wp-content\/uploads\/2025\/11\/FOTO-ZIP-AMAROK-309AC-012FT-9977-CNEA-AMAROK-MANUAL-TC1797-10375585721109K750DPF-EGR-POTENCIA--300x170.jpg\" alt=\"\" width=\"300\" height=\"170\" srcset=\"https:\/\/powerchip.com.br\/wp-content\/uploads\/2025\/11\/FOTO-ZIP-AMAROK-309AC-012FT-9977-CNEA-AMAROK-MANUAL-TC1797-10375585721109K750DPF-EGR-POTENCIA--300x170.jpg 300w, https:\/\/powerchip.com.br\/wp-content\/uploads\/2025\/11\/FOTO-ZIP-AMAROK-309AC-012FT-9977-CNEA-AMAROK-MANUAL-TC1797-10375585721109K750DPF-EGR-POTENCIA--600x341.jpg 600w, https:\/\/powerchip.com.br\/wp-content\/uploads\/2025\/11\/FOTO-ZIP-AMAROK-309AC-012FT-9977-CNEA-AMAROK-MANUAL-TC1797-10375585721109K750DPF-EGR-POTENCIA-.jpg 733w\" sizes=\"auto, (max-width: 300px) 100vw, 300px\" \/>\u00a0<img loading=\"lazy\" decoding=\"async\" class=\"alignnone size-medium wp-image-705\" src=\"https:\/\/powerchip.com.br\/wp-content\/uploads\/2025\/11\/FOTO-AMAROK-edc17c54-boot-gpt--300x149.jpg\" alt=\"\" width=\"300\" height=\"149\" srcset=\"https:\/\/powerchip.com.br\/wp-content\/uploads\/2025\/11\/FOTO-AMAROK-edc17c54-boot-gpt--300x149.jpg 300w, https:\/\/powerchip.com.br\/wp-content\/uploads\/2025\/11\/FOTO-AMAROK-edc17c54-boot-gpt--600x299.jpg 600w, https:\/\/powerchip.com.br\/wp-content\/uploads\/2025\/11\/FOTO-AMAROK-edc17c54-boot-gpt-.jpg 719w\" sizes=\"auto, (max-width: 300px) 100vw, 300px\" \/><img loading=\"lazy\" decoding=\"async\" class=\"alignnone size-medium wp-image-943\" src=\"https:\/\/powerchip.com.br\/wp-content\/uploads\/2025\/11\/foto-de-zip-potencia-1-1-300x170.jpg\" alt=\"\" width=\"300\" height=\"170\" srcset=\"https:\/\/powerchip.com.br\/wp-content\/uploads\/2025\/11\/foto-de-zip-potencia-1-1-300x170.jpg 300w, https:\/\/powerchip.com.br\/wp-content\/uploads\/2025\/11\/foto-de-zip-potencia-1-1-600x341.jpg 600w, https:\/\/powerchip.com.br\/wp-content\/uploads\/2025\/11\/foto-de-zip-potencia-1-1.jpg 733w\" sizes=\"auto, (max-width: 300px) 100vw, 300px\" \/><img loading=\"lazy\" decoding=\"async\" class=\"alignnone size-medium wp-image-948\" src=\"https:\/\/powerchip.com.br\/wp-content\/uploads\/2025\/11\/foto-de-zip-original--300x175.jpg\" alt=\"\" width=\"300\" height=\"175\" srcset=\"https:\/\/powerchip.com.br\/wp-content\/uploads\/2025\/11\/foto-de-zip-original--300x175.jpg 300w, https:\/\/powerchip.com.br\/wp-content\/uploads\/2025\/11\/foto-de-zip-original--600x350.jpg 600w, https:\/\/powerchip.com.br\/wp-content\/uploads\/2025\/11\/foto-de-zip-original-.jpg 727w\" sizes=\"auto, (max-width: 300px) 100vw, 300px\" \/><img loading=\"lazy\" decoding=\"async\" class=\"alignnone size-medium wp-image-944\" src=\"https:\/\/powerchip.com.br\/wp-content\/uploads\/2025\/11\/foto-de-zip-catalizador--300x174.jpg\" alt=\"\" width=\"300\" height=\"174\" srcset=\"https:\/\/powerchip.com.br\/wp-content\/uploads\/2025\/11\/foto-de-zip-catalizador--300x174.jpg 300w, https:\/\/powerchip.com.br\/wp-content\/uploads\/2025\/11\/foto-de-zip-catalizador--600x348.jpg 600w, https:\/\/powerchip.com.br\/wp-content\/uploads\/2025\/11\/foto-de-zip-catalizador-.jpg 733w\" sizes=\"auto, (max-width: 300px) 100vw, 300px\" \/><img loading=\"lazy\" decoding=\"async\" class=\"alignnone size-medium wp-image-947\" src=\"https:\/\/powerchip.com.br\/wp-content\/uploads\/2025\/11\/foto-de-zip-EGR--300x174.jpg\" alt=\"\" width=\"300\" height=\"174\" srcset=\"https:\/\/powerchip.com.br\/wp-content\/uploads\/2025\/11\/foto-de-zip-EGR--300x174.jpg 300w, https:\/\/powerchip.com.br\/wp-content\/uploads\/2025\/11\/foto-de-zip-EGR--600x348.jpg 600w, https:\/\/powerchip.com.br\/wp-content\/uploads\/2025\/11\/foto-de-zip-EGR-.jpg 733w\" sizes=\"auto, (max-width: 300px) 100vw, 300px\" \/><img loading=\"lazy\" decoding=\"async\" class=\"alignnone size-medium wp-image-1048\" src=\"https:\/\/powerchip.com.br\/wp-content\/uploads\/2025\/11\/FOTO-ZIP-Bomba-D-agua--300x174.jpg\" alt=\"\" width=\"300\" height=\"174\" srcset=\"https:\/\/powerchip.com.br\/wp-content\/uploads\/2025\/11\/FOTO-ZIP-Bomba-D-agua--300x174.jpg 300w, https:\/\/powerchip.com.br\/wp-content\/uploads\/2025\/11\/FOTO-ZIP-Bomba-D-agua--600x348.jpg 600w, https:\/\/powerchip.com.br\/wp-content\/uploads\/2025\/11\/FOTO-ZIP-Bomba-D-agua-.jpg 738w\" sizes=\"auto, (max-width: 300px) 100vw, 300px\" \/><img loading=\"lazy\" decoding=\"async\" class=\"alignnone size-medium wp-image-1047\" src=\"https:\/\/powerchip.com.br\/wp-content\/uploads\/2025\/11\/FOTO-ZIP-DTC-OFF--300x172.jpg\" alt=\"\" width=\"300\" height=\"172\" srcset=\"https:\/\/powerchip.com.br\/wp-content\/uploads\/2025\/11\/FOTO-ZIP-DTC-OFF--300x172.jpg 300w, https:\/\/powerchip.com.br\/wp-content\/uploads\/2025\/11\/FOTO-ZIP-DTC-OFF--600x344.jpg 600w, https:\/\/powerchip.com.br\/wp-content\/uploads\/2025\/11\/FOTO-ZIP-DTC-OFF-.jpg 732w\" sizes=\"auto, (max-width: 300px) 100vw, 300px\" \/><\/p>\n","protected":false},"excerpt":{"rendered":"<p>AMAROK ARQUIVO ORIGINAL, EDC17C54, POTENCIA, DPF, EGR , MANUAL SENSOR TEMP 0 GRAUS 9977 CNEA TC1797 10375585721109K750 10375155481109K5WZ 03L907309AC 03L906012FT 9977 CNEA 10375585721109K750 10375155481109K5WZ 03L907309AC 03L906012FT 9977 CNEA 10375585721109K750<\/p>\n<p><img loading=\"lazy\" decoding=\"async\" class=\"alignnone size-medium wp-image-704\" src=\"https:\/\/powerchip.com.br\/wp-content\/uploads\/2025\/11\/FOTO-ZIP-AMAROK-309AC-012FT-9977-CNEA-AMAROK-MANUAL-TC1797-10375585721109K750DPF-EGR-POTENCIA--300x170.jpg\" alt=\"\" width=\"300\" height=\"170\" srcset=\"https:\/\/powerchip.com.br\/wp-content\/uploads\/2025\/11\/FOTO-ZIP-AMAROK-309AC-012FT-9977-CNEA-AMAROK-MANUAL-TC1797-10375585721109K750DPF-EGR-POTENCIA--300x170.jpg 300w, https:\/\/powerchip.com.br\/wp-content\/uploads\/2025\/11\/FOTO-ZIP-AMAROK-309AC-012FT-9977-CNEA-AMAROK-MANUAL-TC1797-10375585721109K750DPF-EGR-POTENCIA--600x341.jpg 600w, https:\/\/powerchip.com.br\/wp-content\/uploads\/2025\/11\/FOTO-ZIP-AMAROK-309AC-012FT-9977-CNEA-AMAROK-MANUAL-TC1797-10375585721109K750DPF-EGR-POTENCIA-.jpg 733w\" sizes=\"auto, (max-width: 300px) 100vw, 300px\" \/><img loading=\"lazy\" decoding=\"async\" class=\"alignnone size-medium wp-image-705\" src=\"https:\/\/powerchip.com.br\/wp-content\/uploads\/2025\/11\/FOTO-AMAROK-edc17c54-boot-gpt--300x149.jpg\" alt=\"\" width=\"300\" height=\"149\" srcset=\"https:\/\/powerchip.com.br\/wp-content\/uploads\/2025\/11\/FOTO-AMAROK-edc17c54-boot-gpt--300x149.jpg 300w, https:\/\/powerchip.com.br\/wp-content\/uploads\/2025\/11\/FOTO-AMAROK-edc17c54-boot-gpt--600x299.jpg 600w, https:\/\/powerchip.com.br\/wp-content\/uploads\/2025\/11\/FOTO-AMAROK-edc17c54-boot-gpt-.jpg 719w\" sizes=\"auto, (max-width: 300px) 100vw, 300px\" \/><img loading=\"lazy\" decoding=\"async\" class=\"alignnone size-medium wp-image-943\" src=\"https:\/\/powerchip.com.br\/wp-content\/uploads\/2025\/11\/foto-de-zip-potencia-1-1-300x170.jpg\" alt=\"\" width=\"300\" height=\"170\" srcset=\"https:\/\/powerchip.com.br\/wp-content\/uploads\/2025\/11\/foto-de-zip-potencia-1-1-300x170.jpg 300w, https:\/\/powerchip.com.br\/wp-content\/uploads\/2025\/11\/foto-de-zip-potencia-1-1-600x341.jpg 600w, https:\/\/powerchip.com.br\/wp-content\/uploads\/2025\/11\/foto-de-zip-potencia-1-1.jpg 733w\" sizes=\"auto, (max-width: 300px) 100vw, 300px\" \/><img loading=\"lazy\" decoding=\"async\" class=\"alignnone size-medium wp-image-948\" src=\"https:\/\/powerchip.com.br\/wp-content\/uploads\/2025\/11\/foto-de-zip-original--300x175.jpg\" alt=\"\" width=\"300\" height=\"175\" srcset=\"https:\/\/powerchip.com.br\/wp-content\/uploads\/2025\/11\/foto-de-zip-original--300x175.jpg 300w, https:\/\/powerchip.com.br\/wp-content\/uploads\/2025\/11\/foto-de-zip-original--600x350.jpg 600w, https:\/\/powerchip.com.br\/wp-content\/uploads\/2025\/11\/foto-de-zip-original-.jpg 727w\" sizes=\"auto, (max-width: 300px) 100vw, 300px\" \/><img loading=\"lazy\" decoding=\"async\" class=\"alignnone size-medium wp-image-944\" src=\"https:\/\/powerchip.com.br\/wp-content\/uploads\/2025\/11\/foto-de-zip-catalizador--300x174.jpg\" alt=\"\" width=\"300\" height=\"174\" srcset=\"https:\/\/powerchip.com.br\/wp-content\/uploads\/2025\/11\/foto-de-zip-catalizador--300x174.jpg 300w, https:\/\/powerchip.com.br\/wp-content\/uploads\/2025\/11\/foto-de-zip-catalizador--600x348.jpg 600w, https:\/\/powerchip.com.br\/wp-content\/uploads\/2025\/11\/foto-de-zip-catalizador-.jpg 733w\" sizes=\"auto, (max-width: 300px) 100vw, 300px\" \/><img loading=\"lazy\" decoding=\"async\" class=\"alignnone size-medium wp-image-1048\" src=\"https:\/\/powerchip.com.br\/wp-content\/uploads\/2025\/11\/FOTO-ZIP-Bomba-D-agua--300x174.jpg\" alt=\"\" width=\"300\" height=\"174\" srcset=\"https:\/\/powerchip.com.br\/wp-content\/uploads\/2025\/11\/FOTO-ZIP-Bomba-D-agua--300x174.jpg 300w, https:\/\/powerchip.com.br\/wp-content\/uploads\/2025\/11\/FOTO-ZIP-Bomba-D-agua--600x348.jpg 600w, https:\/\/powerchip.com.br\/wp-content\/uploads\/2025\/11\/FOTO-ZIP-Bomba-D-agua-.jpg 738w\" sizes=\"auto, (max-width: 300px) 100vw, 300px\" \/><img loading=\"lazy\" decoding=\"async\" class=\"alignnone size-medium wp-image-1047\" src=\"https:\/\/powerchip.com.br\/wp-content\/uploads\/2025\/11\/FOTO-ZIP-DTC-OFF--300x172.jpg\" alt=\"\" width=\"300\" height=\"172\" srcset=\"https:\/\/powerchip.com.br\/wp-content\/uploads\/2025\/11\/FOTO-ZIP-DTC-OFF--300x172.jpg 300w, https:\/\/powerchip.com.br\/wp-content\/uploads\/2025\/11\/FOTO-ZIP-DTC-OFF--600x344.jpg 600w, https:\/\/powerchip.com.br\/wp-content\/uploads\/2025\/11\/FOTO-ZIP-DTC-OFF-.jpg 732w\" sizes=\"auto, (max-width: 300px) 100vw, 300px\" \/><img loading=\"lazy\" decoding=\"async\" class=\"alignnone size-medium wp-image-947\" src=\"https:\/\/powerchip.com.br\/wp-content\/uploads\/2025\/11\/foto-de-zip-EGR--300x174.jpg\" alt=\"\" width=\"300\" height=\"174\" srcset=\"https:\/\/powerchip.com.br\/wp-content\/uploads\/2025\/11\/foto-de-zip-EGR--300x174.jpg 300w, https:\/\/powerchip.com.br\/wp-content\/uploads\/2025\/11\/foto-de-zip-EGR--600x348.jpg 600w, https:\/\/powerchip.com.br\/wp-content\/uploads\/2025\/11\/foto-de-zip-EGR-.jpg 733w\" sizes=\"auto, (max-width: 300px) 100vw, 300px\" \/><\/p>\n","protected":false},"featured_media":704,"template":"","meta":{"_joinchat":[]},"product_brand":[],"product_cat":[32],"product_tag":[520,525,524,526,523,521,517,116,522,117,527,118,518,66,41,519,204],"class_list":{"0":"post-702","1":"product","2":"type-product","3":"status-publish","4":"has-post-thumbnail","6":"product_cat-vw","7":"product_tag-0-graus","8":"product_tag-03l906012ft","9":"product_tag-03l907309ac","10":"product_tag-10375585721109k750","11":"product_tag-10375585721109k750-10375155481109k5wz","12":"product_tag-521","13":"product_tag-amarok","14":"product_tag-arquivo","15":"product_tag-cnea","16":"product_tag-dpf","17":"product_tag-edc17c54","18":"product_tag-egr","19":"product_tag-manual","20":"product_tag-original","21":"product_tag-potencia","22":"product_tag-sensor-temp","23":"product_tag-tc1797","25":"first","26":"instock","27":"downloadable","28":"virtual","29":"purchasable","30":"product-type-simple"},"jetpack_sharing_enabled":true,"_links":{"self":[{"href":"https:\/\/powerchip.com.br\/index.php\/wp-json\/wp\/v2\/product\/702","targetHints":{"allow":["GET"]}}],"collection":[{"href":"https:\/\/powerchip.com.br\/index.php\/wp-json\/wp\/v2\/product"}],"about":[{"href":"https:\/\/powerchip.com.br\/index.php\/wp-json\/wp\/v2\/types\/product"}],"wp:featuredmedia":[{"embeddable":true,"href":"https:\/\/powerchip.com.br\/index.php\/wp-json\/wp\/v2\/media\/704"}],"wp:attachment":[{"href":"https:\/\/powerchip.com.br\/index.php\/wp-json\/wp\/v2\/media?parent=702"}],"wp:term":[{"taxonomy":"product_brand","embeddable":true,"href":"https:\/\/powerchip.com.br\/index.php\/wp-json\/wp\/v2\/product_brand?post=702"},{"taxonomy":"product_cat","embeddable":true,"href":"https:\/\/powerchip.com.br\/index.php\/wp-json\/wp\/v2\/product_cat?post=702"},{"taxonomy":"product_tag","embeddable":true,"href":"https:\/\/powerchip.com.br\/index.php\/wp-json\/wp\/v2\/product_tag?post=702"}],"curies":[{"name":"wp","href":"https:\/\/api.w.org\/{rel}","templated":true}]}}