{"id":678,"date":"2025-11-05T23:34:33","date_gmt":"2025-11-05T23:34:33","guid":{"rendered":"https:\/\/powerchip.com.br\/?post_type=product&#038;p=678"},"modified":"2025-11-12T22:27:20","modified_gmt":"2025-11-12T22:27:20","slug":"sprinter-arquivo-potencia-original-para-0281011796-2-1l-cdi-60kw80hp-1037365301-1037365301-edc15c6-03sak9fm03","status":"publish","type":"product","link":"https:\/\/powerchip.com.br\/index.php\/produto\/sprinter-arquivo-potencia-original-para-0281011796-2-1l-cdi-60kw80hp-1037365301-1037365301-edc15c6-03sak9fm03\/","title":{"rendered":"SPRINTER , ARQUIVO  POTENCIA , ORIGINAL para 0281011796  2.1L CDI 60kW80HP 1037365301 , 1037365301 , EDC15C6, 03SAK9FM03"},"content":{"rendered":"<p>SPRINTER , ARQUIVO POTENCIA , ORIGINAL para 0281011796 2.1L CDI 60kW80HP 1037365301 , 1037365301 , EDC15C6, 03SAK9FM03<\/p>\n<p>SPRINTER , ARQUIVO POTENCIA , ORIGINAL 2.1L CDI 60kW80HP EDC15C6, 01SAM9FM03, 6H6R6X6, 03SAK9FM03<\/p>\n<p>Arquivo EDC15C6 29F800\u00a0 para voc\u00ea gravar com\u00a0 Beeprog , kess, ktag, etc .<\/p>\n<p>\u201cLembrete: Este arquivo N\u00c3O\u00a0 necessita de prepara\u00e7\u00e3o espec\u00edfica para a central (ECU) de destino antes do uso DEPENDENDO DO PROGRAMADOR .\u201d<\/p>\n<p>Duvidas? Ap\u00f3s a compra entre em contato pelo Whatzapp.<\/p>\n<p>Voc\u00ea recebera ap\u00f3s pagar: 01 arquivo compactado contendo:<\/p>\n<p>03 arquivos.<\/p>\n<p>01 original.<\/p>\n<p>01 pot\u00eancia stg1.<\/p>\n<p>01 pot\u00eancia stg2<\/p>\n<p>&nbsp;<\/p>\n<p>&nbsp;<\/p>\n<p><a href=\"https:\/\/powerchip.com.br\/index.php\/arquivo-destinado-a-profissionais\/\">Arquivo destinado a profissionais<\/a>.<\/p>\n<p><a href=\"https:\/\/powerchip.com.br\/index.php\/como-usar-o-arquivo-comprado\/\">Como usar o arquivo<\/a>.<\/p>\n<p><a href=\"https:\/\/powerchip.com.br\/index.php\/como-comprar\/\">Como comprar<\/a><\/p>\n<p>&nbsp;<\/p>\n<p>&nbsp;<\/p>\n<p>&nbsp;<\/p>\n<p><img loading=\"lazy\" decoding=\"async\" class=\"alignnone size-medium wp-image-679\" src=\"https:\/\/powerchip.com.br\/wp-content\/uploads\/2025\/11\/edc15c6-sprinter-283x300.jpg\" alt=\"\" width=\"283\" height=\"300\" srcset=\"https:\/\/powerchip.com.br\/wp-content\/uploads\/2025\/11\/edc15c6-sprinter-283x300.jpg 283w, https:\/\/powerchip.com.br\/wp-content\/uploads\/2025\/11\/edc15c6-sprinter.jpg 580w\" sizes=\"auto, (max-width: 283px) 100vw, 283px\" \/><img loading=\"lazy\" decoding=\"async\" class=\"alignnone size-medium wp-image-680\" src=\"https:\/\/powerchip.com.br\/wp-content\/uploads\/2025\/11\/edc15c6-boot-sprinter-300x56.jpg\" alt=\"\" width=\"300\" height=\"56\" srcset=\"https:\/\/powerchip.com.br\/wp-content\/uploads\/2025\/11\/edc15c6-boot-sprinter-300x56.jpg 300w, https:\/\/powerchip.com.br\/wp-content\/uploads\/2025\/11\/edc15c6-boot-sprinter-1024x192.jpg 1024w, https:\/\/powerchip.com.br\/wp-content\/uploads\/2025\/11\/edc15c6-boot-sprinter-768x144.jpg 768w, https:\/\/powerchip.com.br\/wp-content\/uploads\/2025\/11\/edc15c6-boot-sprinter-600x112.jpg 600w, https:\/\/powerchip.com.br\/wp-content\/uploads\/2025\/11\/edc15c6-boot-sprinter.jpg 1390w\" sizes=\"auto, (max-width: 300px) 100vw, 300px\" \/><img loading=\"lazy\" decoding=\"async\" class=\"alignnone size-medium wp-image-681\" src=\"https:\/\/powerchip.com.br\/wp-content\/uploads\/2025\/11\/29f800-300x174.jpg\" alt=\"\" width=\"300\" height=\"174\" srcset=\"https:\/\/powerchip.com.br\/wp-content\/uploads\/2025\/11\/29f800-300x174.jpg 300w, https:\/\/powerchip.com.br\/wp-content\/uploads\/2025\/11\/29f800.jpg 343w\" sizes=\"auto, (max-width: 300px) 100vw, 300px\" \/><img loading=\"lazy\" decoding=\"async\" class=\"alignnone size-medium wp-image-683\" src=\"https:\/\/powerchip.com.br\/wp-content\/uploads\/2025\/11\/ZIPADO-edc15c6-boot-sprinter-300x182.jpg\" alt=\"\" width=\"300\" height=\"182\" srcset=\"https:\/\/powerchip.com.br\/wp-content\/uploads\/2025\/11\/ZIPADO-edc15c6-boot-sprinter-300x182.jpg 300w, https:\/\/powerchip.com.br\/wp-content\/uploads\/2025\/11\/ZIPADO-edc15c6-boot-sprinter.jpg 380w\" sizes=\"auto, (max-width: 300px) 100vw, 300px\" \/><img loading=\"lazy\" decoding=\"async\" class=\"alignnone size-medium wp-image-943\" src=\"https:\/\/powerchip.com.br\/wp-content\/uploads\/2025\/11\/foto-de-zip-potencia-1-1-300x170.jpg\" alt=\"\" width=\"300\" height=\"170\" srcset=\"https:\/\/powerchip.com.br\/wp-content\/uploads\/2025\/11\/foto-de-zip-potencia-1-1-300x170.jpg 300w, https:\/\/powerchip.com.br\/wp-content\/uploads\/2025\/11\/foto-de-zip-potencia-1-1-600x341.jpg 600w, https:\/\/powerchip.com.br\/wp-content\/uploads\/2025\/11\/foto-de-zip-potencia-1-1.jpg 733w\" sizes=\"auto, (max-width: 300px) 100vw, 300px\" \/><img loading=\"lazy\" decoding=\"async\" class=\"alignnone size-medium wp-image-948\" src=\"https:\/\/powerchip.com.br\/wp-content\/uploads\/2025\/11\/foto-de-zip-original--300x175.jpg\" alt=\"\" width=\"300\" height=\"175\" srcset=\"https:\/\/powerchip.com.br\/wp-content\/uploads\/2025\/11\/foto-de-zip-original--300x175.jpg 300w, https:\/\/powerchip.com.br\/wp-content\/uploads\/2025\/11\/foto-de-zip-original--600x350.jpg 600w, https:\/\/powerchip.com.br\/wp-content\/uploads\/2025\/11\/foto-de-zip-original-.jpg 727w\" sizes=\"auto, (max-width: 300px) 100vw, 300px\" \/><\/p>\n","protected":false},"excerpt":{"rendered":"<p>SPRINTER , ARQUIVO POTENCIA , ORIGINAL para 0281011796 2.1L CDI 60kW80HP 1037365301 ,\u00a0 EDC15C6, 03SAK9FM03<\/p>\n<p>SPRINTER , ARQUIVO POTENCIA , ORIGINAL 2.1L CDI 60kW80HP EDC15C6, 01SAM9FM03, 6H6R6X6<\/p>\n<p><img loading=\"lazy\" decoding=\"async\" class=\"alignnone size-medium wp-image-680\" src=\"https:\/\/powerchip.com.br\/wp-content\/uploads\/2025\/11\/edc15c6-boot-sprinter-300x56.jpg\" alt=\"\" width=\"300\" height=\"56\" srcset=\"https:\/\/powerchip.com.br\/wp-content\/uploads\/2025\/11\/edc15c6-boot-sprinter-300x56.jpg 300w, https:\/\/powerchip.com.br\/wp-content\/uploads\/2025\/11\/edc15c6-boot-sprinter-1024x192.jpg 1024w, https:\/\/powerchip.com.br\/wp-content\/uploads\/2025\/11\/edc15c6-boot-sprinter-768x144.jpg 768w, https:\/\/powerchip.com.br\/wp-content\/uploads\/2025\/11\/edc15c6-boot-sprinter-600x112.jpg 600w, https:\/\/powerchip.com.br\/wp-content\/uploads\/2025\/11\/edc15c6-boot-sprinter.jpg 1390w\" sizes=\"auto, (max-width: 300px) 100vw, 300px\" \/><img loading=\"lazy\" decoding=\"async\" class=\"alignnone size-medium wp-image-681\" src=\"https:\/\/powerchip.com.br\/wp-content\/uploads\/2025\/11\/29f800-300x174.jpg\" alt=\"\" width=\"300\" height=\"174\" srcset=\"https:\/\/powerchip.com.br\/wp-content\/uploads\/2025\/11\/29f800-300x174.jpg 300w, https:\/\/powerchip.com.br\/wp-content\/uploads\/2025\/11\/29f800.jpg 343w\" sizes=\"auto, (max-width: 300px) 100vw, 300px\" \/><img loading=\"lazy\" decoding=\"async\" class=\"alignnone size-medium wp-image-679\" src=\"https:\/\/powerchip.com.br\/wp-content\/uploads\/2025\/11\/edc15c6-sprinter-283x300.jpg\" alt=\"\" width=\"283\" height=\"300\" srcset=\"https:\/\/powerchip.com.br\/wp-content\/uploads\/2025\/11\/edc15c6-sprinter-283x300.jpg 283w, https:\/\/powerchip.com.br\/wp-content\/uploads\/2025\/11\/edc15c6-sprinter.jpg 580w\" sizes=\"auto, (max-width: 283px) 100vw, 283px\" \/><img loading=\"lazy\" decoding=\"async\" class=\"alignnone size-medium wp-image-943\" src=\"https:\/\/powerchip.com.br\/wp-content\/uploads\/2025\/11\/foto-de-zip-potencia-1-1-300x170.jpg\" alt=\"\" width=\"300\" height=\"170\" srcset=\"https:\/\/powerchip.com.br\/wp-content\/uploads\/2025\/11\/foto-de-zip-potencia-1-1-300x170.jpg 300w, https:\/\/powerchip.com.br\/wp-content\/uploads\/2025\/11\/foto-de-zip-potencia-1-1-600x341.jpg 600w, https:\/\/powerchip.com.br\/wp-content\/uploads\/2025\/11\/foto-de-zip-potencia-1-1.jpg 733w\" sizes=\"auto, (max-width: 300px) 100vw, 300px\" \/><img loading=\"lazy\" decoding=\"async\" class=\"alignnone size-medium wp-image-948\" src=\"https:\/\/powerchip.com.br\/wp-content\/uploads\/2025\/11\/foto-de-zip-original--300x175.jpg\" alt=\"\" width=\"300\" height=\"175\" srcset=\"https:\/\/powerchip.com.br\/wp-content\/uploads\/2025\/11\/foto-de-zip-original--300x175.jpg 300w, https:\/\/powerchip.com.br\/wp-content\/uploads\/2025\/11\/foto-de-zip-original--600x350.jpg 600w, https:\/\/powerchip.com.br\/wp-content\/uploads\/2025\/11\/foto-de-zip-original-.jpg 727w\" sizes=\"auto, (max-width: 300px) 100vw, 300px\" \/><\/p>\n","protected":false},"featured_media":683,"template":"","meta":{"_joinchat":[]},"product_brand":[],"product_cat":[485],"product_tag":[495,488,494,492,489,497,491,496,487,457,490,493,403,184,66,486],"class_list":{"0":"post-678","1":"product","2":"type-product","3":"status-publish","4":"has-post-thumbnail","6":"product_cat-mercedes","7":"product_tag-01sam9fm03","8":"product_tag-488","9":"product_tag-03sak9fm03","10":"product_tag-492","11":"product_tag-2-1l","12":"product_tag-29f800","13":"product_tag-60kw80hp","14":"product_tag-6h6r6x6","15":"product_tag-arquivo-potencia","16":"product_tag-beeprog","17":"product_tag-cdi","18":"product_tag-edc15c6","19":"product_tag-kess","20":"product_tag-ktag","21":"product_tag-original","22":"product_tag-sprinter","24":"first","25":"instock","26":"downloadable","27":"virtual","28":"purchasable","29":"product-type-simple"},"jetpack_sharing_enabled":true,"_links":{"self":[{"href":"https:\/\/powerchip.com.br\/index.php\/wp-json\/wp\/v2\/product\/678","targetHints":{"allow":["GET"]}}],"collection":[{"href":"https:\/\/powerchip.com.br\/index.php\/wp-json\/wp\/v2\/product"}],"about":[{"href":"https:\/\/powerchip.com.br\/index.php\/wp-json\/wp\/v2\/types\/product"}],"wp:featuredmedia":[{"embeddable":true,"href":"https:\/\/powerchip.com.br\/index.php\/wp-json\/wp\/v2\/media\/683"}],"wp:attachment":[{"href":"https:\/\/powerchip.com.br\/index.php\/wp-json\/wp\/v2\/media?parent=678"}],"wp:term":[{"taxonomy":"product_brand","embeddable":true,"href":"https:\/\/powerchip.com.br\/index.php\/wp-json\/wp\/v2\/product_brand?post=678"},{"taxonomy":"product_cat","embeddable":true,"href":"https:\/\/powerchip.com.br\/index.php\/wp-json\/wp\/v2\/product_cat?post=678"},{"taxonomy":"product_tag","embeddable":true,"href":"https:\/\/powerchip.com.br\/index.php\/wp-json\/wp\/v2\/product_tag?post=678"}],"curies":[{"name":"wp","href":"https:\/\/api.w.org\/{rel}","templated":true}]}}