{"id":671,"date":"2025-11-05T22:05:38","date_gmt":"2025-11-05T22:05:38","guid":{"rendered":"https:\/\/powerchip.com.br\/?post_type=product&#038;p=671"},"modified":"2025-11-12T22:34:45","modified_gmt":"2025-11-12T22:34:45","slug":"bmw-arquivo-original-10375374399zx99n0b-0261s10236-9zx99t0b-10sw001131-tc1797-mevd1725-1725","status":"publish","type":"product","link":"https:\/\/powerchip.com.br\/index.php\/produto\/bmw-arquivo-original-10375374399zx99n0b-0261s10236-9zx99t0b-10sw001131-tc1797-mevd1725-1725\/","title":{"rendered":"BMW,  ARQUIVO ORIGINAL 10375374399ZX99N0B, 0261S10236 , 9ZX99T0B ,10SW001131   , TC1797, MEVD1725 ,17,2,5"},"content":{"rendered":"<p>BMW, ARQUIVO ORIGINAL 10375374399ZX99N0B, 0261S10236 , 9ZX99T0B ,10SW001131 , TC1797, MEVD1725 ,17,2,5<\/p>\n<p>No arquivo\u00a0 compactado que voc\u00ea recebera ap\u00f3s pagar\u00a0 tem 01 arquivos originais .<\/p>\n<p>01 ARQUIVO ORIGINAL 10375374399ZX99N0B, 0261S10236 , 9ZX99T0B ,10SW001131 , TC1797, MEVD1725 ,17,2,5. ORIGINAL<\/p>\n<p>\u201cLembrete: Este arquivo necessita de prepara\u00e7\u00e3o espec\u00edfica para a central (ECU) de destino antes do uso, MONTAGEM AO SEU , ALGO ASSIM.\u201d<\/p>\n<p>Um profissional\u00a0 saber\u00e1\u00a0utilizar isso , ou ap\u00f3s a compra entre em contato.<\/p>\n<p>Para verifica\u00e7\u00e3o de integridade ou voltar a calibra\u00e7\u00e3o correta .<\/p>\n<p><a href=\"https:\/\/powerchip.com.br\/index.php\/arquivo-destinado-a-profissionais\/\">Arquivo destinado a profissionais<\/a>.<\/p>\n<p><a href=\"https:\/\/powerchip.com.br\/index.php\/como-usar-o-arquivo-comprado\/\">Como usar o arquivo<\/a>.<\/p>\n<p><a href=\"https:\/\/powerchip.com.br\/index.php\/como-comprar\/\">Como comprar<\/a><\/p>\n<p><img loading=\"lazy\" decoding=\"async\" class=\"alignnone size-medium wp-image-305\" src=\"https:\/\/powerchip.com.br\/wp-content\/uploads\/2025\/10\/foto-de-zip-INJECAO-ORIGINAL--300x198.jpg\" alt=\"\" width=\"300\" height=\"198\" srcset=\"https:\/\/powerchip.com.br\/wp-content\/uploads\/2025\/10\/foto-de-zip-INJECAO-ORIGINAL--300x198.jpg 300w, https:\/\/powerchip.com.br\/wp-content\/uploads\/2025\/10\/foto-de-zip-INJECAO-ORIGINAL--768x506.jpg 768w, https:\/\/powerchip.com.br\/wp-content\/uploads\/2025\/10\/foto-de-zip-INJECAO-ORIGINAL--600x396.jpg 600w, https:\/\/powerchip.com.br\/wp-content\/uploads\/2025\/10\/foto-de-zip-INJECAO-ORIGINAL-.jpg 775w\" sizes=\"auto, (max-width: 300px) 100vw, 300px\" \/><img loading=\"lazy\" decoding=\"async\" class=\"alignnone size-medium wp-image-297\" src=\"https:\/\/powerchip.com.br\/wp-content\/uploads\/2025\/10\/320i-17.2.9-0261s10549-0261s10549-10375401149VT9EF0B-10SW017243--300x240.jpg\" alt=\"\" width=\"300\" height=\"240\" srcset=\"https:\/\/powerchip.com.br\/wp-content\/uploads\/2025\/10\/320i-17.2.9-0261s10549-0261s10549-10375401149VT9EF0B-10SW017243--300x240.jpg 300w, https:\/\/powerchip.com.br\/wp-content\/uploads\/2025\/10\/320i-17.2.9-0261s10549-0261s10549-10375401149VT9EF0B-10SW017243--768x613.jpg 768w, https:\/\/powerchip.com.br\/wp-content\/uploads\/2025\/10\/320i-17.2.9-0261s10549-0261s10549-10375401149VT9EF0B-10SW017243--600x479.jpg 600w, https:\/\/powerchip.com.br\/wp-content\/uploads\/2025\/10\/320i-17.2.9-0261s10549-0261s10549-10375401149VT9EF0B-10SW017243-.jpg 943w\" sizes=\"auto, (max-width: 300px) 100vw, 300px\" \/><img loading=\"lazy\" decoding=\"async\" class=\"alignnone size-medium wp-image-296\" src=\"https:\/\/powerchip.com.br\/wp-content\/uploads\/2025\/10\/320i-BOOT-17.2.9-0261s10549-gpt-300x171.jpg\" alt=\"\" width=\"300\" height=\"171\" srcset=\"https:\/\/powerchip.com.br\/wp-content\/uploads\/2025\/10\/320i-BOOT-17.2.9-0261s10549-gpt-300x171.jpg 300w, https:\/\/powerchip.com.br\/wp-content\/uploads\/2025\/10\/320i-BOOT-17.2.9-0261s10549-gpt-768x438.jpg 768w, https:\/\/powerchip.com.br\/wp-content\/uploads\/2025\/10\/320i-BOOT-17.2.9-0261s10549-gpt-600x342.jpg 600w, https:\/\/powerchip.com.br\/wp-content\/uploads\/2025\/10\/320i-BOOT-17.2.9-0261s10549-gpt.jpg 907w\" sizes=\"auto, (max-width: 300px) 100vw, 300px\" \/><img loading=\"lazy\" decoding=\"async\" class=\"alignnone size-medium wp-image-295\" src=\"https:\/\/powerchip.com.br\/wp-content\/uploads\/2025\/10\/17.2.9-0261s10549-TRAS--300x227.jpg\" alt=\"\" width=\"300\" height=\"227\" srcset=\"https:\/\/powerchip.com.br\/wp-content\/uploads\/2025\/10\/17.2.9-0261s10549-TRAS--300x227.jpg 300w, https:\/\/powerchip.com.br\/wp-content\/uploads\/2025\/10\/17.2.9-0261s10549-TRAS--1024x775.jpg 1024w, https:\/\/powerchip.com.br\/wp-content\/uploads\/2025\/10\/17.2.9-0261s10549-TRAS--768x582.jpg 768w, https:\/\/powerchip.com.br\/wp-content\/uploads\/2025\/10\/17.2.9-0261s10549-TRAS--600x454.jpg 600w, https:\/\/powerchip.com.br\/wp-content\/uploads\/2025\/10\/17.2.9-0261s10549-TRAS-.jpg 1030w\" sizes=\"auto, (max-width: 300px) 100vw, 300px\" \/><img loading=\"lazy\" decoding=\"async\" class=\"alignnone size-medium wp-image-948\" src=\"https:\/\/powerchip.com.br\/wp-content\/uploads\/2025\/11\/foto-de-zip-original--300x175.jpg\" alt=\"\" width=\"300\" height=\"175\" srcset=\"https:\/\/powerchip.com.br\/wp-content\/uploads\/2025\/11\/foto-de-zip-original--300x175.jpg 300w, https:\/\/powerchip.com.br\/wp-content\/uploads\/2025\/11\/foto-de-zip-original--600x350.jpg 600w, https:\/\/powerchip.com.br\/wp-content\/uploads\/2025\/11\/foto-de-zip-original-.jpg 727w\" sizes=\"auto, (max-width: 300px) 100vw, 300px\" \/><\/p>\n","protected":false},"excerpt":{"rendered":"<p>&nbsp;<\/p>\n<p>BMW, ARQUIVO ORIGINAL 10375374399ZX99N0B, 0261S10236 , 9ZX99T0B ,10SW001131 , TC1797, MEVD1725 ,17,2,5<\/p>\n<p><img loading=\"lazy\" decoding=\"async\" class=\"alignnone size-medium wp-image-297\" src=\"https:\/\/powerchip.com.br\/wp-content\/uploads\/2025\/10\/320i-17.2.9-0261s10549-0261s10549-10375401149VT9EF0B-10SW017243--300x240.jpg\" alt=\"\" width=\"300\" height=\"240\" srcset=\"https:\/\/powerchip.com.br\/wp-content\/uploads\/2025\/10\/320i-17.2.9-0261s10549-0261s10549-10375401149VT9EF0B-10SW017243--300x240.jpg 300w, https:\/\/powerchip.com.br\/wp-content\/uploads\/2025\/10\/320i-17.2.9-0261s10549-0261s10549-10375401149VT9EF0B-10SW017243--768x613.jpg 768w, https:\/\/powerchip.com.br\/wp-content\/uploads\/2025\/10\/320i-17.2.9-0261s10549-0261s10549-10375401149VT9EF0B-10SW017243--600x479.jpg 600w, https:\/\/powerchip.com.br\/wp-content\/uploads\/2025\/10\/320i-17.2.9-0261s10549-0261s10549-10375401149VT9EF0B-10SW017243-.jpg 943w\" sizes=\"auto, (max-width: 300px) 100vw, 300px\" \/><img loading=\"lazy\" decoding=\"async\" class=\"alignnone size-medium wp-image-296\" src=\"https:\/\/powerchip.com.br\/wp-content\/uploads\/2025\/10\/320i-BOOT-17.2.9-0261s10549-gpt-300x171.jpg\" alt=\"\" width=\"300\" height=\"171\" srcset=\"https:\/\/powerchip.com.br\/wp-content\/uploads\/2025\/10\/320i-BOOT-17.2.9-0261s10549-gpt-300x171.jpg 300w, https:\/\/powerchip.com.br\/wp-content\/uploads\/2025\/10\/320i-BOOT-17.2.9-0261s10549-gpt-768x438.jpg 768w, https:\/\/powerchip.com.br\/wp-content\/uploads\/2025\/10\/320i-BOOT-17.2.9-0261s10549-gpt-600x342.jpg 600w, https:\/\/powerchip.com.br\/wp-content\/uploads\/2025\/10\/320i-BOOT-17.2.9-0261s10549-gpt.jpg 907w\" sizes=\"auto, (max-width: 300px) 100vw, 300px\" \/><img loading=\"lazy\" decoding=\"async\" class=\"alignnone size-medium wp-image-295\" src=\"https:\/\/powerchip.com.br\/wp-content\/uploads\/2025\/10\/17.2.9-0261s10549-TRAS--300x227.jpg\" alt=\"\" width=\"300\" height=\"227\" srcset=\"https:\/\/powerchip.com.br\/wp-content\/uploads\/2025\/10\/17.2.9-0261s10549-TRAS--300x227.jpg 300w, https:\/\/powerchip.com.br\/wp-content\/uploads\/2025\/10\/17.2.9-0261s10549-TRAS--1024x775.jpg 1024w, https:\/\/powerchip.com.br\/wp-content\/uploads\/2025\/10\/17.2.9-0261s10549-TRAS--768x582.jpg 768w, https:\/\/powerchip.com.br\/wp-content\/uploads\/2025\/10\/17.2.9-0261s10549-TRAS--600x454.jpg 600w, https:\/\/powerchip.com.br\/wp-content\/uploads\/2025\/10\/17.2.9-0261s10549-TRAS-.jpg 1030w\" sizes=\"auto, (max-width: 300px) 100vw, 300px\" \/><img loading=\"lazy\" decoding=\"async\" class=\"alignnone size-medium wp-image-948\" src=\"https:\/\/powerchip.com.br\/wp-content\/uploads\/2025\/11\/foto-de-zip-original--300x175.jpg\" alt=\"\" width=\"300\" height=\"175\" srcset=\"https:\/\/powerchip.com.br\/wp-content\/uploads\/2025\/11\/foto-de-zip-original--300x175.jpg 300w, https:\/\/powerchip.com.br\/wp-content\/uploads\/2025\/11\/foto-de-zip-original--600x350.jpg 600w, https:\/\/powerchip.com.br\/wp-content\/uploads\/2025\/11\/foto-de-zip-original-.jpg 727w\" sizes=\"auto, (max-width: 300px) 100vw, 300px\" \/><\/p>\n","protected":false},"featured_media":305,"template":"","meta":{"_joinchat":[]},"product_brand":[],"product_cat":[40],"product_tag":[472,471,461,473,474,475,460,116,43,465,66,204],"class_list":{"0":"post-671","1":"product","2":"type-product","3":"status-publish","4":"has-post-thumbnail","6":"product_cat-bmw","7":"product_tag-0261s10236","8":"product_tag-10375374399zx99n0b","9":"product_tag-10sw001131","10":"product_tag-473","11":"product_tag-474","12":"product_tag-475","13":"product_tag-9zx99t0b","14":"product_tag-arquivo","15":"product_tag-bmw","16":"product_tag-mevd1725","17":"product_tag-original","18":"product_tag-tc1797","20":"first","21":"instock","22":"downloadable","23":"virtual","24":"purchasable","25":"product-type-simple"},"jetpack_sharing_enabled":true,"_links":{"self":[{"href":"https:\/\/powerchip.com.br\/index.php\/wp-json\/wp\/v2\/product\/671","targetHints":{"allow":["GET"]}}],"collection":[{"href":"https:\/\/powerchip.com.br\/index.php\/wp-json\/wp\/v2\/product"}],"about":[{"href":"https:\/\/powerchip.com.br\/index.php\/wp-json\/wp\/v2\/types\/product"}],"wp:featuredmedia":[{"embeddable":true,"href":"https:\/\/powerchip.com.br\/index.php\/wp-json\/wp\/v2\/media\/305"}],"wp:attachment":[{"href":"https:\/\/powerchip.com.br\/index.php\/wp-json\/wp\/v2\/media?parent=671"}],"wp:term":[{"taxonomy":"product_brand","embeddable":true,"href":"https:\/\/powerchip.com.br\/index.php\/wp-json\/wp\/v2\/product_brand?post=671"},{"taxonomy":"product_cat","embeddable":true,"href":"https:\/\/powerchip.com.br\/index.php\/wp-json\/wp\/v2\/product_cat?post=671"},{"taxonomy":"product_tag","embeddable":true,"href":"https:\/\/powerchip.com.br\/index.php\/wp-json\/wp\/v2\/product_tag?post=671"}],"curies":[{"name":"wp","href":"https:\/\/api.w.org\/{rel}","templated":true}]}}