{"id":658,"date":"2025-11-05T00:23:45","date_gmt":"2025-11-05T00:23:45","guid":{"rendered":"https:\/\/powerchip.com.br\/?post_type=product&#038;p=658"},"modified":"2025-11-06T23:19:40","modified_gmt":"2025-11-06T23:19:40","slug":"gm-montana-kit-arquivos-painel-e-central-de-injecao-casados-1-4-e83-12679197-acb5","status":"publish","type":"product","link":"https:\/\/powerchip.com.br\/index.php\/produto\/gm-montana-kit-arquivos-painel-e-central-de-injecao-casados-1-4-e83-12679197-acb5\/","title":{"rendered":"Gm Montana kit arquivos  painel e central de inje\u00e7\u00e3o casados 1.4 E83 12679197 Acb5"},"content":{"rendered":"<h3 id=\"_iZEKafz4Bcup5OUPyJOCqAk_45\" class=\"LC20lb MBeuO DKV0Md\">\u00a0Gm Montana kit arquivos painel e central de inje\u00e7\u00e3o casados 1.4 E83 12679197 Acb5.<\/h3>\n<h3 class=\"LC20lb MBeuO DKV0Md\">Painel 35sw16 10394588 350317884 35S150\u00a0 \u00a0, leitura Beeprog&#8230;<\/h3>\n<p>Voc\u00ea recebera um link com arquivo compactado para baixar\u00a0 ap\u00f3s pagar, contendo:<\/p>\n<p>08 X ARQUIVOS.<\/p>\n<p>01 arquivo para o painel<\/p>\n<p>01 arquivo para a central de inje\u00e7\u00e3o E83 ACB5<\/p>\n<p>01 arquivo DECAT para a central de inje\u00e7\u00e3o E83 ACB5<\/p>\n<p>01 arquivo POT\u00caNCIA\u00a0 para a central de inje\u00e7\u00e3o E83 ACB5<\/p>\n<p>01 arquivo DECAT POT\u00caNCIA\u00a0 para a central de inje\u00e7\u00e3o E83 ACB5<\/p>\n<p>01 arquivo\u00a0 DECODE para a central de inje\u00e7\u00e3o E83 ACB5<\/p>\n<p>01 arquivo\u00a0 DECODE + POT\u00caNCIA para a central de inje\u00e7\u00e3o E83 ACB5<\/p>\n<p>01 arquivo\u00a0 DECODE + DECAT +POT\u00caNCIA para a central de inje\u00e7\u00e3o E83 ACB5<\/p>\n<p><a href=\"https:\/\/powerchip.com.br\/index.php\/arquivo-destinado-a-profissionais\/\">Arquivo destinado a profissionais<\/a>.<\/p>\n<p><a href=\"https:\/\/powerchip.com.br\/index.php\/como-usar-o-arquivo-comprado\/\">Como usar o arquivo<\/a>.<\/p>\n<p><a href=\"https:\/\/powerchip.com.br\/index.php\/como-comprar\/\">Como comprar<\/a><\/p>\n<audio class=\"wp-audio-shortcode\" id=\"audio-658-1\" preload=\"none\" style=\"width: 100%;\" controls=\"controls\"><source type=\"audio\/ogg\" src=\"https:\/\/powerchip.com.br\/wp-content\/uploads\/2025\/11\/AUDIO-E83-CONJUNTO-ARQUIVOS-.ogg?_=1\" \/><a href=\"https:\/\/powerchip.com.br\/wp-content\/uploads\/2025\/11\/AUDIO-E83-CONJUNTO-ARQUIVOS-.ogg\">https:\/\/powerchip.com.br\/wp-content\/uploads\/2025\/11\/AUDIO-E83-CONJUNTO-ARQUIVOS-.ogg<\/a><\/audio>\n<p><img loading=\"lazy\" decoding=\"async\" class=\"alignnone size-medium wp-image-660\" src=\"https:\/\/powerchip.com.br\/wp-content\/uploads\/2025\/11\/KIT-E83-ACB5-278x300.jpg\" alt=\"\" width=\"278\" height=\"300\" srcset=\"https:\/\/powerchip.com.br\/wp-content\/uploads\/2025\/11\/KIT-E83-ACB5-278x300.jpg 278w, https:\/\/powerchip.com.br\/wp-content\/uploads\/2025\/11\/KIT-E83-ACB5-600x647.jpg 600w, https:\/\/powerchip.com.br\/wp-content\/uploads\/2025\/11\/KIT-E83-ACB5.jpg 633w\" sizes=\"auto, (max-width: 278px) 100vw, 278px\" \/> <img loading=\"lazy\" decoding=\"async\" class=\"alignnone size-medium wp-image-661\" src=\"https:\/\/powerchip.com.br\/wp-content\/uploads\/2025\/11\/KIT-E83-300x198.jpg\" alt=\"\" width=\"300\" height=\"198\" srcset=\"https:\/\/powerchip.com.br\/wp-content\/uploads\/2025\/11\/KIT-E83-300x198.jpg 300w, https:\/\/powerchip.com.br\/wp-content\/uploads\/2025\/11\/KIT-E83-600x396.jpg 600w, https:\/\/powerchip.com.br\/wp-content\/uploads\/2025\/11\/KIT-E83.jpg 684w\" sizes=\"auto, (max-width: 300px) 100vw, 300px\" \/> <img loading=\"lazy\" decoding=\"async\" class=\"alignnone size-medium wp-image-662\" src=\"https:\/\/powerchip.com.br\/wp-content\/uploads\/2025\/11\/UYSAR-BEEPROG-35SW16-300x119.jpg\" alt=\"\" width=\"300\" height=\"119\" srcset=\"https:\/\/powerchip.com.br\/wp-content\/uploads\/2025\/11\/UYSAR-BEEPROG-35SW16-300x119.jpg 300w, https:\/\/powerchip.com.br\/wp-content\/uploads\/2025\/11\/UYSAR-BEEPROG-35SW16.jpg 555w\" sizes=\"auto, (max-width: 300px) 100vw, 300px\" \/><\/p>\n<p>&nbsp;<\/p>\n","protected":false},"excerpt":{"rendered":"<h3 id=\"_iZEKafz4Bcup5OUPyJOCqAk_45\" class=\"LC20lb MBeuO DKV0Md\">\u00a0Gm Montana kit arquivos painel e central de inje\u00e7\u00e3o casados 1.4 E83 12679197 Acb5.<\/h3>\n<h3 class=\"LC20lb MBeuO DKV0Md\">Painel 35sw16 10394588 350317884 35S150\u00a0 \u00a0, leitura Beeprog&#8230;<\/h3>\n<p><img loading=\"lazy\" decoding=\"async\" class=\"alignnone size-medium wp-image-660\" src=\"https:\/\/powerchip.com.br\/wp-content\/uploads\/2025\/11\/KIT-E83-ACB5-278x300.jpg\" alt=\"\" width=\"278\" height=\"300\" srcset=\"https:\/\/powerchip.com.br\/wp-content\/uploads\/2025\/11\/KIT-E83-ACB5-278x300.jpg 278w, https:\/\/powerchip.com.br\/wp-content\/uploads\/2025\/11\/KIT-E83-ACB5-600x647.jpg 600w, https:\/\/powerchip.com.br\/wp-content\/uploads\/2025\/11\/KIT-E83-ACB5.jpg 633w\" sizes=\"auto, (max-width: 278px) 100vw, 278px\" \/> <img loading=\"lazy\" decoding=\"async\" class=\"alignnone size-medium wp-image-661\" src=\"https:\/\/powerchip.com.br\/wp-content\/uploads\/2025\/11\/KIT-E83-300x198.jpg\" alt=\"\" width=\"300\" height=\"198\" srcset=\"https:\/\/powerchip.com.br\/wp-content\/uploads\/2025\/11\/KIT-E83-300x198.jpg 300w, https:\/\/powerchip.com.br\/wp-content\/uploads\/2025\/11\/KIT-E83-600x396.jpg 600w, https:\/\/powerchip.com.br\/wp-content\/uploads\/2025\/11\/KIT-E83.jpg 684w\" sizes=\"auto, (max-width: 300px) 100vw, 300px\" \/> <img loading=\"lazy\" decoding=\"async\" class=\"alignnone size-medium wp-image-662\" src=\"https:\/\/powerchip.com.br\/wp-content\/uploads\/2025\/11\/UYSAR-BEEPROG-35SW16-300x119.jpg\" alt=\"\" width=\"300\" height=\"119\" srcset=\"https:\/\/powerchip.com.br\/wp-content\/uploads\/2025\/11\/UYSAR-BEEPROG-35SW16-300x119.jpg 300w, https:\/\/powerchip.com.br\/wp-content\/uploads\/2025\/11\/UYSAR-BEEPROG-35SW16.jpg 555w\" sizes=\"auto, (max-width: 300px) 100vw, 300px\" \/> <img loading=\"lazy\" decoding=\"async\" class=\"alignnone size-medium wp-image-663\" src=\"https:\/\/powerchip.com.br\/wp-content\/uploads\/2025\/11\/ZIP-E83-KIT-ACB5-DECODE-POT-DECAT--300x208.jpg\" alt=\"\" width=\"300\" height=\"208\" srcset=\"https:\/\/powerchip.com.br\/wp-content\/uploads\/2025\/11\/ZIP-E83-KIT-ACB5-DECODE-POT-DECAT--300x208.jpg 300w, https:\/\/powerchip.com.br\/wp-content\/uploads\/2025\/11\/ZIP-E83-KIT-ACB5-DECODE-POT-DECAT-.jpg 507w\" sizes=\"auto, (max-width: 300px) 100vw, 300px\" \/><\/p>\n","protected":false},"featured_media":642,"template":"","meta":{"_joinchat":[]},"product_brand":[],"product_cat":[81],"product_tag":[179,455,451,456,454,452,457,450,82,449,447,446,453,448],"class_list":{"0":"post-658","1":"product","2":"type-product","3":"status-publish","4":"has-post-thumbnail","6":"product_cat-gm","7":"product_tag-1-4","8":"product_tag-455","9":"product_tag-451","10":"product_tag-350317884-35s150","11":"product_tag-35sw16","12":"product_tag-acb5","13":"product_tag-beeprog","14":"product_tag-e83","15":"product_tag-gm","16":"product_tag-injecao-casados","17":"product_tag-kit-arquivos","18":"product_tag-montana","19":"product_tag-painel","20":"product_tag-painel-e-central","22":"first","23":"instock","24":"downloadable","25":"virtual","26":"purchasable","27":"product-type-simple"},"jetpack_sharing_enabled":true,"_links":{"self":[{"href":"https:\/\/powerchip.com.br\/index.php\/wp-json\/wp\/v2\/product\/658","targetHints":{"allow":["GET"]}}],"collection":[{"href":"https:\/\/powerchip.com.br\/index.php\/wp-json\/wp\/v2\/product"}],"about":[{"href":"https:\/\/powerchip.com.br\/index.php\/wp-json\/wp\/v2\/types\/product"}],"wp:featuredmedia":[{"embeddable":true,"href":"https:\/\/powerchip.com.br\/index.php\/wp-json\/wp\/v2\/media\/642"}],"wp:attachment":[{"href":"https:\/\/powerchip.com.br\/index.php\/wp-json\/wp\/v2\/media?parent=658"}],"wp:term":[{"taxonomy":"product_brand","embeddable":true,"href":"https:\/\/powerchip.com.br\/index.php\/wp-json\/wp\/v2\/product_brand?post=658"},{"taxonomy":"product_cat","embeddable":true,"href":"https:\/\/powerchip.com.br\/index.php\/wp-json\/wp\/v2\/product_cat?post=658"},{"taxonomy":"product_tag","embeddable":true,"href":"https:\/\/powerchip.com.br\/index.php\/wp-json\/wp\/v2\/product_tag?post=658"}],"curies":[{"name":"wp","href":"https:\/\/api.w.org\/{rel}","templated":true}]}}