{"id":628,"date":"2025-11-04T10:51:46","date_gmt":"2025-11-04T10:51:46","guid":{"rendered":"https:\/\/powerchip.com.br\/?post_type=product&#038;p=628"},"modified":"2026-01-22T13:17:21","modified_gmt":"2026-01-22T13:17:21","slug":"fiat-arquivo-para-decode-potencia-decat-cat-off-original-pops-0261s13087-17-30-55266505-1037551556","status":"publish","type":"product","link":"https:\/\/powerchip.com.br\/index.php\/produto\/fiat-arquivo-para-decode-potencia-decat-cat-off-original-pops-0261s13087-17-30-55266505-1037551556\/","title":{"rendered":"FIAT  Uno 1.4 Flex 0261s13087 ARQUIVO  para decode , pot\u00eancia , decat cat-off , original pops, 0261S13087 17.30 55266505 1037551556"},"content":{"rendered":"<p>FIAT<\/p>\n<h3 id=\"_ttsJaYyKDoOc5OUP79WU6Qw_47\" class=\"LC20lb MBeuO DKV0Md\">Arquivo para Uno 1.4 Flex 0261s13087 55266505<\/h3>\n<p>ARQUIVO para Decode ,Pot\u00eancia ,Decat Cat-off , original pops, 0261S13087 17.30 55266505 1037551556<\/p>\n<p>\u201cLembrete: Este arquivo SIM necessita de prepara\u00e7\u00e3o espec\u00edfica para a central (ECU) de destino antes do uso DE ACORDO COM SEU PROGRAMADOR TRICORE SE MESMO SW.\u201d<\/p>\n<p>D\u00daVIDA? Ap\u00f3s pagar entre em contato pelo zap.<\/p>\n<p>Voc\u00ea recebera ap\u00f3s pagar:<\/p>\n<p>&nbsp;<\/p>\n<p>07 arquivos dentro do zip.<\/p>\n<p>01 ORIGINAL FIAT 0261S13087 17.30 55266505 1037551556 .ori<br \/>\n01 DECODE ORIGINAL FIAT 0261S13087 17.30 55266505 1037551556 .ori<br \/>\n01 DECODE +DECAT ORIGINAL FIAT 0261S13087 17.30 55266505 1037551556 .ori<br \/>\n01\u00a0 DECAT ORIGINAL FIAT 0261S13087 17.30 55266505 1037551556 .ori<br \/>\n01\u00a0 POT+ POPS DECAT fiat. 0261S13087 17.30 55266505 1037551556<br \/>\n01\u00a0 POT + DECAT FIAT 0261S13087 17.30 55266505 1037551556<br \/>\n01 DECODE + POT POPS DECAT FIAT . 0261S13087 17.30 55266505 1037551556<\/p>\n<p>Agora n\u00e3o tem\u00a0 como falar que\u00a0 \u00a0n\u00e3o tem o arquivo que precisa para seu cliente.<\/p>\n<p><a href=\"https:\/\/powerchip.com.br\/index.php\/arquivo-destinado-a-profissionais\/\">Arquivo destinado a profissionais<\/a>.<\/p>\n<p><a href=\"https:\/\/powerchip.com.br\/index.php\/como-usar-o-arquivo-comprado\/\">Como usar o arquivo<\/a>.<\/p>\n<p><a href=\"https:\/\/powerchip.com.br\/index.php\/como-comprar\/\">Como comprar<\/a><\/p>\n<p><img loading=\"lazy\" decoding=\"async\" class=\"alignnone size-medium wp-image-630\" src=\"https:\/\/powerchip.com.br\/wp-content\/uploads\/2025\/11\/arquivo-Fiat-Uno-1.4-Flex-0261s13087-55266505--300x249.jpg\" alt=\"\" width=\"300\" height=\"249\" srcset=\"https:\/\/powerchip.com.br\/wp-content\/uploads\/2025\/11\/arquivo-Fiat-Uno-1.4-Flex-0261s13087-55266505--300x249.jpg 300w, https:\/\/powerchip.com.br\/wp-content\/uploads\/2025\/11\/arquivo-Fiat-Uno-1.4-Flex-0261s13087-55266505--768x638.jpg 768w, https:\/\/powerchip.com.br\/wp-content\/uploads\/2025\/11\/arquivo-Fiat-Uno-1.4-Flex-0261s13087-55266505--600x498.jpg 600w, https:\/\/powerchip.com.br\/wp-content\/uploads\/2025\/11\/arquivo-Fiat-Uno-1.4-Flex-0261s13087-55266505-.jpg 920w\" sizes=\"auto, (max-width: 300px) 100vw, 300px\" \/><img loading=\"lazy\" decoding=\"async\" class=\"alignnone size-medium wp-image-623\" src=\"https:\/\/powerchip.com.br\/wp-content\/uploads\/2025\/11\/boot-powerchip-fiat-17.30-TC1724--300x92.jpg\" alt=\"\" width=\"300\" height=\"92\" srcset=\"https:\/\/powerchip.com.br\/wp-content\/uploads\/2025\/11\/boot-powerchip-fiat-17.30-TC1724--300x92.jpg 300w, https:\/\/powerchip.com.br\/wp-content\/uploads\/2025\/11\/boot-powerchip-fiat-17.30-TC1724--1024x314.jpg 1024w, https:\/\/powerchip.com.br\/wp-content\/uploads\/2025\/11\/boot-powerchip-fiat-17.30-TC1724--768x235.jpg 768w, https:\/\/powerchip.com.br\/wp-content\/uploads\/2025\/11\/boot-powerchip-fiat-17.30-TC1724--600x184.jpg 600w, https:\/\/powerchip.com.br\/wp-content\/uploads\/2025\/11\/boot-powerchip-fiat-17.30-TC1724-.jpg 1097w\" sizes=\"auto, (max-width: 300px) 100vw, 300px\" \/><img loading=\"lazy\" decoding=\"async\" class=\"alignnone size-medium wp-image-631\" src=\"https:\/\/powerchip.com.br\/wp-content\/uploads\/2025\/11\/arquivo-zipado-Fiat-Uno-1.4-Flex-0261s13087-55266505--300x199.jpg\" alt=\"\" width=\"300\" height=\"199\" srcset=\"https:\/\/powerchip.com.br\/wp-content\/uploads\/2025\/11\/arquivo-zipado-Fiat-Uno-1.4-Flex-0261s13087-55266505--300x199.jpg 300w, https:\/\/powerchip.com.br\/wp-content\/uploads\/2025\/11\/arquivo-zipado-Fiat-Uno-1.4-Flex-0261s13087-55266505-.jpg 513w\" sizes=\"auto, (max-width: 300px) 100vw, 300px\" \/><img loading=\"lazy\" decoding=\"async\" class=\"alignnone size-medium wp-image-329\" src=\"https:\/\/powerchip.com.br\/wp-content\/uploads\/2025\/10\/foto-de-zip-INJECAO-POT-POPS-DECAT--300x198.jpg\" alt=\"\" width=\"300\" height=\"198\" srcset=\"https:\/\/powerchip.com.br\/wp-content\/uploads\/2025\/10\/foto-de-zip-INJECAO-POT-POPS-DECAT--300x198.jpg 300w, https:\/\/powerchip.com.br\/wp-content\/uploads\/2025\/10\/foto-de-zip-INJECAO-POT-POPS-DECAT--768x506.jpg 768w, https:\/\/powerchip.com.br\/wp-content\/uploads\/2025\/10\/foto-de-zip-INJECAO-POT-POPS-DECAT--600x396.jpg 600w, https:\/\/powerchip.com.br\/wp-content\/uploads\/2025\/10\/foto-de-zip-INJECAO-POT-POPS-DECAT-.jpg 775w\" sizes=\"auto, (max-width: 300px) 100vw, 300px\" \/><img loading=\"lazy\" decoding=\"async\" class=\"alignnone size-medium wp-image-944\" src=\"https:\/\/powerchip.com.br\/wp-content\/uploads\/2025\/11\/foto-de-zip-catalizador--300x174.jpg\" alt=\"\" width=\"300\" height=\"174\" srcset=\"https:\/\/powerchip.com.br\/wp-content\/uploads\/2025\/11\/foto-de-zip-catalizador--300x174.jpg 300w, https:\/\/powerchip.com.br\/wp-content\/uploads\/2025\/11\/foto-de-zip-catalizador--600x348.jpg 600w, https:\/\/powerchip.com.br\/wp-content\/uploads\/2025\/11\/foto-de-zip-catalizador-.jpg 733w\" sizes=\"auto, (max-width: 300px) 100vw, 300px\" \/><img loading=\"lazy\" decoding=\"async\" class=\"alignnone size-medium wp-image-948\" src=\"https:\/\/powerchip.com.br\/wp-content\/uploads\/2025\/11\/foto-de-zip-original--300x175.jpg\" alt=\"\" width=\"300\" height=\"175\" srcset=\"https:\/\/powerchip.com.br\/wp-content\/uploads\/2025\/11\/foto-de-zip-original--300x175.jpg 300w, https:\/\/powerchip.com.br\/wp-content\/uploads\/2025\/11\/foto-de-zip-original--600x350.jpg 600w, https:\/\/powerchip.com.br\/wp-content\/uploads\/2025\/11\/foto-de-zip-original-.jpg 727w\" sizes=\"auto, (max-width: 300px) 100vw, 300px\" \/><img loading=\"lazy\" decoding=\"async\" class=\"alignnone size-medium wp-image-360\" src=\"https:\/\/powerchip.com.br\/wp-content\/uploads\/2025\/10\/foto-de-zip-INJECAO-DECODE--300x198.jpg\" alt=\"\" width=\"300\" height=\"198\" srcset=\"https:\/\/powerchip.com.br\/wp-content\/uploads\/2025\/10\/foto-de-zip-INJECAO-DECODE--300x198.jpg 300w, https:\/\/powerchip.com.br\/wp-content\/uploads\/2025\/10\/foto-de-zip-INJECAO-DECODE--768x506.jpg 768w, https:\/\/powerchip.com.br\/wp-content\/uploads\/2025\/10\/foto-de-zip-INJECAO-DECODE--600x396.jpg 600w, https:\/\/powerchip.com.br\/wp-content\/uploads\/2025\/10\/foto-de-zip-INJECAO-DECODE-.jpg 775w\" sizes=\"auto, (max-width: 300px) 100vw, 300px\" \/><img loading=\"lazy\" decoding=\"async\" class=\"alignnone size-medium wp-image-943\" src=\"https:\/\/powerchip.com.br\/wp-content\/uploads\/2025\/11\/foto-de-zip-potencia-1-1-300x170.jpg\" alt=\"\" width=\"300\" height=\"170\" srcset=\"https:\/\/powerchip.com.br\/wp-content\/uploads\/2025\/11\/foto-de-zip-potencia-1-1-300x170.jpg 300w, https:\/\/powerchip.com.br\/wp-content\/uploads\/2025\/11\/foto-de-zip-potencia-1-1-600x341.jpg 600w, https:\/\/powerchip.com.br\/wp-content\/uploads\/2025\/11\/foto-de-zip-potencia-1-1.jpg 733w\" sizes=\"auto, (max-width: 300px) 100vw, 300px\" \/><img loading=\"lazy\" decoding=\"async\" class=\"alignnone size-medium wp-image-942\" src=\"https:\/\/powerchip.com.br\/wp-content\/uploads\/2025\/11\/foto-de-zip-POPS--300x174.jpg\" alt=\"\" width=\"300\" height=\"174\" srcset=\"https:\/\/powerchip.com.br\/wp-content\/uploads\/2025\/11\/foto-de-zip-POPS--300x174.jpg 300w, https:\/\/powerchip.com.br\/wp-content\/uploads\/2025\/11\/foto-de-zip-POPS--600x348.jpg 600w, https:\/\/powerchip.com.br\/wp-content\/uploads\/2025\/11\/foto-de-zip-POPS-.jpg 733w\" sizes=\"auto, (max-width: 300px) 100vw, 300px\" \/><\/p>\n","protected":false},"excerpt":{"rendered":"<p>FIAT<\/p>\n<h3 id=\"_ttsJaYyKDoOc5OUP79WU6Qw_47\" class=\"LC20lb MBeuO DKV0Md\">Arquivo para Uno 1.4 Flex 0261s13087 55266505<\/h3>\n<p>ARQUIVO para Decode ,Pot\u00eancia ,Decat Cat-off , original pops, 0261S13087 17.30 55266505 1037551556<\/p>\n<p><img loading=\"lazy\" decoding=\"async\" class=\"alignnone size-medium wp-image-630\" src=\"https:\/\/powerchip.com.br\/wp-content\/uploads\/2025\/11\/arquivo-Fiat-Uno-1.4-Flex-0261s13087-55266505--300x249.jpg\" alt=\"\" width=\"300\" height=\"249\" srcset=\"https:\/\/powerchip.com.br\/wp-content\/uploads\/2025\/11\/arquivo-Fiat-Uno-1.4-Flex-0261s13087-55266505--300x249.jpg 300w, https:\/\/powerchip.com.br\/wp-content\/uploads\/2025\/11\/arquivo-Fiat-Uno-1.4-Flex-0261s13087-55266505--768x638.jpg 768w, https:\/\/powerchip.com.br\/wp-content\/uploads\/2025\/11\/arquivo-Fiat-Uno-1.4-Flex-0261s13087-55266505--600x498.jpg 600w, https:\/\/powerchip.com.br\/wp-content\/uploads\/2025\/11\/arquivo-Fiat-Uno-1.4-Flex-0261s13087-55266505-.jpg 920w\" sizes=\"auto, (max-width: 300px) 100vw, 300px\" \/><img loading=\"lazy\" decoding=\"async\" class=\"alignnone size-medium wp-image-623\" src=\"https:\/\/powerchip.com.br\/wp-content\/uploads\/2025\/11\/boot-powerchip-fiat-17.30-TC1724--300x92.jpg\" alt=\"\" width=\"300\" height=\"92\" srcset=\"https:\/\/powerchip.com.br\/wp-content\/uploads\/2025\/11\/boot-powerchip-fiat-17.30-TC1724--300x92.jpg 300w, https:\/\/powerchip.com.br\/wp-content\/uploads\/2025\/11\/boot-powerchip-fiat-17.30-TC1724--1024x314.jpg 1024w, https:\/\/powerchip.com.br\/wp-content\/uploads\/2025\/11\/boot-powerchip-fiat-17.30-TC1724--768x235.jpg 768w, https:\/\/powerchip.com.br\/wp-content\/uploads\/2025\/11\/boot-powerchip-fiat-17.30-TC1724--600x184.jpg 600w, https:\/\/powerchip.com.br\/wp-content\/uploads\/2025\/11\/boot-powerchip-fiat-17.30-TC1724-.jpg 1097w\" sizes=\"auto, (max-width: 300px) 100vw, 300px\" \/><img loading=\"lazy\" decoding=\"async\" class=\"alignnone size-medium wp-image-631\" src=\"https:\/\/powerchip.com.br\/wp-content\/uploads\/2025\/11\/arquivo-zipado-Fiat-Uno-1.4-Flex-0261s13087-55266505--300x199.jpg\" alt=\"\" width=\"300\" height=\"199\" srcset=\"https:\/\/powerchip.com.br\/wp-content\/uploads\/2025\/11\/arquivo-zipado-Fiat-Uno-1.4-Flex-0261s13087-55266505--300x199.jpg 300w, https:\/\/powerchip.com.br\/wp-content\/uploads\/2025\/11\/arquivo-zipado-Fiat-Uno-1.4-Flex-0261s13087-55266505-.jpg 513w\" sizes=\"auto, (max-width: 300px) 100vw, 300px\" \/><img loading=\"lazy\" decoding=\"async\" class=\"alignnone size-medium wp-image-329\" src=\"https:\/\/powerchip.com.br\/wp-content\/uploads\/2025\/10\/foto-de-zip-INJECAO-POT-POPS-DECAT--300x198.jpg\" alt=\"\" width=\"300\" height=\"198\" srcset=\"https:\/\/powerchip.com.br\/wp-content\/uploads\/2025\/10\/foto-de-zip-INJECAO-POT-POPS-DECAT--300x198.jpg 300w, https:\/\/powerchip.com.br\/wp-content\/uploads\/2025\/10\/foto-de-zip-INJECAO-POT-POPS-DECAT--768x506.jpg 768w, https:\/\/powerchip.com.br\/wp-content\/uploads\/2025\/10\/foto-de-zip-INJECAO-POT-POPS-DECAT--600x396.jpg 600w, https:\/\/powerchip.com.br\/wp-content\/uploads\/2025\/10\/foto-de-zip-INJECAO-POT-POPS-DECAT-.jpg 775w\" sizes=\"auto, (max-width: 300px) 100vw, 300px\" \/><img loading=\"lazy\" decoding=\"async\" class=\"alignnone size-medium wp-image-944\" src=\"https:\/\/powerchip.com.br\/wp-content\/uploads\/2025\/11\/foto-de-zip-catalizador--300x174.jpg\" alt=\"\" width=\"300\" height=\"174\" srcset=\"https:\/\/powerchip.com.br\/wp-content\/uploads\/2025\/11\/foto-de-zip-catalizador--300x174.jpg 300w, https:\/\/powerchip.com.br\/wp-content\/uploads\/2025\/11\/foto-de-zip-catalizador--600x348.jpg 600w, https:\/\/powerchip.com.br\/wp-content\/uploads\/2025\/11\/foto-de-zip-catalizador-.jpg 733w\" sizes=\"auto, (max-width: 300px) 100vw, 300px\" \/><img loading=\"lazy\" decoding=\"async\" class=\"alignnone size-medium wp-image-948\" src=\"https:\/\/powerchip.com.br\/wp-content\/uploads\/2025\/11\/foto-de-zip-original--300x175.jpg\" alt=\"\" width=\"300\" height=\"175\" srcset=\"https:\/\/powerchip.com.br\/wp-content\/uploads\/2025\/11\/foto-de-zip-original--300x175.jpg 300w, https:\/\/powerchip.com.br\/wp-content\/uploads\/2025\/11\/foto-de-zip-original--600x350.jpg 600w, https:\/\/powerchip.com.br\/wp-content\/uploads\/2025\/11\/foto-de-zip-original-.jpg 727w\" sizes=\"auto, (max-width: 300px) 100vw, 300px\" \/><img loading=\"lazy\" decoding=\"async\" class=\"alignnone size-medium wp-image-360\" src=\"https:\/\/powerchip.com.br\/wp-content\/uploads\/2025\/10\/foto-de-zip-INJECAO-DECODE--300x198.jpg\" alt=\"\" width=\"300\" height=\"198\" srcset=\"https:\/\/powerchip.com.br\/wp-content\/uploads\/2025\/10\/foto-de-zip-INJECAO-DECODE--300x198.jpg 300w, https:\/\/powerchip.com.br\/wp-content\/uploads\/2025\/10\/foto-de-zip-INJECAO-DECODE--768x506.jpg 768w, https:\/\/powerchip.com.br\/wp-content\/uploads\/2025\/10\/foto-de-zip-INJECAO-DECODE--600x396.jpg 600w, https:\/\/powerchip.com.br\/wp-content\/uploads\/2025\/10\/foto-de-zip-INJECAO-DECODE-.jpg 775w\" sizes=\"auto, (max-width: 300px) 100vw, 300px\" \/><img loading=\"lazy\" decoding=\"async\" class=\"alignnone size-medium wp-image-943\" src=\"https:\/\/powerchip.com.br\/wp-content\/uploads\/2025\/11\/foto-de-zip-potencia-1-1-300x170.jpg\" alt=\"\" width=\"300\" height=\"170\" srcset=\"https:\/\/powerchip.com.br\/wp-content\/uploads\/2025\/11\/foto-de-zip-potencia-1-1-300x170.jpg 300w, https:\/\/powerchip.com.br\/wp-content\/uploads\/2025\/11\/foto-de-zip-potencia-1-1-600x341.jpg 600w, https:\/\/powerchip.com.br\/wp-content\/uploads\/2025\/11\/foto-de-zip-potencia-1-1.jpg 733w\" sizes=\"auto, (max-width: 300px) 100vw, 300px\" \/><img loading=\"lazy\" decoding=\"async\" class=\"alignnone size-medium wp-image-942\" src=\"https:\/\/powerchip.com.br\/wp-content\/uploads\/2025\/11\/foto-de-zip-POPS--300x174.jpg\" alt=\"\" width=\"300\" height=\"174\" srcset=\"https:\/\/powerchip.com.br\/wp-content\/uploads\/2025\/11\/foto-de-zip-POPS--300x174.jpg 300w, https:\/\/powerchip.com.br\/wp-content\/uploads\/2025\/11\/foto-de-zip-POPS--600x348.jpg 600w, https:\/\/powerchip.com.br\/wp-content\/uploads\/2025\/11\/foto-de-zip-POPS-.jpg 733w\" sizes=\"auto, (max-width: 300px) 100vw, 300px\" \/><\/p>\n","protected":false},"featured_media":329,"template":"","meta":{"_joinchat":[]},"product_brand":[],"product_cat":[247,21],"product_tag":[415,419,179,416,417,127,113,418,41,178],"class_list":{"0":"post-628","1":"product","2":"type-product","3":"status-publish","4":"has-post-thumbnail","6":"product_cat-fca","7":"product_cat-fiat","8":"product_tag-0261s13087","9":"product_tag-0261s13087-17-30-55266505-1037551556","10":"product_tag-1-4","11":"product_tag-416","12":"product_tag-decat-cat-off","13":"product_tag-decode","14":"product_tag-flex","15":"product_tag-original-pops","16":"product_tag-potencia","17":"product_tag-uno","19":"first","20":"instock","21":"downloadable","22":"virtual","23":"purchasable","24":"product-type-simple"},"jetpack_sharing_enabled":true,"_links":{"self":[{"href":"https:\/\/powerchip.com.br\/index.php\/wp-json\/wp\/v2\/product\/628","targetHints":{"allow":["GET"]}}],"collection":[{"href":"https:\/\/powerchip.com.br\/index.php\/wp-json\/wp\/v2\/product"}],"about":[{"href":"https:\/\/powerchip.com.br\/index.php\/wp-json\/wp\/v2\/types\/product"}],"wp:featuredmedia":[{"embeddable":true,"href":"https:\/\/powerchip.com.br\/index.php\/wp-json\/wp\/v2\/media\/329"}],"wp:attachment":[{"href":"https:\/\/powerchip.com.br\/index.php\/wp-json\/wp\/v2\/media?parent=628"}],"wp:term":[{"taxonomy":"product_brand","embeddable":true,"href":"https:\/\/powerchip.com.br\/index.php\/wp-json\/wp\/v2\/product_brand?post=628"},{"taxonomy":"product_cat","embeddable":true,"href":"https:\/\/powerchip.com.br\/index.php\/wp-json\/wp\/v2\/product_cat?post=628"},{"taxonomy":"product_tag","embeddable":true,"href":"https:\/\/powerchip.com.br\/index.php\/wp-json\/wp\/v2\/product_tag?post=628"}],"curies":[{"name":"wp","href":"https:\/\/api.w.org\/{rel}","templated":true}]}}