{"id":620,"date":"2025-11-03T23:56:50","date_gmt":"2025-11-03T23:56:50","guid":{"rendered":"https:\/\/powerchip.com.br\/?post_type=product&#038;p=620"},"modified":"2025-11-12T22:48:03","modified_gmt":"2025-11-12T22:48:03","slug":"fiat-uno-1-4-arquivo-potencia-e-arquivo-de-decode-sem-imobilizador-0261s13060-55266481-17-30-tc1724-1037551872","status":"publish","type":"product","link":"https:\/\/powerchip.com.br\/index.php\/produto\/fiat-uno-1-4-arquivo-potencia-e-arquivo-de-decode-sem-imobilizador-0261s13060-55266481-17-30-tc1724-1037551872\/","title":{"rendered":"Fiat Uno 1.4  , ARQUIVO POT\u00caNCIA  e arquivo de Decode -sem imobilizador 0261S13060   55266481 17.30  TC1724 1037551872"},"content":{"rendered":"<div id=\":13n\" class=\"Am aiL Al editable LW-avf tS-tW tS-tY\" tabindex=\"1\" role=\"textbox\" contenteditable=\"true\" spellcheck=\"false\" aria-label=\"Corpo da mensagem\" aria-multiline=\"true\" aria-owns=\":16d\" aria-controls=\":16d\" aria-expanded=\"false\">\n<p>Fiat Uno 1.4 , ARQUIVO POT\u00caNCIA e arquivo de Decode -sem imobilizador 0261S13060 \u00a055266481 17.30 TC1724 1037551872<\/p>\n<p>\u201cLembrete: Este arquivo SIM necessita de prepara\u00e7\u00e3o espec\u00edfica para a central (ECU) de destino antes do uso DE ACORDO COM SEU PROGRAMADOR TRICORE.\u201d<\/p>\n<p>D\u00daVIDA? Ap\u00f3s pagar entre em contato pelo zap.<\/p>\n<p>Voc\u00ea recebera ap\u00f3s pagar:<\/p>\n<p>04 arquivos dentro do zip.<\/p>\n<p>01\u00a0 arquivo original<\/p>\n<p>01\u00a0 arquivo original com Decode, sem imobilizador.<\/p>\n<p>01\u00a0 arquivo\u00a0 de pot\u00eancia .<\/p>\n<p>01\u00a0 arquivo\u00a0 \u00a0 de pot\u00eancia\u00a0 com Decode, sem imobilizador.<\/p>\n<\/div>\n<p>02 Brindes ARQUIVOS DECAT , CAT OFF.+CHECKSUM<\/p>\n<p><a href=\"https:\/\/powerchip.com.br\/index.php\/arquivo-destinado-a-profissionais\/\">Arquivo destinado a profissionais<\/a>.<\/p>\n<p><a href=\"https:\/\/powerchip.com.br\/index.php\/como-usar-o-arquivo-comprado\/\">Como usar o arquivo<\/a>.<\/p>\n<p><a href=\"https:\/\/powerchip.com.br\/index.php\/como-comprar\/\">Como comprar<\/a><\/p>\n<audio class=\"wp-audio-shortcode\" id=\"audio-620-1\" preload=\"none\" style=\"width: 100%;\" controls=\"controls\"><source type=\"audio\/ogg\" src=\"https:\/\/powerchip.com.br\/wp-content\/uploads\/2025\/11\/AUDI-POT-DECAT-DECODE-BRINDE-POPS-.ogg?_=1\" \/><a href=\"https:\/\/powerchip.com.br\/wp-content\/uploads\/2025\/11\/AUDI-POT-DECAT-DECODE-BRINDE-POPS-.ogg\">https:\/\/powerchip.com.br\/wp-content\/uploads\/2025\/11\/AUDI-POT-DECAT-DECODE-BRINDE-POPS-.ogg<\/a><\/audio>\n<p>&nbsp;<\/p>\n<p>&nbsp;<\/p>\n<p><img loading=\"lazy\" decoding=\"async\" class=\"alignnone size-medium wp-image-621\" src=\"https:\/\/powerchip.com.br\/wp-content\/uploads\/2025\/11\/arquivo-powerchip-0261S13060-55266481-17.30-TC1724-103755187--300x251.jpg\" alt=\"\" width=\"300\" height=\"251\" \/><img loading=\"lazy\" decoding=\"async\" class=\"alignnone size-medium wp-image-494\" src=\"https:\/\/powerchip.com.br\/wp-content\/uploads\/2025\/10\/zip-INJECAO-GAS-ALC-POT-ORI-DECODE--300x198.jpg\" alt=\"\" width=\"300\" height=\"198\" srcset=\"https:\/\/powerchip.com.br\/wp-content\/uploads\/2025\/10\/zip-INJECAO-GAS-ALC-POT-ORI-DECODE--300x198.jpg 300w, https:\/\/powerchip.com.br\/wp-content\/uploads\/2025\/10\/zip-INJECAO-GAS-ALC-POT-ORI-DECODE--768x506.jpg 768w, https:\/\/powerchip.com.br\/wp-content\/uploads\/2025\/10\/zip-INJECAO-GAS-ALC-POT-ORI-DECODE--600x396.jpg 600w, https:\/\/powerchip.com.br\/wp-content\/uploads\/2025\/10\/zip-INJECAO-GAS-ALC-POT-ORI-DECODE-.jpg 775w\" sizes=\"auto, (max-width: 300px) 100vw, 300px\" \/><img loading=\"lazy\" decoding=\"async\" class=\"alignnone size-medium wp-image-623\" src=\"https:\/\/powerchip.com.br\/wp-content\/uploads\/2025\/11\/boot-powerchip-fiat-17.30-TC1724--300x92.jpg\" alt=\"\" width=\"300\" height=\"92\" srcset=\"https:\/\/powerchip.com.br\/wp-content\/uploads\/2025\/11\/boot-powerchip-fiat-17.30-TC1724--300x92.jpg 300w, https:\/\/powerchip.com.br\/wp-content\/uploads\/2025\/11\/boot-powerchip-fiat-17.30-TC1724--1024x314.jpg 1024w, https:\/\/powerchip.com.br\/wp-content\/uploads\/2025\/11\/boot-powerchip-fiat-17.30-TC1724--768x235.jpg 768w, https:\/\/powerchip.com.br\/wp-content\/uploads\/2025\/11\/boot-powerchip-fiat-17.30-TC1724--600x184.jpg 600w, https:\/\/powerchip.com.br\/wp-content\/uploads\/2025\/11\/boot-powerchip-fiat-17.30-TC1724-.jpg 1097w\" sizes=\"auto, (max-width: 300px) 100vw, 300px\" \/><img loading=\"lazy\" decoding=\"async\" class=\"alignnone size-medium wp-image-329\" src=\"https:\/\/powerchip.com.br\/wp-content\/uploads\/2025\/10\/foto-de-zip-INJECAO-POT-POPS-DECAT--300x198.jpg\" alt=\"\" width=\"300\" height=\"198\" srcset=\"https:\/\/powerchip.com.br\/wp-content\/uploads\/2025\/10\/foto-de-zip-INJECAO-POT-POPS-DECAT--300x198.jpg 300w, https:\/\/powerchip.com.br\/wp-content\/uploads\/2025\/10\/foto-de-zip-INJECAO-POT-POPS-DECAT--768x506.jpg 768w, https:\/\/powerchip.com.br\/wp-content\/uploads\/2025\/10\/foto-de-zip-INJECAO-POT-POPS-DECAT--600x396.jpg 600w, https:\/\/powerchip.com.br\/wp-content\/uploads\/2025\/10\/foto-de-zip-INJECAO-POT-POPS-DECAT-.jpg 775w\" sizes=\"auto, (max-width: 300px) 100vw, 300px\" \/><img loading=\"lazy\" decoding=\"async\" class=\"alignnone size-medium wp-image-944\" src=\"https:\/\/powerchip.com.br\/wp-content\/uploads\/2025\/11\/foto-de-zip-catalizador--300x174.jpg\" alt=\"\" width=\"300\" height=\"174\" srcset=\"https:\/\/powerchip.com.br\/wp-content\/uploads\/2025\/11\/foto-de-zip-catalizador--300x174.jpg 300w, https:\/\/powerchip.com.br\/wp-content\/uploads\/2025\/11\/foto-de-zip-catalizador--600x348.jpg 600w, https:\/\/powerchip.com.br\/wp-content\/uploads\/2025\/11\/foto-de-zip-catalizador-.jpg 733w\" sizes=\"auto, (max-width: 300px) 100vw, 300px\" \/><img loading=\"lazy\" decoding=\"async\" class=\"alignnone size-medium wp-image-948\" src=\"https:\/\/powerchip.com.br\/wp-content\/uploads\/2025\/11\/foto-de-zip-original--300x175.jpg\" alt=\"\" width=\"300\" height=\"175\" srcset=\"https:\/\/powerchip.com.br\/wp-content\/uploads\/2025\/11\/foto-de-zip-original--300x175.jpg 300w, https:\/\/powerchip.com.br\/wp-content\/uploads\/2025\/11\/foto-de-zip-original--600x350.jpg 600w, https:\/\/powerchip.com.br\/wp-content\/uploads\/2025\/11\/foto-de-zip-original-.jpg 727w\" sizes=\"auto, (max-width: 300px) 100vw, 300px\" \/><img loading=\"lazy\" decoding=\"async\" class=\"alignnone size-medium wp-image-360\" src=\"https:\/\/powerchip.com.br\/wp-content\/uploads\/2025\/10\/foto-de-zip-INJECAO-DECODE--300x198.jpg\" alt=\"\" width=\"300\" height=\"198\" srcset=\"https:\/\/powerchip.com.br\/wp-content\/uploads\/2025\/10\/foto-de-zip-INJECAO-DECODE--300x198.jpg 300w, https:\/\/powerchip.com.br\/wp-content\/uploads\/2025\/10\/foto-de-zip-INJECAO-DECODE--768x506.jpg 768w, https:\/\/powerchip.com.br\/wp-content\/uploads\/2025\/10\/foto-de-zip-INJECAO-DECODE--600x396.jpg 600w, https:\/\/powerchip.com.br\/wp-content\/uploads\/2025\/10\/foto-de-zip-INJECAO-DECODE-.jpg 775w\" sizes=\"auto, (max-width: 300px) 100vw, 300px\" \/><img loading=\"lazy\" decoding=\"async\" class=\"alignnone size-medium wp-image-943\" src=\"https:\/\/powerchip.com.br\/wp-content\/uploads\/2025\/11\/foto-de-zip-potencia-1-1-300x170.jpg\" alt=\"\" width=\"300\" height=\"170\" srcset=\"https:\/\/powerchip.com.br\/wp-content\/uploads\/2025\/11\/foto-de-zip-potencia-1-1-300x170.jpg 300w, https:\/\/powerchip.com.br\/wp-content\/uploads\/2025\/11\/foto-de-zip-potencia-1-1-600x341.jpg 600w, https:\/\/powerchip.com.br\/wp-content\/uploads\/2025\/11\/foto-de-zip-potencia-1-1.jpg 733w\" sizes=\"auto, (max-width: 300px) 100vw, 300px\" \/><\/p>\n","protected":false},"excerpt":{"rendered":"<p>Fiat Uno 1.4 , ARQUIVO POTENCIA e arquivo de Decode -sem imobilizador 0261S13060 17.30 TC1724 1037551872 \u00a055266481<\/p>\n<p><img loading=\"lazy\" decoding=\"async\" class=\"alignnone size-medium wp-image-621\" src=\"https:\/\/powerchip.com.br\/wp-content\/uploads\/2025\/11\/arquivo-powerchip-0261S13060-55266481-17.30-TC1724-103755187--300x251.jpg\" alt=\"\" width=\"300\" height=\"251\" \/><img loading=\"lazy\" decoding=\"async\" class=\"alignnone size-medium wp-image-494\" src=\"https:\/\/powerchip.com.br\/wp-content\/uploads\/2025\/10\/zip-INJECAO-GAS-ALC-POT-ORI-DECODE--300x198.jpg\" alt=\"\" width=\"300\" height=\"198\" srcset=\"https:\/\/powerchip.com.br\/wp-content\/uploads\/2025\/10\/zip-INJECAO-GAS-ALC-POT-ORI-DECODE--300x198.jpg 300w, https:\/\/powerchip.com.br\/wp-content\/uploads\/2025\/10\/zip-INJECAO-GAS-ALC-POT-ORI-DECODE--768x506.jpg 768w, https:\/\/powerchip.com.br\/wp-content\/uploads\/2025\/10\/zip-INJECAO-GAS-ALC-POT-ORI-DECODE--600x396.jpg 600w, https:\/\/powerchip.com.br\/wp-content\/uploads\/2025\/10\/zip-INJECAO-GAS-ALC-POT-ORI-DECODE-.jpg 775w\" sizes=\"auto, (max-width: 300px) 100vw, 300px\" \/><img loading=\"lazy\" decoding=\"async\" class=\"alignnone size-medium wp-image-623\" src=\"https:\/\/powerchip.com.br\/wp-content\/uploads\/2025\/11\/boot-powerchip-fiat-17.30-TC1724--300x92.jpg\" alt=\"\" width=\"300\" height=\"92\" srcset=\"https:\/\/powerchip.com.br\/wp-content\/uploads\/2025\/11\/boot-powerchip-fiat-17.30-TC1724--300x92.jpg 300w, https:\/\/powerchip.com.br\/wp-content\/uploads\/2025\/11\/boot-powerchip-fiat-17.30-TC1724--1024x314.jpg 1024w, https:\/\/powerchip.com.br\/wp-content\/uploads\/2025\/11\/boot-powerchip-fiat-17.30-TC1724--768x235.jpg 768w, https:\/\/powerchip.com.br\/wp-content\/uploads\/2025\/11\/boot-powerchip-fiat-17.30-TC1724--600x184.jpg 600w, https:\/\/powerchip.com.br\/wp-content\/uploads\/2025\/11\/boot-powerchip-fiat-17.30-TC1724-.jpg 1097w\" sizes=\"auto, (max-width: 300px) 100vw, 300px\" \/><img loading=\"lazy\" decoding=\"async\" class=\"alignnone size-medium wp-image-329\" src=\"https:\/\/powerchip.com.br\/wp-content\/uploads\/2025\/10\/foto-de-zip-INJECAO-POT-POPS-DECAT--300x198.jpg\" alt=\"\" width=\"300\" height=\"198\" srcset=\"https:\/\/powerchip.com.br\/wp-content\/uploads\/2025\/10\/foto-de-zip-INJECAO-POT-POPS-DECAT--300x198.jpg 300w, https:\/\/powerchip.com.br\/wp-content\/uploads\/2025\/10\/foto-de-zip-INJECAO-POT-POPS-DECAT--768x506.jpg 768w, https:\/\/powerchip.com.br\/wp-content\/uploads\/2025\/10\/foto-de-zip-INJECAO-POT-POPS-DECAT--600x396.jpg 600w, https:\/\/powerchip.com.br\/wp-content\/uploads\/2025\/10\/foto-de-zip-INJECAO-POT-POPS-DECAT-.jpg 775w\" sizes=\"auto, (max-width: 300px) 100vw, 300px\" \/><img loading=\"lazy\" decoding=\"async\" class=\"alignnone size-medium wp-image-329\" src=\"https:\/\/powerchip.com.br\/wp-content\/uploads\/2025\/10\/foto-de-zip-INJECAO-POT-POPS-DECAT--300x198.jpg\" alt=\"\" width=\"300\" height=\"198\" srcset=\"https:\/\/powerchip.com.br\/wp-content\/uploads\/2025\/10\/foto-de-zip-INJECAO-POT-POPS-DECAT--300x198.jpg 300w, https:\/\/powerchip.com.br\/wp-content\/uploads\/2025\/10\/foto-de-zip-INJECAO-POT-POPS-DECAT--768x506.jpg 768w, https:\/\/powerchip.com.br\/wp-content\/uploads\/2025\/10\/foto-de-zip-INJECAO-POT-POPS-DECAT--600x396.jpg 600w, https:\/\/powerchip.com.br\/wp-content\/uploads\/2025\/10\/foto-de-zip-INJECAO-POT-POPS-DECAT-.jpg 775w\" sizes=\"auto, (max-width: 300px) 100vw, 300px\" \/><img loading=\"lazy\" decoding=\"async\" class=\"alignnone size-medium wp-image-944\" src=\"https:\/\/powerchip.com.br\/wp-content\/uploads\/2025\/11\/foto-de-zip-catalizador--300x174.jpg\" alt=\"\" width=\"300\" height=\"174\" srcset=\"https:\/\/powerchip.com.br\/wp-content\/uploads\/2025\/11\/foto-de-zip-catalizador--300x174.jpg 300w, https:\/\/powerchip.com.br\/wp-content\/uploads\/2025\/11\/foto-de-zip-catalizador--600x348.jpg 600w, https:\/\/powerchip.com.br\/wp-content\/uploads\/2025\/11\/foto-de-zip-catalizador-.jpg 733w\" sizes=\"auto, (max-width: 300px) 100vw, 300px\" \/><img loading=\"lazy\" decoding=\"async\" class=\"alignnone size-medium wp-image-948\" src=\"https:\/\/powerchip.com.br\/wp-content\/uploads\/2025\/11\/foto-de-zip-original--300x175.jpg\" alt=\"\" width=\"300\" height=\"175\" srcset=\"https:\/\/powerchip.com.br\/wp-content\/uploads\/2025\/11\/foto-de-zip-original--300x175.jpg 300w, https:\/\/powerchip.com.br\/wp-content\/uploads\/2025\/11\/foto-de-zip-original--600x350.jpg 600w, https:\/\/powerchip.com.br\/wp-content\/uploads\/2025\/11\/foto-de-zip-original-.jpg 727w\" sizes=\"auto, (max-width: 300px) 100vw, 300px\" \/><img loading=\"lazy\" decoding=\"async\" class=\"alignnone size-medium wp-image-360\" src=\"https:\/\/powerchip.com.br\/wp-content\/uploads\/2025\/10\/foto-de-zip-INJECAO-DECODE--300x198.jpg\" alt=\"\" width=\"300\" height=\"198\" srcset=\"https:\/\/powerchip.com.br\/wp-content\/uploads\/2025\/10\/foto-de-zip-INJECAO-DECODE--300x198.jpg 300w, https:\/\/powerchip.com.br\/wp-content\/uploads\/2025\/10\/foto-de-zip-INJECAO-DECODE--768x506.jpg 768w, https:\/\/powerchip.com.br\/wp-content\/uploads\/2025\/10\/foto-de-zip-INJECAO-DECODE--600x396.jpg 600w, https:\/\/powerchip.com.br\/wp-content\/uploads\/2025\/10\/foto-de-zip-INJECAO-DECODE-.jpg 775w\" sizes=\"auto, (max-width: 300px) 100vw, 300px\" \/><img loading=\"lazy\" decoding=\"async\" class=\"alignnone size-medium wp-image-943\" src=\"https:\/\/powerchip.com.br\/wp-content\/uploads\/2025\/11\/foto-de-zip-potencia-1-1-300x170.jpg\" alt=\"\" width=\"300\" height=\"170\" srcset=\"https:\/\/powerchip.com.br\/wp-content\/uploads\/2025\/11\/foto-de-zip-potencia-1-1-300x170.jpg 300w, https:\/\/powerchip.com.br\/wp-content\/uploads\/2025\/11\/foto-de-zip-potencia-1-1-600x341.jpg 600w, https:\/\/powerchip.com.br\/wp-content\/uploads\/2025\/11\/foto-de-zip-potencia-1-1.jpg 733w\" sizes=\"auto, (max-width: 300px) 100vw, 300px\" \/><\/p>\n","protected":false},"featured_media":494,"template":"","meta":{"_joinchat":[]},"product_brand":[],"product_cat":[247,21],"product_tag":[410,414,412,411,127,41,409,413],"class_list":{"0":"post-620","1":"product","2":"type-product","3":"status-publish","4":"has-post-thumbnail","6":"product_cat-fca","7":"product_cat-fiat","8":"product_tag-0261s13060","9":"product_tag-414","10":"product_tag-17-30","11":"product_tag-411","12":"product_tag-decode","13":"product_tag-potencia","14":"product_tag-sem-imobilizador","15":"product_tag-tc1724","17":"first","18":"instock","19":"downloadable","20":"virtual","21":"purchasable","22":"product-type-simple"},"jetpack_sharing_enabled":true,"_links":{"self":[{"href":"https:\/\/powerchip.com.br\/index.php\/wp-json\/wp\/v2\/product\/620","targetHints":{"allow":["GET"]}}],"collection":[{"href":"https:\/\/powerchip.com.br\/index.php\/wp-json\/wp\/v2\/product"}],"about":[{"href":"https:\/\/powerchip.com.br\/index.php\/wp-json\/wp\/v2\/types\/product"}],"wp:featuredmedia":[{"embeddable":true,"href":"https:\/\/powerchip.com.br\/index.php\/wp-json\/wp\/v2\/media\/494"}],"wp:attachment":[{"href":"https:\/\/powerchip.com.br\/index.php\/wp-json\/wp\/v2\/media?parent=620"}],"wp:term":[{"taxonomy":"product_brand","embeddable":true,"href":"https:\/\/powerchip.com.br\/index.php\/wp-json\/wp\/v2\/product_brand?post=620"},{"taxonomy":"product_cat","embeddable":true,"href":"https:\/\/powerchip.com.br\/index.php\/wp-json\/wp\/v2\/product_cat?post=620"},{"taxonomy":"product_tag","embeddable":true,"href":"https:\/\/powerchip.com.br\/index.php\/wp-json\/wp\/v2\/product_tag?post=620"}],"curies":[{"name":"wp","href":"https:\/\/api.w.org\/{rel}","templated":true}]}}