{"id":608,"date":"2025-11-03T22:08:09","date_gmt":"2025-11-03T22:08:09","guid":{"rendered":"https:\/\/powerchip.com.br\/?post_type=product&#038;p=608"},"modified":"2025-11-08T16:23:21","modified_gmt":"2025-11-08T16:23:21","slug":"palio-strada-weekend-arquivo-para-decode-1bag-1-6-16v-gasolina","status":"publish","type":"product","link":"https:\/\/powerchip.com.br\/index.php\/produto\/palio-strada-weekend-arquivo-para-decode-1bag-1-6-16v-gasolina\/","title":{"rendered":"PALIO- STRADA -WEEKEND, ARQUIVO PARA DECODE 1ABG 1.6 16V GASOLINA ."},"content":{"rendered":"<p>PALIO- STRADA -WEEKEND, ARQUIVO PARA DECODE 1ABG\u00a0 1.6 16V GASOLINA .<\/p>\n<div id=\":13n\" class=\"Am aiL Al editable LW-avf tS-tW tS-tY\" tabindex=\"1\" role=\"textbox\" contenteditable=\"true\" spellcheck=\"false\" aria-label=\"Corpo da mensagem\" aria-multiline=\"true\" aria-owns=\":16d\" aria-controls=\":16d\" aria-expanded=\"false\">\n<p>Gravado em uma 27c512 , e \u00a0vai ficar definitivo na ecu 1ABG a ser usada no carro.<\/p>\n<p>\u201cLembrete: Este arquivo n\u00e3o necessita de prepara\u00e7\u00e3o espec\u00edfica para a central (ECU) de destino antes do uso.\u201d<\/p>\n<p>Desligue a caixa de imobilizador .<\/p>\n<p>1ABG N\u00e3o re-codifica se n\u00e3o desligar o imo .<\/p>\n<p>A luz imobilizador do painel\u00a0 vai ficar acesa se n\u00e3o desligar.<\/p>\n<p>Contendo no Zip que voc\u00ea vai receber ap\u00f3s pagar:<\/p>\n<p>01 arquivo GASOLINA para 27c512 virgem, apagada , usar em Beeprog etc.<\/p>\n<div id=\":13n\" class=\"Am aiL Al editable LW-avf tS-tW tS-tY\" tabindex=\"1\" role=\"textbox\" contenteditable=\"true\" spellcheck=\"false\" aria-label=\"Corpo da mensagem\" aria-multiline=\"true\" aria-owns=\":16d\" aria-controls=\":16d\" aria-expanded=\"false\">\n<p>&nbsp;<\/p>\n<\/div>\n<\/div>\n<p><a href=\"https:\/\/powerchip.com.br\/index.php\/arquivo-destinado-a-profissionais\/\">Arquivo destinado a profissionais<\/a>.<\/p>\n<p><a href=\"https:\/\/powerchip.com.br\/index.php\/como-usar-o-arquivo-comprado\/\">Como usar o arquivo<\/a><\/p>\n<audio class=\"wp-audio-shortcode\" id=\"audio-608-1\" preload=\"none\" style=\"width: 100%;\" controls=\"controls\"><source type=\"audio\/ogg\" src=\"https:\/\/powerchip.com.br\/wp-content\/uploads\/2025\/11\/audio-palio-1abg-1.6-16V-DECODE-.ogg?_=1\" \/><a href=\"https:\/\/powerchip.com.br\/wp-content\/uploads\/2025\/11\/audio-palio-1abg-1.6-16V-DECODE-.ogg\">https:\/\/powerchip.com.br\/wp-content\/uploads\/2025\/11\/audio-palio-1abg-1.6-16V-DECODE-.ogg<\/a><\/audio>\n<p><img loading=\"lazy\" decoding=\"async\" class=\"alignnone size-medium wp-image-612\" src=\"https:\/\/powerchip.com.br\/wp-content\/uploads\/2025\/11\/1ABG-1.6-16V-DECODE--300x290.jpg\" alt=\"\" width=\"300\" height=\"290\" srcset=\"https:\/\/powerchip.com.br\/wp-content\/uploads\/2025\/11\/1ABG-1.6-16V-DECODE--300x290.jpg 300w, https:\/\/powerchip.com.br\/wp-content\/uploads\/2025\/11\/1ABG-1.6-16V-DECODE-.jpg 598w\" sizes=\"auto, (max-width: 300px) 100vw, 300px\" \/><img loading=\"lazy\" decoding=\"async\" class=\"alignnone size-medium wp-image-538\" src=\"https:\/\/powerchip.com.br\/wp-content\/uploads\/2025\/10\/chip-ferramenta-27c512-300x272.jpg\" alt=\"\" width=\"300\" height=\"272\" srcset=\"https:\/\/powerchip.com.br\/wp-content\/uploads\/2025\/10\/chip-ferramenta-27c512-300x272.jpg 300w, https:\/\/powerchip.com.br\/wp-content\/uploads\/2025\/10\/chip-ferramenta-27c512.jpg 428w\" sizes=\"auto, (max-width: 300px) 100vw, 300px\" \/><img loading=\"lazy\" decoding=\"async\" class=\"alignnone size-full wp-image-613\" src=\"https:\/\/powerchip.com.br\/wp-content\/uploads\/2025\/11\/palio-1abg-1.6-16V-DECODE-.jpg\" alt=\"\" width=\"198\" height=\"207\" \/><\/p>\n<div id=\"mep_0\" class=\"mejs-container mejs-container-keyboard-inactive wp-audio-shortcode mejs-audio\" tabindex=\"0\" role=\"application\" aria-label=\"Tocador de \u00e1udio\">\n<div class=\"mejs-inner\">\n<div class=\"mejs-layers\"><\/div>\n<div class=\"mejs-controls\">\n<div class=\"mejs-button mejs-playpause-button mejs-play\"><\/div>\n<\/div>\n<\/div>\n<\/div>\n","protected":false},"excerpt":{"rendered":"<p>PALIO- STRADA -WEEKEND, ARQUIVO PARA DECODE 1BAG 1.6 16V GASOLINA .<\/p>\n<p>&nbsp;<\/p>\n<div id=\"mep_0\" class=\"mejs-container mejs-container-keyboard-inactive wp-audio-shortcode mejs-audio\" tabindex=\"0\" role=\"application\" aria-label=\"Tocador de \u00e1udio\">\n<div class=\"mejs-inner\">\n<div class=\"mejs-layers\"><\/div>\n<div class=\"mejs-controls\">\n<div class=\"mejs-button mejs-playpause-button mejs-play\"><img loading=\"lazy\" decoding=\"async\" class=\"alignnone size-medium wp-image-538\" src=\"https:\/\/powerchip.com.br\/wp-content\/uploads\/2025\/10\/chip-ferramenta-27c512-300x272.jpg\" alt=\"\" width=\"300\" height=\"272\" srcset=\"https:\/\/powerchip.com.br\/wp-content\/uploads\/2025\/10\/chip-ferramenta-27c512-300x272.jpg 300w, https:\/\/powerchip.com.br\/wp-content\/uploads\/2025\/10\/chip-ferramenta-27c512.jpg 428w\" sizes=\"auto, (max-width: 300px) 100vw, 300px\" \/><img loading=\"lazy\" decoding=\"async\" class=\"alignnone size-full wp-image-613\" src=\"https:\/\/powerchip.com.br\/wp-content\/uploads\/2025\/11\/palio-1abg-1.6-16V-DECODE-.jpg\" alt=\"\" width=\"198\" height=\"207\" \/><\/div>\n<\/div>\n<\/div>\n<\/div>\n","protected":false},"featured_media":360,"template":"","meta":{"_joinchat":[]},"product_brand":[],"product_cat":[21],"product_tag":[405,406,404,116,127,407,187,64,713],"class_list":{"0":"post-608","1":"product","2":"type-product","3":"status-publish","4":"has-post-thumbnail","6":"product_cat-fiat","7":"product_tag-1-6","8":"product_tag-16v","9":"product_tag-1bag","10":"product_tag-arquivo","11":"product_tag-decode","12":"product_tag-gasolina","13":"product_tag-palio","14":"product_tag-strada","15":"product_tag-weekend","17":"first","18":"instock","19":"downloadable","20":"virtual","21":"purchasable","22":"product-type-simple"},"jetpack_sharing_enabled":true,"_links":{"self":[{"href":"https:\/\/powerchip.com.br\/index.php\/wp-json\/wp\/v2\/product\/608","targetHints":{"allow":["GET"]}}],"collection":[{"href":"https:\/\/powerchip.com.br\/index.php\/wp-json\/wp\/v2\/product"}],"about":[{"href":"https:\/\/powerchip.com.br\/index.php\/wp-json\/wp\/v2\/types\/product"}],"wp:featuredmedia":[{"embeddable":true,"href":"https:\/\/powerchip.com.br\/index.php\/wp-json\/wp\/v2\/media\/360"}],"wp:attachment":[{"href":"https:\/\/powerchip.com.br\/index.php\/wp-json\/wp\/v2\/media?parent=608"}],"wp:term":[{"taxonomy":"product_brand","embeddable":true,"href":"https:\/\/powerchip.com.br\/index.php\/wp-json\/wp\/v2\/product_brand?post=608"},{"taxonomy":"product_cat","embeddable":true,"href":"https:\/\/powerchip.com.br\/index.php\/wp-json\/wp\/v2\/product_cat?post=608"},{"taxonomy":"product_tag","embeddable":true,"href":"https:\/\/powerchip.com.br\/index.php\/wp-json\/wp\/v2\/product_tag?post=608"}],"curies":[{"name":"wp","href":"https:\/\/api.w.org\/{rel}","templated":true}]}}