{"id":570,"date":"2025-11-01T12:27:17","date_gmt":"2025-11-01T12:27:17","guid":{"rendered":"https:\/\/powerchip.com.br\/?post_type=product&#038;p=570"},"modified":"2025-11-12T22:41:23","modified_gmt":"2025-11-12T22:41:23","slug":"honda-hrv-arquivo-cat-off-somente-serve-para-servicos-para-usar-escape-etc-juntar-ao-seu-pops-37805-51n-m530-m510","status":"publish","type":"product","link":"https:\/\/powerchip.com.br\/index.php\/produto\/honda-hrv-arquivo-cat-off-somente-serve-para-servicos-para-usar-escape-etc-juntar-ao-seu-pops-37805-51n-m530-m510\/","title":{"rendered":"HONDA HRV ARQUIVO CAT OFF , somente P0420 , serve para servi\u00e7os  para usar escape etc juntar ao seu pops  37805-51N-M530 M510"},"content":{"rendered":"<p>Somente P0420.<\/p>\n<p>HONDA HRV ARQUIVO CAT OFF somente serve para servi\u00e7os para usar escape etc juntar ao seu pops 37805-51N-M530 M510<\/p>\n<p>Software Version Nr\uff1aHONDA HRV ARQUIVO CAT OFF ( SOMETE SEM CAT\u00a0 ) n\u00e3o serve para erros de el\u00e9trica da sonda 2,\u00a0 37805-51N-M530 M510<\/p>\n<p>Serve para sonda boa que foi retirado o miolo para escapes e POPS ETC&#8230; NORMALMENTE P0420 , P0430<\/p>\n<p>Se voc\u00ea tem erros de el\u00e9trica TROQUE\u00a0 a sonda 2 .<\/p>\n<p>\u201cLembrete: Este arquivo n\u00e3o necessita de prepara\u00e7\u00e3o espec\u00edfica para a central (ECU) de destino antes do uso, pois o programador se encarregara de acertar o Checksum, MAS\u00a0 analise com o seu.\u201d<\/p>\n<p>* ATEN\u00c7\u00c3O N\u00c3O SOMOS RESPONS\u00c1VEIS\u00a0 POR MODULOS BLOQUEADOS\u00a0 ETC, TRABALHE COM ATEN\u00c7\u00c3O E SEGURAN\u00c7A.*<\/p>\n<p>Voc\u00ea receber\u00e1 ap\u00f3s pagar UM LINK com arquivo compactado contendo:<\/p>\n<p>01 ARQUIVO ORGINAL<\/p>\n<p>01 ARQUIVO\u00a0 COM DECAT , para erros de monitoramento&#8230; para\u00a0 POPS PERFORMACE , n\u00e3o cobre erros de el\u00e9trica.<\/p>\n<audio class=\"wp-audio-shortcode\" id=\"audio-570-1\" preload=\"none\" style=\"width: 100%;\" controls=\"controls\"><source type=\"audio\/ogg\" src=\"https:\/\/powerchip.com.br\/wp-content\/uploads\/2025\/11\/DECAT-Honda-CAT-37805-51N-M530-M510.ogg?_=1\" \/><a href=\"https:\/\/powerchip.com.br\/wp-content\/uploads\/2025\/11\/DECAT-Honda-CAT-37805-51N-M530-M510.ogg\">https:\/\/powerchip.com.br\/wp-content\/uploads\/2025\/11\/DECAT-Honda-CAT-37805-51N-M530-M510.ogg<\/a><\/audio>\n<p><img loading=\"lazy\" decoding=\"async\" class=\"alignnone size-medium wp-image-568\" src=\"https:\/\/powerchip.com.br\/wp-content\/uploads\/2025\/11\/DECAT-Honda-Hr-v-Lx-1.8-2016-37805-51N-M530-M510-300x192.jpg\" alt=\"\" width=\"300\" height=\"192\" srcset=\"https:\/\/powerchip.com.br\/wp-content\/uploads\/2025\/11\/DECAT-Honda-Hr-v-Lx-1.8-2016-37805-51N-M530-M510-300x192.jpg 300w, https:\/\/powerchip.com.br\/wp-content\/uploads\/2025\/11\/DECAT-Honda-Hr-v-Lx-1.8-2016-37805-51N-M530-M510-600x384.jpg 600w, https:\/\/powerchip.com.br\/wp-content\/uploads\/2025\/11\/DECAT-Honda-Hr-v-Lx-1.8-2016-37805-51N-M530-M510.jpg 626w\" sizes=\"auto, (max-width: 300px) 100vw, 300px\" \/><img loading=\"lazy\" decoding=\"async\" class=\"alignnone size-medium wp-image-301\" src=\"https:\/\/powerchip.com.br\/wp-content\/uploads\/2025\/10\/foto-de-zip-INJECAO-DECAT--300x198.jpg\" alt=\"\" width=\"300\" height=\"198\" srcset=\"https:\/\/powerchip.com.br\/wp-content\/uploads\/2025\/10\/foto-de-zip-INJECAO-DECAT--300x198.jpg 300w, https:\/\/powerchip.com.br\/wp-content\/uploads\/2025\/10\/foto-de-zip-INJECAO-DECAT--768x506.jpg 768w, https:\/\/powerchip.com.br\/wp-content\/uploads\/2025\/10\/foto-de-zip-INJECAO-DECAT--600x396.jpg 600w, https:\/\/powerchip.com.br\/wp-content\/uploads\/2025\/10\/foto-de-zip-INJECAO-DECAT-.jpg 775w\" sizes=\"auto, (max-width: 300px) 100vw, 300px\" \/><img loading=\"lazy\" decoding=\"async\" class=\"alignnone size-medium wp-image-948\" src=\"https:\/\/powerchip.com.br\/wp-content\/uploads\/2025\/11\/foto-de-zip-original--300x175.jpg\" alt=\"\" width=\"300\" height=\"175\" srcset=\"https:\/\/powerchip.com.br\/wp-content\/uploads\/2025\/11\/foto-de-zip-original--300x175.jpg 300w, https:\/\/powerchip.com.br\/wp-content\/uploads\/2025\/11\/foto-de-zip-original--600x350.jpg 600w, https:\/\/powerchip.com.br\/wp-content\/uploads\/2025\/11\/foto-de-zip-original-.jpg 727w\" sizes=\"auto, (max-width: 300px) 100vw, 300px\" \/><img loading=\"lazy\" decoding=\"async\" class=\"alignnone size-medium wp-image-944\" src=\"https:\/\/powerchip.com.br\/wp-content\/uploads\/2025\/11\/foto-de-zip-catalizador--300x174.jpg\" alt=\"\" width=\"300\" height=\"174\" srcset=\"https:\/\/powerchip.com.br\/wp-content\/uploads\/2025\/11\/foto-de-zip-catalizador--300x174.jpg 300w, https:\/\/powerchip.com.br\/wp-content\/uploads\/2025\/11\/foto-de-zip-catalizador--600x348.jpg 600w, https:\/\/powerchip.com.br\/wp-content\/uploads\/2025\/11\/foto-de-zip-catalizador-.jpg 733w\" sizes=\"auto, (max-width: 300px) 100vw, 300px\" \/><\/p>\n","protected":false},"excerpt":{"rendered":"<p>HONDA HRV ARQUIVO CAT OFF somente serve para servi\u00e7os para usar escape etc juntar ao seu pops 37805-51N-M530 M510<\/p>\n<p>Software Version Nr\uff1aHONDA HRV ARQUIVO CAT OFF ( SOMETE SEM CAT\u00a0 ) n\u00e3o serve para erros de el\u00e9trica da sonda 2,\u00a0 37805-51N-M530 M510<\/p>\n<p>Serve para sonda boa que foi retirado o miolo para escapes e POPS ETC&#8230; NORMALMENTE P0420 , P0430<\/p>\n<p>Se voc\u00ea tem erros de el\u00e9trica TROQUE\u00a0 a sonda 2 .<\/p>\n<p>\u201cLembrete: Este arquivo n\u00e3o necessita de prepara\u00e7\u00e3o espec\u00edfica para a central (ECU) de destino antes do uso, pois o programador se encarregara de acertar o Checksum, MAS\u00a0 analise com o seu.\u201d<\/p>\n<p>&nbsp;<\/p>\n<p>&nbsp;<\/p>\n<p><img loading=\"lazy\" decoding=\"async\" class=\"alignnone size-medium wp-image-568\" src=\"https:\/\/powerchip.com.br\/wp-content\/uploads\/2025\/11\/DECAT-Honda-Hr-v-Lx-1.8-2016-37805-51N-M530-M510-300x192.jpg\" alt=\"\" width=\"300\" height=\"192\" srcset=\"https:\/\/powerchip.com.br\/wp-content\/uploads\/2025\/11\/DECAT-Honda-Hr-v-Lx-1.8-2016-37805-51N-M530-M510-300x192.jpg 300w, https:\/\/powerchip.com.br\/wp-content\/uploads\/2025\/11\/DECAT-Honda-Hr-v-Lx-1.8-2016-37805-51N-M530-M510-600x384.jpg 600w, https:\/\/powerchip.com.br\/wp-content\/uploads\/2025\/11\/DECAT-Honda-Hr-v-Lx-1.8-2016-37805-51N-M530-M510.jpg 626w\" sizes=\"auto, (max-width: 300px) 100vw, 300px\" \/><img loading=\"lazy\" decoding=\"async\" class=\"alignnone size-medium wp-image-301\" src=\"https:\/\/powerchip.com.br\/wp-content\/uploads\/2025\/10\/foto-de-zip-INJECAO-DECAT--300x198.jpg\" alt=\"\" width=\"300\" height=\"198\" srcset=\"https:\/\/powerchip.com.br\/wp-content\/uploads\/2025\/10\/foto-de-zip-INJECAO-DECAT--300x198.jpg 300w, https:\/\/powerchip.com.br\/wp-content\/uploads\/2025\/10\/foto-de-zip-INJECAO-DECAT--768x506.jpg 768w, https:\/\/powerchip.com.br\/wp-content\/uploads\/2025\/10\/foto-de-zip-INJECAO-DECAT--600x396.jpg 600w, https:\/\/powerchip.com.br\/wp-content\/uploads\/2025\/10\/foto-de-zip-INJECAO-DECAT-.jpg 775w\" sizes=\"auto, (max-width: 300px) 100vw, 300px\" \/><img loading=\"lazy\" decoding=\"async\" class=\"alignnone size-medium wp-image-948\" src=\"https:\/\/powerchip.com.br\/wp-content\/uploads\/2025\/11\/foto-de-zip-original--300x175.jpg\" alt=\"\" width=\"300\" height=\"175\" srcset=\"https:\/\/powerchip.com.br\/wp-content\/uploads\/2025\/11\/foto-de-zip-original--300x175.jpg 300w, https:\/\/powerchip.com.br\/wp-content\/uploads\/2025\/11\/foto-de-zip-original--600x350.jpg 600w, https:\/\/powerchip.com.br\/wp-content\/uploads\/2025\/11\/foto-de-zip-original-.jpg 727w\" sizes=\"auto, (max-width: 300px) 100vw, 300px\" \/><img loading=\"lazy\" decoding=\"async\" class=\"alignnone size-medium wp-image-944\" src=\"https:\/\/powerchip.com.br\/wp-content\/uploads\/2025\/11\/foto-de-zip-catalizador--300x174.jpg\" alt=\"\" width=\"300\" height=\"174\" srcset=\"https:\/\/powerchip.com.br\/wp-content\/uploads\/2025\/11\/foto-de-zip-catalizador--300x174.jpg 300w, https:\/\/powerchip.com.br\/wp-content\/uploads\/2025\/11\/foto-de-zip-catalizador--600x348.jpg 600w, https:\/\/powerchip.com.br\/wp-content\/uploads\/2025\/11\/foto-de-zip-catalizador-.jpg 733w\" sizes=\"auto, (max-width: 300px) 100vw, 300px\" \/><\/p>\n","protected":false},"featured_media":301,"template":"","meta":{"_joinchat":[]},"product_brand":[],"product_cat":[250],"product_tag":[392,389,381,388,394,340,393,390,391],"class_list":{"0":"post-570","1":"product","2":"type-product","3":"status-publish","4":"has-post-thumbnail","6":"product_cat-honda","7":"product_tag-37805-51n-m530-m510","8":"product_tag-arquivo-cat-off","9":"product_tag-honda","10":"product_tag-hrv","11":"product_tag-para-escapes","12":"product_tag-pops","13":"product_tag-retirado-o-miolo","14":"product_tag-sem-cat","15":"product_tag-sonda-2","17":"first","18":"instock","19":"downloadable","20":"virtual","21":"purchasable","22":"product-type-simple"},"jetpack_sharing_enabled":true,"_links":{"self":[{"href":"https:\/\/powerchip.com.br\/index.php\/wp-json\/wp\/v2\/product\/570","targetHints":{"allow":["GET"]}}],"collection":[{"href":"https:\/\/powerchip.com.br\/index.php\/wp-json\/wp\/v2\/product"}],"about":[{"href":"https:\/\/powerchip.com.br\/index.php\/wp-json\/wp\/v2\/types\/product"}],"wp:featuredmedia":[{"embeddable":true,"href":"https:\/\/powerchip.com.br\/index.php\/wp-json\/wp\/v2\/media\/301"}],"wp:attachment":[{"href":"https:\/\/powerchip.com.br\/index.php\/wp-json\/wp\/v2\/media?parent=570"}],"wp:term":[{"taxonomy":"product_brand","embeddable":true,"href":"https:\/\/powerchip.com.br\/index.php\/wp-json\/wp\/v2\/product_brand?post=570"},{"taxonomy":"product_cat","embeddable":true,"href":"https:\/\/powerchip.com.br\/index.php\/wp-json\/wp\/v2\/product_cat?post=570"},{"taxonomy":"product_tag","embeddable":true,"href":"https:\/\/powerchip.com.br\/index.php\/wp-json\/wp\/v2\/product_tag?post=570"}],"curies":[{"name":"wp","href":"https:\/\/api.w.org\/{rel}","templated":true}]}}