{"id":560,"date":"2025-11-01T11:25:11","date_gmt":"2025-11-01T11:25:11","guid":{"rendered":"https:\/\/powerchip.com.br\/?post_type=product&#038;p=560"},"modified":"2025-11-06T11:14:37","modified_gmt":"2025-11-06T11:14:37","slug":"wr-v-2019-arquivo-de-reset-clear-apos-batida-restaura-modulo-de-airbag-honda-trw-77960-try-x810-m1","status":"publish","type":"product","link":"https:\/\/powerchip.com.br\/index.php\/produto\/wr-v-2019-arquivo-de-reset-clear-apos-batida-restaura-modulo-de-airbag-honda-trw-77960-try-x810-m1\/","title":{"rendered":"WR-V 2019 ARQUIVO de RESET CLEAR ap\u00f3s batida restaura modulo de airbag Honda TRW 77960-TRY-X810-M1"},"content":{"rendered":"<p>WR-V 2019 ARQUIVO de RESET CLEAR ap\u00f3s batida restaura modulo de airbag Honda TRW 77960-TRY-X810-M1<\/p>\n<p>Se voce\u00a0 tiver o erro U3000 ou j\u00e1 tem ap\u00f3s gravar e\u00a0 usar o arquivo ligue a chave e desligue algumas vezes.<\/p>\n<p>\u201cLembrete: Este arquivo n\u00e3o necessita de prepara\u00e7\u00e3o espec\u00edfica para a central (ECU) de destino antes do uso, use-o como esta.\u201d<\/p>\n<p>Voc\u00ea recebera ap\u00f3s pagar, um link com o arquivo compactado para gravar na memoria Tsop 95640:<\/p>\n<p>01 arquivo compactado contendo 03 arquivos:<\/p>\n<p>*01\u00a0 arquivo original BATIDO<\/p>\n<p>*02\u00a0 arquivo original CLEAR , LIMPO DA BATIDA<\/p>\n<p>&nbsp;<\/p>\n<p>* ATEN\u00c7\u00c3O N\u00c3O SOMOS RESPONS\u00c1VEIS\u00a0 POR BOLSAS ESTOURADAS ETC, TRABALHE COM ATEN\u00c7\u00c3O E SEGURAN\u00c7A.*<\/p>\n<p><a href=\"https:\/\/powerchip.com.br\/index.php\/arquivo-destinado-a-profissionais\/\">Arquivo destinado a profissionais<\/a>.<\/p>\n<p><a href=\"https:\/\/powerchip.com.br\/index.php\/como-usar-o-arquivo-comprado\/\">Como usar o arquivo<\/a>.<\/p>\n<p><a href=\"https:\/\/powerchip.com.br\/index.php\/como-comprar\/\">Como comprar<\/a><\/p>\n<audio class=\"wp-audio-shortcode\" id=\"audio-560-1\" preload=\"none\" style=\"width: 100%;\" controls=\"controls\"><source type=\"audio\/ogg\" src=\"https:\/\/powerchip.com.br\/wp-content\/uploads\/2025\/11\/audio-reset-95640-77960-TRY-X810-M1.ogg?_=1\" \/><a href=\"https:\/\/powerchip.com.br\/wp-content\/uploads\/2025\/11\/audio-reset-95640-77960-TRY-X810-M1.ogg\">https:\/\/powerchip.com.br\/wp-content\/uploads\/2025\/11\/audio-reset-95640-77960-TRY-X810-M1.ogg<\/a><\/audio>\n<p><img loading=\"lazy\" decoding=\"async\" class=\"alignnone size-medium wp-image-561\" src=\"https:\/\/powerchip.com.br\/wp-content\/uploads\/2025\/11\/arquivo-reset-95640-77960-TRY-X810-M1--300x172.jpg\" alt=\"\" width=\"300\" height=\"172\" srcset=\"https:\/\/powerchip.com.br\/wp-content\/uploads\/2025\/11\/arquivo-reset-95640-77960-TRY-X810-M1--300x172.jpg 300w, https:\/\/powerchip.com.br\/wp-content\/uploads\/2025\/11\/arquivo-reset-95640-77960-TRY-X810-M1-.jpg 576w\" sizes=\"auto, (max-width: 300px) 100vw, 300px\" \/> <img loading=\"lazy\" decoding=\"async\" class=\"alignnone size-medium wp-image-562\" src=\"https:\/\/powerchip.com.br\/wp-content\/uploads\/2025\/11\/arquivo-reset-77960-TRY-X810-M1--300x300.jpg\" alt=\"\" width=\"300\" height=\"300\" srcset=\"https:\/\/powerchip.com.br\/wp-content\/uploads\/2025\/11\/arquivo-reset-77960-TRY-X810-M1--300x300.jpg 300w, https:\/\/powerchip.com.br\/wp-content\/uploads\/2025\/11\/arquivo-reset-77960-TRY-X810-M1--1024x1024.jpg 1024w, https:\/\/powerchip.com.br\/wp-content\/uploads\/2025\/11\/arquivo-reset-77960-TRY-X810-M1--150x150.jpg 150w, https:\/\/powerchip.com.br\/wp-content\/uploads\/2025\/11\/arquivo-reset-77960-TRY-X810-M1--768x768.jpg 768w, https:\/\/powerchip.com.br\/wp-content\/uploads\/2025\/11\/arquivo-reset-77960-TRY-X810-M1--600x600.jpg 600w, https:\/\/powerchip.com.br\/wp-content\/uploads\/2025\/11\/arquivo-reset-77960-TRY-X810-M1--100x100.jpg 100w, https:\/\/powerchip.com.br\/wp-content\/uploads\/2025\/11\/arquivo-reset-77960-TRY-X810-M1-.jpg 1280w\" sizes=\"auto, (max-width: 300px) 100vw, 300px\" \/><img loading=\"lazy\" decoding=\"async\" class=\"alignnone size-medium wp-image-557\" src=\"https:\/\/powerchip.com.br\/wp-content\/uploads\/2025\/10\/foto-CLEAR-AIRBAG--300x198.jpg\" alt=\"\" width=\"300\" height=\"198\" srcset=\"https:\/\/powerchip.com.br\/wp-content\/uploads\/2025\/10\/foto-CLEAR-AIRBAG--300x198.jpg 300w, https:\/\/powerchip.com.br\/wp-content\/uploads\/2025\/10\/foto-CLEAR-AIRBAG--768x506.jpg 768w, https:\/\/powerchip.com.br\/wp-content\/uploads\/2025\/10\/foto-CLEAR-AIRBAG--600x396.jpg 600w, https:\/\/powerchip.com.br\/wp-content\/uploads\/2025\/10\/foto-CLEAR-AIRBAG-.jpg 775w\" sizes=\"auto, (max-width: 300px) 100vw, 300px\" \/><\/p>\n","protected":false},"excerpt":{"rendered":"<p><img loading=\"lazy\" decoding=\"async\" class=\"alignnone size-medium wp-image-561\" src=\"https:\/\/powerchip.com.br\/wp-content\/uploads\/2025\/11\/arquivo-reset-95640-77960-TRY-X810-M1--300x172.jpg\" alt=\"\" width=\"300\" height=\"172\" srcset=\"https:\/\/powerchip.com.br\/wp-content\/uploads\/2025\/11\/arquivo-reset-95640-77960-TRY-X810-M1--300x172.jpg 300w, https:\/\/powerchip.com.br\/wp-content\/uploads\/2025\/11\/arquivo-reset-95640-77960-TRY-X810-M1-.jpg 576w\" sizes=\"auto, (max-width: 300px) 100vw, 300px\" \/> <img loading=\"lazy\" decoding=\"async\" class=\"alignnone size-medium wp-image-562\" src=\"https:\/\/powerchip.com.br\/wp-content\/uploads\/2025\/11\/arquivo-reset-77960-TRY-X810-M1--300x300.jpg\" alt=\"\" width=\"300\" height=\"300\" srcset=\"https:\/\/powerchip.com.br\/wp-content\/uploads\/2025\/11\/arquivo-reset-77960-TRY-X810-M1--300x300.jpg 300w, https:\/\/powerchip.com.br\/wp-content\/uploads\/2025\/11\/arquivo-reset-77960-TRY-X810-M1--1024x1024.jpg 1024w, https:\/\/powerchip.com.br\/wp-content\/uploads\/2025\/11\/arquivo-reset-77960-TRY-X810-M1--150x150.jpg 150w, https:\/\/powerchip.com.br\/wp-content\/uploads\/2025\/11\/arquivo-reset-77960-TRY-X810-M1--768x768.jpg 768w, https:\/\/powerchip.com.br\/wp-content\/uploads\/2025\/11\/arquivo-reset-77960-TRY-X810-M1--600x600.jpg 600w, https:\/\/powerchip.com.br\/wp-content\/uploads\/2025\/11\/arquivo-reset-77960-TRY-X810-M1--100x100.jpg 100w, https:\/\/powerchip.com.br\/wp-content\/uploads\/2025\/11\/arquivo-reset-77960-TRY-X810-M1-.jpg 1280w\" sizes=\"auto, (max-width: 300px) 100vw, 300px\" \/><img loading=\"lazy\" decoding=\"async\" class=\"alignnone size-medium wp-image-557\" src=\"https:\/\/powerchip.com.br\/wp-content\/uploads\/2025\/10\/foto-CLEAR-AIRBAG--300x198.jpg\" alt=\"\" width=\"300\" height=\"198\" srcset=\"https:\/\/powerchip.com.br\/wp-content\/uploads\/2025\/10\/foto-CLEAR-AIRBAG--300x198.jpg 300w, https:\/\/powerchip.com.br\/wp-content\/uploads\/2025\/10\/foto-CLEAR-AIRBAG--768x506.jpg 768w, https:\/\/powerchip.com.br\/wp-content\/uploads\/2025\/10\/foto-CLEAR-AIRBAG--600x396.jpg 600w, https:\/\/powerchip.com.br\/wp-content\/uploads\/2025\/10\/foto-CLEAR-AIRBAG-.jpg 775w\" sizes=\"auto, (max-width: 300px) 100vw, 300px\" \/><\/p>\n","protected":false},"featured_media":694,"template":"","meta":{"_joinchat":[]},"product_brand":[],"product_cat":[250],"product_tag":[383,387,384,238,381,385,386,382],"class_list":{"0":"post-560","1":"product","2":"type-product","3":"status-publish","4":"has-post-thumbnail","6":"product_cat-honda","7":"product_tag-383","8":"product_tag-77960-try-x810-m1","9":"product_tag-arquivo-de-reset","10":"product_tag-clear","11":"product_tag-honda","12":"product_tag-modulo-de-airbag","13":"product_tag-trw","14":"product_tag-wr-v","16":"first","17":"instock","18":"downloadable","19":"virtual","20":"purchasable","21":"product-type-simple"},"jetpack_sharing_enabled":true,"_links":{"self":[{"href":"https:\/\/powerchip.com.br\/index.php\/wp-json\/wp\/v2\/product\/560","targetHints":{"allow":["GET"]}}],"collection":[{"href":"https:\/\/powerchip.com.br\/index.php\/wp-json\/wp\/v2\/product"}],"about":[{"href":"https:\/\/powerchip.com.br\/index.php\/wp-json\/wp\/v2\/types\/product"}],"wp:featuredmedia":[{"embeddable":true,"href":"https:\/\/powerchip.com.br\/index.php\/wp-json\/wp\/v2\/media\/694"}],"wp:attachment":[{"href":"https:\/\/powerchip.com.br\/index.php\/wp-json\/wp\/v2\/media?parent=560"}],"wp:term":[{"taxonomy":"product_brand","embeddable":true,"href":"https:\/\/powerchip.com.br\/index.php\/wp-json\/wp\/v2\/product_brand?post=560"},{"taxonomy":"product_cat","embeddable":true,"href":"https:\/\/powerchip.com.br\/index.php\/wp-json\/wp\/v2\/product_cat?post=560"},{"taxonomy":"product_tag","embeddable":true,"href":"https:\/\/powerchip.com.br\/index.php\/wp-json\/wp\/v2\/product_tag?post=560"}],"curies":[{"name":"wp","href":"https:\/\/api.w.org\/{rel}","templated":true}]}}