{"id":546,"date":"2025-10-31T12:06:12","date_gmt":"2025-10-31T12:06:12","guid":{"rendered":"https:\/\/powerchip.com.br\/?post_type=product&#038;p=546"},"modified":"2025-11-12T22:44:09","modified_gmt":"2025-11-12T22:44:09","slug":"vw-1avp-1-8-1-6-alcool-arquivo-para-decode-em-veiculos-gol-paratisaveiro-sem-imobilizador-1avp-avp","status":"publish","type":"product","link":"https:\/\/powerchip.com.br\/index.php\/produto\/vw-1avp-1-8-1-6-alcool-arquivo-para-decode-em-veiculos-gol-paratisaveiro-sem-imobilizador-1avp-avp\/","title":{"rendered":"VW 1AVP 1.8 , 1.6 ALCOOL ARQUIVO  para DECODE em ve\u00edculos GOL, PARATI,SAVEIRO , sem imobilizador 1AVP AVP"},"content":{"rendered":"<p>VW 1AVP 1.8 , 1.6 ALCOOL ARQUIVO para DECODE em ve\u00edculos GOL, PARATI,SAVEIRO , sem imobilizador.<\/p>\n<p>o arquivo compactado contendo dentro\u00a0 04 arquivos, para uso em v\u00e1rios programadores de eprom como Beeprog , pronto para uso em\u00a0 vw\u00a0 1.8 1AW 1AVP e\u00a0 GRAVAR\u00a0 na mem\u00f3ria 29f010.<\/p>\n<p>\u201cLembrete: Este arquivo n\u00e3o necessita de prepara\u00e7\u00e3o espec\u00edfica para a central (ECU) de destino antes do uso.\u201d<\/p>\n<p>Contendo no Zip:<\/p>\n<p>01 arquivo DECODE, SEM IMOBILIZADOR , para Adaptar carros a \u00e1lcool GERAL AVP 1AVP<\/p>\n<p>01 arquivo DECODE, SEM IMOBILIZADOR ,\u00a0 1.6l ORIGINAL A ALCOOL<\/p>\n<p>01 arquivo DECODE, SEM IMOBILIZADOR , carros\u00a0 1.8\u00a0 ORIGINAL A ALCOOL<\/p>\n<p>01 arquivo DECODE, SEM IMOBILIZADOR , carros\u00a0 2.0\u00a0 ORIGINAL A ALCOOL<\/p>\n<div id=\"gmail-:ov\" class=\"gmail-Am gmail-aiL gmail-Al editable gmail-LW-avf gmail-tS-tW gmail-tS-tY\" tabindex=\"1\" role=\"textbox\" aria-label=\"Corpo da mensagem\" aria-multiline=\"true\" aria-controls=\":114\" aria-expanded=\"false\">\n<p>Desligue ou retire a caixa do imobilizador sobre O PAINEL antes de ligar a central que voc\u00ea descodificou.<\/p>\n<p>N\u00e3o conserta sua central\u2026nem seu carro, \u00e9 s\u00f3 um arquivo sem imo, grave em seu m\u00f3dulo ou guarde de lembran\u00e7a.<\/p>\n<\/div>\n<p>&nbsp;<\/p>\n<p><a href=\"https:\/\/powerchip.com.br\/index.php\/arquivo-destinado-a-profissionais\/\">Arquivo destinado a profissionais<\/a>.<\/p>\n<p><a href=\"https:\/\/powerchip.com.br\/index.php\/como-usar-o-arquivo-comprado\/\">Como usar o arquivo<\/a><\/p>\n<audio class=\"wp-audio-shortcode\" id=\"audio-546-1\" preload=\"none\" style=\"width: 100%;\" controls=\"controls\"><source type=\"audio\/ogg\" src=\"https:\/\/powerchip.com.br\/wp-content\/uploads\/2025\/10\/audio-decode-.ogg?_=1\" \/><a href=\"https:\/\/powerchip.com.br\/wp-content\/uploads\/2025\/10\/audio-decode-.ogg\">https:\/\/powerchip.com.br\/wp-content\/uploads\/2025\/10\/audio-decode-.ogg<\/a><\/audio>\n<p><img loading=\"lazy\" decoding=\"async\" class=\"alignnone size-medium wp-image-541\" src=\"https:\/\/powerchip.com.br\/wp-content\/uploads\/2025\/10\/1AVP-1.8-78ap-300x284.jpg\" sizes=\"auto, (max-width: 300px) 100vw, 300px\" srcset=\"https:\/\/powerchip.com.br\/wp-content\/uploads\/2025\/10\/1AVP-1.8-78ap-300x284.jpg 300w, https:\/\/powerchip.com.br\/wp-content\/uploads\/2025\/10\/1AVP-1.8-78ap.jpg 423w\" alt=\"\" width=\"300\" height=\"284\" \/><img loading=\"lazy\" decoding=\"async\" class=\"alignnone size-medium wp-image-542\" src=\"https:\/\/powerchip.com.br\/wp-content\/uploads\/2025\/10\/1AVP-1.8-78ap-1-300x220.jpg\" sizes=\"auto, (max-width: 300px) 100vw, 300px\" srcset=\"https:\/\/powerchip.com.br\/wp-content\/uploads\/2025\/10\/1AVP-1.8-78ap-1-300x220.jpg 300w, https:\/\/powerchip.com.br\/wp-content\/uploads\/2025\/10\/1AVP-1.8-78ap-1-600x439.jpg 600w, https:\/\/powerchip.com.br\/wp-content\/uploads\/2025\/10\/1AVP-1.8-78ap-1.jpg 743w\" alt=\"\" width=\"300\" height=\"220\" \/><img loading=\"lazy\" decoding=\"async\" class=\"alignnone size-medium wp-image-543\" src=\"https:\/\/powerchip.com.br\/wp-content\/uploads\/2025\/10\/1AVP-PLCC-29F010-1.8-78ap-300x235.jpg\" sizes=\"auto, (max-width: 300px) 100vw, 300px\" srcset=\"https:\/\/powerchip.com.br\/wp-content\/uploads\/2025\/10\/1AVP-PLCC-29F010-1.8-78ap-300x235.jpg 300w, https:\/\/powerchip.com.br\/wp-content\/uploads\/2025\/10\/1AVP-PLCC-29F010-1.8-78ap.jpg 343w\" alt=\"\" width=\"300\" height=\"235\" \/><img loading=\"lazy\" decoding=\"async\" class=\"alignnone size-medium wp-image-544\" src=\"https:\/\/powerchip.com.br\/wp-content\/uploads\/2025\/10\/1AVP-jumpear-caixa-de-imobilziador-VW-1.8-78ap-300x131.jpg\" sizes=\"auto, (max-width: 300px) 100vw, 300px\" srcset=\"https:\/\/powerchip.com.br\/wp-content\/uploads\/2025\/10\/1AVP-jumpear-caixa-de-imobilziador-VW-1.8-78ap-300x131.jpg 300w, https:\/\/powerchip.com.br\/wp-content\/uploads\/2025\/10\/1AVP-jumpear-caixa-de-imobilziador-VW-1.8-78ap-1024x448.jpg 1024w, https:\/\/powerchip.com.br\/wp-content\/uploads\/2025\/10\/1AVP-jumpear-caixa-de-imobilziador-VW-1.8-78ap-768x336.jpg 768w, https:\/\/powerchip.com.br\/wp-content\/uploads\/2025\/10\/1AVP-jumpear-caixa-de-imobilziador-VW-1.8-78ap-600x262.jpg 600w, https:\/\/powerchip.com.br\/wp-content\/uploads\/2025\/10\/1AVP-jumpear-caixa-de-imobilziador-VW-1.8-78ap.jpg 1230w\" alt=\"\" width=\"300\" height=\"131\" \/><img loading=\"lazy\" decoding=\"async\" class=\"alignnone size-medium wp-image-948\" src=\"https:\/\/powerchip.com.br\/wp-content\/uploads\/2025\/11\/foto-de-zip-original--300x175.jpg\" alt=\"\" width=\"300\" height=\"175\" srcset=\"https:\/\/powerchip.com.br\/wp-content\/uploads\/2025\/11\/foto-de-zip-original--300x175.jpg 300w, https:\/\/powerchip.com.br\/wp-content\/uploads\/2025\/11\/foto-de-zip-original--600x350.jpg 600w, https:\/\/powerchip.com.br\/wp-content\/uploads\/2025\/11\/foto-de-zip-original-.jpg 727w\" sizes=\"auto, (max-width: 300px) 100vw, 300px\" \/><img loading=\"lazy\" decoding=\"async\" class=\"alignnone size-medium wp-image-360\" src=\"https:\/\/powerchip.com.br\/wp-content\/uploads\/2025\/10\/foto-de-zip-INJECAO-DECODE--300x198.jpg\" alt=\"\" width=\"300\" height=\"198\" srcset=\"https:\/\/powerchip.com.br\/wp-content\/uploads\/2025\/10\/foto-de-zip-INJECAO-DECODE--300x198.jpg 300w, https:\/\/powerchip.com.br\/wp-content\/uploads\/2025\/10\/foto-de-zip-INJECAO-DECODE--768x506.jpg 768w, https:\/\/powerchip.com.br\/wp-content\/uploads\/2025\/10\/foto-de-zip-INJECAO-DECODE--600x396.jpg 600w, https:\/\/powerchip.com.br\/wp-content\/uploads\/2025\/10\/foto-de-zip-INJECAO-DECODE-.jpg 775w\" sizes=\"auto, (max-width: 300px) 100vw, 300px\" \/><\/p>\n","protected":false},"excerpt":{"rendered":"<p>VW 1AVP 1.8 , 1.6 ALCOOL ARQUIVO para DECODE em ve\u00edculos GOL, PARATI,SAVEIRO , sem imobilizador.<\/p>\n<p><img loading=\"lazy\" decoding=\"async\" class=\"alignnone size-medium wp-image-541\" src=\"https:\/\/powerchip.com.br\/wp-content\/uploads\/2025\/10\/1AVP-1.8-78ap-300x284.jpg\" sizes=\"auto, (max-width: 300px) 100vw, 300px\" srcset=\"https:\/\/powerchip.com.br\/wp-content\/uploads\/2025\/10\/1AVP-1.8-78ap-300x284.jpg 300w, https:\/\/powerchip.com.br\/wp-content\/uploads\/2025\/10\/1AVP-1.8-78ap.jpg 423w\" alt=\"\" width=\"300\" height=\"284\" \/><img loading=\"lazy\" decoding=\"async\" class=\"alignnone size-medium wp-image-542\" src=\"https:\/\/powerchip.com.br\/wp-content\/uploads\/2025\/10\/1AVP-1.8-78ap-1-300x220.jpg\" sizes=\"auto, (max-width: 300px) 100vw, 300px\" srcset=\"https:\/\/powerchip.com.br\/wp-content\/uploads\/2025\/10\/1AVP-1.8-78ap-1-300x220.jpg 300w, https:\/\/powerchip.com.br\/wp-content\/uploads\/2025\/10\/1AVP-1.8-78ap-1-600x439.jpg 600w, https:\/\/powerchip.com.br\/wp-content\/uploads\/2025\/10\/1AVP-1.8-78ap-1.jpg 743w\" alt=\"\" width=\"300\" height=\"220\" \/><img loading=\"lazy\" decoding=\"async\" class=\"alignnone size-medium wp-image-543\" src=\"https:\/\/powerchip.com.br\/wp-content\/uploads\/2025\/10\/1AVP-PLCC-29F010-1.8-78ap-300x235.jpg\" sizes=\"auto, (max-width: 300px) 100vw, 300px\" srcset=\"https:\/\/powerchip.com.br\/wp-content\/uploads\/2025\/10\/1AVP-PLCC-29F010-1.8-78ap-300x235.jpg 300w, https:\/\/powerchip.com.br\/wp-content\/uploads\/2025\/10\/1AVP-PLCC-29F010-1.8-78ap.jpg 343w\" alt=\"\" width=\"300\" height=\"235\" \/><img loading=\"lazy\" decoding=\"async\" class=\"alignnone size-medium wp-image-544\" src=\"https:\/\/powerchip.com.br\/wp-content\/uploads\/2025\/10\/1AVP-jumpear-caixa-de-imobilziador-VW-1.8-78ap-300x131.jpg\" sizes=\"auto, (max-width: 300px) 100vw, 300px\" srcset=\"https:\/\/powerchip.com.br\/wp-content\/uploads\/2025\/10\/1AVP-jumpear-caixa-de-imobilziador-VW-1.8-78ap-300x131.jpg 300w, https:\/\/powerchip.com.br\/wp-content\/uploads\/2025\/10\/1AVP-jumpear-caixa-de-imobilziador-VW-1.8-78ap-1024x448.jpg 1024w, https:\/\/powerchip.com.br\/wp-content\/uploads\/2025\/10\/1AVP-jumpear-caixa-de-imobilziador-VW-1.8-78ap-768x336.jpg 768w, https:\/\/powerchip.com.br\/wp-content\/uploads\/2025\/10\/1AVP-jumpear-caixa-de-imobilziador-VW-1.8-78ap-600x262.jpg 600w, https:\/\/powerchip.com.br\/wp-content\/uploads\/2025\/10\/1AVP-jumpear-caixa-de-imobilziador-VW-1.8-78ap.jpg 1230w\" alt=\"\" width=\"300\" height=\"131\" \/><img loading=\"lazy\" decoding=\"async\" class=\"alignnone size-medium wp-image-948\" src=\"https:\/\/powerchip.com.br\/wp-content\/uploads\/2025\/11\/foto-de-zip-original--300x175.jpg\" alt=\"\" width=\"300\" height=\"175\" srcset=\"https:\/\/powerchip.com.br\/wp-content\/uploads\/2025\/11\/foto-de-zip-original--300x175.jpg 300w, https:\/\/powerchip.com.br\/wp-content\/uploads\/2025\/11\/foto-de-zip-original--600x350.jpg 600w, https:\/\/powerchip.com.br\/wp-content\/uploads\/2025\/11\/foto-de-zip-original-.jpg 727w\" sizes=\"auto, (max-width: 300px) 100vw, 300px\" \/><img loading=\"lazy\" decoding=\"async\" class=\"alignnone size-medium wp-image-360\" src=\"https:\/\/powerchip.com.br\/wp-content\/uploads\/2025\/10\/foto-de-zip-INJECAO-DECODE--300x198.jpg\" alt=\"\" width=\"300\" height=\"198\" srcset=\"https:\/\/powerchip.com.br\/wp-content\/uploads\/2025\/10\/foto-de-zip-INJECAO-DECODE--300x198.jpg 300w, https:\/\/powerchip.com.br\/wp-content\/uploads\/2025\/10\/foto-de-zip-INJECAO-DECODE--768x506.jpg 768w, https:\/\/powerchip.com.br\/wp-content\/uploads\/2025\/10\/foto-de-zip-INJECAO-DECODE--600x396.jpg 600w, https:\/\/powerchip.com.br\/wp-content\/uploads\/2025\/10\/foto-de-zip-INJECAO-DECODE-.jpg 775w\" sizes=\"auto, (max-width: 300px) 100vw, 300px\" \/><\/p>\n","protected":false},"featured_media":360,"template":"","meta":{"_joinchat":[]},"product_brand":[],"product_cat":[32],"product_tag":[214,405,367,711,67,116,127,368,712,709,369,370,710,219],"class_list":{"0":"post-546","1":"product","2":"type-product","3":"status-publish","4":"has-post-thumbnail","6":"product_cat-vw","7":"product_tag-1-8","8":"product_tag-1-6","9":"product_tag-1avp","10":"product_tag-1avp-avp","11":"product_tag-alcool","12":"product_tag-arquivo","13":"product_tag-decode","14":"product_tag-gol","15":"product_tag-immoof","16":"product_tag-para","17":"product_tag-parati","18":"product_tag-saveiro","19":"product_tag-sem-imobilizadr","20":"product_tag-vw","22":"first","23":"instock","24":"downloadable","25":"virtual","26":"purchasable","27":"product-type-simple"},"jetpack_sharing_enabled":true,"_links":{"self":[{"href":"https:\/\/powerchip.com.br\/index.php\/wp-json\/wp\/v2\/product\/546","targetHints":{"allow":["GET"]}}],"collection":[{"href":"https:\/\/powerchip.com.br\/index.php\/wp-json\/wp\/v2\/product"}],"about":[{"href":"https:\/\/powerchip.com.br\/index.php\/wp-json\/wp\/v2\/types\/product"}],"wp:featuredmedia":[{"embeddable":true,"href":"https:\/\/powerchip.com.br\/index.php\/wp-json\/wp\/v2\/media\/360"}],"wp:attachment":[{"href":"https:\/\/powerchip.com.br\/index.php\/wp-json\/wp\/v2\/media?parent=546"}],"wp:term":[{"taxonomy":"product_brand","embeddable":true,"href":"https:\/\/powerchip.com.br\/index.php\/wp-json\/wp\/v2\/product_brand?post=546"},{"taxonomy":"product_cat","embeddable":true,"href":"https:\/\/powerchip.com.br\/index.php\/wp-json\/wp\/v2\/product_cat?post=546"},{"taxonomy":"product_tag","embeddable":true,"href":"https:\/\/powerchip.com.br\/index.php\/wp-json\/wp\/v2\/product_tag?post=546"}],"curies":[{"name":"wp","href":"https:\/\/api.w.org\/{rel}","templated":true}]}}