{"id":516,"date":"2025-10-30T16:55:10","date_gmt":"2025-10-30T16:55:10","guid":{"rendered":"https:\/\/powerchip.com.br\/?post_type=product&#038;p=516"},"modified":"2025-11-12T22:53:52","modified_gmt":"2025-11-12T22:53:52","slug":"golf-msi-simos-1530-arquivo-de-potencia-e-arquivo-de-pops-04e906032af-04e907425f-91251000-h04-sf20053000000-cxna-1601","status":"publish","type":"product","link":"https:\/\/powerchip.com.br\/index.php\/produto\/golf-msi-simos-1530-arquivo-de-potencia-e-arquivo-de-pops-04e906032af-04e907425f-91251000-h04-sf20053000000-cxna-1601\/","title":{"rendered":"GOLF MSI SIMOS  15,30  ARQUIVO de potencia e arquivo de  POPS 04E906032AF  04E907425F 91251000 H04  SF20053000000    CXNA 1601\u00a0"},"content":{"rendered":"<p>GOLF MSI SIMOS 15,30 ARQUIVO de potencia e arquivo de POPS 04E906032AF 04E907425F 91251000 H04 SF20053000000<\/p>\n<p>GOLF MSI SIMOS 15,30 CXNA 1601<\/p>\n<p>\u201cLembrete: Este arquivo SIM necessita de prepara\u00e7\u00e3o espec\u00edfica para a central (ECU) de destino antes do uso DEPENDENDO DO PROGRAMADOR .\u201d<\/p>\n<p>Normalmente\u00a0 \u00a0leia total e salve.<\/p>\n<p>Voc\u00ea receber\u00e1 ap\u00f3s pagar, um link com o arquivo dentro com 5 arquivos bin\u00e1rios.<\/p>\n<p>*01 arquivo original.<\/p>\n<p>*01 arquivo original com decat .<\/p>\n<p>*01 arquivo pot\u00eancia .<\/p>\n<p>*01 arquivo pot\u00eancia com decat .<\/p>\n<p>*01 arquivo pot\u00eancia com decat\u00a0 POPS.<\/p>\n<p>N\u00e3o conserta sua central\u2026nem seu carro, \u00e9 s\u00f3 um arquivo\u00a0 , grave em seu modulo AP\u00d3S\u00a0 analisar ou guarde de lembran\u00e7a.<\/p>\n<p>Salve sua pele , * SEMPRE FA\u00c7A BACKUPS*<\/p>\n<p><a href=\"https:\/\/powerchip.com.br\/index.php\/arquivo-destinado-a-profissionais\/\">Arquivo destinado a profissionais<\/a>.<\/p>\n<p><a href=\"https:\/\/powerchip.com.br\/index.php\/como-usar-o-arquivo-comprado\/\">Como usar o arquivo<\/a>.<\/p>\n<p><a href=\"https:\/\/powerchip.com.br\/index.php\/como-comprar\/\">Como comprar<\/a><\/p>\n<audio class=\"wp-audio-shortcode\" id=\"audio-516-1\" preload=\"none\" style=\"width: 100%;\" controls=\"controls\"><source type=\"audio\/ogg\" src=\"https:\/\/powerchip.com.br\/wp-content\/uploads\/2025\/10\/AUDIO-ASPIRADO-POPS-POT-DECAT-1.ogg?_=1\" \/><a href=\"https:\/\/powerchip.com.br\/wp-content\/uploads\/2025\/10\/AUDIO-ASPIRADO-POPS-POT-DECAT-1.ogg\">https:\/\/powerchip.com.br\/wp-content\/uploads\/2025\/10\/AUDIO-ASPIRADO-POPS-POT-DECAT-1.ogg<\/a><\/audio>\n<p><img loading=\"lazy\" decoding=\"async\" class=\"alignnone size-medium wp-image-517\" src=\"https:\/\/powerchip.com.br\/wp-content\/uploads\/2025\/10\/GOLF-MSI-SIMOS-1530-04E906032AF-04E907425F-91251000-H04-SF20053000000-.ori_.BIN_-300x208.jpg\" alt=\"\" width=\"300\" height=\"208\" srcset=\"https:\/\/powerchip.com.br\/wp-content\/uploads\/2025\/10\/GOLF-MSI-SIMOS-1530-04E906032AF-04E907425F-91251000-H04-SF20053000000-.ori_.BIN_-300x208.jpg 300w, https:\/\/powerchip.com.br\/wp-content\/uploads\/2025\/10\/GOLF-MSI-SIMOS-1530-04E906032AF-04E907425F-91251000-H04-SF20053000000-.ori_.BIN_.jpg 485w\" sizes=\"auto, (max-width: 300px) 100vw, 300px\" \/><img loading=\"lazy\" decoding=\"async\" class=\"alignnone size-medium wp-image-518\" src=\"https:\/\/powerchip.com.br\/wp-content\/uploads\/2025\/10\/volks.golf_.msi_.simos_.15-04E906032AF-SF20053000000-300x212.jpg\" alt=\"\" width=\"300\" height=\"212\" srcset=\"https:\/\/powerchip.com.br\/wp-content\/uploads\/2025\/10\/volks.golf_.msi_.simos_.15-04E906032AF-SF20053000000-300x212.jpg 300w, https:\/\/powerchip.com.br\/wp-content\/uploads\/2025\/10\/volks.golf_.msi_.simos_.15-04E906032AF-SF20053000000.jpg 476w\" sizes=\"auto, (max-width: 300px) 100vw, 300px\" \/><img loading=\"lazy\" decoding=\"async\" class=\"alignnone size-medium wp-image-519\" src=\"https:\/\/powerchip.com.br\/wp-content\/uploads\/2025\/10\/volks.golf_.msi_.simos_.15-04E906032AF-SF20053000000-300x164.jpeg\" alt=\"\" width=\"300\" height=\"164\" srcset=\"https:\/\/powerchip.com.br\/wp-content\/uploads\/2025\/10\/volks.golf_.msi_.simos_.15-04E906032AF-SF20053000000-300x164.jpeg 300w, https:\/\/powerchip.com.br\/wp-content\/uploads\/2025\/10\/volks.golf_.msi_.simos_.15-04E906032AF-SF20053000000-768x421.jpeg 768w, https:\/\/powerchip.com.br\/wp-content\/uploads\/2025\/10\/volks.golf_.msi_.simos_.15-04E906032AF-SF20053000000-600x329.jpeg 600w, https:\/\/powerchip.com.br\/wp-content\/uploads\/2025\/10\/volks.golf_.msi_.simos_.15-04E906032AF-SF20053000000.jpeg 834w\" sizes=\"auto, (max-width: 300px) 100vw, 300px\" \/>\u00a0<img loading=\"lazy\" decoding=\"async\" class=\"alignnone size-medium wp-image-520\" src=\"https:\/\/powerchip.com.br\/wp-content\/uploads\/2025\/10\/ZIP-GOLF-MSI-SIMOS-1530-04E906032AF-04E907425F-91251000-H04-SF20053000000-.ori_.BIN_-300x226.jpg\" alt=\"\" width=\"300\" height=\"226\" srcset=\"https:\/\/powerchip.com.br\/wp-content\/uploads\/2025\/10\/ZIP-GOLF-MSI-SIMOS-1530-04E906032AF-04E907425F-91251000-H04-SF20053000000-.ori_.BIN_-300x226.jpg 300w, https:\/\/powerchip.com.br\/wp-content\/uploads\/2025\/10\/ZIP-GOLF-MSI-SIMOS-1530-04E906032AF-04E907425F-91251000-H04-SF20053000000-.ori_.BIN_.jpg 548w\" sizes=\"auto, (max-width: 300px) 100vw, 300px\" \/><img loading=\"lazy\" decoding=\"async\" class=\"alignnone size-medium wp-image-944\" src=\"https:\/\/powerchip.com.br\/wp-content\/uploads\/2025\/11\/foto-de-zip-catalizador--300x174.jpg\" alt=\"\" width=\"300\" height=\"174\" srcset=\"https:\/\/powerchip.com.br\/wp-content\/uploads\/2025\/11\/foto-de-zip-catalizador--300x174.jpg 300w, https:\/\/powerchip.com.br\/wp-content\/uploads\/2025\/11\/foto-de-zip-catalizador--600x348.jpg 600w, https:\/\/powerchip.com.br\/wp-content\/uploads\/2025\/11\/foto-de-zip-catalizador-.jpg 733w\" sizes=\"auto, (max-width: 300px) 100vw, 300px\" \/><img loading=\"lazy\" decoding=\"async\" class=\"alignnone size-medium wp-image-942\" src=\"https:\/\/powerchip.com.br\/wp-content\/uploads\/2025\/11\/foto-de-zip-POPS--300x174.jpg\" alt=\"\" width=\"300\" height=\"174\" srcset=\"https:\/\/powerchip.com.br\/wp-content\/uploads\/2025\/11\/foto-de-zip-POPS--300x174.jpg 300w, https:\/\/powerchip.com.br\/wp-content\/uploads\/2025\/11\/foto-de-zip-POPS--600x348.jpg 600w, https:\/\/powerchip.com.br\/wp-content\/uploads\/2025\/11\/foto-de-zip-POPS-.jpg 733w\" sizes=\"auto, (max-width: 300px) 100vw, 300px\" \/><img loading=\"lazy\" decoding=\"async\" class=\"alignnone size-medium wp-image-943\" src=\"https:\/\/powerchip.com.br\/wp-content\/uploads\/2025\/11\/foto-de-zip-potencia-1-1-300x170.jpg\" alt=\"\" width=\"300\" height=\"170\" srcset=\"https:\/\/powerchip.com.br\/wp-content\/uploads\/2025\/11\/foto-de-zip-potencia-1-1-300x170.jpg 300w, https:\/\/powerchip.com.br\/wp-content\/uploads\/2025\/11\/foto-de-zip-potencia-1-1-600x341.jpg 600w, https:\/\/powerchip.com.br\/wp-content\/uploads\/2025\/11\/foto-de-zip-potencia-1-1.jpg 733w\" sizes=\"auto, (max-width: 300px) 100vw, 300px\" \/><\/p>\n","protected":false},"excerpt":{"rendered":"<p>GOLF MSI SIMOS 15,30 ARQUIVO de potencia e arquivo de POPS 04E906032AF 04E907425F 91251000 H04 SF20053000000<\/p>\n<p>GOLF MSI SIMOS 15,30 CXNA 1601<\/p>\n<p><img loading=\"lazy\" decoding=\"async\" class=\"alignnone size-medium wp-image-517\" src=\"https:\/\/powerchip.com.br\/wp-content\/uploads\/2025\/10\/GOLF-MSI-SIMOS-1530-04E906032AF-04E907425F-91251000-H04-SF20053000000-.ori_.BIN_-300x208.jpg\" alt=\"\" width=\"300\" height=\"208\" srcset=\"https:\/\/powerchip.com.br\/wp-content\/uploads\/2025\/10\/GOLF-MSI-SIMOS-1530-04E906032AF-04E907425F-91251000-H04-SF20053000000-.ori_.BIN_-300x208.jpg 300w, https:\/\/powerchip.com.br\/wp-content\/uploads\/2025\/10\/GOLF-MSI-SIMOS-1530-04E906032AF-04E907425F-91251000-H04-SF20053000000-.ori_.BIN_.jpg 485w\" sizes=\"auto, (max-width: 300px) 100vw, 300px\" \/><img loading=\"lazy\" decoding=\"async\" class=\"alignnone size-medium wp-image-518\" src=\"https:\/\/powerchip.com.br\/wp-content\/uploads\/2025\/10\/volks.golf_.msi_.simos_.15-04E906032AF-SF20053000000-300x212.jpg\" alt=\"\" width=\"300\" height=\"212\" srcset=\"https:\/\/powerchip.com.br\/wp-content\/uploads\/2025\/10\/volks.golf_.msi_.simos_.15-04E906032AF-SF20053000000-300x212.jpg 300w, https:\/\/powerchip.com.br\/wp-content\/uploads\/2025\/10\/volks.golf_.msi_.simos_.15-04E906032AF-SF20053000000.jpg 476w\" sizes=\"auto, (max-width: 300px) 100vw, 300px\" \/><img loading=\"lazy\" decoding=\"async\" class=\"alignnone size-medium wp-image-519\" src=\"https:\/\/powerchip.com.br\/wp-content\/uploads\/2025\/10\/volks.golf_.msi_.simos_.15-04E906032AF-SF20053000000-300x164.jpeg\" alt=\"\" width=\"300\" height=\"164\" srcset=\"https:\/\/powerchip.com.br\/wp-content\/uploads\/2025\/10\/volks.golf_.msi_.simos_.15-04E906032AF-SF20053000000-300x164.jpeg 300w, https:\/\/powerchip.com.br\/wp-content\/uploads\/2025\/10\/volks.golf_.msi_.simos_.15-04E906032AF-SF20053000000-768x421.jpeg 768w, https:\/\/powerchip.com.br\/wp-content\/uploads\/2025\/10\/volks.golf_.msi_.simos_.15-04E906032AF-SF20053000000-600x329.jpeg 600w, https:\/\/powerchip.com.br\/wp-content\/uploads\/2025\/10\/volks.golf_.msi_.simos_.15-04E906032AF-SF20053000000.jpeg 834w\" sizes=\"auto, (max-width: 300px) 100vw, 300px\" \/>\u00a0<img loading=\"lazy\" decoding=\"async\" class=\"alignnone size-medium wp-image-520\" src=\"https:\/\/powerchip.com.br\/wp-content\/uploads\/2025\/10\/ZIP-GOLF-MSI-SIMOS-1530-04E906032AF-04E907425F-91251000-H04-SF20053000000-.ori_.BIN_-300x226.jpg\" alt=\"\" width=\"300\" height=\"226\" srcset=\"https:\/\/powerchip.com.br\/wp-content\/uploads\/2025\/10\/ZIP-GOLF-MSI-SIMOS-1530-04E906032AF-04E907425F-91251000-H04-SF20053000000-.ori_.BIN_-300x226.jpg 300w, https:\/\/powerchip.com.br\/wp-content\/uploads\/2025\/10\/ZIP-GOLF-MSI-SIMOS-1530-04E906032AF-04E907425F-91251000-H04-SF20053000000-.ori_.BIN_.jpg 548w\" sizes=\"auto, (max-width: 300px) 100vw, 300px\" \/><img loading=\"lazy\" decoding=\"async\" class=\"alignnone size-medium wp-image-944\" src=\"https:\/\/powerchip.com.br\/wp-content\/uploads\/2025\/11\/foto-de-zip-catalizador--300x174.jpg\" alt=\"\" width=\"300\" height=\"174\" srcset=\"https:\/\/powerchip.com.br\/wp-content\/uploads\/2025\/11\/foto-de-zip-catalizador--300x174.jpg 300w, https:\/\/powerchip.com.br\/wp-content\/uploads\/2025\/11\/foto-de-zip-catalizador--600x348.jpg 600w, https:\/\/powerchip.com.br\/wp-content\/uploads\/2025\/11\/foto-de-zip-catalizador-.jpg 733w\" sizes=\"auto, (max-width: 300px) 100vw, 300px\" \/><img loading=\"lazy\" decoding=\"async\" class=\"alignnone size-medium wp-image-942\" src=\"https:\/\/powerchip.com.br\/wp-content\/uploads\/2025\/11\/foto-de-zip-POPS--300x174.jpg\" alt=\"\" width=\"300\" height=\"174\" srcset=\"https:\/\/powerchip.com.br\/wp-content\/uploads\/2025\/11\/foto-de-zip-POPS--300x174.jpg 300w, https:\/\/powerchip.com.br\/wp-content\/uploads\/2025\/11\/foto-de-zip-POPS--600x348.jpg 600w, https:\/\/powerchip.com.br\/wp-content\/uploads\/2025\/11\/foto-de-zip-POPS-.jpg 733w\" sizes=\"auto, (max-width: 300px) 100vw, 300px\" \/><img loading=\"lazy\" decoding=\"async\" class=\"alignnone size-medium wp-image-943\" src=\"https:\/\/powerchip.com.br\/wp-content\/uploads\/2025\/11\/foto-de-zip-potencia-1-1-300x170.jpg\" alt=\"\" width=\"300\" height=\"170\" srcset=\"https:\/\/powerchip.com.br\/wp-content\/uploads\/2025\/11\/foto-de-zip-potencia-1-1-300x170.jpg 300w, https:\/\/powerchip.com.br\/wp-content\/uploads\/2025\/11\/foto-de-zip-potencia-1-1-600x341.jpg 600w, https:\/\/powerchip.com.br\/wp-content\/uploads\/2025\/11\/foto-de-zip-potencia-1-1.jpg 733w\" sizes=\"auto, (max-width: 300px) 100vw, 300px\" \/><\/p>\n","protected":false},"featured_media":329,"template":"","meta":{"_joinchat":[]},"product_brand":[],"product_cat":[32],"product_tag":[341,342,339,347,343,346,213,344,337,340,41,345,338],"class_list":{"0":"post-516","1":"product","2":"type-product","3":"status-publish","4":"has-post-thumbnail","6":"product_cat-vw","7":"product_tag-04e906032af","8":"product_tag-04e907425f","9":"product_tag-15-30","10":"product_tag-347","11":"product_tag-343","12":"product_tag-cxna","13":"product_tag-golf","14":"product_tag-h04","15":"product_tag-msi","16":"product_tag-pops","17":"product_tag-potencia","18":"product_tag-sf20053000000","19":"product_tag-simos","21":"first","22":"instock","23":"downloadable","24":"virtual","25":"purchasable","26":"product-type-simple"},"jetpack_sharing_enabled":true,"_links":{"self":[{"href":"https:\/\/powerchip.com.br\/index.php\/wp-json\/wp\/v2\/product\/516","targetHints":{"allow":["GET"]}}],"collection":[{"href":"https:\/\/powerchip.com.br\/index.php\/wp-json\/wp\/v2\/product"}],"about":[{"href":"https:\/\/powerchip.com.br\/index.php\/wp-json\/wp\/v2\/types\/product"}],"wp:featuredmedia":[{"embeddable":true,"href":"https:\/\/powerchip.com.br\/index.php\/wp-json\/wp\/v2\/media\/329"}],"wp:attachment":[{"href":"https:\/\/powerchip.com.br\/index.php\/wp-json\/wp\/v2\/media?parent=516"}],"wp:term":[{"taxonomy":"product_brand","embeddable":true,"href":"https:\/\/powerchip.com.br\/index.php\/wp-json\/wp\/v2\/product_brand?post=516"},{"taxonomy":"product_cat","embeddable":true,"href":"https:\/\/powerchip.com.br\/index.php\/wp-json\/wp\/v2\/product_cat?post=516"},{"taxonomy":"product_tag","embeddable":true,"href":"https:\/\/powerchip.com.br\/index.php\/wp-json\/wp\/v2\/product_tag?post=516"}],"curies":[{"name":"wp","href":"https:\/\/api.w.org\/{rel}","templated":true}]}}