{"id":497,"date":"2025-10-29T20:25:04","date_gmt":"2025-10-29T20:25:04","guid":{"rendered":"https:\/\/powerchip.com.br\/?post_type=product&#038;p=497"},"modified":"2025-11-06T23:46:38","modified_gmt":"2025-11-06T23:46:38","slug":"corsa-antigo-modulo-delco-tomada-azul-arquivo-de-decode-corsa-chip-ferramenta","status":"publish","type":"product","link":"https:\/\/powerchip.com.br\/index.php\/produto\/corsa-antigo-modulo-delco-tomada-azul-arquivo-de-decode-corsa-chip-ferramenta\/","title":{"rendered":"CORSA ANTIGO MODULO DELCO TOMADA AZUL ARQUIVO DE DECODE CORSA &#8221; CHIP FERRAMENTA&#8221;"},"content":{"rendered":"<p>CORSA ANTIGO MODULO DELCO TOMADA AZUL ARQUIVO DE DECODE CORSA &#8221; CHIP FERRAMENTA&#8221;<\/p>\n<p>Gasolina &#8211; 1.0 L <strong>CHEVROLET<\/strong><\/p>\n<p>Gasolina &#8211; 1.6 L <strong>CHEVROLET<\/strong><\/p>\n<p>\u00c1lcool -1.6 L <strong>CHEVROLET<\/strong><\/p>\n<p>DECODE CORSA CHIP FERRAMENTA modulo de inje\u00e7\u00e3o duas tomadas azuis.<\/p>\n<p>&nbsp;<\/p>\n<p>Com o arquivo zipado voc\u00ea\u00a0 faz a descompacta\u00e7\u00e3o\u00a0 \u00a0e ter\u00e1\u00a0 02 arquivos,\u00a0 um\u00a0 .doc outro a arquivo bin\u00e1rio Tclock que vai reprogramar o processador da central de inje\u00e7\u00e3o ao realizar o procedimento.<\/p>\n<p>&nbsp;<\/p>\n<p>Procedimento.<\/p>\n<p>Precisa de um chip 27c512 virgem ou apagado.<\/p>\n<p>Precisa de uma fonte 12v, BANCADA\u00a0 COM FONTE AJUSTAVEL.<\/p>\n<p>&#8230;&#8230;&#8230;..LEIA DOC APOS COMPRAR.<\/p>\n<div id=\":15i\" class=\"Am aiL Al editable LW-avf tS-tW tS-tY\" tabindex=\"1\" role=\"textbox\" contenteditable=\"true\" spellcheck=\"false\" aria-label=\"Corpo da mensagem\" aria-multiline=\"true\" aria-owns=\":188\" aria-controls=\":188\" aria-expanded=\"false\">\n<p>Voc\u00ea receber\u00e1 ap\u00f3s pagar, um link com o arquivo:<\/p>\n<p>1 x arquivo compactado contendo dentro 06 arquivos para mem\u00f3ria\u00a0 DIP, para uso em v\u00e1rios programadores , pronto para uso .<\/p>\n<p>Contendo no Zip com 06 ar1uivos dentro a sua escolha:<\/p>\n<p>01\u00a0 Arquivo CHIP FERRAMENTA PARA DECODE DO CORSA ANTIGO DELCO .<\/p>\n<p>01\u00a0 Arquivo\u00a0 DECODE do processador para usar UPA USB.<\/p>\n<p>FOTOS E DOC.<\/p>\n<p>Um profissional saber\u00e1 utilizar isso , ou ap\u00f3s a compra entre em contato.<\/p>\n<p>N\u00e3o conserta sua central\u2026nem seu carro, \u00e9 s\u00f3 um arquivo sem imo, grave em seu m\u00f3dulo ou guarde de lembran\u00e7a.<\/p>\n<\/div>\n<p><a href=\"https:\/\/powerchip.com.br\/index.php\/arquivo-destinado-a-profissionais\/\">Arquivo destinado a profissionais<\/a>.<\/p>\n<p><a href=\"https:\/\/powerchip.com.br\/index.php\/como-usar-o-arquivo-comprado\/\">Como usar o arquivo<\/a>.<\/p>\n<p><a href=\"https:\/\/powerchip.com.br\/index.php\/como-comprar\/\">Como comprar<\/a><\/p>\n<p>&nbsp;<\/p>\n<audio class=\"wp-audio-shortcode\" id=\"audio-497-1\" preload=\"none\" style=\"width: 100%;\" controls=\"controls\"><source type=\"audio\/ogg\" src=\"https:\/\/powerchip.com.br\/wp-content\/uploads\/2025\/10\/audio-gm-delco-tomada-azul-chip-ferrameta-.ogg?_=1\" \/><a href=\"https:\/\/powerchip.com.br\/wp-content\/uploads\/2025\/10\/audio-gm-delco-tomada-azul-chip-ferrameta-.ogg\">https:\/\/powerchip.com.br\/wp-content\/uploads\/2025\/10\/audio-gm-delco-tomada-azul-chip-ferrameta-.ogg<\/a><\/audio>\n<p><img loading=\"lazy\" decoding=\"async\" class=\"alignnone size-medium wp-image-498\" src=\"https:\/\/powerchip.com.br\/wp-content\/uploads\/2025\/10\/Corsa_mpfi-300x225.jpg\" alt=\"\" width=\"300\" height=\"225\" srcset=\"https:\/\/powerchip.com.br\/wp-content\/uploads\/2025\/10\/Corsa_mpfi-300x225.jpg 300w, https:\/\/powerchip.com.br\/wp-content\/uploads\/2025\/10\/Corsa_mpfi.jpg 512w\" sizes=\"auto, (max-width: 300px) 100vw, 300px\" \/><img loading=\"lazy\" decoding=\"async\" class=\"alignnone size-medium wp-image-499\" src=\"https:\/\/powerchip.com.br\/wp-content\/uploads\/2025\/10\/Gasolina-1.0-L-CHEVROLET-300x190.jpg\" alt=\"\" width=\"300\" height=\"190\" srcset=\"https:\/\/powerchip.com.br\/wp-content\/uploads\/2025\/10\/Gasolina-1.0-L-CHEVROLET-300x190.jpg 300w, https:\/\/powerchip.com.br\/wp-content\/uploads\/2025\/10\/Gasolina-1.0-L-CHEVROLET-600x381.jpg 600w, https:\/\/powerchip.com.br\/wp-content\/uploads\/2025\/10\/Gasolina-1.0-L-CHEVROLET.jpg 608w\" sizes=\"auto, (max-width: 300px) 100vw, 300px\" \/><img loading=\"lazy\" decoding=\"async\" class=\"alignnone size-medium wp-image-500\" src=\"https:\/\/powerchip.com.br\/wp-content\/uploads\/2025\/10\/MENCAL-CORSA-1.0-1.6-ANTIGO-DELCO-300x265.png\" alt=\"\" width=\"300\" height=\"265\" srcset=\"https:\/\/powerchip.com.br\/wp-content\/uploads\/2025\/10\/MENCAL-CORSA-1.0-1.6-ANTIGO-DELCO-300x265.png 300w, https:\/\/powerchip.com.br\/wp-content\/uploads\/2025\/10\/MENCAL-CORSA-1.0-1.6-ANTIGO-DELCO-1024x904.png 1024w, https:\/\/powerchip.com.br\/wp-content\/uploads\/2025\/10\/MENCAL-CORSA-1.0-1.6-ANTIGO-DELCO-768x678.png 768w, https:\/\/powerchip.com.br\/wp-content\/uploads\/2025\/10\/MENCAL-CORSA-1.0-1.6-ANTIGO-DELCO-600x529.png 600w, https:\/\/powerchip.com.br\/wp-content\/uploads\/2025\/10\/MENCAL-CORSA-1.0-1.6-ANTIGO-DELCO.png 1088w\" sizes=\"auto, (max-width: 300px) 100vw, 300px\" \/><img loading=\"lazy\" decoding=\"async\" class=\"alignnone size-medium wp-image-501\" src=\"https:\/\/powerchip.com.br\/wp-content\/uploads\/2025\/10\/MODULO-CORSA-SEDAM-300x255.jpg\" alt=\"\" width=\"300\" height=\"255\" srcset=\"https:\/\/powerchip.com.br\/wp-content\/uploads\/2025\/10\/MODULO-CORSA-SEDAM-300x255.jpg 300w, https:\/\/powerchip.com.br\/wp-content\/uploads\/2025\/10\/MODULO-CORSA-SEDAM.jpg 434w\" sizes=\"auto, (max-width: 300px) 100vw, 300px\" \/> <img loading=\"lazy\" decoding=\"async\" class=\"alignnone size-medium wp-image-502\" src=\"https:\/\/powerchip.com.br\/wp-content\/uploads\/2025\/10\/TOMADA-MODULO-CORSA-SEDAM-300x118.jpg\" alt=\"\" width=\"300\" height=\"118\" srcset=\"https:\/\/powerchip.com.br\/wp-content\/uploads\/2025\/10\/TOMADA-MODULO-CORSA-SEDAM-300x118.jpg 300w, https:\/\/powerchip.com.br\/wp-content\/uploads\/2025\/10\/TOMADA-MODULO-CORSA-SEDAM.jpg 579w\" sizes=\"auto, (max-width: 300px) 100vw, 300px\" \/><img loading=\"lazy\" decoding=\"async\" class=\"alignnone size-medium wp-image-360\" src=\"https:\/\/powerchip.com.br\/wp-content\/uploads\/2025\/10\/foto-de-zip-INJECAO-DECODE--300x198.jpg\" alt=\"\" width=\"300\" height=\"198\" srcset=\"https:\/\/powerchip.com.br\/wp-content\/uploads\/2025\/10\/foto-de-zip-INJECAO-DECODE--300x198.jpg 300w, https:\/\/powerchip.com.br\/wp-content\/uploads\/2025\/10\/foto-de-zip-INJECAO-DECODE--768x506.jpg 768w, https:\/\/powerchip.com.br\/wp-content\/uploads\/2025\/10\/foto-de-zip-INJECAO-DECODE--600x396.jpg 600w, https:\/\/powerchip.com.br\/wp-content\/uploads\/2025\/10\/foto-de-zip-INJECAO-DECODE-.jpg 775w\" sizes=\"auto, (max-width: 300px) 100vw, 300px\" \/><\/p>\n<p>&nbsp;<\/p>\n","protected":false},"excerpt":{"rendered":"<p>CORSA ANTIGO MODULO DELCO TOMADA AZUL ARQUIVO DE DECODE CORSA &#8221; CHIP FERRAMENTA&#8221;<\/p>\n<p>Gasolina &#8211; 1.0 L <strong>CHEVROLET<\/strong><\/p>\n<p>Gasolina &#8211; 1.6 L <strong>CHEVROLET<\/strong><\/p>\n<p>\u00c1lcool -1.6 L <strong>CHEVROLET<\/strong><\/p>\n<p>DECODE CORSA DELCO AZUL CHIP FERRAMENTA modulo de inje\u00e7\u00e3o duas tomadas azuis.<\/p>\n<p><img loading=\"lazy\" decoding=\"async\" class=\"alignnone size-medium wp-image-498\" src=\"https:\/\/powerchip.com.br\/wp-content\/uploads\/2025\/10\/Corsa_mpfi-300x225.jpg\" alt=\"\" width=\"300\" height=\"225\" srcset=\"https:\/\/powerchip.com.br\/wp-content\/uploads\/2025\/10\/Corsa_mpfi-300x225.jpg 300w, https:\/\/powerchip.com.br\/wp-content\/uploads\/2025\/10\/Corsa_mpfi.jpg 512w\" sizes=\"auto, (max-width: 300px) 100vw, 300px\" \/><img loading=\"lazy\" decoding=\"async\" class=\"alignnone size-medium wp-image-499\" src=\"https:\/\/powerchip.com.br\/wp-content\/uploads\/2025\/10\/Gasolina-1.0-L-CHEVROLET-300x190.jpg\" alt=\"\" width=\"300\" height=\"190\" srcset=\"https:\/\/powerchip.com.br\/wp-content\/uploads\/2025\/10\/Gasolina-1.0-L-CHEVROLET-300x190.jpg 300w, https:\/\/powerchip.com.br\/wp-content\/uploads\/2025\/10\/Gasolina-1.0-L-CHEVROLET-600x381.jpg 600w, https:\/\/powerchip.com.br\/wp-content\/uploads\/2025\/10\/Gasolina-1.0-L-CHEVROLET.jpg 608w\" sizes=\"auto, (max-width: 300px) 100vw, 300px\" \/><img loading=\"lazy\" decoding=\"async\" class=\"alignnone size-medium wp-image-500\" src=\"https:\/\/powerchip.com.br\/wp-content\/uploads\/2025\/10\/MENCAL-CORSA-1.0-1.6-ANTIGO-DELCO-300x265.png\" alt=\"\" width=\"300\" height=\"265\" srcset=\"https:\/\/powerchip.com.br\/wp-content\/uploads\/2025\/10\/MENCAL-CORSA-1.0-1.6-ANTIGO-DELCO-300x265.png 300w, https:\/\/powerchip.com.br\/wp-content\/uploads\/2025\/10\/MENCAL-CORSA-1.0-1.6-ANTIGO-DELCO-1024x904.png 1024w, https:\/\/powerchip.com.br\/wp-content\/uploads\/2025\/10\/MENCAL-CORSA-1.0-1.6-ANTIGO-DELCO-768x678.png 768w, https:\/\/powerchip.com.br\/wp-content\/uploads\/2025\/10\/MENCAL-CORSA-1.0-1.6-ANTIGO-DELCO-600x529.png 600w, https:\/\/powerchip.com.br\/wp-content\/uploads\/2025\/10\/MENCAL-CORSA-1.0-1.6-ANTIGO-DELCO.png 1088w\" sizes=\"auto, (max-width: 300px) 100vw, 300px\" \/><img loading=\"lazy\" decoding=\"async\" class=\"alignnone size-medium wp-image-501\" src=\"https:\/\/powerchip.com.br\/wp-content\/uploads\/2025\/10\/MODULO-CORSA-SEDAM-300x255.jpg\" alt=\"\" width=\"300\" height=\"255\" srcset=\"https:\/\/powerchip.com.br\/wp-content\/uploads\/2025\/10\/MODULO-CORSA-SEDAM-300x255.jpg 300w, https:\/\/powerchip.com.br\/wp-content\/uploads\/2025\/10\/MODULO-CORSA-SEDAM.jpg 434w\" sizes=\"auto, (max-width: 300px) 100vw, 300px\" \/> <img loading=\"lazy\" decoding=\"async\" class=\"alignnone size-medium wp-image-502\" src=\"https:\/\/powerchip.com.br\/wp-content\/uploads\/2025\/10\/TOMADA-MODULO-CORSA-SEDAM-300x118.jpg\" alt=\"\" width=\"300\" height=\"118\" srcset=\"https:\/\/powerchip.com.br\/wp-content\/uploads\/2025\/10\/TOMADA-MODULO-CORSA-SEDAM-300x118.jpg 300w, https:\/\/powerchip.com.br\/wp-content\/uploads\/2025\/10\/TOMADA-MODULO-CORSA-SEDAM.jpg 579w\" sizes=\"auto, (max-width: 300px) 100vw, 300px\" \/><img loading=\"lazy\" decoding=\"async\" class=\"alignnone size-medium wp-image-360\" src=\"https:\/\/powerchip.com.br\/wp-content\/uploads\/2025\/10\/foto-de-zip-INJECAO-DECODE--300x198.jpg\" alt=\"\" width=\"300\" height=\"198\" srcset=\"https:\/\/powerchip.com.br\/wp-content\/uploads\/2025\/10\/foto-de-zip-INJECAO-DECODE--300x198.jpg 300w, https:\/\/powerchip.com.br\/wp-content\/uploads\/2025\/10\/foto-de-zip-INJECAO-DECODE--768x506.jpg 768w, https:\/\/powerchip.com.br\/wp-content\/uploads\/2025\/10\/foto-de-zip-INJECAO-DECODE--600x396.jpg 600w, https:\/\/powerchip.com.br\/wp-content\/uploads\/2025\/10\/foto-de-zip-INJECAO-DECODE-.jpg 775w\" sizes=\"auto, (max-width: 300px) 100vw, 300px\" \/><\/p>\n<p>CHIP FERRAMENTA GRAVAR EM 27C512.<\/p>\n","protected":false},"featured_media":360,"template":"","meta":{"_joinchat":[]},"product_brand":[],"product_cat":[81],"product_tag":[313,309,304,310,306,302,307,305,303,311,312,314,308],"class_list":{"0":"post-497","1":"product","2":"type-product","3":"status-publish","4":"has-post-thumbnail","6":"product_cat-gm","7":"product_tag-alcool-1-6-l","8":"product_tag-arquivo-de-decode","9":"product_tag-bxtr","10":"product_tag-chip-ferramenta","11":"product_tag-corsa","12":"product_tag-cxpj","13":"product_tag-delco","14":"product_tag-dpjj","15":"product_tag-dujf","16":"product_tag-gasolina-1-0","17":"product_tag-gasolina-1-6","18":"product_tag-sem-code","19":"product_tag-tomada-azul","21":"first","22":"instock","23":"downloadable","24":"virtual","25":"purchasable","26":"product-type-simple"},"jetpack_sharing_enabled":true,"_links":{"self":[{"href":"https:\/\/powerchip.com.br\/index.php\/wp-json\/wp\/v2\/product\/497","targetHints":{"allow":["GET"]}}],"collection":[{"href":"https:\/\/powerchip.com.br\/index.php\/wp-json\/wp\/v2\/product"}],"about":[{"href":"https:\/\/powerchip.com.br\/index.php\/wp-json\/wp\/v2\/types\/product"}],"wp:featuredmedia":[{"embeddable":true,"href":"https:\/\/powerchip.com.br\/index.php\/wp-json\/wp\/v2\/media\/360"}],"wp:attachment":[{"href":"https:\/\/powerchip.com.br\/index.php\/wp-json\/wp\/v2\/media?parent=497"}],"wp:term":[{"taxonomy":"product_brand","embeddable":true,"href":"https:\/\/powerchip.com.br\/index.php\/wp-json\/wp\/v2\/product_brand?post=497"},{"taxonomy":"product_cat","embeddable":true,"href":"https:\/\/powerchip.com.br\/index.php\/wp-json\/wp\/v2\/product_cat?post=497"},{"taxonomy":"product_tag","embeddable":true,"href":"https:\/\/powerchip.com.br\/index.php\/wp-json\/wp\/v2\/product_tag?post=497"}],"curies":[{"name":"wp","href":"https:\/\/api.w.org\/{rel}","templated":true}]}}