{"id":482,"date":"2025-10-29T10:39:17","date_gmt":"2025-10-29T10:39:17","guid":{"rendered":"https:\/\/powerchip.com.br\/?post_type=product&#038;p=482"},"modified":"2025-11-01T13:48:10","modified_gmt":"2025-11-01T13:48:10","slug":"fiat-fire-arquivo-de-reset-st10f-4gf-sc-51901502-01098-1783-pu-1-4-fire-8v-br-hw003-0103797-d","status":"publish","type":"product","link":"https:\/\/powerchip.com.br\/index.php\/produto\/fiat-fire-arquivo-de-reset-st10f-4gf-sc-51901502-01098-1783-pu-1-4-fire-8v-br-hw003-0103797-d\/","title":{"rendered":"FIAT FIRE ARQUIVO DE RESET ST10F 4GF.SC 51901502 01098 1783 PU 1.4 FIRE 8V BR HW003 0103797.D"},"content":{"rendered":"<p>FIAT FIRE ARQUIVO DE RESET ST10F 4GF.SC 51901502 01098 1783 PU 1.4 FIRE 8V BR HW003 0103797.D , para usar em programadores st10f\u00a0 via boot.<\/p>\n<p>Voc\u00ea receber\u00e1 ap\u00f3s pagar:<\/p>\n<p>01 arquivo compactado contendo 03 arquivos:<\/p>\n<p>*01\u00a0 arquivo original<\/p>\n<p>*01\u00a0 arquivo de reset autom\u00e1tico (ligou codificou)<\/p>\n<p>*01\u00a0 arquivo original completo (n\u00e3o resetado).<\/p>\n<p>Grave o reset\u00a0 em sua central\u00a0 e ela estara pronta para usar em outra caixa de imobilizador.<\/p>\n<p>Grave o arquivo total acima (*01\u00a0 arquivo original completo (n\u00e3o resetado).), e ap\u00f3s grave o reset (*01\u00a0 arquivo de reset autom\u00e1tico (ligou codificou)), e est\u00e1 pronto para funcionar , a luz de inje\u00e7\u00e3o vai piscar tem esperar esquentar dar algumas aceleradas fortes e a correia dentada ser\u00e1 sincronizada.<\/p>\n<p>N\u00e3o conserta sua central\u2026\u00e9 s\u00f3 um arquivo original virgem , resetado, grave em seu m\u00f3dulo ou guarde de lembran\u00e7a.<\/p>\n<p><a href=\"https:\/\/powerchip.com.br\/index.php\/arquivo-destinado-a-profissionais\/\">Arquivo destinado a profissionais<\/a>.<\/p>\n<p><a href=\"https:\/\/powerchip.com.br\/index.php\/como-usar-o-arquivo-comprado\/\">Como usar o arquivo<\/a>.<\/p>\n<p><a href=\"https:\/\/powerchip.com.br\/index.php\/como-comprar\/\">Como comprar<\/a><\/p>\n<audio class=\"wp-audio-shortcode\" id=\"audio-482-1\" preload=\"none\" style=\"width: 100%;\" controls=\"controls\"><source type=\"audio\/ogg\" src=\"https:\/\/powerchip.com.br\/wp-content\/uploads\/2025\/10\/audio-4GF.SC-RESET-ST10F-.ogg?_=1\" \/><a href=\"https:\/\/powerchip.com.br\/wp-content\/uploads\/2025\/10\/audio-4GF.SC-RESET-ST10F-.ogg\">https:\/\/powerchip.com.br\/wp-content\/uploads\/2025\/10\/audio-4GF.SC-RESET-ST10F-.ogg<\/a><\/audio>\n<p><img loading=\"lazy\" decoding=\"async\" class=\"alignnone size-medium wp-image-484\" src=\"https:\/\/powerchip.com.br\/wp-content\/uploads\/2025\/10\/4GF.SC-RESET-ST10F-PLACA-ECU-BOOT-jpg-300x150.jpg\" alt=\"\" width=\"300\" height=\"150\" srcset=\"https:\/\/powerchip.com.br\/wp-content\/uploads\/2025\/10\/4GF.SC-RESET-ST10F-PLACA-ECU-BOOT-jpg-300x150.jpg 300w, https:\/\/powerchip.com.br\/wp-content\/uploads\/2025\/10\/4GF.SC-RESET-ST10F-PLACA-ECU-BOOT-jpg-1024x511.jpg 1024w, https:\/\/powerchip.com.br\/wp-content\/uploads\/2025\/10\/4GF.SC-RESET-ST10F-PLACA-ECU-BOOT-jpg-768x383.jpg 768w, https:\/\/powerchip.com.br\/wp-content\/uploads\/2025\/10\/4GF.SC-RESET-ST10F-PLACA-ECU-BOOT-jpg-1536x766.jpg 1536w, https:\/\/powerchip.com.br\/wp-content\/uploads\/2025\/10\/4GF.SC-RESET-ST10F-PLACA-ECU-BOOT-jpg-600x299.jpg 600w, https:\/\/powerchip.com.br\/wp-content\/uploads\/2025\/10\/4GF.SC-RESET-ST10F-PLACA-ECU-BOOT-jpg.jpg 1857w\" sizes=\"auto, (max-width: 300px) 100vw, 300px\" \/> <img loading=\"lazy\" decoding=\"async\" class=\"alignnone size-medium wp-image-485\" src=\"https:\/\/powerchip.com.br\/wp-content\/uploads\/2025\/10\/4GF.SC-RESET-ST10F-PLACA-ECU-jpg-300x219.jpg\" alt=\"\" width=\"300\" height=\"219\" srcset=\"https:\/\/powerchip.com.br\/wp-content\/uploads\/2025\/10\/4GF.SC-RESET-ST10F-PLACA-ECU-jpg-300x219.jpg 300w, https:\/\/powerchip.com.br\/wp-content\/uploads\/2025\/10\/4GF.SC-RESET-ST10F-PLACA-ECU-jpg-768x560.jpg 768w, https:\/\/powerchip.com.br\/wp-content\/uploads\/2025\/10\/4GF.SC-RESET-ST10F-PLACA-ECU-jpg-600x438.jpg 600w, https:\/\/powerchip.com.br\/wp-content\/uploads\/2025\/10\/4GF.SC-RESET-ST10F-PLACA-ECU-jpg.jpg 901w\" sizes=\"auto, (max-width: 300px) 100vw, 300px\" \/> <img loading=\"lazy\" decoding=\"async\" class=\"alignnone size-medium wp-image-486\" src=\"https:\/\/powerchip.com.br\/wp-content\/uploads\/2025\/10\/4GF.SC-RESET-ST10F-300x176.jpg\" alt=\"\" width=\"300\" height=\"176\" srcset=\"https:\/\/powerchip.com.br\/wp-content\/uploads\/2025\/10\/4GF.SC-RESET-ST10F-300x176.jpg 300w, https:\/\/powerchip.com.br\/wp-content\/uploads\/2025\/10\/4GF.SC-RESET-ST10F.jpg 512w\" sizes=\"auto, (max-width: 300px) 100vw, 300px\" \/><img loading=\"lazy\" decoding=\"async\" class=\"alignnone size-medium wp-image-487\" src=\"https:\/\/powerchip.com.br\/wp-content\/uploads\/2025\/10\/INJECAO-ORIGINAL-reset-virgen--300x198.jpg\" alt=\"\" width=\"300\" height=\"198\" srcset=\"https:\/\/powerchip.com.br\/wp-content\/uploads\/2025\/10\/INJECAO-ORIGINAL-reset-virgen--300x198.jpg 300w, https:\/\/powerchip.com.br\/wp-content\/uploads\/2025\/10\/INJECAO-ORIGINAL-reset-virgen--768x506.jpg 768w, https:\/\/powerchip.com.br\/wp-content\/uploads\/2025\/10\/INJECAO-ORIGINAL-reset-virgen--600x396.jpg 600w, https:\/\/powerchip.com.br\/wp-content\/uploads\/2025\/10\/INJECAO-ORIGINAL-reset-virgen-.jpg 775w\" sizes=\"auto, (max-width: 300px) 100vw, 300px\" \/><\/p>\n","protected":false},"excerpt":{"rendered":"<p>FIAT FIRE ARQUIVO DE RESET ST10F 4GF.SC 51901502 01098 1783 PU 1.4 FIRE 8V BR HW003 0103797.D , para usar em programadores st10f\u00a0 via boot.<\/p>\n<p><img loading=\"lazy\" decoding=\"async\" class=\"alignnone size-medium wp-image-484\" src=\"https:\/\/powerchip.com.br\/wp-content\/uploads\/2025\/10\/4GF.SC-RESET-ST10F-PLACA-ECU-BOOT-jpg-300x150.jpg\" alt=\"\" width=\"300\" height=\"150\" srcset=\"https:\/\/powerchip.com.br\/wp-content\/uploads\/2025\/10\/4GF.SC-RESET-ST10F-PLACA-ECU-BOOT-jpg-300x150.jpg 300w, https:\/\/powerchip.com.br\/wp-content\/uploads\/2025\/10\/4GF.SC-RESET-ST10F-PLACA-ECU-BOOT-jpg-1024x511.jpg 1024w, https:\/\/powerchip.com.br\/wp-content\/uploads\/2025\/10\/4GF.SC-RESET-ST10F-PLACA-ECU-BOOT-jpg-768x383.jpg 768w, https:\/\/powerchip.com.br\/wp-content\/uploads\/2025\/10\/4GF.SC-RESET-ST10F-PLACA-ECU-BOOT-jpg-1536x766.jpg 1536w, https:\/\/powerchip.com.br\/wp-content\/uploads\/2025\/10\/4GF.SC-RESET-ST10F-PLACA-ECU-BOOT-jpg-600x299.jpg 600w, https:\/\/powerchip.com.br\/wp-content\/uploads\/2025\/10\/4GF.SC-RESET-ST10F-PLACA-ECU-BOOT-jpg.jpg 1857w\" sizes=\"auto, (max-width: 300px) 100vw, 300px\" \/> <img loading=\"lazy\" decoding=\"async\" class=\"alignnone size-medium wp-image-485\" src=\"https:\/\/powerchip.com.br\/wp-content\/uploads\/2025\/10\/4GF.SC-RESET-ST10F-PLACA-ECU-jpg-300x219.jpg\" alt=\"\" width=\"300\" height=\"219\" srcset=\"https:\/\/powerchip.com.br\/wp-content\/uploads\/2025\/10\/4GF.SC-RESET-ST10F-PLACA-ECU-jpg-300x219.jpg 300w, https:\/\/powerchip.com.br\/wp-content\/uploads\/2025\/10\/4GF.SC-RESET-ST10F-PLACA-ECU-jpg-768x560.jpg 768w, https:\/\/powerchip.com.br\/wp-content\/uploads\/2025\/10\/4GF.SC-RESET-ST10F-PLACA-ECU-jpg-600x438.jpg 600w, https:\/\/powerchip.com.br\/wp-content\/uploads\/2025\/10\/4GF.SC-RESET-ST10F-PLACA-ECU-jpg.jpg 901w\" sizes=\"auto, (max-width: 300px) 100vw, 300px\" \/> <img loading=\"lazy\" decoding=\"async\" class=\"alignnone size-medium wp-image-486\" src=\"https:\/\/powerchip.com.br\/wp-content\/uploads\/2025\/10\/4GF.SC-RESET-ST10F-300x176.jpg\" alt=\"\" width=\"300\" height=\"176\" srcset=\"https:\/\/powerchip.com.br\/wp-content\/uploads\/2025\/10\/4GF.SC-RESET-ST10F-300x176.jpg 300w, https:\/\/powerchip.com.br\/wp-content\/uploads\/2025\/10\/4GF.SC-RESET-ST10F.jpg 512w\" sizes=\"auto, (max-width: 300px) 100vw, 300px\" \/><img loading=\"lazy\" decoding=\"async\" class=\"alignnone size-medium wp-image-487\" src=\"https:\/\/powerchip.com.br\/wp-content\/uploads\/2025\/10\/INJECAO-ORIGINAL-reset-virgen--300x198.jpg\" alt=\"\" width=\"300\" height=\"198\" srcset=\"https:\/\/powerchip.com.br\/wp-content\/uploads\/2025\/10\/INJECAO-ORIGINAL-reset-virgen--300x198.jpg 300w, https:\/\/powerchip.com.br\/wp-content\/uploads\/2025\/10\/INJECAO-ORIGINAL-reset-virgen--768x506.jpg 768w, https:\/\/powerchip.com.br\/wp-content\/uploads\/2025\/10\/INJECAO-ORIGINAL-reset-virgen--600x396.jpg 600w, https:\/\/powerchip.com.br\/wp-content\/uploads\/2025\/10\/INJECAO-ORIGINAL-reset-virgen-.jpg 775w\" sizes=\"auto, (max-width: 300px) 100vw, 300px\" \/><\/p>\n","protected":false},"featured_media":487,"template":"","meta":{"_joinchat":[]},"product_brand":[],"product_cat":[21],"product_tag":[291,179,289,290,23,287,292,22,286,235,288,293],"class_list":{"0":"post-482","1":"product","2":"type-product","3":"status-publish","4":"has-post-thumbnail","6":"product_cat-fiat","7":"product_tag-01098-1783-pu","8":"product_tag-1-4","9":"product_tag-4gf-sc","10":"product_tag-290","11":"product_tag-8v","12":"product_tag-arquivo-de","13":"product_tag-br-hw003-0103797-d","14":"product_tag-fiat","15":"product_tag-fire","16":"product_tag-reset","17":"product_tag-st10f","18":"product_tag-via-boot","20":"first","21":"instock","22":"downloadable","23":"virtual","24":"purchasable","25":"product-type-simple"},"jetpack_sharing_enabled":true,"_links":{"self":[{"href":"https:\/\/powerchip.com.br\/index.php\/wp-json\/wp\/v2\/product\/482","targetHints":{"allow":["GET"]}}],"collection":[{"href":"https:\/\/powerchip.com.br\/index.php\/wp-json\/wp\/v2\/product"}],"about":[{"href":"https:\/\/powerchip.com.br\/index.php\/wp-json\/wp\/v2\/types\/product"}],"wp:featuredmedia":[{"embeddable":true,"href":"https:\/\/powerchip.com.br\/index.php\/wp-json\/wp\/v2\/media\/487"}],"wp:attachment":[{"href":"https:\/\/powerchip.com.br\/index.php\/wp-json\/wp\/v2\/media?parent=482"}],"wp:term":[{"taxonomy":"product_brand","embeddable":true,"href":"https:\/\/powerchip.com.br\/index.php\/wp-json\/wp\/v2\/product_brand?post=482"},{"taxonomy":"product_cat","embeddable":true,"href":"https:\/\/powerchip.com.br\/index.php\/wp-json\/wp\/v2\/product_cat?post=482"},{"taxonomy":"product_tag","embeddable":true,"href":"https:\/\/powerchip.com.br\/index.php\/wp-json\/wp\/v2\/product_tag?post=482"}],"curies":[{"name":"wp","href":"https:\/\/api.w.org\/{rel}","templated":true}]}}