{"id":469,"date":"2025-10-27T22:40:01","date_gmt":"2025-10-27T22:40:01","guid":{"rendered":"https:\/\/powerchip.com.br\/?post_type=product&#038;p=469"},"modified":"2026-01-09T20:51:42","modified_gmt":"2026-01-09T20:51:42","slug":"land-rover-diesel-2-0l-discovery-sport-arquivo-original-dpf-e-egr-hx73-12c520-fde-0281034817-10sw0231901226c256-f113-xxxxxx-yy","status":"publish","type":"product","link":"https:\/\/powerchip.com.br\/index.php\/produto\/land-rover-diesel-2-0l-discovery-sport-arquivo-original-dpf-e-egr-hx73-12c520-fde-0281034817-10sw0231901226c256-f113-xxxxxx-yy\/","title":{"rendered":"Land Rover Diesel 2.0L, DISCOVERY SPORT ARQUIVO original , dpf e egr  HX73-12C520-FDE 0281034817    10SW0231901226C256 F113-XXXXXX-YY"},"content":{"rendered":"<p>Land Rover Diesel 2.0L, DISCOVERY SPORT ARQUIVO original , Dpf e Egr HX73-12C520-FDE 0281034817 10SW0231901226C256 F113-XXXXXX-YY<\/p>\n<p>&nbsp;<\/p>\n<p>\u201cLembrete: Este arquivo\u00a0 \u00a0necessita de prepara\u00e7\u00e3o espec\u00edfica para a central (ECU) de destino antes do uso.\u201d<\/p>\n<p>Voc\u00ea recebera ap\u00f3s pagar, um link com o arquivo:<\/p>\n<p>1 x arquivo compactado contendo dentro\u00a0 3arquivos, para uso em v\u00e1rios programadores , pronto para uso .<\/p>\n<p>Contendo no Zip:<\/p>\n<p>*01\u00a0 Arquivo\u00a0 ORIGINAL<br \/>\n*01\u00a0 Arquivo\u00a0 DPF EGR PARA ESCAPE COM CHECKSUM CORRIGIDO.<\/p>\n<p>Um profissional saber\u00e1 utilizar isso , ou ap\u00f3s a compra entre em contato.<\/p>\n<p>N\u00e3o conserta sua central\u2026nem seu carro, \u00e9 s\u00f3 um arquivoDpf Egr , grave em seu modulo ou guarde de lembran\u00e7a.<\/p>\n<p><a href=\"https:\/\/powerchip.com.br\/index.php\/arquivo-destinado-a-profissionais\/\">Arquivo destinado a profissionais<\/a>.<\/p>\n<p><a href=\"https:\/\/powerchip.com.br\/index.php\/como-usar-o-arquivo-comprado\/\">Como usar o arquivo<\/a>.<\/p>\n<p><a href=\"https:\/\/powerchip.com.br\/index.php\/como-comprar\/\">Como comprar<\/a><\/p>\n<audio class=\"wp-audio-shortcode\" id=\"audio-469-1\" preload=\"none\" style=\"width: 100%;\" controls=\"controls\"><source type=\"audio\/ogg\" src=\"https:\/\/powerchip.com.br\/wp-content\/uploads\/2025\/10\/AUDIO-DPF-EGR-ARLA-.ogg?_=1\" \/><a href=\"https:\/\/powerchip.com.br\/wp-content\/uploads\/2025\/10\/AUDIO-DPF-EGR-ARLA-.ogg\">https:\/\/powerchip.com.br\/wp-content\/uploads\/2025\/10\/AUDIO-DPF-EGR-ARLA-.ogg<\/a><\/audio>\n<p>&nbsp;<\/p>\n<p><img loading=\"lazy\" decoding=\"async\" class=\"alignnone size-medium wp-image-472\" src=\"https:\/\/powerchip.com.br\/wp-content\/uploads\/2025\/10\/0281034817--194x300.jpeg\" alt=\"\" width=\"194\" height=\"300\" srcset=\"https:\/\/powerchip.com.br\/wp-content\/uploads\/2025\/10\/0281034817--194x300.jpeg 194w, https:\/\/powerchip.com.br\/wp-content\/uploads\/2025\/10\/0281034817-.jpeg 459w\" sizes=\"auto, (max-width: 194px) 100vw, 194px\" \/><img loading=\"lazy\" decoding=\"async\" class=\"alignnone size-medium wp-image-473\" src=\"https:\/\/powerchip.com.br\/wp-content\/uploads\/2025\/10\/0281034817-BOOT--300x54.jpeg\" alt=\"\" width=\"300\" height=\"54\" srcset=\"https:\/\/powerchip.com.br\/wp-content\/uploads\/2025\/10\/0281034817-BOOT--300x54.jpeg 300w, https:\/\/powerchip.com.br\/wp-content\/uploads\/2025\/10\/0281034817-BOOT--1024x186.jpeg 1024w, https:\/\/powerchip.com.br\/wp-content\/uploads\/2025\/10\/0281034817-BOOT--768x139.jpeg 768w, https:\/\/powerchip.com.br\/wp-content\/uploads\/2025\/10\/0281034817-BOOT--1536x279.jpeg 1536w, https:\/\/powerchip.com.br\/wp-content\/uploads\/2025\/10\/0281034817-BOOT--600x109.jpeg 600w, https:\/\/powerchip.com.br\/wp-content\/uploads\/2025\/10\/0281034817-BOOT-.jpeg 1713w\" sizes=\"auto, (max-width: 300px) 100vw, 300px\" \/><img loading=\"lazy\" decoding=\"async\" class=\"alignnone size-medium wp-image-474\" src=\"https:\/\/powerchip.com.br\/wp-content\/uploads\/2025\/10\/0281034817-ZIPADO--300x164.jpeg\" alt=\"\" width=\"300\" height=\"164\" srcset=\"https:\/\/powerchip.com.br\/wp-content\/uploads\/2025\/10\/0281034817-ZIPADO--300x164.jpeg 300w, https:\/\/powerchip.com.br\/wp-content\/uploads\/2025\/10\/0281034817-ZIPADO-.jpeg 520w\" sizes=\"auto, (max-width: 300px) 100vw, 300px\" \/><img loading=\"lazy\" decoding=\"async\" class=\"alignnone size-medium wp-image-944\" src=\"https:\/\/powerchip.com.br\/wp-content\/uploads\/2025\/11\/foto-de-zip-catalizador--300x174.jpg\" alt=\"\" width=\"300\" height=\"174\" srcset=\"https:\/\/powerchip.com.br\/wp-content\/uploads\/2025\/11\/foto-de-zip-catalizador--300x174.jpg 300w, https:\/\/powerchip.com.br\/wp-content\/uploads\/2025\/11\/foto-de-zip-catalizador--600x348.jpg 600w, https:\/\/powerchip.com.br\/wp-content\/uploads\/2025\/11\/foto-de-zip-catalizador-.jpg 733w\" sizes=\"auto, (max-width: 300px) 100vw, 300px\" \/><img loading=\"lazy\" decoding=\"async\" class=\"alignnone size-medium wp-image-943\" src=\"https:\/\/powerchip.com.br\/wp-content\/uploads\/2025\/11\/foto-de-zip-potencia-1-1-300x170.jpg\" alt=\"\" width=\"300\" height=\"170\" srcset=\"https:\/\/powerchip.com.br\/wp-content\/uploads\/2025\/11\/foto-de-zip-potencia-1-1-300x170.jpg 300w, https:\/\/powerchip.com.br\/wp-content\/uploads\/2025\/11\/foto-de-zip-potencia-1-1-600x341.jpg 600w, https:\/\/powerchip.com.br\/wp-content\/uploads\/2025\/11\/foto-de-zip-potencia-1-1.jpg 733w\" sizes=\"auto, (max-width: 300px) 100vw, 300px\" \/><img loading=\"lazy\" decoding=\"async\" class=\"alignnone size-medium wp-image-947\" src=\"https:\/\/powerchip.com.br\/wp-content\/uploads\/2025\/11\/foto-de-zip-EGR--300x174.jpg\" alt=\"\" width=\"300\" height=\"174\" srcset=\"https:\/\/powerchip.com.br\/wp-content\/uploads\/2025\/11\/foto-de-zip-EGR--300x174.jpg 300w, https:\/\/powerchip.com.br\/wp-content\/uploads\/2025\/11\/foto-de-zip-EGR--600x348.jpg 600w, https:\/\/powerchip.com.br\/wp-content\/uploads\/2025\/11\/foto-de-zip-EGR-.jpg 733w\" sizes=\"auto, (max-width: 300px) 100vw, 300px\" \/><img loading=\"lazy\" decoding=\"async\" class=\"alignnone size-medium wp-image-948\" src=\"https:\/\/powerchip.com.br\/wp-content\/uploads\/2025\/11\/foto-de-zip-original--300x175.jpg\" alt=\"\" width=\"300\" height=\"175\" srcset=\"https:\/\/powerchip.com.br\/wp-content\/uploads\/2025\/11\/foto-de-zip-original--300x175.jpg 300w, https:\/\/powerchip.com.br\/wp-content\/uploads\/2025\/11\/foto-de-zip-original--600x350.jpg 600w, https:\/\/powerchip.com.br\/wp-content\/uploads\/2025\/11\/foto-de-zip-original-.jpg 727w\" sizes=\"auto, (max-width: 300px) 100vw, 300px\" \/><\/p>\n","protected":false},"excerpt":{"rendered":"<p>Land Rover Diesel 2.0L, DISCOVERY SPORT ARQUIVO original , Dpf e Egr HX73-12C520-FDE 0281034817 10SW0231901226C256<\/p>\n<p><img loading=\"lazy\" decoding=\"async\" class=\"alignnone size-medium wp-image-472\" src=\"https:\/\/powerchip.com.br\/wp-content\/uploads\/2025\/10\/0281034817--194x300.jpeg\" alt=\"\" width=\"194\" height=\"300\" srcset=\"https:\/\/powerchip.com.br\/wp-content\/uploads\/2025\/10\/0281034817--194x300.jpeg 194w, https:\/\/powerchip.com.br\/wp-content\/uploads\/2025\/10\/0281034817-.jpeg 459w\" sizes=\"auto, (max-width: 194px) 100vw, 194px\" \/><img loading=\"lazy\" decoding=\"async\" class=\"alignnone size-medium wp-image-473\" src=\"https:\/\/powerchip.com.br\/wp-content\/uploads\/2025\/10\/0281034817-BOOT--300x54.jpeg\" alt=\"\" width=\"300\" height=\"54\" srcset=\"https:\/\/powerchip.com.br\/wp-content\/uploads\/2025\/10\/0281034817-BOOT--300x54.jpeg 300w, https:\/\/powerchip.com.br\/wp-content\/uploads\/2025\/10\/0281034817-BOOT--1024x186.jpeg 1024w, https:\/\/powerchip.com.br\/wp-content\/uploads\/2025\/10\/0281034817-BOOT--768x139.jpeg 768w, https:\/\/powerchip.com.br\/wp-content\/uploads\/2025\/10\/0281034817-BOOT--1536x279.jpeg 1536w, https:\/\/powerchip.com.br\/wp-content\/uploads\/2025\/10\/0281034817-BOOT--600x109.jpeg 600w, https:\/\/powerchip.com.br\/wp-content\/uploads\/2025\/10\/0281034817-BOOT-.jpeg 1713w\" sizes=\"auto, (max-width: 300px) 100vw, 300px\" \/><img loading=\"lazy\" decoding=\"async\" class=\"alignnone size-medium wp-image-474\" src=\"https:\/\/powerchip.com.br\/wp-content\/uploads\/2025\/10\/0281034817-ZIPADO--300x164.jpeg\" alt=\"\" width=\"300\" height=\"164\" srcset=\"https:\/\/powerchip.com.br\/wp-content\/uploads\/2025\/10\/0281034817-ZIPADO--300x164.jpeg 300w, https:\/\/powerchip.com.br\/wp-content\/uploads\/2025\/10\/0281034817-ZIPADO-.jpeg 520w\" sizes=\"auto, (max-width: 300px) 100vw, 300px\" \/><img loading=\"lazy\" decoding=\"async\" class=\"alignnone size-medium wp-image-944\" src=\"https:\/\/powerchip.com.br\/wp-content\/uploads\/2025\/11\/foto-de-zip-catalizador--300x174.jpg\" alt=\"\" width=\"300\" height=\"174\" srcset=\"https:\/\/powerchip.com.br\/wp-content\/uploads\/2025\/11\/foto-de-zip-catalizador--300x174.jpg 300w, https:\/\/powerchip.com.br\/wp-content\/uploads\/2025\/11\/foto-de-zip-catalizador--600x348.jpg 600w, https:\/\/powerchip.com.br\/wp-content\/uploads\/2025\/11\/foto-de-zip-catalizador-.jpg 733w\" sizes=\"auto, (max-width: 300px) 100vw, 300px\" \/><img loading=\"lazy\" decoding=\"async\" class=\"alignnone size-medium wp-image-943\" src=\"https:\/\/powerchip.com.br\/wp-content\/uploads\/2025\/11\/foto-de-zip-potencia-1-1-300x170.jpg\" alt=\"\" width=\"300\" height=\"170\" srcset=\"https:\/\/powerchip.com.br\/wp-content\/uploads\/2025\/11\/foto-de-zip-potencia-1-1-300x170.jpg 300w, https:\/\/powerchip.com.br\/wp-content\/uploads\/2025\/11\/foto-de-zip-potencia-1-1-600x341.jpg 600w, https:\/\/powerchip.com.br\/wp-content\/uploads\/2025\/11\/foto-de-zip-potencia-1-1.jpg 733w\" sizes=\"auto, (max-width: 300px) 100vw, 300px\" \/><img loading=\"lazy\" decoding=\"async\" class=\"alignnone size-medium wp-image-947\" src=\"https:\/\/powerchip.com.br\/wp-content\/uploads\/2025\/11\/foto-de-zip-EGR--300x174.jpg\" alt=\"\" width=\"300\" height=\"174\" srcset=\"https:\/\/powerchip.com.br\/wp-content\/uploads\/2025\/11\/foto-de-zip-EGR--300x174.jpg 300w, https:\/\/powerchip.com.br\/wp-content\/uploads\/2025\/11\/foto-de-zip-EGR--600x348.jpg 600w, https:\/\/powerchip.com.br\/wp-content\/uploads\/2025\/11\/foto-de-zip-EGR-.jpg 733w\" sizes=\"auto, (max-width: 300px) 100vw, 300px\" \/><img loading=\"lazy\" decoding=\"async\" class=\"alignnone size-medium wp-image-948\" src=\"https:\/\/powerchip.com.br\/wp-content\/uploads\/2025\/11\/foto-de-zip-original--300x175.jpg\" alt=\"\" width=\"300\" height=\"175\" srcset=\"https:\/\/powerchip.com.br\/wp-content\/uploads\/2025\/11\/foto-de-zip-original--300x175.jpg 300w, https:\/\/powerchip.com.br\/wp-content\/uploads\/2025\/11\/foto-de-zip-original--600x350.jpg 600w, https:\/\/powerchip.com.br\/wp-content\/uploads\/2025\/11\/foto-de-zip-original-.jpg 727w\" sizes=\"auto, (max-width: 300px) 100vw, 300px\" \/><\/p>\n","protected":false},"featured_media":475,"template":"","meta":{"_joinchat":[]},"product_brand":[],"product_cat":[263],"product_tag":[282,283,278,167,279,117,118,284,281,277,66,285,280],"class_list":{"0":"post-469","1":"product","2":"type-product","3":"status-publish","4":"has-post-thumbnail","6":"product_cat-jlr","7":"product_tag-282","8":"product_tag-10sw0231901226c256","9":"product_tag-2-0l","10":"product_tag-diesel","11":"product_tag-discovery","12":"product_tag-dpf","13":"product_tag-egr","14":"product_tag-f113-xxxxxx-yy","15":"product_tag-hx73-12c520-fde","16":"product_tag-land-rover","17":"product_tag-original","18":"product_tag-p1226c256_3_10_cont","19":"product_tag-sport","21":"first","22":"instock","23":"downloadable","24":"virtual","25":"purchasable","26":"product-type-simple"},"jetpack_sharing_enabled":true,"_links":{"self":[{"href":"https:\/\/powerchip.com.br\/index.php\/wp-json\/wp\/v2\/product\/469","targetHints":{"allow":["GET"]}}],"collection":[{"href":"https:\/\/powerchip.com.br\/index.php\/wp-json\/wp\/v2\/product"}],"about":[{"href":"https:\/\/powerchip.com.br\/index.php\/wp-json\/wp\/v2\/types\/product"}],"wp:featuredmedia":[{"embeddable":true,"href":"https:\/\/powerchip.com.br\/index.php\/wp-json\/wp\/v2\/media\/475"}],"wp:attachment":[{"href":"https:\/\/powerchip.com.br\/index.php\/wp-json\/wp\/v2\/media?parent=469"}],"wp:term":[{"taxonomy":"product_brand","embeddable":true,"href":"https:\/\/powerchip.com.br\/index.php\/wp-json\/wp\/v2\/product_brand?post=469"},{"taxonomy":"product_cat","embeddable":true,"href":"https:\/\/powerchip.com.br\/index.php\/wp-json\/wp\/v2\/product_cat?post=469"},{"taxonomy":"product_tag","embeddable":true,"href":"https:\/\/powerchip.com.br\/index.php\/wp-json\/wp\/v2\/product_tag?post=469"}],"curies":[{"name":"wp","href":"https:\/\/api.w.org\/{rel}","templated":true}]}}