{"id":449,"date":"2025-10-27T13:51:53","date_gmt":"2025-10-27T13:51:53","guid":{"rendered":"https:\/\/powerchip.com.br\/?post_type=product&#038;p=449"},"modified":"2026-03-03T17:00:51","modified_gmt":"2026-03-03T17:00:51","slug":"nao-achou-na-busca","status":"publish","type":"product","link":"https:\/\/powerchip.com.br\/index.php\/produto\/nao-achou-na-busca\/","title":{"rendered":"N\u00e3o achou na busca???"},"content":{"rendered":"<p>N\u00e3o achou na busca???<\/p>\n<p>Mande um e-mail ou chame no Whatzapp (16)991342577 Sidney.<\/p>\n<p>S\u00e3o milhares de arquivos e estou fazendo um esfor\u00e7o para colocar isso para voc\u00eas.<\/p>\n<figure class=\"wp-block-image size-full\"><img loading=\"lazy\" decoding=\"async\" class=\"wp-image-446\" src=\"https:\/\/powerchip.com.br\/wp-content\/uploads\/2025\/10\/ache-seu-arquivo-ok-.jpg\" sizes=\"auto, (max-width: 1120px) 100vw, 1120px\" srcset=\"https:\/\/powerchip.com.br\/wp-content\/uploads\/2025\/10\/ache-seu-arquivo-ok-.jpg 1120w, https:\/\/powerchip.com.br\/wp-content\/uploads\/2025\/10\/ache-seu-arquivo-ok--300x205.jpg 300w, https:\/\/powerchip.com.br\/wp-content\/uploads\/2025\/10\/ache-seu-arquivo-ok--1024x699.jpg 1024w, https:\/\/powerchip.com.br\/wp-content\/uploads\/2025\/10\/ache-seu-arquivo-ok--768x524.jpg 768w, https:\/\/powerchip.com.br\/wp-content\/uploads\/2025\/10\/ache-seu-arquivo-ok--600x409.jpg 600w\" alt=\"\" width=\"1120\" height=\"764\" \/><\/figure>\n<p>&nbsp;<\/p>\n<p>FIAT,GM,VW,AUDI,PORSCHE,HIUNDAY,KIA,IVECO,JLR,MITSUBISHI,NISSAN,MAHINDRA,JAC,CHERRY,FCA,MIN,PSA,PEUGEOT,CITROEM,AIRBAG,FRM,IMOBILIZADOR,RESET,DECODE,POTENCIA,DECAT,IMOOFF,SEM IMO,RESETAR,CLEAR,AUMENTAR,ORIGINAL,MODIFICAR,<\/p>\n","protected":false},"excerpt":{"rendered":"<p>Mande um e-mail ou chame no Whatzapp (16)991342577 Sidney.<\/p>\n<p>FIAT,GM,VW,AUDI,PORSCHE,HIUNDAY,KIA,IVECO,JLR,MITSUBISHI,NISSAN,MAHINDRA,JAC,CHERRY,FCA,MIN,PSA,PEUGEOT,CITROEM,AIRBAG,FRM,IMOBILIZADOR,RESET,DECODE,POTENCIA,DECAT,IMOOFF,SEM IMO,RESETAR,CLEAR,AUMENTAR,ORIGINAL,MODIFICAR,<\/p>\n","protected":false},"featured_media":446,"template":"","meta":{"_joinchat":[]},"product_brand":[],"product_cat":[212,40,249,247,21,69,81,250,2079,198,31,33,88,205,248,15,32],"product_tag":[233,220,239,228,232,238,138,127,229,22,59,82,221,234,236,199,227,223,222,226,230,224,240,225,66,206,89,41,231,235,237,139,219],"class_list":{"0":"post-449","1":"product","2":"type-product","3":"status-publish","4":"has-post-thumbnail","6":"product_cat-audi","7":"product_cat-bmw","8":"product_cat-dacia","9":"product_cat-fca","10":"product_cat-fiat","11":"product_cat-ford","12":"product_cat-gm","13":"product_cat-honda","14":"product_cat-hyundai-kia","15":"product_cat-iveco","16":"product_cat-jac","17":"product_cat-mini","18":"product_cat-porsche","19":"product_cat-psa","20":"product_cat-renault","21":"product_cat-sem-categoria","22":"product_cat-vw","23":"product_tag-airbag","24":"product_tag-audi","25":"product_tag-aumentar","26":"product_tag-cherry","27":"product_tag-citroem","28":"product_tag-clear","29":"product_tag-decat","30":"product_tag-decode","31":"product_tag-fca","32":"product_tag-fiat","33":"product_tag-frm","34":"product_tag-gm","35":"product_tag-hiunday","36":"product_tag-imobilizador","37":"product_tag-imooff","38":"product_tag-iveco","39":"product_tag-jac","40":"product_tag-jlr","41":"product_tag-kia","42":"product_tag-mahindra","43":"product_tag-min","44":"product_tag-mitsubishi","45":"product_tag-modificar","46":"product_tag-nissan","47":"product_tag-original","48":"product_tag-peugeot","49":"product_tag-porsche","50":"product_tag-potencia","51":"product_tag-psa","52":"product_tag-reset","53":"product_tag-resetar","54":"product_tag-sem-imo","55":"product_tag-vw","57":"first","58":"instock","59":"taxable","60":"shipping-taxable","61":"product-type-simple"},"jetpack_sharing_enabled":true,"_links":{"self":[{"href":"https:\/\/powerchip.com.br\/index.php\/wp-json\/wp\/v2\/product\/449","targetHints":{"allow":["GET"]}}],"collection":[{"href":"https:\/\/powerchip.com.br\/index.php\/wp-json\/wp\/v2\/product"}],"about":[{"href":"https:\/\/powerchip.com.br\/index.php\/wp-json\/wp\/v2\/types\/product"}],"wp:featuredmedia":[{"embeddable":true,"href":"https:\/\/powerchip.com.br\/index.php\/wp-json\/wp\/v2\/media\/446"}],"wp:attachment":[{"href":"https:\/\/powerchip.com.br\/index.php\/wp-json\/wp\/v2\/media?parent=449"}],"wp:term":[{"taxonomy":"product_brand","embeddable":true,"href":"https:\/\/powerchip.com.br\/index.php\/wp-json\/wp\/v2\/product_brand?post=449"},{"taxonomy":"product_cat","embeddable":true,"href":"https:\/\/powerchip.com.br\/index.php\/wp-json\/wp\/v2\/product_cat?post=449"},{"taxonomy":"product_tag","embeddable":true,"href":"https:\/\/powerchip.com.br\/index.php\/wp-json\/wp\/v2\/product_tag?post=449"}],"curies":[{"name":"wp","href":"https:\/\/api.w.org\/{rel}","templated":true}]}}