{"id":429,"date":"2025-10-26T14:07:25","date_gmt":"2025-10-26T14:07:25","guid":{"rendered":"https:\/\/powerchip.com.br\/?post_type=product&#038;p=429"},"modified":"2025-11-01T14:51:08","modified_gmt":"2025-11-01T14:51:08","slug":"peugeot-206-1-4-arquivo-decode-sem-imo-com-ar-funcionando-para-injecao-peugeot-206-1-4-modulo-9653371080-s2000-3k-soic-95080","status":"publish","type":"product","link":"https:\/\/powerchip.com.br\/index.php\/produto\/peugeot-206-1-4-arquivo-decode-sem-imo-com-ar-funcionando-para-injecao-peugeot-206-1-4-modulo-9653371080-s2000-3k-soic-95080\/","title":{"rendered":"Peugeot 206 1.4 , ARQUIVO DECODE SEM IMO COM AR FUNCIONANDO PARA\u00a0 Inje\u00e7\u00e3o Peugeot 206 1.4 MODULO 9653371080 S2000-3k\u00a0 SOIC 95080"},"content":{"rendered":"<h1 class=\"ui-pdp-title\">ARQUIVO DECODE SEM IMO COM AR FUNCIONANDO PARA\u00a0 Inje\u00e7\u00e3o Peugeot 206 1.4 MODULO 9653371080 S2000-3k\u00a0 SOIC 95080<\/h1>\n<p>\u201cLembrete: Este arquivo N\u00c3O\u00a0 necessita de prepara\u00e7\u00e3o espec\u00edfica para a central (ECU) de destino .\u201d<\/p>\n<p>Voc\u00ea recebera ap\u00f3s pagar:<\/p>\n<p>*01 arquivo\u00a0 \u00a0 pronto\u00a0 para gravar: arquivo de DECODE<\/p>\n<p>N\u00e3o conserta seu carro , se tudo esta ok e era s\u00f3 o erro de imobilizador\u00a0 ou a troca de central,\u00a0 vai funcionar sem imobilizador.<\/p>\n<p>Use programador de eeprons como o Beeprog, UPA etc<\/p>\n<p><a href=\"https:\/\/powerchip.com.br\/index.php\/como-comprar\/\">Como comprar<\/a><\/p>\n<p><a href=\"https:\/\/powerchip.com.br\/index.php\/arquivo-destinado-a-profissionais\/\">Arquivo destinado a profissionais<\/a>.<\/p>\n<p><a href=\"https:\/\/powerchip.com.br\/index.php\/como-usar-o-arquivo-comprado\/\">Como usar o arquivo<\/a>.<\/p>\n<p>&nbsp;<\/p>\n<audio class=\"wp-audio-shortcode\" id=\"audio-429-1\" preload=\"none\" style=\"width: 100%;\" controls=\"controls\"><source type=\"audio\/ogg\" src=\"https:\/\/powerchip.com.br\/wp-content\/uploads\/2025\/10\/AUDIO-S2000-3K-DEC-AR-.ogg?_=1\" \/><a href=\"https:\/\/powerchip.com.br\/wp-content\/uploads\/2025\/10\/AUDIO-S2000-3K-DEC-AR-.ogg\">https:\/\/powerchip.com.br\/wp-content\/uploads\/2025\/10\/AUDIO-S2000-3K-DEC-AR-.ogg<\/a><\/audio>\n<p><img loading=\"lazy\" decoding=\"async\" class=\"alignnone size-medium wp-image-360\" src=\"https:\/\/powerchip.com.br\/wp-content\/uploads\/2025\/10\/foto-de-zip-INJECAO-DECODE--300x198.jpg\" alt=\"\" width=\"300\" height=\"198\" srcset=\"https:\/\/powerchip.com.br\/wp-content\/uploads\/2025\/10\/foto-de-zip-INJECAO-DECODE--300x198.jpg 300w, https:\/\/powerchip.com.br\/wp-content\/uploads\/2025\/10\/foto-de-zip-INJECAO-DECODE--768x506.jpg 768w, https:\/\/powerchip.com.br\/wp-content\/uploads\/2025\/10\/foto-de-zip-INJECAO-DECODE--600x396.jpg 600w, https:\/\/powerchip.com.br\/wp-content\/uploads\/2025\/10\/foto-de-zip-INJECAO-DECODE-.jpg 775w\" sizes=\"auto, (max-width: 300px) 100vw, 300px\" \/><img loading=\"lazy\" decoding=\"async\" class=\"alignnone size-medium wp-image-430\" src=\"https:\/\/powerchip.com.br\/wp-content\/uploads\/2025\/10\/S2000-3K-SAGEM--300x212.jpg\" alt=\"\" width=\"300\" height=\"212\" srcset=\"https:\/\/powerchip.com.br\/wp-content\/uploads\/2025\/10\/S2000-3K-SAGEM--300x212.jpg 300w, https:\/\/powerchip.com.br\/wp-content\/uploads\/2025\/10\/S2000-3K-SAGEM--768x542.jpg 768w, https:\/\/powerchip.com.br\/wp-content\/uploads\/2025\/10\/S2000-3K-SAGEM--600x424.jpg 600w, https:\/\/powerchip.com.br\/wp-content\/uploads\/2025\/10\/S2000-3K-SAGEM-.jpg 895w\" sizes=\"auto, (max-width: 300px) 100vw, 300px\" \/><img loading=\"lazy\" decoding=\"async\" class=\"alignnone size-medium wp-image-431\" src=\"https:\/\/powerchip.com.br\/wp-content\/uploads\/2025\/10\/S2000-3K-300x225.jpg\" alt=\"\" width=\"300\" height=\"225\" srcset=\"https:\/\/powerchip.com.br\/wp-content\/uploads\/2025\/10\/S2000-3K-300x225.jpg 300w, https:\/\/powerchip.com.br\/wp-content\/uploads\/2025\/10\/S2000-3K-1024x768.jpg 1024w, https:\/\/powerchip.com.br\/wp-content\/uploads\/2025\/10\/S2000-3K-768x576.jpg 768w, https:\/\/powerchip.com.br\/wp-content\/uploads\/2025\/10\/S2000-3K-600x450.jpg 600w, https:\/\/powerchip.com.br\/wp-content\/uploads\/2025\/10\/S2000-3K.jpg 1136w\" sizes=\"auto, (max-width: 300px) 100vw, 300px\" \/><\/p>\n","protected":false},"excerpt":{"rendered":"<h1 class=\"ui-pdp-title\">ARQUIVO DECODE SEM IMO COM AR FUNCIONANDO PARA\u00a0 Inje\u00e7\u00e3o Peugeot 206 1.4 MODULO 9653371080 S2000-3k\u00a0 SOIC 95080<\/h1>\n<p><img loading=\"lazy\" decoding=\"async\" class=\"alignnone size-medium wp-image-360\" src=\"https:\/\/powerchip.com.br\/wp-content\/uploads\/2025\/10\/foto-de-zip-INJECAO-DECODE--300x198.jpg\" alt=\"\" width=\"300\" height=\"198\" srcset=\"https:\/\/powerchip.com.br\/wp-content\/uploads\/2025\/10\/foto-de-zip-INJECAO-DECODE--300x198.jpg 300w, https:\/\/powerchip.com.br\/wp-content\/uploads\/2025\/10\/foto-de-zip-INJECAO-DECODE--768x506.jpg 768w, https:\/\/powerchip.com.br\/wp-content\/uploads\/2025\/10\/foto-de-zip-INJECAO-DECODE--600x396.jpg 600w, https:\/\/powerchip.com.br\/wp-content\/uploads\/2025\/10\/foto-de-zip-INJECAO-DECODE-.jpg 775w\" sizes=\"auto, (max-width: 300px) 100vw, 300px\" \/><img loading=\"lazy\" decoding=\"async\" class=\"alignnone size-medium wp-image-430\" src=\"https:\/\/powerchip.com.br\/wp-content\/uploads\/2025\/10\/S2000-3K-SAGEM--300x212.jpg\" alt=\"\" width=\"300\" height=\"212\" srcset=\"https:\/\/powerchip.com.br\/wp-content\/uploads\/2025\/10\/S2000-3K-SAGEM--300x212.jpg 300w, https:\/\/powerchip.com.br\/wp-content\/uploads\/2025\/10\/S2000-3K-SAGEM--768x542.jpg 768w, https:\/\/powerchip.com.br\/wp-content\/uploads\/2025\/10\/S2000-3K-SAGEM--600x424.jpg 600w, https:\/\/powerchip.com.br\/wp-content\/uploads\/2025\/10\/S2000-3K-SAGEM-.jpg 895w\" sizes=\"auto, (max-width: 300px) 100vw, 300px\" \/><img loading=\"lazy\" decoding=\"async\" class=\"alignnone size-medium wp-image-431\" src=\"https:\/\/powerchip.com.br\/wp-content\/uploads\/2025\/10\/S2000-3K-300x225.jpg\" alt=\"\" width=\"300\" height=\"225\" srcset=\"https:\/\/powerchip.com.br\/wp-content\/uploads\/2025\/10\/S2000-3K-300x225.jpg 300w, https:\/\/powerchip.com.br\/wp-content\/uploads\/2025\/10\/S2000-3K-1024x768.jpg 1024w, https:\/\/powerchip.com.br\/wp-content\/uploads\/2025\/10\/S2000-3K-768x576.jpg 768w, https:\/\/powerchip.com.br\/wp-content\/uploads\/2025\/10\/S2000-3K-600x450.jpg 600w, https:\/\/powerchip.com.br\/wp-content\/uploads\/2025\/10\/S2000-3K.jpg 1136w\" sizes=\"auto, (max-width: 300px) 100vw, 300px\" \/><\/p>\n","protected":false},"featured_media":360,"template":"","meta":{"_joinchat":[]},"product_brand":[],"product_cat":[205],"product_tag":[179,207,209,208,206,210,211],"class_list":{"0":"post-429","1":"product","2":"type-product","3":"status-publish","4":"has-post-thumbnail","6":"product_cat-psa","7":"product_tag-1-4","8":"product_tag-207","9":"product_tag-209","10":"product_tag-ar-funcionando","11":"product_tag-peugeot","12":"product_tag-s2000-3k","13":"product_tag-soic-95080","15":"first","16":"instock","17":"downloadable","18":"virtual","19":"purchasable","20":"product-type-simple"},"jetpack_sharing_enabled":true,"_links":{"self":[{"href":"https:\/\/powerchip.com.br\/index.php\/wp-json\/wp\/v2\/product\/429","targetHints":{"allow":["GET"]}}],"collection":[{"href":"https:\/\/powerchip.com.br\/index.php\/wp-json\/wp\/v2\/product"}],"about":[{"href":"https:\/\/powerchip.com.br\/index.php\/wp-json\/wp\/v2\/types\/product"}],"wp:featuredmedia":[{"embeddable":true,"href":"https:\/\/powerchip.com.br\/index.php\/wp-json\/wp\/v2\/media\/360"}],"wp:attachment":[{"href":"https:\/\/powerchip.com.br\/index.php\/wp-json\/wp\/v2\/media?parent=429"}],"wp:term":[{"taxonomy":"product_brand","embeddable":true,"href":"https:\/\/powerchip.com.br\/index.php\/wp-json\/wp\/v2\/product_brand?post=429"},{"taxonomy":"product_cat","embeddable":true,"href":"https:\/\/powerchip.com.br\/index.php\/wp-json\/wp\/v2\/product_cat?post=429"},{"taxonomy":"product_tag","embeddable":true,"href":"https:\/\/powerchip.com.br\/index.php\/wp-json\/wp\/v2\/product_tag?post=429"}],"curies":[{"name":"wp","href":"https:\/\/api.w.org\/{rel}","templated":true}]}}