{"id":422,"date":"2025-10-26T13:44:46","date_gmt":"2025-10-26T13:44:46","guid":{"rendered":"https:\/\/powerchip.com.br\/?post_type=product&#038;p=422"},"modified":"2025-11-12T22:59:21","modified_gmt":"2025-11-12T22:59:21","slug":"iveco-arquivo-original-e-decode-sem-imobilizador-0281020149-iveco-0281020149-i-edc17cp52-1037500254-p591_v48-tc1797","status":"publish","type":"product","link":"https:\/\/powerchip.com.br\/index.php\/produto\/iveco-arquivo-original-e-decode-sem-imobilizador-0281020149-iveco-0281020149-i-edc17cp52-1037500254-p591_v48-tc1797\/","title":{"rendered":"IVECO ARQUIVO  Original e decode  sem imobilizador 0281020149 IVECO 0281020149  I  EDC17CP52 1037500254 P591_V48 TC1797"},"content":{"rendered":"<p>IVECO ARQUIVO Original e decode sem imobilizador 0281020149 IVECO 0281020149 I EDC17CP52 1037500254 P591_V48 TC1797<\/p>\n<p>\u201cLembrete: Este arquivo n\u00e3o necessita de prepara\u00e7\u00e3o espec\u00edfica para a central (ECU) de destino antes do uso.\u201d<\/p>\n<p>Voc\u00ea recebera ap\u00f3s pagar, um link com o arquivo:<\/p>\n<p>1 x arquivo compactado contendo dentro\u00a0 3arquivos, para uso em v\u00e1rios programadores , pronto para uso .<\/p>\n<p>Contendo no Zip:<\/p>\n<p>01\u00a0 Arquivo\u00a0 ORIGINAL MPC 1797.<br \/>\n01\u00a0 Arquivo\u00a0 EEPROM<br \/>\n01\u00a0 Arquivo\u00a0 DECODE IMOOF .<\/p>\n<p>01\u00a0 Arquivo\u00a0 DECODE IMOOF\u00a0 COM CHECKSUM CORRIGIDO.<\/p>\n<p>Um profissional saber\u00e1 utilizar isso , ou ap\u00f3s a compra entre em contato.<\/p>\n<p>N\u00e3o conserta sua central\u2026nem seu carro, \u00e9 s\u00f3 um arquivo sem imo, grave em seu modulo ou guarde de lembran\u00e7a.<\/p>\n<p><a href=\"https:\/\/powerchip.com.br\/index.php\/arquivo-destinado-a-profissionais\/\">Arquivo destinado a profissionais<\/a>.<\/p>\n<p><a href=\"https:\/\/powerchip.com.br\/index.php\/como-usar-o-arquivo-comprado\/\">Como usar o arquivo<\/a>.<\/p>\n<p><a href=\"https:\/\/powerchip.com.br\/index.php\/como-comprar\/\">Como comprar<\/a><\/p>\n<p><img loading=\"lazy\" decoding=\"async\" class=\"alignnone size-medium wp-image-360\" src=\"https:\/\/powerchip.com.br\/wp-content\/uploads\/2025\/10\/foto-de-zip-INJECAO-DECODE--300x198.jpg\" alt=\"\" width=\"300\" height=\"198\" srcset=\"https:\/\/powerchip.com.br\/wp-content\/uploads\/2025\/10\/foto-de-zip-INJECAO-DECODE--300x198.jpg 300w, https:\/\/powerchip.com.br\/wp-content\/uploads\/2025\/10\/foto-de-zip-INJECAO-DECODE--768x506.jpg 768w, https:\/\/powerchip.com.br\/wp-content\/uploads\/2025\/10\/foto-de-zip-INJECAO-DECODE--600x396.jpg 600w, https:\/\/powerchip.com.br\/wp-content\/uploads\/2025\/10\/foto-de-zip-INJECAO-DECODE-.jpg 775w\" sizes=\"auto, (max-width: 300px) 100vw, 300px\" \/> <img loading=\"lazy\" decoding=\"async\" class=\"size-medium wp-image-425\" src=\"https:\/\/powerchip.com.br\/wp-content\/uploads\/2025\/10\/Iveco-0281020149-_EDC17CP52-4.1-BDM-BANCADA-OK-300x169.jpg\" alt=\"\" width=\"300\" height=\"169\" srcset=\"https:\/\/powerchip.com.br\/wp-content\/uploads\/2025\/10\/Iveco-0281020149-_EDC17CP52-4.1-BDM-BANCADA-OK-300x169.jpg 300w, https:\/\/powerchip.com.br\/wp-content\/uploads\/2025\/10\/Iveco-0281020149-_EDC17CP52-4.1-BDM-BANCADA-OK-1024x576.jpg 1024w, https:\/\/powerchip.com.br\/wp-content\/uploads\/2025\/10\/Iveco-0281020149-_EDC17CP52-4.1-BDM-BANCADA-OK-768x432.jpg 768w, https:\/\/powerchip.com.br\/wp-content\/uploads\/2025\/10\/Iveco-0281020149-_EDC17CP52-4.1-BDM-BANCADA-OK-1536x864.jpg 1536w, https:\/\/powerchip.com.br\/wp-content\/uploads\/2025\/10\/Iveco-0281020149-_EDC17CP52-4.1-BDM-BANCADA-OK-600x338.jpg 600w, https:\/\/powerchip.com.br\/wp-content\/uploads\/2025\/10\/Iveco-0281020149-_EDC17CP52-4.1-BDM-BANCADA-OK.jpg 1600w\" sizes=\"auto, (max-width: 300px) 100vw, 300px\" \/><img loading=\"lazy\" decoding=\"async\" class=\"alignnone size-medium wp-image-426\" src=\"https:\/\/powerchip.com.br\/wp-content\/uploads\/2025\/10\/iveco-edc17cp52-BOOT-0281020149-egpt-sem-abrir-300x245.jpg\" alt=\"\" width=\"300\" height=\"245\" srcset=\"https:\/\/powerchip.com.br\/wp-content\/uploads\/2025\/10\/iveco-edc17cp52-BOOT-0281020149-egpt-sem-abrir-300x245.jpg 300w, https:\/\/powerchip.com.br\/wp-content\/uploads\/2025\/10\/iveco-edc17cp52-BOOT-0281020149-egpt-sem-abrir-1024x836.jpg 1024w, https:\/\/powerchip.com.br\/wp-content\/uploads\/2025\/10\/iveco-edc17cp52-BOOT-0281020149-egpt-sem-abrir-768x627.jpg 768w, https:\/\/powerchip.com.br\/wp-content\/uploads\/2025\/10\/iveco-edc17cp52-BOOT-0281020149-egpt-sem-abrir-600x490.jpg 600w, https:\/\/powerchip.com.br\/wp-content\/uploads\/2025\/10\/iveco-edc17cp52-BOOT-0281020149-egpt-sem-abrir.jpg 1152w\" sizes=\"auto, (max-width: 300px) 100vw, 300px\" \/><img loading=\"lazy\" decoding=\"async\" class=\"alignnone size-medium wp-image-427\" src=\"https:\/\/powerchip.com.br\/wp-content\/uploads\/2025\/10\/iveco-edc17cp52-0281020149-ZIP-300x155.jpg\" alt=\"\" width=\"300\" height=\"155\" srcset=\"https:\/\/powerchip.com.br\/wp-content\/uploads\/2025\/10\/iveco-edc17cp52-0281020149-ZIP-300x155.jpg 300w, https:\/\/powerchip.com.br\/wp-content\/uploads\/2025\/10\/iveco-edc17cp52-0281020149-ZIP.jpg 473w\" sizes=\"auto, (max-width: 300px) 100vw, 300px\" \/><img loading=\"lazy\" decoding=\"async\" class=\"alignnone size-medium wp-image-948\" src=\"https:\/\/powerchip.com.br\/wp-content\/uploads\/2025\/11\/foto-de-zip-original--300x175.jpg\" alt=\"\" width=\"300\" height=\"175\" srcset=\"https:\/\/powerchip.com.br\/wp-content\/uploads\/2025\/11\/foto-de-zip-original--300x175.jpg 300w, https:\/\/powerchip.com.br\/wp-content\/uploads\/2025\/11\/foto-de-zip-original--600x350.jpg 600w, https:\/\/powerchip.com.br\/wp-content\/uploads\/2025\/11\/foto-de-zip-original-.jpg 727w\" sizes=\"auto, (max-width: 300px) 100vw, 300px\" \/><\/p>\n","protected":false},"excerpt":{"rendered":"<p>&nbsp;<\/p>\n<p>IVECO ARQUIVO Original e decode sem imobilizador 0281020149 IVECO 0281020149 I EDC17CP52 1037500254 P591_V48 TC1797<\/p>\n<p><img loading=\"lazy\" decoding=\"async\" class=\"alignnone size-medium wp-image-360\" src=\"https:\/\/powerchip.com.br\/wp-content\/uploads\/2025\/10\/foto-de-zip-INJECAO-DECODE--300x198.jpg\" alt=\"\" width=\"300\" height=\"198\" srcset=\"https:\/\/powerchip.com.br\/wp-content\/uploads\/2025\/10\/foto-de-zip-INJECAO-DECODE--300x198.jpg 300w, https:\/\/powerchip.com.br\/wp-content\/uploads\/2025\/10\/foto-de-zip-INJECAO-DECODE--768x506.jpg 768w, https:\/\/powerchip.com.br\/wp-content\/uploads\/2025\/10\/foto-de-zip-INJECAO-DECODE--600x396.jpg 600w, https:\/\/powerchip.com.br\/wp-content\/uploads\/2025\/10\/foto-de-zip-INJECAO-DECODE-.jpg 775w\" sizes=\"auto, (max-width: 300px) 100vw, 300px\" \/> <img loading=\"lazy\" decoding=\"async\" class=\"size-medium wp-image-425\" src=\"https:\/\/powerchip.com.br\/wp-content\/uploads\/2025\/10\/Iveco-0281020149-_EDC17CP52-4.1-BDM-BANCADA-OK-300x169.jpg\" alt=\"\" width=\"300\" height=\"169\" srcset=\"https:\/\/powerchip.com.br\/wp-content\/uploads\/2025\/10\/Iveco-0281020149-_EDC17CP52-4.1-BDM-BANCADA-OK-300x169.jpg 300w, https:\/\/powerchip.com.br\/wp-content\/uploads\/2025\/10\/Iveco-0281020149-_EDC17CP52-4.1-BDM-BANCADA-OK-1024x576.jpg 1024w, https:\/\/powerchip.com.br\/wp-content\/uploads\/2025\/10\/Iveco-0281020149-_EDC17CP52-4.1-BDM-BANCADA-OK-768x432.jpg 768w, https:\/\/powerchip.com.br\/wp-content\/uploads\/2025\/10\/Iveco-0281020149-_EDC17CP52-4.1-BDM-BANCADA-OK-1536x864.jpg 1536w, https:\/\/powerchip.com.br\/wp-content\/uploads\/2025\/10\/Iveco-0281020149-_EDC17CP52-4.1-BDM-BANCADA-OK-600x338.jpg 600w, https:\/\/powerchip.com.br\/wp-content\/uploads\/2025\/10\/Iveco-0281020149-_EDC17CP52-4.1-BDM-BANCADA-OK.jpg 1600w\" sizes=\"auto, (max-width: 300px) 100vw, 300px\" \/><img loading=\"lazy\" decoding=\"async\" class=\"alignnone size-medium wp-image-426\" src=\"https:\/\/powerchip.com.br\/wp-content\/uploads\/2025\/10\/iveco-edc17cp52-BOOT-0281020149-egpt-sem-abrir-300x245.jpg\" alt=\"\" width=\"300\" height=\"245\" srcset=\"https:\/\/powerchip.com.br\/wp-content\/uploads\/2025\/10\/iveco-edc17cp52-BOOT-0281020149-egpt-sem-abrir-300x245.jpg 300w, https:\/\/powerchip.com.br\/wp-content\/uploads\/2025\/10\/iveco-edc17cp52-BOOT-0281020149-egpt-sem-abrir-1024x836.jpg 1024w, https:\/\/powerchip.com.br\/wp-content\/uploads\/2025\/10\/iveco-edc17cp52-BOOT-0281020149-egpt-sem-abrir-768x627.jpg 768w, https:\/\/powerchip.com.br\/wp-content\/uploads\/2025\/10\/iveco-edc17cp52-BOOT-0281020149-egpt-sem-abrir-600x490.jpg 600w, https:\/\/powerchip.com.br\/wp-content\/uploads\/2025\/10\/iveco-edc17cp52-BOOT-0281020149-egpt-sem-abrir.jpg 1152w\" sizes=\"auto, (max-width: 300px) 100vw, 300px\" \/><img loading=\"lazy\" decoding=\"async\" class=\"alignnone size-medium wp-image-427\" src=\"https:\/\/powerchip.com.br\/wp-content\/uploads\/2025\/10\/iveco-edc17cp52-0281020149-ZIP-300x155.jpg\" alt=\"\" width=\"300\" height=\"155\" srcset=\"https:\/\/powerchip.com.br\/wp-content\/uploads\/2025\/10\/iveco-edc17cp52-0281020149-ZIP-300x155.jpg 300w, https:\/\/powerchip.com.br\/wp-content\/uploads\/2025\/10\/iveco-edc17cp52-0281020149-ZIP.jpg 473w\" sizes=\"auto, (max-width: 300px) 100vw, 300px\" \/><\/p>\n","protected":false},"featured_media":360,"template":"","meta":{"_joinchat":[]},"product_brand":[],"product_cat":[198],"product_tag":[200,202,201,199,203,204],"class_list":{"0":"post-422","1":"product","2":"type-product","3":"status-publish","4":"has-post-thumbnail","6":"product_cat-iveco","7":"product_tag-200","8":"product_tag-202","9":"product_tag-edc17cp52","10":"product_tag-iveco","11":"product_tag-p591_v48","12":"product_tag-tc1797","14":"first","15":"instock","16":"downloadable","17":"virtual","18":"purchasable","19":"product-type-simple"},"jetpack_sharing_enabled":true,"_links":{"self":[{"href":"https:\/\/powerchip.com.br\/index.php\/wp-json\/wp\/v2\/product\/422","targetHints":{"allow":["GET"]}}],"collection":[{"href":"https:\/\/powerchip.com.br\/index.php\/wp-json\/wp\/v2\/product"}],"about":[{"href":"https:\/\/powerchip.com.br\/index.php\/wp-json\/wp\/v2\/types\/product"}],"wp:featuredmedia":[{"embeddable":true,"href":"https:\/\/powerchip.com.br\/index.php\/wp-json\/wp\/v2\/media\/360"}],"wp:attachment":[{"href":"https:\/\/powerchip.com.br\/index.php\/wp-json\/wp\/v2\/media?parent=422"}],"wp:term":[{"taxonomy":"product_brand","embeddable":true,"href":"https:\/\/powerchip.com.br\/index.php\/wp-json\/wp\/v2\/product_brand?post=422"},{"taxonomy":"product_cat","embeddable":true,"href":"https:\/\/powerchip.com.br\/index.php\/wp-json\/wp\/v2\/product_cat?post=422"},{"taxonomy":"product_tag","embeddable":true,"href":"https:\/\/powerchip.com.br\/index.php\/wp-json\/wp\/v2\/product_tag?post=422"}],"curies":[{"name":"wp","href":"https:\/\/api.w.org\/{rel}","templated":true}]}}