{"id":388,"date":"2025-10-25T15:03:20","date_gmt":"2025-10-25T15:03:20","guid":{"rendered":"https:\/\/powerchip.com.br\/?post_type=product&#038;p=388"},"modified":"2025-11-12T23:03:07","modified_gmt":"2025-11-12T23:03:07","slug":"uno-palio-arquivo-original-decode-decat-para-escapes-iaw-7gf-la-hw300-51911246-l211b48-1025kb-ktag-1024kb-ioterminal","status":"publish","type":"product","link":"https:\/\/powerchip.com.br\/index.php\/produto\/uno-palio-arquivo-original-decode-decat-para-escapes-iaw-7gf-la-hw300-51911246-l211b48-1025kb-ktag-1024kb-ioterminal\/","title":{"rendered":"UNO\/ PALIO ARQUIVO original + Decode decat para escapes IAW 7GF.LA HW300 51911246 L211B48  1025kb  ktag +1024kb ioterminal"},"content":{"rendered":"<p>UNO\/ PALIO ARQUIVO original + Decode decat para escapes IAW 7GF.LA HW300 51911246 L211B48 1025kb ktag +1024kb ioterminal<\/p>\n<p>\u201cLembrete: Este arquivo N\u00c3O\u00a0 necessita de prepara\u00e7\u00e3o espec\u00edfica para a central (ECU) de destino o Code esta na soic 95640 .\u201d<\/p>\n<p>Voc\u00ea recebera ap\u00f3s pagar:<\/p>\n<p>06 arquivos com Checksum corrigidos prontos para gravar:<\/p>\n<p>01\u00a0 arquivo original\u00a0 1024KB IOTERMINAL etc<\/p>\n<p>+ 01\u00a0 arquivo de DECODE 1024KB IOTERMINAL etc<\/p>\n<p>+ 01\u00a0 arquivo de DECODE + cat-off para escapes. 1024KB IOTERMINAL etc<\/p>\n<p>+01\u00a0 arquivo original\u00a0 1025KB\u00a0 ktag etc<\/p>\n<p>+ 01\u00a0 arquivo de DECODE 1025KB\u00a0 ktag etc<\/p>\n<p>+ 01\u00a0 arquivo de DECODE + cat-off para escapes. 1025KB\u00a0 ktag etc<\/p>\n<p><a href=\"https:\/\/powerchip.com.br\/index.php\/como-comprar\/\">Como comprar<\/a><\/p>\n<p><a href=\"https:\/\/powerchip.com.br\/index.php\/arquivo-destinado-a-profissionais\/\">Arquivo destinado a profissionais<\/a>.<\/p>\n<p><a href=\"https:\/\/powerchip.com.br\/index.php\/como-usar-o-arquivo-comprado\/\">Como usar o arquivo<\/a>.<\/p>\n<audio class=\"wp-audio-shortcode\" id=\"audio-388-1\" preload=\"none\" style=\"width: 100%;\" controls=\"controls\"><source type=\"audio\/ogg\" src=\"https:\/\/powerchip.com.br\/wp-content\/uploads\/2025\/10\/AUDIO-DECODE-COM-DECAT-.ogg?_=1\" \/><a href=\"https:\/\/powerchip.com.br\/wp-content\/uploads\/2025\/10\/AUDIO-DECODE-COM-DECAT-.ogg\">https:\/\/powerchip.com.br\/wp-content\/uploads\/2025\/10\/AUDIO-DECODE-COM-DECAT-.ogg<\/a><\/audio>\n<p>&nbsp;<\/p>\n<p><img loading=\"lazy\" decoding=\"async\" class=\"alignnone size-medium wp-image-390\" src=\"https:\/\/powerchip.com.br\/wp-content\/uploads\/2025\/10\/7GF.LA-HW300-arquivo-FIAT--300x162.jpg\" alt=\"\" width=\"300\" height=\"162\" srcset=\"https:\/\/powerchip.com.br\/wp-content\/uploads\/2025\/10\/7GF.LA-HW300-arquivo-FIAT--300x162.jpg 300w, https:\/\/powerchip.com.br\/wp-content\/uploads\/2025\/10\/7GF.LA-HW300-arquivo-FIAT-.jpg 485w\" sizes=\"auto, (max-width: 300px) 100vw, 300px\" \/><img loading=\"lazy\" decoding=\"async\" class=\"alignnone size-medium wp-image-391\" src=\"https:\/\/powerchip.com.br\/wp-content\/uploads\/2025\/10\/7GF.LA-HW300-FIAT--300x216.jpg\" alt=\"\" width=\"300\" height=\"216\" srcset=\"https:\/\/powerchip.com.br\/wp-content\/uploads\/2025\/10\/7GF.LA-HW300-FIAT--300x216.jpg 300w, https:\/\/powerchip.com.br\/wp-content\/uploads\/2025\/10\/7GF.LA-HW300-FIAT--1024x736.jpg 1024w, https:\/\/powerchip.com.br\/wp-content\/uploads\/2025\/10\/7GF.LA-HW300-FIAT--768x552.jpg 768w, https:\/\/powerchip.com.br\/wp-content\/uploads\/2025\/10\/7GF.LA-HW300-FIAT--600x431.jpg 600w, https:\/\/powerchip.com.br\/wp-content\/uploads\/2025\/10\/7GF.LA-HW300-FIAT-.jpg 1247w\" sizes=\"auto, (max-width: 300px) 100vw, 300px\" \/><img loading=\"lazy\" decoding=\"async\" class=\"alignnone size-medium wp-image-319\" src=\"https:\/\/powerchip.com.br\/wp-content\/uploads\/2025\/10\/foto-de-zip-INJECAO-DECODE-DECAT--300x198.jpg\" alt=\"\" width=\"300\" height=\"198\" srcset=\"https:\/\/powerchip.com.br\/wp-content\/uploads\/2025\/10\/foto-de-zip-INJECAO-DECODE-DECAT--300x198.jpg 300w, https:\/\/powerchip.com.br\/wp-content\/uploads\/2025\/10\/foto-de-zip-INJECAO-DECODE-DECAT--768x506.jpg 768w, https:\/\/powerchip.com.br\/wp-content\/uploads\/2025\/10\/foto-de-zip-INJECAO-DECODE-DECAT--600x396.jpg 600w, https:\/\/powerchip.com.br\/wp-content\/uploads\/2025\/10\/foto-de-zip-INJECAO-DECODE-DECAT-.jpg 775w\" sizes=\"auto, (max-width: 300px) 100vw, 300px\" \/><img loading=\"lazy\" decoding=\"async\" class=\"alignnone size-medium wp-image-360\" src=\"https:\/\/powerchip.com.br\/wp-content\/uploads\/2025\/10\/foto-de-zip-INJECAO-DECODE--300x198.jpg\" alt=\"\" width=\"300\" height=\"198\" srcset=\"https:\/\/powerchip.com.br\/wp-content\/uploads\/2025\/10\/foto-de-zip-INJECAO-DECODE--300x198.jpg 300w, https:\/\/powerchip.com.br\/wp-content\/uploads\/2025\/10\/foto-de-zip-INJECAO-DECODE--768x506.jpg 768w, https:\/\/powerchip.com.br\/wp-content\/uploads\/2025\/10\/foto-de-zip-INJECAO-DECODE--600x396.jpg 600w, https:\/\/powerchip.com.br\/wp-content\/uploads\/2025\/10\/foto-de-zip-INJECAO-DECODE-.jpg 775w\" sizes=\"auto, (max-width: 300px) 100vw, 300px\" \/><img loading=\"lazy\" decoding=\"async\" class=\"alignnone size-medium wp-image-948\" src=\"https:\/\/powerchip.com.br\/wp-content\/uploads\/2025\/11\/foto-de-zip-original--300x175.jpg\" alt=\"\" width=\"300\" height=\"175\" srcset=\"https:\/\/powerchip.com.br\/wp-content\/uploads\/2025\/11\/foto-de-zip-original--300x175.jpg 300w, https:\/\/powerchip.com.br\/wp-content\/uploads\/2025\/11\/foto-de-zip-original--600x350.jpg 600w, https:\/\/powerchip.com.br\/wp-content\/uploads\/2025\/11\/foto-de-zip-original-.jpg 727w\" sizes=\"auto, (max-width: 300px) 100vw, 300px\" \/><img loading=\"lazy\" decoding=\"async\" class=\"alignnone size-medium wp-image-944\" src=\"https:\/\/powerchip.com.br\/wp-content\/uploads\/2025\/11\/foto-de-zip-catalizador--300x174.jpg\" alt=\"\" width=\"300\" height=\"174\" srcset=\"https:\/\/powerchip.com.br\/wp-content\/uploads\/2025\/11\/foto-de-zip-catalizador--300x174.jpg 300w, https:\/\/powerchip.com.br\/wp-content\/uploads\/2025\/11\/foto-de-zip-catalizador--600x348.jpg 600w, https:\/\/powerchip.com.br\/wp-content\/uploads\/2025\/11\/foto-de-zip-catalizador-.jpg 733w\" sizes=\"auto, (max-width: 300px) 100vw, 300px\" \/><\/p>\n","protected":false},"excerpt":{"rendered":"<p>UNO PALIO ARQUIVO original + Decode decat para escapes IAW 7GF.LA HW300 51911246 L211B48 1025kb ktag +1024kb ioterminal<\/p>\n<p>\u201cLembrete: Este arquivo N\u00c3O\u00a0 necessita de prepara\u00e7\u00e3o espec\u00edfica para a central (ECU) de destino o Code esta na soic 95640 .\u201d<\/p>\n<p><img loading=\"lazy\" decoding=\"async\" class=\"alignnone size-medium wp-image-390\" src=\"https:\/\/powerchip.com.br\/wp-content\/uploads\/2025\/10\/7GF.LA-HW300-arquivo-FIAT--300x162.jpg\" alt=\"\" width=\"300\" height=\"162\" srcset=\"https:\/\/powerchip.com.br\/wp-content\/uploads\/2025\/10\/7GF.LA-HW300-arquivo-FIAT--300x162.jpg 300w, https:\/\/powerchip.com.br\/wp-content\/uploads\/2025\/10\/7GF.LA-HW300-arquivo-FIAT-.jpg 485w\" sizes=\"auto, (max-width: 300px) 100vw, 300px\" \/><img loading=\"lazy\" decoding=\"async\" class=\"alignnone size-medium wp-image-360\" src=\"https:\/\/powerchip.com.br\/wp-content\/uploads\/2025\/10\/foto-de-zip-INJECAO-DECODE--300x198.jpg\" alt=\"\" width=\"300\" height=\"198\" srcset=\"https:\/\/powerchip.com.br\/wp-content\/uploads\/2025\/10\/foto-de-zip-INJECAO-DECODE--300x198.jpg 300w, https:\/\/powerchip.com.br\/wp-content\/uploads\/2025\/10\/foto-de-zip-INJECAO-DECODE--768x506.jpg 768w, https:\/\/powerchip.com.br\/wp-content\/uploads\/2025\/10\/foto-de-zip-INJECAO-DECODE--600x396.jpg 600w, https:\/\/powerchip.com.br\/wp-content\/uploads\/2025\/10\/foto-de-zip-INJECAO-DECODE-.jpg 775w\" sizes=\"auto, (max-width: 300px) 100vw, 300px\" \/><img loading=\"lazy\" decoding=\"async\" class=\"alignnone size-medium wp-image-948\" src=\"https:\/\/powerchip.com.br\/wp-content\/uploads\/2025\/11\/foto-de-zip-original--300x175.jpg\" alt=\"\" width=\"300\" height=\"175\" srcset=\"https:\/\/powerchip.com.br\/wp-content\/uploads\/2025\/11\/foto-de-zip-original--300x175.jpg 300w, https:\/\/powerchip.com.br\/wp-content\/uploads\/2025\/11\/foto-de-zip-original--600x350.jpg 600w, https:\/\/powerchip.com.br\/wp-content\/uploads\/2025\/11\/foto-de-zip-original-.jpg 727w\" sizes=\"auto, (max-width: 300px) 100vw, 300px\" \/><img loading=\"lazy\" decoding=\"async\" class=\"alignnone size-medium wp-image-944\" src=\"https:\/\/powerchip.com.br\/wp-content\/uploads\/2025\/11\/foto-de-zip-catalizador--300x174.jpg\" alt=\"\" width=\"300\" height=\"174\" srcset=\"https:\/\/powerchip.com.br\/wp-content\/uploads\/2025\/11\/foto-de-zip-catalizador--300x174.jpg 300w, https:\/\/powerchip.com.br\/wp-content\/uploads\/2025\/11\/foto-de-zip-catalizador--600x348.jpg 600w, https:\/\/powerchip.com.br\/wp-content\/uploads\/2025\/11\/foto-de-zip-catalizador-.jpg 733w\" sizes=\"auto, (max-width: 300px) 100vw, 300px\" \/><\/p>\n","protected":false},"featured_media":319,"template":"","meta":{"_joinchat":[]},"product_brand":[],"product_cat":[21],"product_tag":[194,193,191,189,138,127,190,188,147,184,192,66,187,178],"class_list":{"0":"post-388","1":"product","2":"type-product","3":"status-publish","4":"has-post-thumbnail","6":"product_cat-fiat","7":"product_tag-1024kb","8":"product_tag-1025kb","9":"product_tag-191","10":"product_tag-7gf-la","11":"product_tag-decat","12":"product_tag-decode","13":"product_tag-hw300","14":"product_tag-iaw","15":"product_tag-ioterminal","16":"product_tag-ktag","17":"product_tag-l211b48","18":"product_tag-original","19":"product_tag-palio","20":"product_tag-uno","22":"first","23":"instock","24":"downloadable","25":"virtual","26":"purchasable","27":"product-type-simple"},"jetpack_sharing_enabled":true,"_links":{"self":[{"href":"https:\/\/powerchip.com.br\/index.php\/wp-json\/wp\/v2\/product\/388","targetHints":{"allow":["GET"]}}],"collection":[{"href":"https:\/\/powerchip.com.br\/index.php\/wp-json\/wp\/v2\/product"}],"about":[{"href":"https:\/\/powerchip.com.br\/index.php\/wp-json\/wp\/v2\/types\/product"}],"wp:featuredmedia":[{"embeddable":true,"href":"https:\/\/powerchip.com.br\/index.php\/wp-json\/wp\/v2\/media\/319"}],"wp:attachment":[{"href":"https:\/\/powerchip.com.br\/index.php\/wp-json\/wp\/v2\/media?parent=388"}],"wp:term":[{"taxonomy":"product_brand","embeddable":true,"href":"https:\/\/powerchip.com.br\/index.php\/wp-json\/wp\/v2\/product_brand?post=388"},{"taxonomy":"product_cat","embeddable":true,"href":"https:\/\/powerchip.com.br\/index.php\/wp-json\/wp\/v2\/product_cat?post=388"},{"taxonomy":"product_tag","embeddable":true,"href":"https:\/\/powerchip.com.br\/index.php\/wp-json\/wp\/v2\/product_tag?post=388"}],"curies":[{"name":"wp","href":"https:\/\/api.w.org\/{rel}","templated":true}]}}