{"id":383,"date":"2025-10-25T14:14:46","date_gmt":"2025-10-25T14:14:46","guid":{"rendered":"https:\/\/powerchip.com.br\/?post_type=product&#038;p=383"},"modified":"2025-11-12T23:03:33","modified_gmt":"2025-11-12T23:03:33","slug":"uno-1-4-arquivo-original-e-decat-e-decode-7gf-b4-51892313-7gfhw200-117e43-ktag-e-ioterminal-uno-1-4","status":"publish","type":"product","link":"https:\/\/powerchip.com.br\/index.php\/produto\/uno-1-4-arquivo-original-e-decat-e-decode-7gf-b4-51892313-7gfhw200-117e43-ktag-e-ioterminal-uno-1-4\/","title":{"rendered":"UNO 1.4 ARQUIVO original e decat e decode 7GF.B4 51892313 7GFHW200 117E43 KTAG E IOTERMINAL  UNO 1.4"},"content":{"rendered":"<p>UNO 1.4 ARQUIVO original e decat e decode 7GF.B4 51892313 7GFHW200 117E43 KTAG E IOTERMINAL UNO 1.4<\/p>\n<p>&nbsp;<\/p>\n<p>\u201cLembrete: Este arquivo N\u00c3O\u00a0 necessita de prepara\u00e7\u00e3o espec\u00edfica para a central (ECU) de destino .\u201d<\/p>\n<p>Voc\u00ea recebera ap\u00f3s pagar:<\/p>\n<p>06 arquivos com Checksum corrigidos prontos para gravar:<\/p>\n<p>01\u00a0 arquivo original\u00a0 1024KB IOTERMINAL etc<\/p>\n<p>+ 01\u00a0 arquivo de DECODE 1024KB IOTERMINAL etc<\/p>\n<p>+ 01\u00a0 arquivo de DECODE + cat-off para escapes. 1024KB IOTERMINAL etc<\/p>\n<p>+01\u00a0 arquivo original\u00a0 1025KB\u00a0 ktag etc<\/p>\n<p>+ 01\u00a0 arquivo de DECODE 1025KB\u00a0 ktag etc<\/p>\n<p>+ 01\u00a0 arquivo de DECODE + cat-off para escapes. 1025KB\u00a0 ktag etc<\/p>\n<p><a href=\"https:\/\/powerchip.com.br\/index.php\/como-comprar\/\">Como comprar<\/a><\/p>\n<p><a href=\"https:\/\/powerchip.com.br\/index.php\/arquivo-destinado-a-profissionais\/\">Arquivo destinado a profissionais<\/a>.<\/p>\n<p><a href=\"https:\/\/powerchip.com.br\/index.php\/como-usar-o-arquivo-comprado\/\">Como usar o arquivo<\/a>.<\/p>\n<audio class=\"wp-audio-shortcode\" id=\"audio-383-1\" preload=\"none\" style=\"width: 100%;\" controls=\"controls\"><source type=\"audio\/ogg\" src=\"https:\/\/powerchip.com.br\/wp-content\/uploads\/2025\/10\/AUDIO-DECODE-COM-DECAT-.ogg?_=1\" \/><a href=\"https:\/\/powerchip.com.br\/wp-content\/uploads\/2025\/10\/AUDIO-DECODE-COM-DECAT-.ogg\">https:\/\/powerchip.com.br\/wp-content\/uploads\/2025\/10\/AUDIO-DECODE-COM-DECAT-.ogg<\/a><\/audio>\n<p><img loading=\"lazy\" decoding=\"async\" class=\"alignnone size-medium wp-image-386\" src=\"https:\/\/powerchip.com.br\/wp-content\/uploads\/2025\/10\/ARQUIVO--300x192.jpg\" alt=\"\" width=\"300\" height=\"192\" srcset=\"https:\/\/powerchip.com.br\/wp-content\/uploads\/2025\/10\/ARQUIVO--300x192.jpg 300w, https:\/\/powerchip.com.br\/wp-content\/uploads\/2025\/10\/ARQUIVO-.jpg 509w\" sizes=\"auto, (max-width: 300px) 100vw, 300px\" \/><img loading=\"lazy\" decoding=\"async\" class=\"alignnone size-medium wp-image-384\" src=\"https:\/\/powerchip.com.br\/wp-content\/uploads\/2025\/10\/7GF-ECU-BOOT--300x249.jpg\" alt=\"\" width=\"300\" height=\"249\" srcset=\"https:\/\/powerchip.com.br\/wp-content\/uploads\/2025\/10\/7GF-ECU-BOOT--300x249.jpg 300w, https:\/\/powerchip.com.br\/wp-content\/uploads\/2025\/10\/7GF-ECU-BOOT--768x638.jpg 768w, https:\/\/powerchip.com.br\/wp-content\/uploads\/2025\/10\/7GF-ECU-BOOT--600x498.jpg 600w, https:\/\/powerchip.com.br\/wp-content\/uploads\/2025\/10\/7GF-ECU-BOOT-.jpg 862w\" sizes=\"auto, (max-width: 300px) 100vw, 300px\" \/><img loading=\"lazy\" decoding=\"async\" class=\"alignnone size-medium wp-image-319\" src=\"https:\/\/powerchip.com.br\/wp-content\/uploads\/2025\/10\/foto-de-zip-INJECAO-DECODE-DECAT--300x198.jpg\" alt=\"\" width=\"300\" height=\"198\" srcset=\"https:\/\/powerchip.com.br\/wp-content\/uploads\/2025\/10\/foto-de-zip-INJECAO-DECODE-DECAT--300x198.jpg 300w, https:\/\/powerchip.com.br\/wp-content\/uploads\/2025\/10\/foto-de-zip-INJECAO-DECODE-DECAT--768x506.jpg 768w, https:\/\/powerchip.com.br\/wp-content\/uploads\/2025\/10\/foto-de-zip-INJECAO-DECODE-DECAT--600x396.jpg 600w, https:\/\/powerchip.com.br\/wp-content\/uploads\/2025\/10\/foto-de-zip-INJECAO-DECODE-DECAT-.jpg 775w\" sizes=\"auto, (max-width: 300px) 100vw, 300px\" \/><img loading=\"lazy\" decoding=\"async\" class=\"alignnone size-medium wp-image-360\" src=\"https:\/\/powerchip.com.br\/wp-content\/uploads\/2025\/10\/foto-de-zip-INJECAO-DECODE--300x198.jpg\" alt=\"\" width=\"300\" height=\"198\" srcset=\"https:\/\/powerchip.com.br\/wp-content\/uploads\/2025\/10\/foto-de-zip-INJECAO-DECODE--300x198.jpg 300w, https:\/\/powerchip.com.br\/wp-content\/uploads\/2025\/10\/foto-de-zip-INJECAO-DECODE--768x506.jpg 768w, https:\/\/powerchip.com.br\/wp-content\/uploads\/2025\/10\/foto-de-zip-INJECAO-DECODE--600x396.jpg 600w, https:\/\/powerchip.com.br\/wp-content\/uploads\/2025\/10\/foto-de-zip-INJECAO-DECODE-.jpg 775w\" sizes=\"auto, (max-width: 300px) 100vw, 300px\" \/><img loading=\"lazy\" decoding=\"async\" class=\"alignnone size-medium wp-image-948\" src=\"https:\/\/powerchip.com.br\/wp-content\/uploads\/2025\/11\/foto-de-zip-original--300x175.jpg\" alt=\"\" width=\"300\" height=\"175\" srcset=\"https:\/\/powerchip.com.br\/wp-content\/uploads\/2025\/11\/foto-de-zip-original--300x175.jpg 300w, https:\/\/powerchip.com.br\/wp-content\/uploads\/2025\/11\/foto-de-zip-original--600x350.jpg 600w, https:\/\/powerchip.com.br\/wp-content\/uploads\/2025\/11\/foto-de-zip-original-.jpg 727w\" sizes=\"auto, (max-width: 300px) 100vw, 300px\" \/><img loading=\"lazy\" decoding=\"async\" class=\"alignnone size-medium wp-image-944\" src=\"https:\/\/powerchip.com.br\/wp-content\/uploads\/2025\/11\/foto-de-zip-catalizador--300x174.jpg\" alt=\"\" width=\"300\" height=\"174\" srcset=\"https:\/\/powerchip.com.br\/wp-content\/uploads\/2025\/11\/foto-de-zip-catalizador--300x174.jpg 300w, https:\/\/powerchip.com.br\/wp-content\/uploads\/2025\/11\/foto-de-zip-catalizador--600x348.jpg 600w, https:\/\/powerchip.com.br\/wp-content\/uploads\/2025\/11\/foto-de-zip-catalizador-.jpg 733w\" sizes=\"auto, (max-width: 300px) 100vw, 300px\" \/><\/p>\n","protected":false},"excerpt":{"rendered":"<p><img loading=\"lazy\" decoding=\"async\" class=\"alignnone size-medium wp-image-386\" src=\"https:\/\/powerchip.com.br\/wp-content\/uploads\/2025\/10\/ARQUIVO--300x192.jpg\" alt=\"\" width=\"300\" height=\"192\" srcset=\"https:\/\/powerchip.com.br\/wp-content\/uploads\/2025\/10\/ARQUIVO--300x192.jpg 300w, https:\/\/powerchip.com.br\/wp-content\/uploads\/2025\/10\/ARQUIVO-.jpg 509w\" sizes=\"auto, (max-width: 300px) 100vw, 300px\" \/><img loading=\"lazy\" decoding=\"async\" class=\"alignnone size-medium wp-image-360\" src=\"https:\/\/powerchip.com.br\/wp-content\/uploads\/2025\/10\/foto-de-zip-INJECAO-DECODE--300x198.jpg\" alt=\"\" width=\"300\" height=\"198\" srcset=\"https:\/\/powerchip.com.br\/wp-content\/uploads\/2025\/10\/foto-de-zip-INJECAO-DECODE--300x198.jpg 300w, https:\/\/powerchip.com.br\/wp-content\/uploads\/2025\/10\/foto-de-zip-INJECAO-DECODE--768x506.jpg 768w, https:\/\/powerchip.com.br\/wp-content\/uploads\/2025\/10\/foto-de-zip-INJECAO-DECODE--600x396.jpg 600w, https:\/\/powerchip.com.br\/wp-content\/uploads\/2025\/10\/foto-de-zip-INJECAO-DECODE-.jpg 775w\" sizes=\"auto, (max-width: 300px) 100vw, 300px\" \/><img loading=\"lazy\" decoding=\"async\" class=\"alignnone size-medium wp-image-948\" src=\"https:\/\/powerchip.com.br\/wp-content\/uploads\/2025\/11\/foto-de-zip-original--300x175.jpg\" alt=\"\" width=\"300\" height=\"175\" srcset=\"https:\/\/powerchip.com.br\/wp-content\/uploads\/2025\/11\/foto-de-zip-original--300x175.jpg 300w, https:\/\/powerchip.com.br\/wp-content\/uploads\/2025\/11\/foto-de-zip-original--600x350.jpg 600w, https:\/\/powerchip.com.br\/wp-content\/uploads\/2025\/11\/foto-de-zip-original-.jpg 727w\" sizes=\"auto, (max-width: 300px) 100vw, 300px\" \/><img loading=\"lazy\" decoding=\"async\" class=\"alignnone size-medium wp-image-944\" src=\"https:\/\/powerchip.com.br\/wp-content\/uploads\/2025\/11\/foto-de-zip-catalizador--300x174.jpg\" alt=\"\" width=\"300\" height=\"174\" srcset=\"https:\/\/powerchip.com.br\/wp-content\/uploads\/2025\/11\/foto-de-zip-catalizador--300x174.jpg 300w, https:\/\/powerchip.com.br\/wp-content\/uploads\/2025\/11\/foto-de-zip-catalizador--600x348.jpg 600w, https:\/\/powerchip.com.br\/wp-content\/uploads\/2025\/11\/foto-de-zip-catalizador-.jpg 733w\" sizes=\"auto, (max-width: 300px) 100vw, 300px\" \/><\/p>\n<p>&nbsp;<\/p>\n","protected":false},"featured_media":319,"template":"","meta":{"_joinchat":[]},"product_brand":[],"product_cat":[21],"product_tag":[179,183,181,180,182,127,186,147,184,178,185],"class_list":{"0":"post-383","1":"product","2":"type-product","3":"status-publish","4":"has-post-thumbnail","6":"product_cat-fiat","7":"product_tag-1-4","8":"product_tag-183","9":"product_tag-181","10":"product_tag-7gf-b4","11":"product_tag-7gfhw200","12":"product_tag-decode","13":"product_tag-ioteminal","14":"product_tag-ioterminal","15":"product_tag-ktag","16":"product_tag-uno","17":"product_tag-uno-1-4","19":"first","20":"instock","21":"downloadable","22":"virtual","23":"purchasable","24":"product-type-simple"},"jetpack_sharing_enabled":true,"_links":{"self":[{"href":"https:\/\/powerchip.com.br\/index.php\/wp-json\/wp\/v2\/product\/383","targetHints":{"allow":["GET"]}}],"collection":[{"href":"https:\/\/powerchip.com.br\/index.php\/wp-json\/wp\/v2\/product"}],"about":[{"href":"https:\/\/powerchip.com.br\/index.php\/wp-json\/wp\/v2\/types\/product"}],"wp:featuredmedia":[{"embeddable":true,"href":"https:\/\/powerchip.com.br\/index.php\/wp-json\/wp\/v2\/media\/319"}],"wp:attachment":[{"href":"https:\/\/powerchip.com.br\/index.php\/wp-json\/wp\/v2\/media?parent=383"}],"wp:term":[{"taxonomy":"product_brand","embeddable":true,"href":"https:\/\/powerchip.com.br\/index.php\/wp-json\/wp\/v2\/product_brand?post=383"},{"taxonomy":"product_cat","embeddable":true,"href":"https:\/\/powerchip.com.br\/index.php\/wp-json\/wp\/v2\/product_cat?post=383"},{"taxonomy":"product_tag","embeddable":true,"href":"https:\/\/powerchip.com.br\/index.php\/wp-json\/wp\/v2\/product_tag?post=383"}],"curies":[{"name":"wp","href":"https:\/\/api.w.org\/{rel}","templated":true}]}}