{"id":370,"date":"2025-10-25T00:51:53","date_gmt":"2025-10-25T00:51:53","guid":{"rendered":"https:\/\/powerchip.com.br\/?post_type=product&#038;p=370"},"modified":"2025-11-11T10:39:17","modified_gmt":"2025-11-11T10:39:17","slug":"renegade-jeep-arquivo-10gf-as-arquivo-original-e-potencia-3j0l3db42-55272395-52138547-omm10gfhw004-checksum-original-12068f88","status":"publish","type":"product","link":"https:\/\/powerchip.com.br\/index.php\/produto\/renegade-jeep-arquivo-10gf-as-arquivo-original-e-potencia-3j0l3db42-55272395-52138547-omm10gfhw004-checksum-original-12068f88\/","title":{"rendered":"RENEGADE JEEP ARQUIVO  10GF.AS arquivo original e potencia 3J0L3DB42 55272395 52138547 OMM10GFHW004 CHECKSUM ORIGINAL 12068F88"},"content":{"rendered":"<p>10GF.AS\u00a0 confirme seu CHECKSUM ORIGINAL \u00e9 12068F88<\/p>\n<p>RENEGADE JEEP ARQUIVO arquivo original e potencia 3J0L3DB42 55272395 52138547 OMM10GFHW004 CHECKSUM ORIGINAL 12068F88<\/p>\n<p>&nbsp;<\/p>\n<p>Lembrete: Estes arquivos N\u00c3O necessitam de prepara\u00e7\u00e3o espec\u00edfica para a central (ECU) de destino antes do uso.<\/p>\n<p>O IMOBILIZADOR EST\u00c1 NA SOIC .<\/p>\n<p>Voc\u00ea recebera um link com arquivo compactado para baixar\u00a0 ap\u00f3s pagar, contendo:<\/p>\n<p>3X ARQUIVOS.<br \/>\n01 ORIGINAL<br \/>\n01 POT\u00caNCIA<br \/>\n01 POT\u00caNCIA + decat cat off<\/p>\n<p>\u201cLembrete: Estes arquivos n\u00e3o\u00a0 necessitam de prepara\u00e7\u00e3o espec\u00edfica para a central (ECU) de destino antes do uso .\u201d<\/p>\n<p>Um profissional saber\u00e1 utilizar isso.<\/p>\n<p><a href=\"https:\/\/powerchip.com.br\/index.php\/arquivo-destinado-a-profissionais\/\">Arquivo destinado a profissionais<\/a>.<\/p>\n<p><a href=\"https:\/\/powerchip.com.br\/index.php\/como-usar-o-arquivo-comprado\/\">Como usar o arquivo<\/a>.<\/p>\n<p><a href=\"https:\/\/powerchip.com.br\/index.php\/como-comprar\/\">Como comprar<\/a><\/p>\n<audio class=\"wp-audio-shortcode\" id=\"audio-370-1\" preload=\"none\" style=\"width: 100%;\" controls=\"controls\"><source type=\"audio\/ogg\" src=\"https:\/\/powerchip.com.br\/wp-content\/uploads\/2025\/10\/AUDIO-DECODE-POTENCIA-DECAT-MESMO-SW-VARIOS-ECU-IGUAL.ogg?_=1\" \/><a href=\"https:\/\/powerchip.com.br\/wp-content\/uploads\/2025\/10\/AUDIO-DECODE-POTENCIA-DECAT-MESMO-SW-VARIOS-ECU-IGUAL.ogg\">https:\/\/powerchip.com.br\/wp-content\/uploads\/2025\/10\/AUDIO-DECODE-POTENCIA-DECAT-MESMO-SW-VARIOS-ECU-IGUAL.ogg<\/a><\/audio>\n<p><img loading=\"lazy\" decoding=\"async\" class=\"alignnone size-medium wp-image-371\" src=\"https:\/\/powerchip.com.br\/wp-content\/uploads\/2025\/10\/3J0L3DB42-55272395-52138547-OMM10GFHW004-CHECKSUM-ORIGINAL-12068F88-300x262.jpg\" alt=\"\" width=\"300\" height=\"262\" srcset=\"https:\/\/powerchip.com.br\/wp-content\/uploads\/2025\/10\/3J0L3DB42-55272395-52138547-OMM10GFHW004-CHECKSUM-ORIGINAL-12068F88-300x262.jpg 300w, https:\/\/powerchip.com.br\/wp-content\/uploads\/2025\/10\/3J0L3DB42-55272395-52138547-OMM10GFHW004-CHECKSUM-ORIGINAL-12068F88.jpg 453w\" sizes=\"auto, (max-width: 300px) 100vw, 300px\" \/><\/p>\n","protected":false},"excerpt":{"rendered":"<p>10GF.AS\u00a0 confirme seu CHECKSUM ORIGINAL \u00e9 12068F88<\/p>\n<p>RENEGADE JEEP ARQUIVO arquivo original e potencia 3J0L3DB42 55272395 52138547 OMM10GFHW004 CHECKSUM ORIGINAL 12068F88<\/p>\n<p><img loading=\"lazy\" decoding=\"async\" class=\"alignnone size-medium wp-image-371\" src=\"https:\/\/powerchip.com.br\/wp-content\/uploads\/2025\/10\/3J0L3DB42-55272395-52138547-OMM10GFHW004-CHECKSUM-ORIGINAL-12068F88-300x262.jpg\" alt=\"\" width=\"300\" height=\"262\" srcset=\"https:\/\/powerchip.com.br\/wp-content\/uploads\/2025\/10\/3J0L3DB42-55272395-52138547-OMM10GFHW004-CHECKSUM-ORIGINAL-12068F88-300x262.jpg 300w, https:\/\/powerchip.com.br\/wp-content\/uploads\/2025\/10\/3J0L3DB42-55272395-52138547-OMM10GFHW004-CHECKSUM-ORIGINAL-12068F88.jpg 453w\" sizes=\"auto, (max-width: 300px) 100vw, 300px\" \/><img loading=\"lazy\" decoding=\"async\" class=\"alignnone size-medium wp-image-299\" src=\"https:\/\/powerchip.com.br\/wp-content\/uploads\/2025\/10\/foto-de-zip-INJECAO-POT-DECAT--300x198.jpg\" alt=\"\" width=\"300\" height=\"198\" srcset=\"https:\/\/powerchip.com.br\/wp-content\/uploads\/2025\/10\/foto-de-zip-INJECAO-POT-DECAT--300x198.jpg 300w, https:\/\/powerchip.com.br\/wp-content\/uploads\/2025\/10\/foto-de-zip-INJECAO-POT-DECAT--768x506.jpg 768w, https:\/\/powerchip.com.br\/wp-content\/uploads\/2025\/10\/foto-de-zip-INJECAO-POT-DECAT--600x396.jpg 600w, https:\/\/powerchip.com.br\/wp-content\/uploads\/2025\/10\/foto-de-zip-INJECAO-POT-DECAT-.jpg 775w\" sizes=\"auto, (max-width: 300px) 100vw, 300px\" \/><\/p>\n<p><img loading=\"lazy\" decoding=\"async\" class=\"alignnone size-medium wp-image-371\" src=\"https:\/\/powerchip.com.br\/wp-content\/uploads\/2025\/10\/3J0L3DB42-55272395-52138547-OMM10GFHW004-CHECKSUM-ORIGINAL-12068F88-300x262.jpg\" alt=\"\" width=\"300\" height=\"262\" srcset=\"https:\/\/powerchip.com.br\/wp-content\/uploads\/2025\/10\/3J0L3DB42-55272395-52138547-OMM10GFHW004-CHECKSUM-ORIGINAL-12068F88-300x262.jpg 300w, https:\/\/powerchip.com.br\/wp-content\/uploads\/2025\/10\/3J0L3DB42-55272395-52138547-OMM10GFHW004-CHECKSUM-ORIGINAL-12068F88.jpg 453w\" sizes=\"auto, (max-width: 300px) 100vw, 300px\" \/><\/p>\n","protected":false},"featured_media":299,"template":"","meta":{"_joinchat":[]},"product_brand":[],"product_cat":[21],"product_tag":[160,162,161,116,165,164,159,163,66,41,158],"class_list":{"0":"post-370","1":"product","2":"type-product","3":"status-publish","4":"has-post-thumbnail","6":"product_cat-fiat","7":"product_tag-3j0l3db42","8":"product_tag-162","9":"product_tag-161","10":"product_tag-arquivo","11":"product_tag-checksum-12068f88","12":"product_tag-hw004","13":"product_tag-jeep","14":"product_tag-omm10gf","15":"product_tag-original","16":"product_tag-potencia","17":"product_tag-renegade","19":"first","20":"instock","21":"downloadable","22":"virtual","23":"purchasable","24":"product-type-simple"},"jetpack_sharing_enabled":true,"_links":{"self":[{"href":"https:\/\/powerchip.com.br\/index.php\/wp-json\/wp\/v2\/product\/370","targetHints":{"allow":["GET"]}}],"collection":[{"href":"https:\/\/powerchip.com.br\/index.php\/wp-json\/wp\/v2\/product"}],"about":[{"href":"https:\/\/powerchip.com.br\/index.php\/wp-json\/wp\/v2\/types\/product"}],"wp:featuredmedia":[{"embeddable":true,"href":"https:\/\/powerchip.com.br\/index.php\/wp-json\/wp\/v2\/media\/299"}],"wp:attachment":[{"href":"https:\/\/powerchip.com.br\/index.php\/wp-json\/wp\/v2\/media?parent=370"}],"wp:term":[{"taxonomy":"product_brand","embeddable":true,"href":"https:\/\/powerchip.com.br\/index.php\/wp-json\/wp\/v2\/product_brand?post=370"},{"taxonomy":"product_cat","embeddable":true,"href":"https:\/\/powerchip.com.br\/index.php\/wp-json\/wp\/v2\/product_cat?post=370"},{"taxonomy":"product_tag","embeddable":true,"href":"https:\/\/powerchip.com.br\/index.php\/wp-json\/wp\/v2\/product_tag?post=370"}],"curies":[{"name":"wp","href":"https:\/\/api.w.org\/{rel}","templated":true}]}}