{"id":364,"date":"2025-10-25T00:17:29","date_gmt":"2025-10-25T00:17:29","guid":{"rendered":"https:\/\/powerchip.com.br\/?post_type=product&#038;p=364"},"modified":"2025-11-12T23:06:12","modified_gmt":"2025-11-12T23:06:12","slug":"fusca-arquivo-de-potencia-332whp-burbles-e-original-stag3-injecao-e-cambio-dq250-my11f-0261s07822-06j907309a-06j906027cg-4378-med17-5-2-ccza-ccza-my11o00","status":"publish","type":"product","link":"https:\/\/powerchip.com.br\/index.php\/produto\/fusca-arquivo-de-potencia-332whp-burbles-e-original-stag3-injecao-e-cambio-dq250-my11f-0261s07822-06j907309a-06j906027cg-4378-med17-5-2-ccza-ccza-my11o00\/","title":{"rendered":"FUSCA  ARQUIVO de pot\u00eancia 332whp  burbles  e original stag3 inje\u00e7\u00e3o e cambio dq250 MY11F 0261S07822 06J907309A 06J906027CG 4378 MED17.5.2 CCZA CCZA MY11O00"},"content":{"rendered":"<p>FUSCA ARQUIVO de pot\u00eancia e original stag3 inje\u00e7\u00e3o e cambio dq250 MY11F 0261S07822 06J907309A 06J906027CG 4378 MED17.5.2 CCZA CCZA MY11O00.<\/p>\n<p>Voc\u00ea recebera um link com arquivo compactado para baixar\u00a0 ap\u00f3s pagar, contendo:<\/p>\n<p>6 X ARQUIVOS.<br \/>\n01 ORIGINAL<br \/>\n01 STAGE 3<br \/>\n02 STAGE 3+<br \/>\n03 STAGE 3++<br \/>\n01 ORI DQ250<br \/>\n01 STAG 3 RALLY DQ250<\/p>\n<p>332whp burbles max<\/p>\n<p>\u201cLembrete: Estes arquivos necessitam de prepara\u00e7\u00e3o espec\u00edfica para a central (ECU) de destino antes do uso em area do imo.\u201d<\/p>\n<p>Um profissional saber\u00e1 utilizar isso , ou ap\u00f3s a compra entre em contato.<\/p>\n<p><a href=\"https:\/\/powerchip.com.br\/index.php\/arquivo-destinado-a-profissionais\/\">Arquivo destinado a profissionais<\/a>.<\/p>\n<p><a href=\"https:\/\/powerchip.com.br\/index.php\/como-usar-o-arquivo-comprado\/\">Como usar o arquivo<\/a>.<\/p>\n<p><a href=\"https:\/\/powerchip.com.br\/index.php\/como-comprar\/\">Como comprar<\/a><\/p>\n<p><img loading=\"lazy\" decoding=\"async\" class=\"alignnone size-medium wp-image-365\" src=\"https:\/\/powerchip.com.br\/wp-content\/uploads\/2025\/10\/V1.06-Atual-332whp-burbles--300x146.jpg\" alt=\"\" width=\"300\" height=\"146\" srcset=\"https:\/\/powerchip.com.br\/wp-content\/uploads\/2025\/10\/V1.06-Atual-332whp-burbles--300x146.jpg 300w, https:\/\/powerchip.com.br\/wp-content\/uploads\/2025\/10\/V1.06-Atual-332whp-burbles--768x374.jpg 768w, https:\/\/powerchip.com.br\/wp-content\/uploads\/2025\/10\/V1.06-Atual-332whp-burbles--600x292.jpg 600w, https:\/\/powerchip.com.br\/wp-content\/uploads\/2025\/10\/V1.06-Atual-332whp-burbles-.jpg 797w\" sizes=\"auto, (max-width: 300px) 100vw, 300px\" \/><img loading=\"lazy\" decoding=\"async\" class=\"alignnone size-medium wp-image-366\" src=\"https:\/\/powerchip.com.br\/wp-content\/uploads\/2025\/10\/0261S07822-potencia--300x262.jpg\" alt=\"\" width=\"300\" height=\"262\" srcset=\"https:\/\/powerchip.com.br\/wp-content\/uploads\/2025\/10\/0261S07822-potencia--300x262.jpg 300w, https:\/\/powerchip.com.br\/wp-content\/uploads\/2025\/10\/0261S07822-potencia--768x671.jpg 768w, https:\/\/powerchip.com.br\/wp-content\/uploads\/2025\/10\/0261S07822-potencia--600x524.jpg 600w, https:\/\/powerchip.com.br\/wp-content\/uploads\/2025\/10\/0261S07822-potencia-.jpg 813w\" sizes=\"auto, (max-width: 300px) 100vw, 300px\" \/><img loading=\"lazy\" decoding=\"async\" class=\"alignnone size-medium wp-image-943\" src=\"https:\/\/powerchip.com.br\/wp-content\/uploads\/2025\/11\/foto-de-zip-potencia-1-1-300x170.jpg\" alt=\"\" width=\"300\" height=\"170\" srcset=\"https:\/\/powerchip.com.br\/wp-content\/uploads\/2025\/11\/foto-de-zip-potencia-1-1-300x170.jpg 300w, https:\/\/powerchip.com.br\/wp-content\/uploads\/2025\/11\/foto-de-zip-potencia-1-1-600x341.jpg 600w, https:\/\/powerchip.com.br\/wp-content\/uploads\/2025\/11\/foto-de-zip-potencia-1-1.jpg 733w\" sizes=\"auto, (max-width: 300px) 100vw, 300px\" \/><img loading=\"lazy\" decoding=\"async\" class=\"alignnone size-medium wp-image-948\" src=\"https:\/\/powerchip.com.br\/wp-content\/uploads\/2025\/11\/foto-de-zip-original--300x175.jpg\" alt=\"\" width=\"300\" height=\"175\" srcset=\"https:\/\/powerchip.com.br\/wp-content\/uploads\/2025\/11\/foto-de-zip-original--300x175.jpg 300w, https:\/\/powerchip.com.br\/wp-content\/uploads\/2025\/11\/foto-de-zip-original--600x350.jpg 600w, https:\/\/powerchip.com.br\/wp-content\/uploads\/2025\/11\/foto-de-zip-original-.jpg 727w\" sizes=\"auto, (max-width: 300px) 100vw, 300px\" \/><\/p>\n","protected":false},"excerpt":{"rendered":"<p>FUSCA ARQUIVO de pot\u00eancia e original stag3 inje\u00e7\u00e3o e cambio dq250 MY11F 0261S07822 06J907309A 06J906027CG 4378 MED17.5.2 CCZA CCZA MY11O00.<\/p>\n<p>Voc\u00ea recebera um link com arquivo compactado para baixar\u00a0 ap\u00f3s pagar, contendo:<\/p>\n<p><img loading=\"lazy\" decoding=\"async\" class=\"alignnone size-medium wp-image-365\" src=\"https:\/\/powerchip.com.br\/wp-content\/uploads\/2025\/10\/V1.06-Atual-332whp-burbles--300x146.jpg\" alt=\"\" width=\"300\" height=\"146\" srcset=\"https:\/\/powerchip.com.br\/wp-content\/uploads\/2025\/10\/V1.06-Atual-332whp-burbles--300x146.jpg 300w, https:\/\/powerchip.com.br\/wp-content\/uploads\/2025\/10\/V1.06-Atual-332whp-burbles--768x374.jpg 768w, https:\/\/powerchip.com.br\/wp-content\/uploads\/2025\/10\/V1.06-Atual-332whp-burbles--600x292.jpg 600w, https:\/\/powerchip.com.br\/wp-content\/uploads\/2025\/10\/V1.06-Atual-332whp-burbles-.jpg 797w\" sizes=\"auto, (max-width: 300px) 100vw, 300px\" \/><img loading=\"lazy\" decoding=\"async\" class=\"alignnone size-medium wp-image-366\" src=\"https:\/\/powerchip.com.br\/wp-content\/uploads\/2025\/10\/0261S07822-potencia--300x262.jpg\" alt=\"\" width=\"300\" height=\"262\" srcset=\"https:\/\/powerchip.com.br\/wp-content\/uploads\/2025\/10\/0261S07822-potencia--300x262.jpg 300w, https:\/\/powerchip.com.br\/wp-content\/uploads\/2025\/10\/0261S07822-potencia--768x671.jpg 768w, https:\/\/powerchip.com.br\/wp-content\/uploads\/2025\/10\/0261S07822-potencia--600x524.jpg 600w, https:\/\/powerchip.com.br\/wp-content\/uploads\/2025\/10\/0261S07822-potencia-.jpg 813w\" sizes=\"auto, (max-width: 300px) 100vw, 300px\" \/><img loading=\"lazy\" decoding=\"async\" class=\"alignnone size-medium wp-image-948\" src=\"https:\/\/powerchip.com.br\/wp-content\/uploads\/2025\/11\/foto-de-zip-original--300x175.jpg\" alt=\"\" width=\"300\" height=\"175\" srcset=\"https:\/\/powerchip.com.br\/wp-content\/uploads\/2025\/11\/foto-de-zip-original--300x175.jpg 300w, https:\/\/powerchip.com.br\/wp-content\/uploads\/2025\/11\/foto-de-zip-original--600x350.jpg 600w, https:\/\/powerchip.com.br\/wp-content\/uploads\/2025\/11\/foto-de-zip-original-.jpg 727w\" sizes=\"auto, (max-width: 300px) 100vw, 300px\" \/><img loading=\"lazy\" decoding=\"async\" class=\"alignnone size-medium wp-image-943\" src=\"https:\/\/powerchip.com.br\/wp-content\/uploads\/2025\/11\/foto-de-zip-potencia-1-1-300x170.jpg\" alt=\"\" width=\"300\" height=\"170\" srcset=\"https:\/\/powerchip.com.br\/wp-content\/uploads\/2025\/11\/foto-de-zip-potencia-1-1-300x170.jpg 300w, https:\/\/powerchip.com.br\/wp-content\/uploads\/2025\/11\/foto-de-zip-potencia-1-1-600x341.jpg 600w, https:\/\/powerchip.com.br\/wp-content\/uploads\/2025\/11\/foto-de-zip-potencia-1-1.jpg 733w\" sizes=\"auto, (max-width: 300px) 100vw, 300px\" \/><\/p>\n<p>&nbsp;<\/p>\n","protected":false},"featured_media":367,"template":"","meta":{"_joinchat":[]},"product_brand":[],"product_cat":[32],"product_tag":[150,152,151,153,155,149,154,148,156,157],"class_list":{"0":"post-364","1":"product","2":"type-product","3":"status-publish","4":"has-post-thumbnail","6":"product_cat-vw","7":"product_tag-0261s07822","8":"product_tag-06j906027cg","9":"product_tag-06j907309a","10":"product_tag-153","11":"product_tag-ccza","12":"product_tag-fusca","13":"product_tag-med17-5-2","14":"product_tag-my11f","15":"product_tag-my11o00","16":"product_tag-stag3","18":"first","19":"instock","20":"downloadable","21":"virtual","22":"purchasable","23":"product-type-simple"},"jetpack_sharing_enabled":true,"_links":{"self":[{"href":"https:\/\/powerchip.com.br\/index.php\/wp-json\/wp\/v2\/product\/364","targetHints":{"allow":["GET"]}}],"collection":[{"href":"https:\/\/powerchip.com.br\/index.php\/wp-json\/wp\/v2\/product"}],"about":[{"href":"https:\/\/powerchip.com.br\/index.php\/wp-json\/wp\/v2\/types\/product"}],"wp:featuredmedia":[{"embeddable":true,"href":"https:\/\/powerchip.com.br\/index.php\/wp-json\/wp\/v2\/media\/367"}],"wp:attachment":[{"href":"https:\/\/powerchip.com.br\/index.php\/wp-json\/wp\/v2\/media?parent=364"}],"wp:term":[{"taxonomy":"product_brand","embeddable":true,"href":"https:\/\/powerchip.com.br\/index.php\/wp-json\/wp\/v2\/product_brand?post=364"},{"taxonomy":"product_cat","embeddable":true,"href":"https:\/\/powerchip.com.br\/index.php\/wp-json\/wp\/v2\/product_cat?post=364"},{"taxonomy":"product_tag","embeddable":true,"href":"https:\/\/powerchip.com.br\/index.php\/wp-json\/wp\/v2\/product_tag?post=364"}],"curies":[{"name":"wp","href":"https:\/\/api.w.org\/{rel}","templated":true}]}}