{"id":350,"date":"2025-10-23T22:42:27","date_gmt":"2025-10-23T22:42:27","guid":{"rendered":"https:\/\/powerchip.com.br\/?post_type=product&#038;p=350"},"modified":"2026-03-03T17:01:29","modified_gmt":"2026-03-03T17:01:29","slug":"vera-cruz-3-8-v6-arquivo-para-decat-e-decode-sem-imo-39106-3c427-391063c427g27e","status":"publish","type":"product","link":"https:\/\/powerchip.com.br\/index.php\/produto\/vera-cruz-3-8-v6-arquivo-para-decat-e-decode-sem-imo-39106-3c427-391063c427g27e\/","title":{"rendered":"Vera Cruz 3.8 V6 ARQUIVO para DECAT E DECODE (SEM IMO) 39106-3c427 391063C427G27E"},"content":{"rendered":"<p>Vera Cruz 3.8 V6 ARQUIVO para DECAT E DECODE (SEM IMO) 39106-3c427 391063C427G27E<\/p>\n<p>Voc\u00ea recebera ap\u00f3s pagar:<\/p>\n<p>02 arquivos.<\/p>\n<p>01\u00a0 arquivo original<\/p>\n<p>+ 01\u00a0 arquivo de \u201cDecode\u201d IMMO_OFF+CAT+OFF para escapes.<\/p>\n<p>Seu mec\u00e2nico n\u00e3o achou o problema?<\/p>\n<p>Agora seu carro volta a funcionar, ah e isso n\u00e3o conserta a ecu nem o carro viu, s\u00f3 elimina o imobilizador se ruim.<\/p>\n<p>\u201cLembrete: Este arquivo\u00a0 n\u00e3o necessita de prepara\u00e7\u00e3o espec\u00edfica para a central (ECU) de destino antes do uso se for\u00a0 GRAVAR COMPLETO ,n\u00e3o use\u00a0 parcial alguns programadores s\u00f3 gravam \u00e1reas\u00a0 maps.\u201d<\/p>\n<p>Voce pode tentar com o PCMFLASH Module 52 ,<strong>Kia\/Hyundai Delphi MT38\/86.<\/strong><\/p>\n<p><a href=\"https:\/\/powerchip.com.br\/index.php\/como-comprar\/\">Como comprar<\/a><\/p>\n<p><a href=\"https:\/\/powerchip.com.br\/index.php\/arquivo-destinado-a-profissionais\/\">Arquivo destinado a profissionais<\/a>.<\/p>\n<p><a href=\"https:\/\/powerchip.com.br\/index.php\/como-usar-o-arquivo-comprado\/\">Como usar o arquivo<\/a>.<\/p>\n<p><img loading=\"lazy\" decoding=\"async\" class=\"alignnone size-medium wp-image-351\" src=\"https:\/\/powerchip.com.br\/wp-content\/uploads\/2025\/10\/MT38-CRETA-39106-3C427-ARQUIVO-SEM-CODE-E-DECAT-300x236.jpg\" alt=\"\" width=\"300\" height=\"236\" srcset=\"https:\/\/powerchip.com.br\/wp-content\/uploads\/2025\/10\/MT38-CRETA-39106-3C427-ARQUIVO-SEM-CODE-E-DECAT-300x236.jpg 300w, https:\/\/powerchip.com.br\/wp-content\/uploads\/2025\/10\/MT38-CRETA-39106-3C427-ARQUIVO-SEM-CODE-E-DECAT.jpg 438w\" sizes=\"auto, (max-width: 300px) 100vw, 300px\" \/><img loading=\"lazy\" decoding=\"async\" class=\"alignnone size-medium wp-image-352\" src=\"https:\/\/powerchip.com.br\/wp-content\/uploads\/2025\/10\/MT38-CRETA-391063C427-ARQUIVO-SEM-CODE-E-DECAT-300x259.jpg\" alt=\"\" width=\"300\" height=\"259\" srcset=\"https:\/\/powerchip.com.br\/wp-content\/uploads\/2025\/10\/MT38-CRETA-391063C427-ARQUIVO-SEM-CODE-E-DECAT-300x259.jpg 300w, https:\/\/powerchip.com.br\/wp-content\/uploads\/2025\/10\/MT38-CRETA-391063C427-ARQUIVO-SEM-CODE-E-DECAT-768x662.jpg 768w, https:\/\/powerchip.com.br\/wp-content\/uploads\/2025\/10\/MT38-CRETA-391063C427-ARQUIVO-SEM-CODE-E-DECAT-600x517.jpg 600w, https:\/\/powerchip.com.br\/wp-content\/uploads\/2025\/10\/MT38-CRETA-391063C427-ARQUIVO-SEM-CODE-E-DECAT.jpg 868w\" sizes=\"auto, (max-width: 300px) 100vw, 300px\" \/><img loading=\"lazy\" decoding=\"async\" class=\"alignnone size-medium wp-image-353\" src=\"https:\/\/powerchip.com.br\/wp-content\/uploads\/2025\/10\/MT38-BOOT-BSL-SEM-ABRIR-PCMFLASH-OK-A24jpg-300x222.jpg\" alt=\"\" width=\"300\" height=\"222\" srcset=\"https:\/\/powerchip.com.br\/wp-content\/uploads\/2025\/10\/MT38-BOOT-BSL-SEM-ABRIR-PCMFLASH-OK-A24jpg-300x222.jpg 300w, https:\/\/powerchip.com.br\/wp-content\/uploads\/2025\/10\/MT38-BOOT-BSL-SEM-ABRIR-PCMFLASH-OK-A24jpg-1024x757.jpg 1024w, https:\/\/powerchip.com.br\/wp-content\/uploads\/2025\/10\/MT38-BOOT-BSL-SEM-ABRIR-PCMFLASH-OK-A24jpg-768x568.jpg 768w, https:\/\/powerchip.com.br\/wp-content\/uploads\/2025\/10\/MT38-BOOT-BSL-SEM-ABRIR-PCMFLASH-OK-A24jpg-1536x1136.jpg 1536w, https:\/\/powerchip.com.br\/wp-content\/uploads\/2025\/10\/MT38-BOOT-BSL-SEM-ABRIR-PCMFLASH-OK-A24jpg-600x444.jpg 600w, https:\/\/powerchip.com.br\/wp-content\/uploads\/2025\/10\/MT38-BOOT-BSL-SEM-ABRIR-PCMFLASH-OK-A24jpg.jpg 1560w\" sizes=\"auto, (max-width: 300px) 100vw, 300px\" \/><img loading=\"lazy\" decoding=\"async\" class=\"alignnone size-medium wp-image-360\" src=\"https:\/\/powerchip.com.br\/wp-content\/uploads\/2025\/10\/foto-de-zip-INJECAO-DECODE--300x198.jpg\" alt=\"\" width=\"300\" height=\"198\" srcset=\"https:\/\/powerchip.com.br\/wp-content\/uploads\/2025\/10\/foto-de-zip-INJECAO-DECODE--300x198.jpg 300w, https:\/\/powerchip.com.br\/wp-content\/uploads\/2025\/10\/foto-de-zip-INJECAO-DECODE--768x506.jpg 768w, https:\/\/powerchip.com.br\/wp-content\/uploads\/2025\/10\/foto-de-zip-INJECAO-DECODE--600x396.jpg 600w, https:\/\/powerchip.com.br\/wp-content\/uploads\/2025\/10\/foto-de-zip-INJECAO-DECODE-.jpg 775w\" sizes=\"auto, (max-width: 300px) 100vw, 300px\" \/><img loading=\"lazy\" decoding=\"async\" class=\"alignnone size-medium wp-image-948\" src=\"https:\/\/powerchip.com.br\/wp-content\/uploads\/2025\/11\/foto-de-zip-original--300x175.jpg\" alt=\"\" width=\"300\" height=\"175\" srcset=\"https:\/\/powerchip.com.br\/wp-content\/uploads\/2025\/11\/foto-de-zip-original--300x175.jpg 300w, https:\/\/powerchip.com.br\/wp-content\/uploads\/2025\/11\/foto-de-zip-original--600x350.jpg 600w, https:\/\/powerchip.com.br\/wp-content\/uploads\/2025\/11\/foto-de-zip-original-.jpg 727w\" sizes=\"auto, (max-width: 300px) 100vw, 300px\" \/><img loading=\"lazy\" decoding=\"async\" class=\"alignnone size-medium wp-image-944\" src=\"https:\/\/powerchip.com.br\/wp-content\/uploads\/2025\/11\/foto-de-zip-catalizador--300x174.jpg\" alt=\"\" width=\"300\" height=\"174\" srcset=\"https:\/\/powerchip.com.br\/wp-content\/uploads\/2025\/11\/foto-de-zip-catalizador--300x174.jpg 300w, https:\/\/powerchip.com.br\/wp-content\/uploads\/2025\/11\/foto-de-zip-catalizador--600x348.jpg 600w, https:\/\/powerchip.com.br\/wp-content\/uploads\/2025\/11\/foto-de-zip-catalizador-.jpg 733w\" sizes=\"auto, (max-width: 300px) 100vw, 300px\" \/><\/p>\n","protected":false},"excerpt":{"rendered":"<p>Vera Cruz 3.8 V6 ARQUIVO para DECAT E DECODE (SEM IMO) 39106-3c427 391063C427G27E<\/p>\n<p>Voc\u00ea recebera ap\u00f3s pagar:<\/p>\n<p>02 arquivos PARA ECU MT38 39106-3c427 391063C427G27E<\/p>\n<p><img loading=\"lazy\" decoding=\"async\" class=\"alignnone size-medium wp-image-353\" src=\"https:\/\/powerchip.com.br\/wp-content\/uploads\/2025\/10\/MT38-BOOT-BSL-SEM-ABRIR-PCMFLASH-OK-A24jpg-300x222.jpg\" alt=\"\" width=\"300\" height=\"222\" srcset=\"https:\/\/powerchip.com.br\/wp-content\/uploads\/2025\/10\/MT38-BOOT-BSL-SEM-ABRIR-PCMFLASH-OK-A24jpg-300x222.jpg 300w, https:\/\/powerchip.com.br\/wp-content\/uploads\/2025\/10\/MT38-BOOT-BSL-SEM-ABRIR-PCMFLASH-OK-A24jpg-1024x757.jpg 1024w, https:\/\/powerchip.com.br\/wp-content\/uploads\/2025\/10\/MT38-BOOT-BSL-SEM-ABRIR-PCMFLASH-OK-A24jpg-768x568.jpg 768w, https:\/\/powerchip.com.br\/wp-content\/uploads\/2025\/10\/MT38-BOOT-BSL-SEM-ABRIR-PCMFLASH-OK-A24jpg-1536x1136.jpg 1536w, https:\/\/powerchip.com.br\/wp-content\/uploads\/2025\/10\/MT38-BOOT-BSL-SEM-ABRIR-PCMFLASH-OK-A24jpg-600x444.jpg 600w, https:\/\/powerchip.com.br\/wp-content\/uploads\/2025\/10\/MT38-BOOT-BSL-SEM-ABRIR-PCMFLASH-OK-A24jpg.jpg 1560w\" sizes=\"auto, (max-width: 300px) 100vw, 300px\" \/><img loading=\"lazy\" decoding=\"async\" class=\"alignnone size-medium wp-image-351\" src=\"https:\/\/powerchip.com.br\/wp-content\/uploads\/2025\/10\/MT38-CRETA-39106-3C427-ARQUIVO-SEM-CODE-E-DECAT-300x236.jpg\" alt=\"\" width=\"300\" height=\"236\" srcset=\"https:\/\/powerchip.com.br\/wp-content\/uploads\/2025\/10\/MT38-CRETA-39106-3C427-ARQUIVO-SEM-CODE-E-DECAT-300x236.jpg 300w, https:\/\/powerchip.com.br\/wp-content\/uploads\/2025\/10\/MT38-CRETA-39106-3C427-ARQUIVO-SEM-CODE-E-DECAT.jpg 438w\" sizes=\"auto, (max-width: 300px) 100vw, 300px\" \/><img loading=\"lazy\" decoding=\"async\" class=\"alignnone size-medium wp-image-352\" src=\"https:\/\/powerchip.com.br\/wp-content\/uploads\/2025\/10\/MT38-CRETA-391063C427-ARQUIVO-SEM-CODE-E-DECAT-300x259.jpg\" alt=\"\" width=\"300\" height=\"259\" srcset=\"https:\/\/powerchip.com.br\/wp-content\/uploads\/2025\/10\/MT38-CRETA-391063C427-ARQUIVO-SEM-CODE-E-DECAT-300x259.jpg 300w, https:\/\/powerchip.com.br\/wp-content\/uploads\/2025\/10\/MT38-CRETA-391063C427-ARQUIVO-SEM-CODE-E-DECAT-768x662.jpg 768w, https:\/\/powerchip.com.br\/wp-content\/uploads\/2025\/10\/MT38-CRETA-391063C427-ARQUIVO-SEM-CODE-E-DECAT-600x517.jpg 600w, https:\/\/powerchip.com.br\/wp-content\/uploads\/2025\/10\/MT38-CRETA-391063C427-ARQUIVO-SEM-CODE-E-DECAT.jpg 868w\" sizes=\"auto, (max-width: 300px) 100vw, 300px\" \/><img loading=\"lazy\" decoding=\"async\" class=\"alignnone size-medium wp-image-360\" src=\"https:\/\/powerchip.com.br\/wp-content\/uploads\/2025\/10\/foto-de-zip-INJECAO-DECODE--300x198.jpg\" alt=\"\" width=\"300\" height=\"198\" srcset=\"https:\/\/powerchip.com.br\/wp-content\/uploads\/2025\/10\/foto-de-zip-INJECAO-DECODE--300x198.jpg 300w, https:\/\/powerchip.com.br\/wp-content\/uploads\/2025\/10\/foto-de-zip-INJECAO-DECODE--768x506.jpg 768w, https:\/\/powerchip.com.br\/wp-content\/uploads\/2025\/10\/foto-de-zip-INJECAO-DECODE--600x396.jpg 600w, https:\/\/powerchip.com.br\/wp-content\/uploads\/2025\/10\/foto-de-zip-INJECAO-DECODE-.jpg 775w\" sizes=\"auto, (max-width: 300px) 100vw, 300px\" \/><img loading=\"lazy\" decoding=\"async\" class=\"alignnone size-medium wp-image-948\" src=\"https:\/\/powerchip.com.br\/wp-content\/uploads\/2025\/11\/foto-de-zip-original--300x175.jpg\" alt=\"\" width=\"300\" height=\"175\" srcset=\"https:\/\/powerchip.com.br\/wp-content\/uploads\/2025\/11\/foto-de-zip-original--300x175.jpg 300w, https:\/\/powerchip.com.br\/wp-content\/uploads\/2025\/11\/foto-de-zip-original--600x350.jpg 600w, https:\/\/powerchip.com.br\/wp-content\/uploads\/2025\/11\/foto-de-zip-original-.jpg 727w\" sizes=\"auto, (max-width: 300px) 100vw, 300px\" \/><img loading=\"lazy\" decoding=\"async\" class=\"alignnone size-medium wp-image-944\" src=\"https:\/\/powerchip.com.br\/wp-content\/uploads\/2025\/11\/foto-de-zip-catalizador--300x174.jpg\" alt=\"\" width=\"300\" height=\"174\" srcset=\"https:\/\/powerchip.com.br\/wp-content\/uploads\/2025\/11\/foto-de-zip-catalizador--300x174.jpg 300w, https:\/\/powerchip.com.br\/wp-content\/uploads\/2025\/11\/foto-de-zip-catalizador--600x348.jpg 600w, https:\/\/powerchip.com.br\/wp-content\/uploads\/2025\/11\/foto-de-zip-catalizador-.jpg 733w\" sizes=\"auto, (max-width: 300px) 100vw, 300px\" \/><\/p>\n","protected":false},"featured_media":319,"template":"","meta":{"_joinchat":[]},"product_brand":[],"product_cat":[2079],"product_tag":[140,141,138,127,139,137,136],"class_list":{"0":"post-350","1":"product","2":"type-product","3":"status-publish","4":"has-post-thumbnail","6":"product_cat-hyundai-kia","7":"product_tag-39106-3c427","8":"product_tag-391063c427g27e","9":"product_tag-decat","10":"product_tag-decode","11":"product_tag-sem-imo","12":"product_tag-v6","13":"product_tag-vera-cruz-3-8","15":"first","16":"instock","17":"downloadable","18":"virtual","19":"purchasable","20":"product-type-simple"},"jetpack_sharing_enabled":true,"_links":{"self":[{"href":"https:\/\/powerchip.com.br\/index.php\/wp-json\/wp\/v2\/product\/350","targetHints":{"allow":["GET"]}}],"collection":[{"href":"https:\/\/powerchip.com.br\/index.php\/wp-json\/wp\/v2\/product"}],"about":[{"href":"https:\/\/powerchip.com.br\/index.php\/wp-json\/wp\/v2\/types\/product"}],"wp:featuredmedia":[{"embeddable":true,"href":"https:\/\/powerchip.com.br\/index.php\/wp-json\/wp\/v2\/media\/319"}],"wp:attachment":[{"href":"https:\/\/powerchip.com.br\/index.php\/wp-json\/wp\/v2\/media?parent=350"}],"wp:term":[{"taxonomy":"product_brand","embeddable":true,"href":"https:\/\/powerchip.com.br\/index.php\/wp-json\/wp\/v2\/product_brand?post=350"},{"taxonomy":"product_cat","embeddable":true,"href":"https:\/\/powerchip.com.br\/index.php\/wp-json\/wp\/v2\/product_cat?post=350"},{"taxonomy":"product_tag","embeddable":true,"href":"https:\/\/powerchip.com.br\/index.php\/wp-json\/wp\/v2\/product_tag?post=350"}],"curies":[{"name":"wp","href":"https:\/\/api.w.org\/{rel}","templated":true}]}}