{"id":332,"date":"2025-10-23T12:43:59","date_gmt":"2025-10-23T12:43:59","guid":{"rendered":"https:\/\/powerchip.com.br\/?post_type=product&#038;p=332"},"modified":"2025-11-12T23:09:05","modified_gmt":"2025-11-12T23:09:05","slug":"s10-e80-arquivo-potencia-decat-e-arquivo-original-para-ecu-e80-sidi-ecm-12679981-12666362-1267093412650377-2458427424587978-24588027-24587937-mpc90flfac044fff","status":"publish","type":"product","link":"https:\/\/powerchip.com.br\/index.php\/produto\/s10-e80-arquivo-potencia-decat-e-arquivo-original-para-ecu-e80-sidi-ecm-12679981-12666362-1267093412650377-2458427424587978-24588027-24587937-mpc90flfac044fff\/","title":{"rendered":"S10 E80 ARQUIVO pot\u00eancia decat e arquivo original para ecu E80 SIDI ECM\u00a0 , 12679981, 12666362, 12670934,12650377 ,24584274,24587978, 24588027, 24587937, MPC90FLFAC044FFF"},"content":{"rendered":"<p>S10 E80 ARQUIVO pot\u00eancia decat e arquivo original para ecu E80 SIDI ECM\u00a0 , 12679981, 12666362, 12670934,12650377 ,24584274,24587978, 24588027, 24587937, MPC90FLFAC044FFF<\/p>\n<p>\u201cLembrete: Este arquivo SIM necessita de prepara\u00e7\u00e3o espec\u00edfica para a central (ECU) de destino antes do uso se for\u00a0 GRAVAR COMPLETO , se for parcial alguns programadores s\u00f3 gravam \u00e1reas\u00a0 maps.\u201d<\/p>\n<p>Um profissional saber\u00e1 utilizar isso , ou ap\u00f3s a compra entre em contato.<\/p>\n<p>Voc\u00ea recebera ap\u00f3s pagar:<\/p>\n<p>02 arquivos.<\/p>\n<p>01\u00a0 arquivo original (se for usar tem casar com seu imo)<\/p>\n<p>+ 01\u00a0 arquivo de pot\u00eancia e\u00a0 cat-off para escapes.<\/p>\n<p>N\u00e3o pense que vai virar um Turbo hein,\u00a0 mas fica \u00f3timo de\u00a0 andar, boa elasticidade.<\/p>\n<p><a href=\"https:\/\/powerchip.com.br\/index.php\/como-comprar\/\">Como comprar<\/a><\/p>\n<p><a href=\"https:\/\/powerchip.com.br\/index.php\/arquivo-destinado-a-profissionais\/\">Arquivo destinado a profissionais<\/a>.<\/p>\n<p><a href=\"https:\/\/powerchip.com.br\/index.php\/como-usar-o-arquivo-comprado\/\">Como usar o arquivo<\/a>.<\/p>\n<audio class=\"wp-audio-shortcode\" id=\"audio-332-1\" preload=\"none\" style=\"width: 100%;\" controls=\"controls\"><source type=\"audio\/ogg\" src=\"https:\/\/powerchip.com.br\/wp-content\/uploads\/2025\/10\/AUDIO-S10-E80-DECAT-POT-.ogg?_=1\" \/><a href=\"https:\/\/powerchip.com.br\/wp-content\/uploads\/2025\/10\/AUDIO-S10-E80-DECAT-POT-.ogg\">https:\/\/powerchip.com.br\/wp-content\/uploads\/2025\/10\/AUDIO-S10-E80-DECAT-POT-.ogg<\/a><\/audio>\n<p>S10 E80 ARQUIVO pot\u00eancia decat e arquivo original para ecu E80 SIDI ECM\u00a0 , 12679981, 12666362, 12670934,12650377 ,24584274,24587978, 24588027, 24587937, MPC90FLFAC044FFF<\/p>\n<p><img loading=\"lazy\" decoding=\"async\" class=\"alignnone size-medium wp-image-333\" src=\"https:\/\/powerchip.com.br\/wp-content\/uploads\/2025\/10\/E80-CRUZE-TURBO-S10-2.5-FLEX-ASPIRADO-2-300x249.jpeg\" alt=\"\" width=\"300\" height=\"249\" srcset=\"https:\/\/powerchip.com.br\/wp-content\/uploads\/2025\/10\/E80-CRUZE-TURBO-S10-2.5-FLEX-ASPIRADO-2-300x249.jpeg 300w, https:\/\/powerchip.com.br\/wp-content\/uploads\/2025\/10\/E80-CRUZE-TURBO-S10-2.5-FLEX-ASPIRADO-2-768x637.jpeg 768w, https:\/\/powerchip.com.br\/wp-content\/uploads\/2025\/10\/E80-CRUZE-TURBO-S10-2.5-FLEX-ASPIRADO-2-600x497.jpeg 600w, https:\/\/powerchip.com.br\/wp-content\/uploads\/2025\/10\/E80-CRUZE-TURBO-S10-2.5-FLEX-ASPIRADO-2.jpeg 930w\" sizes=\"auto, (max-width: 300px) 100vw, 300px\" \/><img loading=\"lazy\" decoding=\"async\" class=\"alignnone size-medium wp-image-335\" src=\"https:\/\/powerchip.com.br\/wp-content\/uploads\/2025\/10\/E80-CRUZE-TURBO-S10-2.5-FLEX-ASPIRADO-1-1-300x283.jpeg\" alt=\"\" width=\"300\" height=\"283\" srcset=\"https:\/\/powerchip.com.br\/wp-content\/uploads\/2025\/10\/E80-CRUZE-TURBO-S10-2.5-FLEX-ASPIRADO-1-1-300x283.jpeg 300w, https:\/\/powerchip.com.br\/wp-content\/uploads\/2025\/10\/E80-CRUZE-TURBO-S10-2.5-FLEX-ASPIRADO-1-1-768x726.jpeg 768w, https:\/\/powerchip.com.br\/wp-content\/uploads\/2025\/10\/E80-CRUZE-TURBO-S10-2.5-FLEX-ASPIRADO-1-1-600x567.jpeg 600w, https:\/\/powerchip.com.br\/wp-content\/uploads\/2025\/10\/E80-CRUZE-TURBO-S10-2.5-FLEX-ASPIRADO-1-1.jpeg 797w\" sizes=\"auto, (max-width: 300px) 100vw, 300px\" \/><img loading=\"lazy\" decoding=\"async\" class=\"alignnone size-medium wp-image-336\" src=\"https:\/\/powerchip.com.br\/wp-content\/uploads\/2025\/10\/e80-boot-BOOT--300x162.jpg\" alt=\"\" width=\"300\" height=\"162\" srcset=\"https:\/\/powerchip.com.br\/wp-content\/uploads\/2025\/10\/e80-boot-BOOT--300x162.jpg 300w, https:\/\/powerchip.com.br\/wp-content\/uploads\/2025\/10\/e80-boot-BOOT--1024x553.jpg 1024w, https:\/\/powerchip.com.br\/wp-content\/uploads\/2025\/10\/e80-boot-BOOT--768x415.jpg 768w, https:\/\/powerchip.com.br\/wp-content\/uploads\/2025\/10\/e80-boot-BOOT--1536x830.jpg 1536w, https:\/\/powerchip.com.br\/wp-content\/uploads\/2025\/10\/e80-boot-BOOT--2048x1107.jpg 2048w, https:\/\/powerchip.com.br\/wp-content\/uploads\/2025\/10\/e80-boot-BOOT--600x324.jpg 600w\" sizes=\"auto, (max-width: 300px) 100vw, 300px\" \/><img loading=\"lazy\" decoding=\"async\" class=\"alignnone size-medium wp-image-337\" src=\"https:\/\/powerchip.com.br\/wp-content\/uploads\/2025\/10\/e80-area-corte-cortar-para-boot-BOOT--225x300.jpg\" alt=\"\" width=\"225\" height=\"300\" srcset=\"https:\/\/powerchip.com.br\/wp-content\/uploads\/2025\/10\/e80-area-corte-cortar-para-boot-BOOT--225x300.jpg 225w, https:\/\/powerchip.com.br\/wp-content\/uploads\/2025\/10\/e80-area-corte-cortar-para-boot-BOOT--768x1024.jpg 768w, https:\/\/powerchip.com.br\/wp-content\/uploads\/2025\/10\/e80-area-corte-cortar-para-boot-BOOT--600x800.jpg 600w, https:\/\/powerchip.com.br\/wp-content\/uploads\/2025\/10\/e80-area-corte-cortar-para-boot-BOOT-.jpg 921w\" sizes=\"auto, (max-width: 225px) 100vw, 225px\" \/><img loading=\"lazy\" decoding=\"async\" class=\"alignnone size-medium wp-image-948\" src=\"https:\/\/powerchip.com.br\/wp-content\/uploads\/2025\/11\/foto-de-zip-original--300x175.jpg\" alt=\"\" width=\"300\" height=\"175\" srcset=\"https:\/\/powerchip.com.br\/wp-content\/uploads\/2025\/11\/foto-de-zip-original--300x175.jpg 300w, https:\/\/powerchip.com.br\/wp-content\/uploads\/2025\/11\/foto-de-zip-original--600x350.jpg 600w, https:\/\/powerchip.com.br\/wp-content\/uploads\/2025\/11\/foto-de-zip-original-.jpg 727w\" sizes=\"auto, (max-width: 300px) 100vw, 300px\" \/><img loading=\"lazy\" decoding=\"async\" class=\"alignnone size-medium wp-image-943\" src=\"https:\/\/powerchip.com.br\/wp-content\/uploads\/2025\/11\/foto-de-zip-potencia-1-1-300x170.jpg\" alt=\"\" width=\"300\" height=\"170\" srcset=\"https:\/\/powerchip.com.br\/wp-content\/uploads\/2025\/11\/foto-de-zip-potencia-1-1-300x170.jpg 300w, https:\/\/powerchip.com.br\/wp-content\/uploads\/2025\/11\/foto-de-zip-potencia-1-1-600x341.jpg 600w, https:\/\/powerchip.com.br\/wp-content\/uploads\/2025\/11\/foto-de-zip-potencia-1-1.jpg 733w\" sizes=\"auto, (max-width: 300px) 100vw, 300px\" \/><img loading=\"lazy\" decoding=\"async\" class=\"alignnone size-medium wp-image-944\" src=\"https:\/\/powerchip.com.br\/wp-content\/uploads\/2025\/11\/foto-de-zip-catalizador--300x174.jpg\" alt=\"\" width=\"300\" height=\"174\" srcset=\"https:\/\/powerchip.com.br\/wp-content\/uploads\/2025\/11\/foto-de-zip-catalizador--300x174.jpg 300w, https:\/\/powerchip.com.br\/wp-content\/uploads\/2025\/11\/foto-de-zip-catalizador--600x348.jpg 600w, https:\/\/powerchip.com.br\/wp-content\/uploads\/2025\/11\/foto-de-zip-catalizador-.jpg 733w\" sizes=\"auto, (max-width: 300px) 100vw, 300px\" \/><\/p>\n<p>&nbsp;<\/p>\n","protected":false},"excerpt":{"rendered":"<p><img loading=\"lazy\" decoding=\"async\" class=\"alignnone size-medium wp-image-948\" src=\"https:\/\/powerchip.com.br\/wp-content\/uploads\/2025\/11\/foto-de-zip-original--300x175.jpg\" alt=\"\" width=\"300\" height=\"175\" srcset=\"https:\/\/powerchip.com.br\/wp-content\/uploads\/2025\/11\/foto-de-zip-original--300x175.jpg 300w, https:\/\/powerchip.com.br\/wp-content\/uploads\/2025\/11\/foto-de-zip-original--600x350.jpg 600w, https:\/\/powerchip.com.br\/wp-content\/uploads\/2025\/11\/foto-de-zip-original-.jpg 727w\" sizes=\"auto, (max-width: 300px) 100vw, 300px\" \/><img loading=\"lazy\" decoding=\"async\" class=\"alignnone size-medium wp-image-943\" src=\"https:\/\/powerchip.com.br\/wp-content\/uploads\/2025\/11\/foto-de-zip-potencia-1-1-300x170.jpg\" alt=\"\" width=\"300\" height=\"170\" srcset=\"https:\/\/powerchip.com.br\/wp-content\/uploads\/2025\/11\/foto-de-zip-potencia-1-1-300x170.jpg 300w, https:\/\/powerchip.com.br\/wp-content\/uploads\/2025\/11\/foto-de-zip-potencia-1-1-600x341.jpg 600w, https:\/\/powerchip.com.br\/wp-content\/uploads\/2025\/11\/foto-de-zip-potencia-1-1.jpg 733w\" sizes=\"auto, (max-width: 300px) 100vw, 300px\" \/><img loading=\"lazy\" decoding=\"async\" class=\"alignnone size-medium wp-image-944\" src=\"https:\/\/powerchip.com.br\/wp-content\/uploads\/2025\/11\/foto-de-zip-catalizador--300x174.jpg\" alt=\"\" width=\"300\" height=\"174\" srcset=\"https:\/\/powerchip.com.br\/wp-content\/uploads\/2025\/11\/foto-de-zip-catalizador--300x174.jpg 300w, https:\/\/powerchip.com.br\/wp-content\/uploads\/2025\/11\/foto-de-zip-catalizador--600x348.jpg 600w, https:\/\/powerchip.com.br\/wp-content\/uploads\/2025\/11\/foto-de-zip-catalizador-.jpg 733w\" sizes=\"auto, (max-width: 300px) 100vw, 300px\" \/><\/p>\n","protected":false},"featured_media":303,"template":"","meta":{"_joinchat":[]},"product_brand":[],"product_cat":[81],"product_tag":[105,103,104,102,112,106,109,107,108,101,113,110,111],"class_list":{"0":"post-332","1":"product","2":"type-product","3":"status-publish","4":"has-post-thumbnail","6":"product_cat-gm","7":"product_tag-105","8":"product_tag-103","9":"product_tag-104","10":"product_tag-102","11":"product_tag-2-5","12":"product_tag-106","13":"product_tag-109","14":"product_tag-107","15":"product_tag-108","16":"product_tag-e80-sidi-ecm","17":"product_tag-flex","18":"product_tag-mpc90flfac044fff","19":"product_tag-s10","21":"first","22":"instock","23":"downloadable","24":"virtual","25":"purchasable","26":"product-type-simple"},"jetpack_sharing_enabled":true,"_links":{"self":[{"href":"https:\/\/powerchip.com.br\/index.php\/wp-json\/wp\/v2\/product\/332","targetHints":{"allow":["GET"]}}],"collection":[{"href":"https:\/\/powerchip.com.br\/index.php\/wp-json\/wp\/v2\/product"}],"about":[{"href":"https:\/\/powerchip.com.br\/index.php\/wp-json\/wp\/v2\/types\/product"}],"wp:featuredmedia":[{"embeddable":true,"href":"https:\/\/powerchip.com.br\/index.php\/wp-json\/wp\/v2\/media\/303"}],"wp:attachment":[{"href":"https:\/\/powerchip.com.br\/index.php\/wp-json\/wp\/v2\/media?parent=332"}],"wp:term":[{"taxonomy":"product_brand","embeddable":true,"href":"https:\/\/powerchip.com.br\/index.php\/wp-json\/wp\/v2\/product_brand?post=332"},{"taxonomy":"product_cat","embeddable":true,"href":"https:\/\/powerchip.com.br\/index.php\/wp-json\/wp\/v2\/product_cat?post=332"},{"taxonomy":"product_tag","embeddable":true,"href":"https:\/\/powerchip.com.br\/index.php\/wp-json\/wp\/v2\/product_tag?post=332"}],"curies":[{"name":"wp","href":"https:\/\/api.w.org\/{rel}","templated":true}]}}