{"id":323,"date":"2025-10-23T00:35:18","date_gmt":"2025-10-23T00:35:18","guid":{"rendered":"https:\/\/powerchip.com.br\/?post_type=product&#038;p=323"},"modified":"2025-11-12T23:15:51","modified_gmt":"2025-11-12T23:15:51","slug":"porsche-2-0t-arquivo-de-potencia-com-pops-e-decat-e-arquivo-original-sdi21-1-10364593aa","status":"publish","type":"product","link":"https:\/\/powerchip.com.br\/index.php\/produto\/porsche-2-0t-arquivo-de-potencia-com-pops-e-decat-e-arquivo-original-sdi21-1-10364593aa\/","title":{"rendered":"PORSCHE 2.0T ARQUIVO de potencia  com  pops e decat  e arquivo  original,  SDI21.1 10364593AA"},"content":{"rendered":"<p>PORSCHE 2.0T ARQUIVO de potencia com pops e decat e arquivo original, SDI21.1 10364593AA TC1793<\/p>\n<p>SDI21.1, 10364593AA NB0, W2161-111W21N01,\u00a0 65766153XX, W21H2010W21H20, 982906023CE, W21H20_20R5D10, W21H2020R5D10, 3519, 9820EU500,<\/p>\n<p>Voc\u00ea recebera ap\u00f3s pagar:<\/p>\n<p>03 arquivos.<\/p>\n<p>1 ARQUIVO COM POT\u00caNCIA\u00a0 POPS DECAT<br \/>\n1 ARQUIVO COM POT\u00caNCIA DECAT SEM POPS<br \/>\n1 ARQUIVO ORIGINAL<\/p>\n<p>\u201cLembrete: Este arquivo\u00a0 &#8211; SIM\u00a0 necessita &#8211; de prepara\u00e7\u00e3o espec\u00edfica para a central (ECU) de destino antes do uso, pois a area imo pode estar vinculada no inicio ou fim do arquivo.\u201d<\/p>\n<p>Um profissional saber\u00e1 utilizar isso , ou ap\u00f3s a compra entre em contato.<\/p>\n<p>Com ele voc\u00ea vai tomar muitas multas&#8230;. e o problema \u00e9 seu hein! T\u00f4 fora.<\/p>\n<p><a href=\"https:\/\/powerchip.com.br\/index.php\/como-comprar\/\">Como comprar<\/a><\/p>\n<p><a href=\"https:\/\/powerchip.com.br\/index.php\/arquivo-destinado-a-profissionais\/\">Arquivo destinado a profissionais<\/a>.<\/p>\n<p><a href=\"https:\/\/powerchip.com.br\/index.php\/como-usar-o-arquivo-comprado\/\">Como usar o arquivo<\/a>.<\/p>\n<p>&nbsp;<\/p>\n<audio class=\"wp-audio-shortcode\" id=\"audio-323-1\" preload=\"none\" style=\"width: 100%;\" controls=\"controls\"><source type=\"audio\/ogg\" src=\"https:\/\/powerchip.com.br\/wp-content\/uploads\/2025\/10\/AUDIO-PORCHE-TOP-POTENCIA.ogg?_=1\" \/><a href=\"https:\/\/powerchip.com.br\/wp-content\/uploads\/2025\/10\/AUDIO-PORCHE-TOP-POTENCIA.ogg\">https:\/\/powerchip.com.br\/wp-content\/uploads\/2025\/10\/AUDIO-PORCHE-TOP-POTENCIA.ogg<\/a><\/audio>\n<p><img loading=\"lazy\" decoding=\"async\" class=\"alignnone size-medium wp-image-326\" src=\"https:\/\/powerchip.com.br\/wp-content\/uploads\/2025\/10\/Porsche-SDI21.1--234x300.jpeg\" alt=\"\" width=\"234\" height=\"300\" srcset=\"https:\/\/powerchip.com.br\/wp-content\/uploads\/2025\/10\/Porsche-SDI21.1--234x300.jpeg 234w, https:\/\/powerchip.com.br\/wp-content\/uploads\/2025\/10\/Porsche-SDI21.1--799x1024.jpeg 799w, https:\/\/powerchip.com.br\/wp-content\/uploads\/2025\/10\/Porsche-SDI21.1--768x985.jpeg 768w, https:\/\/powerchip.com.br\/wp-content\/uploads\/2025\/10\/Porsche-SDI21.1--600x769.jpeg 600w, https:\/\/powerchip.com.br\/wp-content\/uploads\/2025\/10\/Porsche-SDI21.1-.jpeg 1162w\" sizes=\"auto, (max-width: 234px) 100vw, 234px\" \/><img loading=\"lazy\" decoding=\"async\" class=\"alignnone size-medium wp-image-327\" src=\"https:\/\/powerchip.com.br\/wp-content\/uploads\/2025\/10\/Porsche-SDI21.1-Boot-Location_162506-300x248.png\" alt=\"\" width=\"300\" height=\"248\" srcset=\"https:\/\/powerchip.com.br\/wp-content\/uploads\/2025\/10\/Porsche-SDI21.1-Boot-Location_162506-300x248.png 300w, https:\/\/powerchip.com.br\/wp-content\/uploads\/2025\/10\/Porsche-SDI21.1-Boot-Location_162506-768x635.png 768w, https:\/\/powerchip.com.br\/wp-content\/uploads\/2025\/10\/Porsche-SDI21.1-Boot-Location_162506-600x496.png 600w, https:\/\/powerchip.com.br\/wp-content\/uploads\/2025\/10\/Porsche-SDI21.1-Boot-Location_162506.png 989w\" sizes=\"auto, (max-width: 300px) 100vw, 300px\" \/><img loading=\"lazy\" decoding=\"async\" class=\"alignnone size-medium wp-image-328\" src=\"https:\/\/powerchip.com.br\/wp-content\/uploads\/2025\/10\/Porsche-SDI21.1-hecprog2-300x205.jpeg\" alt=\"\" width=\"300\" height=\"205\" srcset=\"https:\/\/powerchip.com.br\/wp-content\/uploads\/2025\/10\/Porsche-SDI21.1-hecprog2-300x205.jpeg 300w, https:\/\/powerchip.com.br\/wp-content\/uploads\/2025\/10\/Porsche-SDI21.1-hecprog2-1024x700.jpeg 1024w, https:\/\/powerchip.com.br\/wp-content\/uploads\/2025\/10\/Porsche-SDI21.1-hecprog2-768x525.jpeg 768w, https:\/\/powerchip.com.br\/wp-content\/uploads\/2025\/10\/Porsche-SDI21.1-hecprog2-600x410.jpeg 600w, https:\/\/powerchip.com.br\/wp-content\/uploads\/2025\/10\/Porsche-SDI21.1-hecprog2.jpeg 1176w\" sizes=\"auto, (max-width: 300px) 100vw, 300px\" \/><img loading=\"lazy\" decoding=\"async\" class=\"alignnone size-medium wp-image-948\" src=\"https:\/\/powerchip.com.br\/wp-content\/uploads\/2025\/11\/foto-de-zip-original--300x175.jpg\" alt=\"\" width=\"300\" height=\"175\" srcset=\"https:\/\/powerchip.com.br\/wp-content\/uploads\/2025\/11\/foto-de-zip-original--300x175.jpg 300w, https:\/\/powerchip.com.br\/wp-content\/uploads\/2025\/11\/foto-de-zip-original--600x350.jpg 600w, https:\/\/powerchip.com.br\/wp-content\/uploads\/2025\/11\/foto-de-zip-original-.jpg 727w\" sizes=\"auto, (max-width: 300px) 100vw, 300px\" \/><img loading=\"lazy\" decoding=\"async\" class=\"alignnone size-medium wp-image-943\" src=\"https:\/\/powerchip.com.br\/wp-content\/uploads\/2025\/11\/foto-de-zip-potencia-1-1-300x170.jpg\" alt=\"\" width=\"300\" height=\"170\" srcset=\"https:\/\/powerchip.com.br\/wp-content\/uploads\/2025\/11\/foto-de-zip-potencia-1-1-300x170.jpg 300w, https:\/\/powerchip.com.br\/wp-content\/uploads\/2025\/11\/foto-de-zip-potencia-1-1-600x341.jpg 600w, https:\/\/powerchip.com.br\/wp-content\/uploads\/2025\/11\/foto-de-zip-potencia-1-1.jpg 733w\" sizes=\"auto, (max-width: 300px) 100vw, 300px\" \/><img loading=\"lazy\" decoding=\"async\" class=\"alignnone size-medium wp-image-942\" src=\"https:\/\/powerchip.com.br\/wp-content\/uploads\/2025\/11\/foto-de-zip-POPS--300x174.jpg\" alt=\"\" width=\"300\" height=\"174\" srcset=\"https:\/\/powerchip.com.br\/wp-content\/uploads\/2025\/11\/foto-de-zip-POPS--300x174.jpg 300w, https:\/\/powerchip.com.br\/wp-content\/uploads\/2025\/11\/foto-de-zip-POPS--600x348.jpg 600w, https:\/\/powerchip.com.br\/wp-content\/uploads\/2025\/11\/foto-de-zip-POPS-.jpg 733w\" sizes=\"auto, (max-width: 300px) 100vw, 300px\" \/><img loading=\"lazy\" decoding=\"async\" class=\"alignnone size-medium wp-image-944\" src=\"https:\/\/powerchip.com.br\/wp-content\/uploads\/2025\/11\/foto-de-zip-catalizador--300x174.jpg\" alt=\"\" width=\"300\" height=\"174\" srcset=\"https:\/\/powerchip.com.br\/wp-content\/uploads\/2025\/11\/foto-de-zip-catalizador--300x174.jpg 300w, https:\/\/powerchip.com.br\/wp-content\/uploads\/2025\/11\/foto-de-zip-catalizador--600x348.jpg 600w, https:\/\/powerchip.com.br\/wp-content\/uploads\/2025\/11\/foto-de-zip-catalizador-.jpg 733w\" sizes=\"auto, (max-width: 300px) 100vw, 300px\" \/><\/p>\n","protected":false},"excerpt":{"rendered":"<p>PORSCHE 2.0T ARQUIVO de potencia com pops e decat e arquivo original, SDI21.1 10364593AA<\/p>\n<p>SDI21.1, 10364593AA NB0, W2161-111W21N01,\u00a0 65766153XX, W21H2010W21H20, 982906023CE, W21H20_20R5D10, W21H2020R5D10, 3519, 9820EU500,<\/p>\n<p>Voc\u00ea recebera ap\u00f3s pagar:<\/p>\n<p>03 arquivos.<\/p>\n<p>1 ARQUIVO COM POT\u00caNCIA\u00a0 POPS DECAT<br \/>\n1 ARQUIVO COM POT\u00caNCIA DECAT SEM POPS<br \/>\n1 ARQUIVO ORIGINAL<\/p>\n<p><img loading=\"lazy\" decoding=\"async\" class=\"alignnone size-medium wp-image-326\" src=\"https:\/\/powerchip.com.br\/wp-content\/uploads\/2025\/10\/Porsche-SDI21.1--234x300.jpeg\" alt=\"\" width=\"234\" height=\"300\" srcset=\"https:\/\/powerchip.com.br\/wp-content\/uploads\/2025\/10\/Porsche-SDI21.1--234x300.jpeg 234w, https:\/\/powerchip.com.br\/wp-content\/uploads\/2025\/10\/Porsche-SDI21.1--799x1024.jpeg 799w, https:\/\/powerchip.com.br\/wp-content\/uploads\/2025\/10\/Porsche-SDI21.1--768x985.jpeg 768w, https:\/\/powerchip.com.br\/wp-content\/uploads\/2025\/10\/Porsche-SDI21.1--600x769.jpeg 600w, https:\/\/powerchip.com.br\/wp-content\/uploads\/2025\/10\/Porsche-SDI21.1-.jpeg 1162w\" sizes=\"auto, (max-width: 234px) 100vw, 234px\" \/><img loading=\"lazy\" decoding=\"async\" class=\"alignnone size-medium wp-image-327\" src=\"https:\/\/powerchip.com.br\/wp-content\/uploads\/2025\/10\/Porsche-SDI21.1-Boot-Location_162506-300x248.png\" alt=\"\" width=\"300\" height=\"248\" srcset=\"https:\/\/powerchip.com.br\/wp-content\/uploads\/2025\/10\/Porsche-SDI21.1-Boot-Location_162506-300x248.png 300w, https:\/\/powerchip.com.br\/wp-content\/uploads\/2025\/10\/Porsche-SDI21.1-Boot-Location_162506-768x635.png 768w, https:\/\/powerchip.com.br\/wp-content\/uploads\/2025\/10\/Porsche-SDI21.1-Boot-Location_162506-600x496.png 600w, https:\/\/powerchip.com.br\/wp-content\/uploads\/2025\/10\/Porsche-SDI21.1-Boot-Location_162506.png 989w\" sizes=\"auto, (max-width: 300px) 100vw, 300px\" \/><img loading=\"lazy\" decoding=\"async\" class=\"alignnone size-medium wp-image-328\" src=\"https:\/\/powerchip.com.br\/wp-content\/uploads\/2025\/10\/Porsche-SDI21.1-hecprog2-300x205.jpeg\" alt=\"\" width=\"300\" height=\"205\" srcset=\"https:\/\/powerchip.com.br\/wp-content\/uploads\/2025\/10\/Porsche-SDI21.1-hecprog2-300x205.jpeg 300w, https:\/\/powerchip.com.br\/wp-content\/uploads\/2025\/10\/Porsche-SDI21.1-hecprog2-1024x700.jpeg 1024w, https:\/\/powerchip.com.br\/wp-content\/uploads\/2025\/10\/Porsche-SDI21.1-hecprog2-768x525.jpeg 768w, https:\/\/powerchip.com.br\/wp-content\/uploads\/2025\/10\/Porsche-SDI21.1-hecprog2-600x410.jpeg 600w, https:\/\/powerchip.com.br\/wp-content\/uploads\/2025\/10\/Porsche-SDI21.1-hecprog2.jpeg 1176w\" sizes=\"auto, (max-width: 300px) 100vw, 300px\" \/><img loading=\"lazy\" decoding=\"async\" class=\"alignnone size-medium wp-image-948\" src=\"https:\/\/powerchip.com.br\/wp-content\/uploads\/2025\/11\/foto-de-zip-original--300x175.jpg\" alt=\"\" width=\"300\" height=\"175\" srcset=\"https:\/\/powerchip.com.br\/wp-content\/uploads\/2025\/11\/foto-de-zip-original--300x175.jpg 300w, https:\/\/powerchip.com.br\/wp-content\/uploads\/2025\/11\/foto-de-zip-original--600x350.jpg 600w, https:\/\/powerchip.com.br\/wp-content\/uploads\/2025\/11\/foto-de-zip-original-.jpg 727w\" sizes=\"auto, (max-width: 300px) 100vw, 300px\" \/><img loading=\"lazy\" decoding=\"async\" class=\"alignnone size-medium wp-image-943\" src=\"https:\/\/powerchip.com.br\/wp-content\/uploads\/2025\/11\/foto-de-zip-potencia-1-1-300x170.jpg\" alt=\"\" width=\"300\" height=\"170\" srcset=\"https:\/\/powerchip.com.br\/wp-content\/uploads\/2025\/11\/foto-de-zip-potencia-1-1-300x170.jpg 300w, https:\/\/powerchip.com.br\/wp-content\/uploads\/2025\/11\/foto-de-zip-potencia-1-1-600x341.jpg 600w, https:\/\/powerchip.com.br\/wp-content\/uploads\/2025\/11\/foto-de-zip-potencia-1-1.jpg 733w\" sizes=\"auto, (max-width: 300px) 100vw, 300px\" \/><img loading=\"lazy\" decoding=\"async\" class=\"alignnone size-medium wp-image-942\" src=\"https:\/\/powerchip.com.br\/wp-content\/uploads\/2025\/11\/foto-de-zip-POPS--300x174.jpg\" alt=\"\" width=\"300\" height=\"174\" srcset=\"https:\/\/powerchip.com.br\/wp-content\/uploads\/2025\/11\/foto-de-zip-POPS--300x174.jpg 300w, https:\/\/powerchip.com.br\/wp-content\/uploads\/2025\/11\/foto-de-zip-POPS--600x348.jpg 600w, https:\/\/powerchip.com.br\/wp-content\/uploads\/2025\/11\/foto-de-zip-POPS-.jpg 733w\" sizes=\"auto, (max-width: 300px) 100vw, 300px\" \/><img loading=\"lazy\" decoding=\"async\" class=\"alignnone size-medium wp-image-944\" src=\"https:\/\/powerchip.com.br\/wp-content\/uploads\/2025\/11\/foto-de-zip-catalizador--300x174.jpg\" alt=\"\" width=\"300\" height=\"174\" srcset=\"https:\/\/powerchip.com.br\/wp-content\/uploads\/2025\/11\/foto-de-zip-catalizador--300x174.jpg 300w, https:\/\/powerchip.com.br\/wp-content\/uploads\/2025\/11\/foto-de-zip-catalizador--600x348.jpg 600w, https:\/\/powerchip.com.br\/wp-content\/uploads\/2025\/11\/foto-de-zip-catalizador-.jpg 733w\" sizes=\"auto, (max-width: 300px) 100vw, 300px\" \/><\/p>\n","protected":false},"featured_media":329,"template":"","meta":{"_joinchat":[]},"product_brand":[],"product_cat":[88],"product_tag":[91,99,94,100,96,92,89,90,93,97,95,98],"class_list":{"0":"post-323","1":"product","2":"type-product","3":"status-publish","4":"has-post-thumbnail","6":"product_cat-porsche","7":"product_tag-10364593aa","8":"product_tag-99","9":"product_tag-65766153xx","10":"product_tag-9820eu500","11":"product_tag-982906023ce","12":"product_tag-nb0","13":"product_tag-porsche","14":"product_tag-sdi21-1","15":"product_tag-w2161-111w21n01","16":"product_tag-w21h20_20r5d10","17":"product_tag-w21h2010w21h20","18":"product_tag-w21h2020r5d10","20":"first","21":"instock","22":"downloadable","23":"virtual","24":"purchasable","25":"product-type-simple"},"jetpack_sharing_enabled":true,"_links":{"self":[{"href":"https:\/\/powerchip.com.br\/index.php\/wp-json\/wp\/v2\/product\/323","targetHints":{"allow":["GET"]}}],"collection":[{"href":"https:\/\/powerchip.com.br\/index.php\/wp-json\/wp\/v2\/product"}],"about":[{"href":"https:\/\/powerchip.com.br\/index.php\/wp-json\/wp\/v2\/types\/product"}],"wp:featuredmedia":[{"embeddable":true,"href":"https:\/\/powerchip.com.br\/index.php\/wp-json\/wp\/v2\/media\/329"}],"wp:attachment":[{"href":"https:\/\/powerchip.com.br\/index.php\/wp-json\/wp\/v2\/media?parent=323"}],"wp:term":[{"taxonomy":"product_brand","embeddable":true,"href":"https:\/\/powerchip.com.br\/index.php\/wp-json\/wp\/v2\/product_brand?post=323"},{"taxonomy":"product_cat","embeddable":true,"href":"https:\/\/powerchip.com.br\/index.php\/wp-json\/wp\/v2\/product_cat?post=323"},{"taxonomy":"product_tag","embeddable":true,"href":"https:\/\/powerchip.com.br\/index.php\/wp-json\/wp\/v2\/product_tag?post=323"}],"curies":[{"name":"wp","href":"https:\/\/api.w.org\/{rel}","templated":true}]}}