{"id":293,"date":"2025-10-22T19:45:54","date_gmt":"2025-10-22T19:45:54","guid":{"rendered":"https:\/\/powerchip.com.br\/?post_type=product&#038;p=293"},"modified":"2025-11-12T23:11:46","modified_gmt":"2025-11-12T23:11:46","slug":"arquivo-original-arquivo-de-potencia-com-cat-off-320i-17-2-9-0261s10549-0261s10549-10375401149vt9ef0b-10sw017243","status":"publish","type":"product","link":"https:\/\/powerchip.com.br\/index.php\/produto\/arquivo-original-arquivo-de-potencia-com-cat-off-320i-17-2-9-0261s10549-0261s10549-10375401149vt9ef0b-10sw017243\/","title":{"rendered":"BMW 320i ARQUIVO original + arquivo de potencia com cat off BMW 320i 17.2.9  0261s10549 10375401149VT9EF0B 10SW017243"},"content":{"rendered":"<p>ARQUIVO original + arquivo de potencia com cat off BMW 320i 17.2.9 0261s10549 0261s10549 10375401149VT9EF0B 10SW017243<\/p>\n<p>Voc\u00ea recebera ap\u00f3s pagar:<\/p>\n<p>02 arquivos.<\/p>\n<p>01\u00a0 arquivo original<\/p>\n<p>+ 01\u00a0 arquivo de Pot\u00eancia com cat-off para escapes.<\/p>\n<p>&#8220;Lembrete: Este arquivo necessita de prepara\u00e7\u00e3o espec\u00edfica para a central (ECU) de destino antes do uso.&#8221;<\/p>\n<p>Um profissional saber\u00e1 utilizar isso , ou ap\u00f3s a compra entre em contato.<\/p>\n<p>Seu carro n\u00e3o vai ficar bom se for uma porcaria&#8230;mas se for um carro bom, ser\u00e1 uma nova nave para concorrer\u00a0 em velocidade com a Starship .<\/p>\n<p><img loading=\"lazy\" decoding=\"async\" class=\"alignnone wp-image-308\" src=\"https:\/\/powerchip.com.br\/wp-content\/uploads\/2025\/10\/foguete-17.2.9-0261s10549-TRAS--300x158.jpg\" alt=\"\" width=\"676\" height=\"356\" srcset=\"https:\/\/powerchip.com.br\/wp-content\/uploads\/2025\/10\/foguete-17.2.9-0261s10549-TRAS--300x158.jpg 300w, https:\/\/powerchip.com.br\/wp-content\/uploads\/2025\/10\/foguete-17.2.9-0261s10549-TRAS--1024x540.jpg 1024w, https:\/\/powerchip.com.br\/wp-content\/uploads\/2025\/10\/foguete-17.2.9-0261s10549-TRAS--768x405.jpg 768w, https:\/\/powerchip.com.br\/wp-content\/uploads\/2025\/10\/foguete-17.2.9-0261s10549-TRAS--600x316.jpg 600w, https:\/\/powerchip.com.br\/wp-content\/uploads\/2025\/10\/foguete-17.2.9-0261s10549-TRAS-.jpg 1066w\" sizes=\"auto, (max-width: 676px) 100vw, 676px\" \/><\/p>\n<p><a href=\"https:\/\/powerchip.com.br\/index.php\/arquivo-destinado-a-profissionais\/\">Arquivo destinado a profissionais<\/a>.<\/p>\n<p><a href=\"https:\/\/powerchip.com.br\/index.php\/como-usar-o-arquivo-comprado\/\">Como usar o arquivo<\/a>.<\/p>\n<p><a href=\"https:\/\/powerchip.com.br\/index.php\/como-comprar\/\">Como comprar<\/a><\/p>\n<p><img loading=\"lazy\" decoding=\"async\" class=\"alignnone size-medium wp-image-295\" src=\"https:\/\/powerchip.com.br\/wp-content\/uploads\/2025\/10\/17.2.9-0261s10549-TRAS--300x227.jpg\" alt=\"\" width=\"300\" height=\"227\" srcset=\"https:\/\/powerchip.com.br\/wp-content\/uploads\/2025\/10\/17.2.9-0261s10549-TRAS--300x227.jpg 300w, https:\/\/powerchip.com.br\/wp-content\/uploads\/2025\/10\/17.2.9-0261s10549-TRAS--1024x775.jpg 1024w, https:\/\/powerchip.com.br\/wp-content\/uploads\/2025\/10\/17.2.9-0261s10549-TRAS--768x582.jpg 768w, https:\/\/powerchip.com.br\/wp-content\/uploads\/2025\/10\/17.2.9-0261s10549-TRAS--600x454.jpg 600w, https:\/\/powerchip.com.br\/wp-content\/uploads\/2025\/10\/17.2.9-0261s10549-TRAS-.jpg 1030w\" sizes=\"auto, (max-width: 300px) 100vw, 300px\" \/><img loading=\"lazy\" decoding=\"async\" class=\"alignnone size-medium wp-image-296\" src=\"https:\/\/powerchip.com.br\/wp-content\/uploads\/2025\/10\/320i-BOOT-17.2.9-0261s10549-gpt-300x171.jpg\" alt=\"\" width=\"300\" height=\"171\" srcset=\"https:\/\/powerchip.com.br\/wp-content\/uploads\/2025\/10\/320i-BOOT-17.2.9-0261s10549-gpt-300x171.jpg 300w, https:\/\/powerchip.com.br\/wp-content\/uploads\/2025\/10\/320i-BOOT-17.2.9-0261s10549-gpt-768x438.jpg 768w, https:\/\/powerchip.com.br\/wp-content\/uploads\/2025\/10\/320i-BOOT-17.2.9-0261s10549-gpt-600x342.jpg 600w, https:\/\/powerchip.com.br\/wp-content\/uploads\/2025\/10\/320i-BOOT-17.2.9-0261s10549-gpt.jpg 907w\" sizes=\"auto, (max-width: 300px) 100vw, 300px\" \/><img loading=\"lazy\" decoding=\"async\" class=\"alignnone size-medium wp-image-297\" src=\"https:\/\/powerchip.com.br\/wp-content\/uploads\/2025\/10\/320i-17.2.9-0261s10549-0261s10549-10375401149VT9EF0B-10SW017243--300x240.jpg\" alt=\"\" width=\"300\" height=\"240\" srcset=\"https:\/\/powerchip.com.br\/wp-content\/uploads\/2025\/10\/320i-17.2.9-0261s10549-0261s10549-10375401149VT9EF0B-10SW017243--300x240.jpg 300w, https:\/\/powerchip.com.br\/wp-content\/uploads\/2025\/10\/320i-17.2.9-0261s10549-0261s10549-10375401149VT9EF0B-10SW017243--768x613.jpg 768w, https:\/\/powerchip.com.br\/wp-content\/uploads\/2025\/10\/320i-17.2.9-0261s10549-0261s10549-10375401149VT9EF0B-10SW017243--600x479.jpg 600w, https:\/\/powerchip.com.br\/wp-content\/uploads\/2025\/10\/320i-17.2.9-0261s10549-0261s10549-10375401149VT9EF0B-10SW017243-.jpg 943w\" sizes=\"auto, (max-width: 300px) 100vw, 300px\" \/><img loading=\"lazy\" decoding=\"async\" class=\"alignnone size-medium wp-image-948\" src=\"https:\/\/powerchip.com.br\/wp-content\/uploads\/2025\/11\/foto-de-zip-original--300x175.jpg\" alt=\"\" width=\"300\" height=\"175\" srcset=\"https:\/\/powerchip.com.br\/wp-content\/uploads\/2025\/11\/foto-de-zip-original--300x175.jpg 300w, https:\/\/powerchip.com.br\/wp-content\/uploads\/2025\/11\/foto-de-zip-original--600x350.jpg 600w, https:\/\/powerchip.com.br\/wp-content\/uploads\/2025\/11\/foto-de-zip-original-.jpg 727w\" sizes=\"auto, (max-width: 300px) 100vw, 300px\" \/><img loading=\"lazy\" decoding=\"async\" class=\"alignnone size-medium wp-image-943\" src=\"https:\/\/powerchip.com.br\/wp-content\/uploads\/2025\/11\/foto-de-zip-potencia-1-1-300x170.jpg\" alt=\"\" width=\"300\" height=\"170\" srcset=\"https:\/\/powerchip.com.br\/wp-content\/uploads\/2025\/11\/foto-de-zip-potencia-1-1-300x170.jpg 300w, https:\/\/powerchip.com.br\/wp-content\/uploads\/2025\/11\/foto-de-zip-potencia-1-1-600x341.jpg 600w, https:\/\/powerchip.com.br\/wp-content\/uploads\/2025\/11\/foto-de-zip-potencia-1-1.jpg 733w\" sizes=\"auto, (max-width: 300px) 100vw, 300px\" \/><img loading=\"lazy\" decoding=\"async\" class=\"alignnone size-medium wp-image-944\" src=\"https:\/\/powerchip.com.br\/wp-content\/uploads\/2025\/11\/foto-de-zip-catalizador--300x174.jpg\" alt=\"\" width=\"300\" height=\"174\" srcset=\"https:\/\/powerchip.com.br\/wp-content\/uploads\/2025\/11\/foto-de-zip-catalizador--300x174.jpg 300w, https:\/\/powerchip.com.br\/wp-content\/uploads\/2025\/11\/foto-de-zip-catalizador--600x348.jpg 600w, https:\/\/powerchip.com.br\/wp-content\/uploads\/2025\/11\/foto-de-zip-catalizador-.jpg 733w\" sizes=\"auto, (max-width: 300px) 100vw, 300px\" \/><\/p>\n","protected":false},"excerpt":{"rendered":"<p>ARQUIVO original + arquivo de potencia com cat off 320i 17.2.9 0261s10549 0261s10549 10375401149VT9EF0B 10SW017243<\/p>\n<p>Voc\u00ea recebera ap\u00f3s pagar:<\/p>\n<p>1x arquivo original<\/p>\n<p>+ 1x arquivo de Pot\u00eancia com cat-off para escapes.<\/p>\n<p>&nbsp;<\/p>\n<p><img loading=\"lazy\" decoding=\"async\" class=\"alignnone size-medium wp-image-113\" src=\"https:\/\/powerchip.com.br\/wp-content\/uploads\/2025\/10\/foto-de-zip-300x166.png\" alt=\"\" width=\"300\" height=\"166\" srcset=\"https:\/\/powerchip.com.br\/wp-content\/uploads\/2025\/10\/foto-de-zip-300x166.png 300w, https:\/\/powerchip.com.br\/wp-content\/uploads\/2025\/10\/foto-de-zip-600x332.png 600w, https:\/\/powerchip.com.br\/wp-content\/uploads\/2025\/10\/foto-de-zip.png 743w\" sizes=\"auto, (max-width: 300px) 100vw, 300px\" \/><img loading=\"lazy\" decoding=\"async\" class=\"alignnone size-medium wp-image-948\" src=\"https:\/\/powerchip.com.br\/wp-content\/uploads\/2025\/11\/foto-de-zip-original--300x175.jpg\" alt=\"\" width=\"300\" height=\"175\" srcset=\"https:\/\/powerchip.com.br\/wp-content\/uploads\/2025\/11\/foto-de-zip-original--300x175.jpg 300w, https:\/\/powerchip.com.br\/wp-content\/uploads\/2025\/11\/foto-de-zip-original--600x350.jpg 600w, https:\/\/powerchip.com.br\/wp-content\/uploads\/2025\/11\/foto-de-zip-original-.jpg 727w\" sizes=\"auto, (max-width: 300px) 100vw, 300px\" \/><img loading=\"lazy\" decoding=\"async\" class=\"alignnone size-medium wp-image-943\" src=\"https:\/\/powerchip.com.br\/wp-content\/uploads\/2025\/11\/foto-de-zip-potencia-1-1-300x170.jpg\" alt=\"\" width=\"300\" height=\"170\" srcset=\"https:\/\/powerchip.com.br\/wp-content\/uploads\/2025\/11\/foto-de-zip-potencia-1-1-300x170.jpg 300w, https:\/\/powerchip.com.br\/wp-content\/uploads\/2025\/11\/foto-de-zip-potencia-1-1-600x341.jpg 600w, https:\/\/powerchip.com.br\/wp-content\/uploads\/2025\/11\/foto-de-zip-potencia-1-1.jpg 733w\" sizes=\"auto, (max-width: 300px) 100vw, 300px\" \/><img loading=\"lazy\" decoding=\"async\" class=\"alignnone size-medium wp-image-944\" src=\"https:\/\/powerchip.com.br\/wp-content\/uploads\/2025\/11\/foto-de-zip-catalizador--300x174.jpg\" alt=\"\" width=\"300\" height=\"174\" srcset=\"https:\/\/powerchip.com.br\/wp-content\/uploads\/2025\/11\/foto-de-zip-catalizador--300x174.jpg 300w, https:\/\/powerchip.com.br\/wp-content\/uploads\/2025\/11\/foto-de-zip-catalizador--600x348.jpg 600w, https:\/\/powerchip.com.br\/wp-content\/uploads\/2025\/11\/foto-de-zip-catalizador-.jpg 733w\" sizes=\"auto, (max-width: 300px) 100vw, 300px\" \/><\/p>\n","protected":false},"featured_media":299,"template":"","meta":{"_joinchat":[]},"product_brand":[],"product_cat":[40],"product_tag":[46,47,48,45,44,43,42,41],"class_list":{"0":"post-293","1":"product","2":"type-product","3":"status-publish","4":"has-post-thumbnail","6":"product_cat-bmw","7":"product_tag-0261s10549","8":"product_tag-10375401149vt9ef0b","9":"product_tag-10sw017243","10":"product_tag-17-2-9","11":"product_tag-320i","12":"product_tag-bmw","13":"product_tag-com-cat-off","14":"product_tag-potencia","16":"first","17":"instock","18":"downloadable","19":"virtual","20":"purchasable","21":"product-type-simple"},"jetpack_sharing_enabled":true,"_links":{"self":[{"href":"https:\/\/powerchip.com.br\/index.php\/wp-json\/wp\/v2\/product\/293","targetHints":{"allow":["GET"]}}],"collection":[{"href":"https:\/\/powerchip.com.br\/index.php\/wp-json\/wp\/v2\/product"}],"about":[{"href":"https:\/\/powerchip.com.br\/index.php\/wp-json\/wp\/v2\/types\/product"}],"wp:featuredmedia":[{"embeddable":true,"href":"https:\/\/powerchip.com.br\/index.php\/wp-json\/wp\/v2\/media\/299"}],"wp:attachment":[{"href":"https:\/\/powerchip.com.br\/index.php\/wp-json\/wp\/v2\/media?parent=293"}],"wp:term":[{"taxonomy":"product_brand","embeddable":true,"href":"https:\/\/powerchip.com.br\/index.php\/wp-json\/wp\/v2\/product_brand?post=293"},{"taxonomy":"product_cat","embeddable":true,"href":"https:\/\/powerchip.com.br\/index.php\/wp-json\/wp\/v2\/product_cat?post=293"},{"taxonomy":"product_tag","embeddable":true,"href":"https:\/\/powerchip.com.br\/index.php\/wp-json\/wp\/v2\/product_tag?post=293"}],"curies":[{"name":"wp","href":"https:\/\/api.w.org\/{rel}","templated":true}]}}