{"id":254,"date":"2025-10-21T20:14:11","date_gmt":"2025-10-21T20:14:11","guid":{"rendered":"https:\/\/powerchip.com.br\/?post_type=product&#038;p=254"},"modified":"2026-03-30T19:45:31","modified_gmt":"2026-03-30T19:45:31","slug":"254","status":"publish","type":"product","link":"https:\/\/powerchip.com.br\/index.php\/produto\/254\/","title":{"rendered":"VW TAOS ARQUIVO original e pot\u00eancia sem pops, 0261S11966 04E907309BP 103754991400 10SW074804 VW TAOS"},"content":{"rendered":"<p>VW TAOS ARQUIVO original e potencia sem pops, 0261S11966 04E907309BP 103754991400 10SW074804 VW TAOS.<\/p>\n<p>&#8220;Lembrete: Este arquivo necessita de prepara\u00e7\u00e3o espec\u00edfica para a central (ECU) de destino antes do uso , copiar a \u00e1rea OTP PARA ESSE ARQUIVO.&#8221;<\/p>\n<p>Um profissional\u00a0 saber\u00e1 \u00a0utilizar isso , ou ap\u00f3s a compra entre em contato.<\/p>\n<p>Voc\u00ea recebera:<\/p>\n<p>1 x Arquivo remapeado com\u00a0 \u00f3timo funcionamento de pot\u00eancia , sem pops modo bin\u00e1rio.<\/p>\n<p>1x Arquivo original modo bin\u00e1rio.<\/p>\n<p>&nbsp;<\/p>\n<p><a href=\"https:\/\/powerchip.com.br\/index.php\/arquivo-destinado-a-profissionais\/\">Arquivo destinado a profissionais<\/a>.<\/p>\n<p><a href=\"https:\/\/powerchip.com.br\/index.php\/como-usar-o-arquivo-comprado\/\">Como usar o arquivo<\/a>.<\/p>\n<p><a href=\"https:\/\/powerchip.com.br\/index.php\/como-comprar\/\">Como comprar<\/a><\/p>\n<p>&nbsp;<\/p>\n<audio class=\"wp-audio-shortcode\" id=\"audio-254-1\" preload=\"none\" style=\"width: 100%;\" controls=\"controls\"><source type=\"audio\/ogg\" src=\"https:\/\/powerchip.com.br\/wp-content\/uploads\/2025\/10\/AUDIO-SOMENTE-POTENCIA-.ogg?_=1\" \/><a href=\"https:\/\/powerchip.com.br\/wp-content\/uploads\/2025\/10\/AUDIO-SOMENTE-POTENCIA-.ogg\">https:\/\/powerchip.com.br\/wp-content\/uploads\/2025\/10\/AUDIO-SOMENTE-POTENCIA-.ogg<\/a><\/audio>\n<p><img loading=\"lazy\" decoding=\"async\" class=\"alignnone size-medium wp-image-256\" src=\"https:\/\/powerchip.com.br\/wp-content\/uploads\/2025\/10\/0261S11966-04E907309BP-MED17.5.25-taos-232x300.jpg\" alt=\"\" width=\"232\" height=\"300\" srcset=\"https:\/\/powerchip.com.br\/wp-content\/uploads\/2025\/10\/0261S11966-04E907309BP-MED17.5.25-taos-232x300.jpg 232w, https:\/\/powerchip.com.br\/wp-content\/uploads\/2025\/10\/0261S11966-04E907309BP-MED17.5.25-taos-791x1024.jpg 791w, https:\/\/powerchip.com.br\/wp-content\/uploads\/2025\/10\/0261S11966-04E907309BP-MED17.5.25-taos-768x994.jpg 768w, https:\/\/powerchip.com.br\/wp-content\/uploads\/2025\/10\/0261S11966-04E907309BP-MED17.5.25-taos-600x777.jpg 600w, https:\/\/powerchip.com.br\/wp-content\/uploads\/2025\/10\/0261S11966-04E907309BP-MED17.5.25-taos.jpg 900w\" sizes=\"auto, (max-width: 232px) 100vw, 232px\" \/><img loading=\"lazy\" decoding=\"async\" class=\"alignnone size-medium wp-image-303\" src=\"https:\/\/powerchip.com.br\/wp-content\/uploads\/2025\/10\/foto-de-zip-INJECAO-POT-DECAT-1-1-300x198.jpg\" alt=\"\" width=\"300\" height=\"198\" srcset=\"https:\/\/powerchip.com.br\/wp-content\/uploads\/2025\/10\/foto-de-zip-INJECAO-POT-DECAT-1-1-300x198.jpg 300w, https:\/\/powerchip.com.br\/wp-content\/uploads\/2025\/10\/foto-de-zip-INJECAO-POT-DECAT-1-1-768x506.jpg 768w, https:\/\/powerchip.com.br\/wp-content\/uploads\/2025\/10\/foto-de-zip-INJECAO-POT-DECAT-1-1-600x396.jpg 600w, https:\/\/powerchip.com.br\/wp-content\/uploads\/2025\/10\/foto-de-zip-INJECAO-POT-DECAT-1-1.jpg 775w\" sizes=\"auto, (max-width: 300px) 100vw, 300px\" \/><img loading=\"lazy\" decoding=\"async\" class=\"alignnone size-medium wp-image-257\" src=\"https:\/\/powerchip.com.br\/wp-content\/uploads\/2025\/10\/0261S11966-04E907309BP-MED17.5.25-taos-ecu-300x205.jpg\" alt=\"\" width=\"300\" height=\"205\" srcset=\"https:\/\/powerchip.com.br\/wp-content\/uploads\/2025\/10\/0261S11966-04E907309BP-MED17.5.25-taos-ecu-300x205.jpg 300w, https:\/\/powerchip.com.br\/wp-content\/uploads\/2025\/10\/0261S11966-04E907309BP-MED17.5.25-taos-ecu-1024x700.jpg 1024w, https:\/\/powerchip.com.br\/wp-content\/uploads\/2025\/10\/0261S11966-04E907309BP-MED17.5.25-taos-ecu-768x525.jpg 768w, https:\/\/powerchip.com.br\/wp-content\/uploads\/2025\/10\/0261S11966-04E907309BP-MED17.5.25-taos-ecu-600x410.jpg 600w, https:\/\/powerchip.com.br\/wp-content\/uploads\/2025\/10\/0261S11966-04E907309BP-MED17.5.25-taos-ecu.jpg 1316w\" sizes=\"auto, (max-width: 300px) 100vw, 300px\" \/><img loading=\"lazy\" decoding=\"async\" class=\"alignnone size-medium wp-image-948\" src=\"https:\/\/powerchip.com.br\/wp-content\/uploads\/2025\/11\/foto-de-zip-original--300x175.jpg\" alt=\"\" width=\"300\" height=\"175\" srcset=\"https:\/\/powerchip.com.br\/wp-content\/uploads\/2025\/11\/foto-de-zip-original--300x175.jpg 300w, https:\/\/powerchip.com.br\/wp-content\/uploads\/2025\/11\/foto-de-zip-original--600x350.jpg 600w, https:\/\/powerchip.com.br\/wp-content\/uploads\/2025\/11\/foto-de-zip-original-.jpg 727w\" sizes=\"auto, (max-width: 300px) 100vw, 300px\" \/><img loading=\"lazy\" decoding=\"async\" class=\"alignnone size-medium wp-image-943\" src=\"https:\/\/powerchip.com.br\/wp-content\/uploads\/2025\/11\/foto-de-zip-potencia-1-1-300x170.jpg\" alt=\"\" width=\"300\" height=\"170\" srcset=\"https:\/\/powerchip.com.br\/wp-content\/uploads\/2025\/11\/foto-de-zip-potencia-1-1-300x170.jpg 300w, https:\/\/powerchip.com.br\/wp-content\/uploads\/2025\/11\/foto-de-zip-potencia-1-1-600x341.jpg 600w, https:\/\/powerchip.com.br\/wp-content\/uploads\/2025\/11\/foto-de-zip-potencia-1-1.jpg 733w\" sizes=\"auto, (max-width: 300px) 100vw, 300px\" \/><\/p>\n<p>N\u00c1O VENDEMOS MODULOS.<\/p>\n","protected":false},"excerpt":{"rendered":"<p>VW TAOS ARQUIVO original e potencia sem pops, 0261S11966 04E907309BP 103754991400 10SW074804 VW TAOS.<\/p>\n<p>Voc\u00ea recebera:<\/p>\n<p>1 x Arquivo recapeado com\u00a0 \u00f3timo funcionamento de potencia , sem pops modo bin\u00e1rio.<\/p>\n<p>1x Arquivo original modo bin\u00e1rio.<img loading=\"lazy\" decoding=\"async\" class=\"alignnone size-medium wp-image-303\" src=\"https:\/\/powerchip.com.br\/wp-content\/uploads\/2025\/10\/foto-de-zip-INJECAO-POT-DECAT-1-1-300x198.jpg\" alt=\"\" width=\"300\" height=\"198\" srcset=\"https:\/\/powerchip.com.br\/wp-content\/uploads\/2025\/10\/foto-de-zip-INJECAO-POT-DECAT-1-1-300x198.jpg 300w, https:\/\/powerchip.com.br\/wp-content\/uploads\/2025\/10\/foto-de-zip-INJECAO-POT-DECAT-1-1-768x506.jpg 768w, https:\/\/powerchip.com.br\/wp-content\/uploads\/2025\/10\/foto-de-zip-INJECAO-POT-DECAT-1-1-600x396.jpg 600w, https:\/\/powerchip.com.br\/wp-content\/uploads\/2025\/10\/foto-de-zip-INJECAO-POT-DECAT-1-1.jpg 775w\" sizes=\"auto, (max-width: 300px) 100vw, 300px\" \/><img loading=\"lazy\" decoding=\"async\" class=\"alignnone size-medium wp-image-948\" src=\"https:\/\/powerchip.com.br\/wp-content\/uploads\/2025\/11\/foto-de-zip-original--300x175.jpg\" alt=\"\" width=\"300\" height=\"175\" srcset=\"https:\/\/powerchip.com.br\/wp-content\/uploads\/2025\/11\/foto-de-zip-original--300x175.jpg 300w, https:\/\/powerchip.com.br\/wp-content\/uploads\/2025\/11\/foto-de-zip-original--600x350.jpg 600w, https:\/\/powerchip.com.br\/wp-content\/uploads\/2025\/11\/foto-de-zip-original-.jpg 727w\" sizes=\"auto, (max-width: 300px) 100vw, 300px\" \/><img loading=\"lazy\" decoding=\"async\" class=\"alignnone size-medium wp-image-943\" src=\"https:\/\/powerchip.com.br\/wp-content\/uploads\/2025\/11\/foto-de-zip-potencia-1-1-300x170.jpg\" alt=\"\" width=\"300\" height=\"170\" srcset=\"https:\/\/powerchip.com.br\/wp-content\/uploads\/2025\/11\/foto-de-zip-potencia-1-1-300x170.jpg 300w, https:\/\/powerchip.com.br\/wp-content\/uploads\/2025\/11\/foto-de-zip-potencia-1-1-600x341.jpg 600w, https:\/\/powerchip.com.br\/wp-content\/uploads\/2025\/11\/foto-de-zip-potencia-1-1.jpg 733w\" sizes=\"auto, (max-width: 300px) 100vw, 300px\" \/><\/p>\n","protected":false},"featured_media":303,"template":"","meta":{"_joinchat":[]},"product_brand":[],"product_cat":[32],"product_tag":[54,55,56,57,41,53],"class_list":{"0":"post-254","1":"product","2":"type-product","3":"status-publish","4":"has-post-thumbnail","6":"product_cat-vw","7":"product_tag-0261s11966","8":"product_tag-04e907309bp","9":"product_tag-56","10":"product_tag-10sw074804","11":"product_tag-potencia","12":"product_tag-vw-taos","14":"first","15":"instock","16":"downloadable","17":"virtual","18":"purchasable","19":"product-type-simple"},"jetpack_sharing_enabled":true,"_links":{"self":[{"href":"https:\/\/powerchip.com.br\/index.php\/wp-json\/wp\/v2\/product\/254","targetHints":{"allow":["GET"]}}],"collection":[{"href":"https:\/\/powerchip.com.br\/index.php\/wp-json\/wp\/v2\/product"}],"about":[{"href":"https:\/\/powerchip.com.br\/index.php\/wp-json\/wp\/v2\/types\/product"}],"wp:featuredmedia":[{"embeddable":true,"href":"https:\/\/powerchip.com.br\/index.php\/wp-json\/wp\/v2\/media\/303"}],"wp:attachment":[{"href":"https:\/\/powerchip.com.br\/index.php\/wp-json\/wp\/v2\/media?parent=254"}],"wp:term":[{"taxonomy":"product_brand","embeddable":true,"href":"https:\/\/powerchip.com.br\/index.php\/wp-json\/wp\/v2\/product_brand?post=254"},{"taxonomy":"product_cat","embeddable":true,"href":"https:\/\/powerchip.com.br\/index.php\/wp-json\/wp\/v2\/product_cat?post=254"},{"taxonomy":"product_tag","embeddable":true,"href":"https:\/\/powerchip.com.br\/index.php\/wp-json\/wp\/v2\/product_tag?post=254"}],"curies":[{"name":"wp","href":"https:\/\/api.w.org\/{rel}","templated":true}]}}