{"id":223,"date":"2025-10-20T22:08:47","date_gmt":"2025-10-20T22:08:47","guid":{"rendered":"https:\/\/powerchip.com.br\/?post_type=product&#038;p=223"},"modified":"2025-11-12T23:14:28","modified_gmt":"2025-11-12T23:14:28","slug":"arquivo-original-fiat-ducato-2-8-peugeot-boxer-2-8-citroen-jumper-2-8-bosch-0281012474-edc15c7","status":"publish","type":"product","link":"https:\/\/powerchip.com.br\/index.php\/produto\/arquivo-original-fiat-ducato-2-8-peugeot-boxer-2-8-citroen-jumper-2-8-bosch-0281012474-edc15c7\/","title":{"rendered":"FIAT DUCATO 2.8 ARQUIVO ORIGINAL FIAT DUCATO 2.8\u00a0 , PEUGEOT BOXER 2.8, CITROEN JUMPER 2.8 BOSCH\u00a0 \u00a00281012474\u00a0 \u00a0EDC15C7"},"content":{"rendered":"<p>FIAT DUCATO 2.8 ARQUIVO ORIGINAL FIAT DUCATO 2.8\u00a0 , PEUGEOT BOXER 2.8, CITROEN JUMPER 2.8<br \/>\nBOSCH\u00a0 \u00a00281012474\u00a0 \u00a0EDC15C7\u00a0 \u00a0ORI F778 037375158<\/p>\n<p>&#8220;Lembrete: Este arquivo n\u00e3o necessita de prepara\u00e7\u00e3o espec\u00edfica para a central (ECU) de destino antes do uso.&#8221;<\/p>\n<p>Voc\u00ea recebera ap\u00f3s pagar:<\/p>\n<p>01 arquivos.<\/p>\n<p>01\u00a0 arquivo original<\/p>\n<p>N\u00e3o conserta sua central \u2026\u00e9 s\u00f3 um arquivo original, grave em seu modulo ou guarde de lembran\u00e7a.<\/p>\n<p><a href=\"https:\/\/powerchip.com.br\/index.php\/arquivo-destinado-a-profissionais\/\">Arquivo destinado a profissionais<\/a>.<\/p>\n<p><a href=\"https:\/\/powerchip.com.br\/index.php\/como-usar-o-arquivo-comprado\/\">Como usar o arquivo<\/a>.<\/p>\n<p><a href=\"https:\/\/powerchip.com.br\/index.php\/como-comprar\/\">Como comprar<\/a><\/p>\n<audio class=\"wp-audio-shortcode\" id=\"audio-223-1\" preload=\"none\" style=\"width: 100%;\" controls=\"controls\"><source type=\"audio\/ogg\" src=\"https:\/\/powerchip.com.br\/wp-content\/uploads\/2025\/10\/AUDIO-ARQUIVO-ORIGINAL.ogg?_=1\" \/><a href=\"https:\/\/powerchip.com.br\/wp-content\/uploads\/2025\/10\/AUDIO-ARQUIVO-ORIGINAL.ogg\">https:\/\/powerchip.com.br\/wp-content\/uploads\/2025\/10\/AUDIO-ARQUIVO-ORIGINAL.ogg<\/a><\/audio>\n<p><img loading=\"lazy\" decoding=\"async\" class=\"alignnone size-medium wp-image-224\" src=\"https:\/\/powerchip.com.br\/wp-content\/uploads\/2025\/10\/ducato-jumper-boxer-2.8-0281012474--300x229.jpg\" alt=\"\" width=\"300\" height=\"229\" srcset=\"https:\/\/powerchip.com.br\/wp-content\/uploads\/2025\/10\/ducato-jumper-boxer-2.8-0281012474--300x229.jpg 300w, https:\/\/powerchip.com.br\/wp-content\/uploads\/2025\/10\/ducato-jumper-boxer-2.8-0281012474--768x587.jpg 768w, https:\/\/powerchip.com.br\/wp-content\/uploads\/2025\/10\/ducato-jumper-boxer-2.8-0281012474--600x459.jpg 600w, https:\/\/powerchip.com.br\/wp-content\/uploads\/2025\/10\/ducato-jumper-boxer-2.8-0281012474-.jpg 807w\" sizes=\"auto, (max-width: 300px) 100vw, 300px\" \/><img loading=\"lazy\" decoding=\"async\" class=\"alignnone size-medium wp-image-305\" src=\"https:\/\/powerchip.com.br\/wp-content\/uploads\/2025\/10\/foto-de-zip-INJECAO-ORIGINAL--300x198.jpg\" alt=\"\" width=\"300\" height=\"198\" srcset=\"https:\/\/powerchip.com.br\/wp-content\/uploads\/2025\/10\/foto-de-zip-INJECAO-ORIGINAL--300x198.jpg 300w, https:\/\/powerchip.com.br\/wp-content\/uploads\/2025\/10\/foto-de-zip-INJECAO-ORIGINAL--768x506.jpg 768w, https:\/\/powerchip.com.br\/wp-content\/uploads\/2025\/10\/foto-de-zip-INJECAO-ORIGINAL--600x396.jpg 600w, https:\/\/powerchip.com.br\/wp-content\/uploads\/2025\/10\/foto-de-zip-INJECAO-ORIGINAL-.jpg 775w\" sizes=\"auto, (max-width: 300px) 100vw, 300px\" \/><img loading=\"lazy\" decoding=\"async\" class=\"alignnone size-medium wp-image-948\" src=\"https:\/\/powerchip.com.br\/wp-content\/uploads\/2025\/11\/foto-de-zip-original--300x175.jpg\" alt=\"\" width=\"300\" height=\"175\" srcset=\"https:\/\/powerchip.com.br\/wp-content\/uploads\/2025\/11\/foto-de-zip-original--300x175.jpg 300w, https:\/\/powerchip.com.br\/wp-content\/uploads\/2025\/11\/foto-de-zip-original--600x350.jpg 600w, https:\/\/powerchip.com.br\/wp-content\/uploads\/2025\/11\/foto-de-zip-original-.jpg 727w\" sizes=\"auto, (max-width: 300px) 100vw, 300px\" \/><\/p>\n","protected":false},"excerpt":{"rendered":"<p>FIAT DUCATO 2.8 ARQUIVO ORIGINAL FIAT DUCATO 2.8\u00a0 , PEUGEOT BOXER 2.8, CITROEN JUMPER 2.8\u00a0 \u00a00281012474 ORI SUM F778 037375158<br \/>\nBOSCH\u00a0 \u00a0 EDC15C7 MEMORIA PSOP 29F400<\/p>\n<p><img loading=\"lazy\" decoding=\"async\" class=\"alignnone size-medium wp-image-224\" src=\"https:\/\/powerchip.com.br\/wp-content\/uploads\/2025\/10\/ducato-jumper-boxer-2.8-0281012474--300x229.jpg\" alt=\"\" width=\"300\" height=\"229\" srcset=\"https:\/\/powerchip.com.br\/wp-content\/uploads\/2025\/10\/ducato-jumper-boxer-2.8-0281012474--300x229.jpg 300w, https:\/\/powerchip.com.br\/wp-content\/uploads\/2025\/10\/ducato-jumper-boxer-2.8-0281012474--768x587.jpg 768w, https:\/\/powerchip.com.br\/wp-content\/uploads\/2025\/10\/ducato-jumper-boxer-2.8-0281012474--600x459.jpg 600w, https:\/\/powerchip.com.br\/wp-content\/uploads\/2025\/10\/ducato-jumper-boxer-2.8-0281012474-.jpg 807w\" sizes=\"auto, (max-width: 300px) 100vw, 300px\" \/><img loading=\"lazy\" decoding=\"async\" class=\"alignnone size-medium wp-image-225\" src=\"https:\/\/powerchip.com.br\/wp-content\/uploads\/2025\/10\/0281012474-300x285.jpg\" alt=\"\" width=\"300\" height=\"285\" srcset=\"https:\/\/powerchip.com.br\/wp-content\/uploads\/2025\/10\/0281012474-300x285.jpg 300w, https:\/\/powerchip.com.br\/wp-content\/uploads\/2025\/10\/0281012474-768x730.jpg 768w, https:\/\/powerchip.com.br\/wp-content\/uploads\/2025\/10\/0281012474-600x570.jpg 600w, https:\/\/powerchip.com.br\/wp-content\/uploads\/2025\/10\/0281012474.jpg 930w\" sizes=\"auto, (max-width: 300px) 100vw, 300px\" \/><img loading=\"lazy\" decoding=\"async\" class=\"alignnone size-medium wp-image-305\" src=\"https:\/\/powerchip.com.br\/wp-content\/uploads\/2025\/10\/foto-de-zip-INJECAO-ORIGINAL--300x198.jpg\" alt=\"\" width=\"300\" height=\"198\" srcset=\"https:\/\/powerchip.com.br\/wp-content\/uploads\/2025\/10\/foto-de-zip-INJECAO-ORIGINAL--300x198.jpg 300w, https:\/\/powerchip.com.br\/wp-content\/uploads\/2025\/10\/foto-de-zip-INJECAO-ORIGINAL--768x506.jpg 768w, https:\/\/powerchip.com.br\/wp-content\/uploads\/2025\/10\/foto-de-zip-INJECAO-ORIGINAL--600x396.jpg 600w, https:\/\/powerchip.com.br\/wp-content\/uploads\/2025\/10\/foto-de-zip-INJECAO-ORIGINAL-.jpg 775w\" sizes=\"auto, (max-width: 300px) 100vw, 300px\" \/><img loading=\"lazy\" decoding=\"async\" class=\"alignnone size-medium wp-image-948\" src=\"https:\/\/powerchip.com.br\/wp-content\/uploads\/2025\/11\/foto-de-zip-original--300x175.jpg\" alt=\"\" width=\"300\" height=\"175\" srcset=\"https:\/\/powerchip.com.br\/wp-content\/uploads\/2025\/11\/foto-de-zip-original--300x175.jpg 300w, https:\/\/powerchip.com.br\/wp-content\/uploads\/2025\/11\/foto-de-zip-original--600x350.jpg 600w, https:\/\/powerchip.com.br\/wp-content\/uploads\/2025\/11\/foto-de-zip-original-.jpg 727w\" sizes=\"auto, (max-width: 300px) 100vw, 300px\" \/><\/p>\n","protected":false},"featured_media":305,"template":"","meta":{"_joinchat":[]},"product_brand":[],"product_cat":[21],"product_tag":[28,30,27,29],"class_list":{"0":"post-223","1":"product","2":"type-product","3":"status-publish","4":"has-post-thumbnail","6":"product_cat-fiat","7":"product_tag-28","8":"product_tag-30","9":"product_tag-ducato","10":"product_tag-edc15c7","12":"first","13":"instock","14":"downloadable","15":"virtual","16":"purchasable","17":"product-type-simple"},"jetpack_sharing_enabled":true,"_links":{"self":[{"href":"https:\/\/powerchip.com.br\/index.php\/wp-json\/wp\/v2\/product\/223","targetHints":{"allow":["GET"]}}],"collection":[{"href":"https:\/\/powerchip.com.br\/index.php\/wp-json\/wp\/v2\/product"}],"about":[{"href":"https:\/\/powerchip.com.br\/index.php\/wp-json\/wp\/v2\/types\/product"}],"wp:featuredmedia":[{"embeddable":true,"href":"https:\/\/powerchip.com.br\/index.php\/wp-json\/wp\/v2\/media\/305"}],"wp:attachment":[{"href":"https:\/\/powerchip.com.br\/index.php\/wp-json\/wp\/v2\/media?parent=223"}],"wp:term":[{"taxonomy":"product_brand","embeddable":true,"href":"https:\/\/powerchip.com.br\/index.php\/wp-json\/wp\/v2\/product_brand?post=223"},{"taxonomy":"product_cat","embeddable":true,"href":"https:\/\/powerchip.com.br\/index.php\/wp-json\/wp\/v2\/product_cat?post=223"},{"taxonomy":"product_tag","embeddable":true,"href":"https:\/\/powerchip.com.br\/index.php\/wp-json\/wp\/v2\/product_tag?post=223"}],"curies":[{"name":"wp","href":"https:\/\/api.w.org\/{rel}","templated":true}]}}