{"id":1835,"date":"2026-04-14T12:56:07","date_gmt":"2026-04-14T12:56:07","guid":{"rendered":"https:\/\/powerchip.com.br\/?post_type=product&#038;p=1835"},"modified":"2026-04-14T12:56:31","modified_gmt":"2026-04-14T12:56:31","slug":"arquivo-de-potencia-arquivo-original-para-amarok-tc1793-2h6907311d-10sw0250501556ape5-10sw0044021556ap05-p1556-c1556ape5-edc17_cp54-ev_ecm30tdi0112h6907311d","status":"publish","type":"product","link":"https:\/\/powerchip.com.br\/index.php\/produto\/arquivo-de-potencia-arquivo-original-para-amarok-tc1793-2h6907311d-10sw0250501556ape5-10sw0044021556ap05-p1556-c1556ape5-edc17_cp54-ev_ecm30tdi0112h6907311d\/","title":{"rendered":"ARQUIVO DE POT\u00caNCIA  + ARQUIVO ORIGINAL  PARA AMAROK TC1793 2H6907311D 10SW0250501556APE5  10SW0044021556AP05 P1556 C1556APE5 EDC17_CP54 EV_ECM30TDI0112H6907311D"},"content":{"rendered":"<p>ARQUIVO DE POT\u00caNCIA + ARQUIVO ORIGINAL PARA AMAROK TC1793 2H6907311D 10SW0250501556APE5 10SW0044021556AP05 P1556 C1556APE5 EDC17_CP54 EV_ECM30TDI0112H6907311D<\/p>\n<p><img loading=\"lazy\" decoding=\"async\" class=\"alignnone size-full wp-image-1040\" src=\"https:\/\/powerchip.com.br\/wp-content\/uploads\/2025\/11\/alto-falante.jpg\" alt=\"\" width=\"67\" height=\"55\" \/>\u00a0 \u00a0<strong> Lembrete: Este arquivo SIM\u00a0 OU\u00a0 N\u00c3O necessita de prepara\u00e7\u00e3o espec\u00edfica para a central (ECU) de destino ( N\u00c3O USE\u00a0 EM ECU OPEN\u00a0 OU ENTRE EM CONTATO SE N\u00c3O SOUBER USAR , NORMALMENTE COPIAMOS DADOS E ACERTAMOS O SUM) .\u201d<\/strong><\/p>\n<p>Voc\u00ea receber\u00e1 ap\u00f3s pagar:<\/p>\n<p><strong>02 ARQUIVO DA POWERCHIP\u00a0 \u00a0ORIGINAL DPF EGR+ POT\u00caNCIA ,\u00a0 ALGUM MAPA MODIFICADO COM DTC INIBIDO ..<\/strong><\/p>\n<p><img loading=\"lazy\" decoding=\"async\" class=\"alignnone size-full wp-image-1039\" src=\"https:\/\/powerchip.com.br\/wp-content\/uploads\/2025\/11\/veja-acima.jpg\" alt=\"\" width=\"21\" height=\"34\" \/><\/p>\n<p>&nbsp;<\/p>\n<p><img loading=\"lazy\" decoding=\"async\" class=\"alignnone size-full wp-image-1042\" src=\"https:\/\/powerchip.com.br\/wp-content\/uploads\/2025\/11\/pistao.jpg\" alt=\"\" width=\"17\" height=\"41\" \/>\u00a0\u00a0ARQUIVO ORIGINAL<\/p>\n<p><img loading=\"lazy\" decoding=\"async\" class=\"alignnone size-full wp-image-1042\" src=\"https:\/\/powerchip.com.br\/wp-content\/uploads\/2025\/11\/pistao.jpg\" alt=\"\" width=\"17\" height=\"41\" \/><img loading=\"lazy\" decoding=\"async\" class=\"alignnone size-full wp-image-1042\" src=\"https:\/\/powerchip.com.br\/wp-content\/uploads\/2025\/11\/pistao.jpg\" alt=\"\" width=\"17\" height=\"41\" \/> ARQUIVO\u00a0 POT\u00caNCIA <strong>DPF EGR<\/strong><\/p>\n<p>Um profissional saber\u00e1 utilizar isso , ou ap\u00f3s a compra entre em contato.<\/p>\n<p>Nem todas as vers\u00f5es de software podem ser compat\u00edveis.<br \/>\nPara adicionar uma nova vers\u00e3o de software, entre em contato com o portal de suporte e anexe um arquivo.<br \/>\nO uso \u00e9 por sua conta e risco.<\/p>\n<p>O\u00a0 <strong>\u00a0MAPA MODIFICADO \u00e9 <\/strong>para diagn\u00f3stico e verifica\u00e7\u00e3o da ECU durante o reparo.<br \/>\nNem todas as vers\u00f5es de software podem ser compat\u00edveis.<br \/>\nPara adicionar uma nova vers\u00e3o de software, entre em contato com o portal de suporte e anexe um arquivo.<br \/>\nO uso \u00e9 por sua conta e risco.<\/p>\n<p>O m\u00f3dulo permite O\u00a0 <strong>\u00a0MAPA MODIFICADO\u00a0 <\/strong>\u00a0( O\u00a0 <strong>\u00a0MAPA MODIFICADO \u00e9 <\/strong>\u00a0por exemplo, para verificar os componentes do sistema)<\/p>\n<p>Sempre leia e salve seu original para seguran\u00e7a.<\/p>\n<p>Mande um e-mail ou chame no Whatzapp. (16)991342577<\/p>\n<p>&nbsp;<\/p>\n<p><a href=\"https:\/\/powerchip.com.br\/index.php\/arquivo-destinado-a-profissionais\/\">Arquivo destinado a profissionais<\/a>.<\/p>\n<p><a href=\"https:\/\/powerchip.com.br\/index.php\/como-usar-o-arquivo-comprado\/\">Como usar o arquivo<\/a>.<\/p>\n<p><a href=\"https:\/\/powerchip.com.br\/index.php\/como-comprar\/\">Como comprar<\/a><\/p>\n","protected":false},"excerpt":{"rendered":"<p>ARQUIVO DE POT\u00caNCIA + ARQUIVO ORIGINAL PARA AMAROK TC1793 2H6907311D 10SW0250501556APE5 10SW0044021556AP05 P1556 C1556APE5 EDC17_CP54 EV_ECM30TDI0112H6907311D \u00a0 \u00a0 Lembrete: Este arquivo SIM\u00a0 OU\u00a0 N\u00c3O necessita de prepara\u00e7\u00e3o espec\u00edfica para a central (ECU) de destino ( N\u00c3O USE\u00a0 EM ECU OPEN\u00a0 OU ENTRE EM CONTATO SE N\u00c3O SOUBER USAR , NORMALMENTE COPIAMOS DADOS E ACERTAMOS O [&hellip;]<\/p>\n","protected":false},"featured_media":1831,"template":"","meta":{"_joinchat":[]},"product_brand":[],"product_cat":[32],"product_tag":[1357,2264,2263,2265,1359,2128,2266],"class_list":{"0":"post-1835","1":"product","2":"type-product","3":"status-publish","4":"has-post-thumbnail","6":"product_cat-vw","7":"product_tag-10sw0044021556ap05","8":"product_tag-10sw0250501556ape5","9":"product_tag-2h6907311d","10":"product_tag-c1556ape5","11":"product_tag-edc17_cp54","12":"product_tag-edc17cp54","13":"product_tag-ev_ecm30tdi0112h6907311d","15":"first","16":"instock","17":"downloadable","18":"virtual","19":"purchasable","20":"product-type-simple"},"jetpack_sharing_enabled":true,"_links":{"self":[{"href":"https:\/\/powerchip.com.br\/index.php\/wp-json\/wp\/v2\/product\/1835","targetHints":{"allow":["GET"]}}],"collection":[{"href":"https:\/\/powerchip.com.br\/index.php\/wp-json\/wp\/v2\/product"}],"about":[{"href":"https:\/\/powerchip.com.br\/index.php\/wp-json\/wp\/v2\/types\/product"}],"wp:featuredmedia":[{"embeddable":true,"href":"https:\/\/powerchip.com.br\/index.php\/wp-json\/wp\/v2\/media\/1831"}],"wp:attachment":[{"href":"https:\/\/powerchip.com.br\/index.php\/wp-json\/wp\/v2\/media?parent=1835"}],"wp:term":[{"taxonomy":"product_brand","embeddable":true,"href":"https:\/\/powerchip.com.br\/index.php\/wp-json\/wp\/v2\/product_brand?post=1835"},{"taxonomy":"product_cat","embeddable":true,"href":"https:\/\/powerchip.com.br\/index.php\/wp-json\/wp\/v2\/product_cat?post=1835"},{"taxonomy":"product_tag","embeddable":true,"href":"https:\/\/powerchip.com.br\/index.php\/wp-json\/wp\/v2\/product_tag?post=1835"}],"curies":[{"name":"wp","href":"https:\/\/api.w.org\/{rel}","templated":true}]}}