{"id":1821,"date":"2026-04-13T22:10:29","date_gmt":"2026-04-13T22:10:29","guid":{"rendered":"https:\/\/powerchip.com.br\/?post_type=product&#038;p=1821"},"modified":"2026-04-13T22:10:29","modified_gmt":"2026-04-13T22:10:29","slug":"arquivo-para-med17-5-21-04c907309ad-1037545593-10sw026833-04c906026j-ev_ecm10tfs01104c906026j-d17521v36c002_m28i9b","status":"publish","type":"product","link":"https:\/\/powerchip.com.br\/index.php\/produto\/arquivo-para-med17-5-21-04c907309ad-1037545593-10sw026833-04c906026j-ev_ecm10tfs01104c906026j-d17521v36c002_m28i9b\/","title":{"rendered":"ARQUIVO PARA MED17.5.21 04C907309AD 1037545593  10SW026833 04C906026J  EV_ECM10TFS01104C906026J D17521V36C002_M28I9B"},"content":{"rendered":"<p>ARQUIVO PARA MED17.5.21 04C907309AD 1037545593 10SW026833 04C906026J EV_ECM10TFS01104C906026J D17521V36C002_M28I9B<\/p>\n<p>POT\u00caNCIA COM OU SEM DECAT CAT\u00a0 OFF , COM OU SEM POPS<\/p>\n<p><img loading=\"lazy\" decoding=\"async\" class=\"alignnone size-full wp-image-1040\" src=\"https:\/\/powerchip.com.br\/wp-content\/uploads\/2025\/11\/alto-falante.jpg\" alt=\"\" width=\"67\" height=\"55\" \/>\u00a0 \u00a0<strong> Lembrete: Este arquivo SIM\u00a0 OU\u00a0 N\u00c3O necessita de prepara\u00e7\u00e3o espec\u00edfica para a central (ECU) de destino ( N\u00c3O USE\u00a0 EM ECU OPEN\u00a0 OU ENTRE EM CONTATO SE N\u00c3O SOUBER USAR , NORMALMENTE COPIAMOS DADOS E ACERTAMOS O SUM) .\u201d<\/strong><\/p>\n<p>Voc\u00ea receber\u00e1 ap\u00f3s pagar:<\/p>\n<p><strong>02 ARQUIVO DA POWERCHIP\u00a0 ORIGINAL +\u00a0 POT\u00caNCIA, LIMITADOR VELOCIADE+ POPS, ALGUM MAPA MODIFICADO COM DTC INIBIDO ..<\/strong><\/p>\n<p><img loading=\"lazy\" decoding=\"async\" class=\"alignnone size-full wp-image-1039\" src=\"https:\/\/powerchip.com.br\/wp-content\/uploads\/2025\/11\/veja-acima.jpg\" alt=\"\" width=\"21\" height=\"34\" \/><\/p>\n<p>&nbsp;<\/p>\n<p><img loading=\"lazy\" decoding=\"async\" class=\"alignnone size-full wp-image-1042\" src=\"https:\/\/powerchip.com.br\/wp-content\/uploads\/2025\/11\/pistao.jpg\" alt=\"\" width=\"17\" height=\"41\" \/>\u00a0\u00a0ARQUIVO ORIGINAL<\/p>\n<p><img loading=\"lazy\" decoding=\"async\" class=\"alignnone size-full wp-image-1042\" src=\"https:\/\/powerchip.com.br\/wp-content\/uploads\/2025\/11\/pistao.jpg\" alt=\"\" width=\"17\" height=\"41\" \/><img loading=\"lazy\" decoding=\"async\" class=\"alignnone size-full wp-image-1042\" src=\"https:\/\/powerchip.com.br\/wp-content\/uploads\/2025\/11\/pistao.jpg\" alt=\"\" width=\"17\" height=\"41\" \/> ARQUIVO\u00a0 MOD <strong>POT\u00caNCIA, LIMITADOR VELOCIADE+ POPS<\/strong><\/p>\n<p>Um profissional saber\u00e1 utilizar isso , ou ap\u00f3s a compra entre em contato.<\/p>\n<p>Nem todas as vers\u00f5es de software podem ser compat\u00edveis.<br \/>\nPara adicionar uma nova vers\u00e3o de software, entre em contato com o portal de suporte e anexe um arquivo.<br \/>\nO uso \u00e9 por sua conta e risco.<\/p>\n<p>O\u00a0 <strong>\u00a0MAPA MODIFICADO \u00e9 <\/strong>para diagn\u00f3stico e verifica\u00e7\u00e3o da ECU durante o reparo.<br \/>\nNem todas as vers\u00f5es de software podem ser compat\u00edveis.<br \/>\nPara adicionar uma nova vers\u00e3o de software, entre em contato com o portal de suporte e anexe um arquivo.<br \/>\nO uso \u00e9 por sua conta e risco.<\/p>\n<p>O m\u00f3dulo permite O\u00a0 <strong>\u00a0MAPA MODIFICADO\u00a0 <\/strong>\u00a0( O\u00a0 <strong>\u00a0MAPA MODIFICADO \u00e9 <\/strong>\u00a0por exemplo, para verificar os componentes do sistema)<\/p>\n<p>Sempre leia e salve seu original para seguran\u00e7a.<\/p>\n<p>Mande um e-mail ou chame no Whatzapp. (16)991342577<\/p>\n<p>&nbsp;<\/p>\n<p><a href=\"https:\/\/powerchip.com.br\/index.php\/arquivo-destinado-a-profissionais\/\">Arquivo destinado a profissionais<\/a>.<\/p>\n<p><a href=\"https:\/\/powerchip.com.br\/index.php\/como-usar-o-arquivo-comprado\/\">Como usar o arquivo<\/a>.<\/p>\n<p><a href=\"https:\/\/powerchip.com.br\/index.php\/como-comprar\/\">Como comprar<\/a><\/p>\n","protected":false},"excerpt":{"rendered":"<p>ARQUIVO PARA MED17.5.21 04C907309AD 1037545593 10SW026833 04C906026J EV_ECM10TFS01104C906026J D17521V36C002_M28I9B POT\u00caNCIA COM OU SEM DECAT CAT\u00a0 OFF , COM OU SEM POPS \u00a0 \u00a0 Lembrete: Este arquivo SIM\u00a0 OU\u00a0 N\u00c3O necessita de prepara\u00e7\u00e3o espec\u00edfica para a central (ECU) de destino ( N\u00c3O USE\u00a0 EM ECU OPEN\u00a0 OU ENTRE EM CONTATO SE N\u00c3O SOUBER USAR , NORMALMENTE [&hellip;]<\/p>\n","protected":false},"featured_media":1811,"template":"","meta":{"_joinchat":[]},"product_brand":[],"product_cat":[32],"product_tag":[2252,891,2250,2251,2255,2254,2253,2249],"class_list":{"0":"post-1821","1":"product","2":"type-product","3":"status-publish","4":"has-post-thumbnail","6":"product_cat-vw","7":"product_tag-04c906026j","8":"product_tag-04c907309ad","9":"product_tag-2250","10":"product_tag-10sw026833","11":"product_tag-d17521v36c002_m28i9b","12":"product_tag-ecm10tfs01104c906026j","13":"product_tag-ev_","14":"product_tag-med17-5-21","16":"first","17":"instock","18":"downloadable","19":"virtual","20":"purchasable","21":"product-type-simple"},"jetpack_sharing_enabled":true,"_links":{"self":[{"href":"https:\/\/powerchip.com.br\/index.php\/wp-json\/wp\/v2\/product\/1821","targetHints":{"allow":["GET"]}}],"collection":[{"href":"https:\/\/powerchip.com.br\/index.php\/wp-json\/wp\/v2\/product"}],"about":[{"href":"https:\/\/powerchip.com.br\/index.php\/wp-json\/wp\/v2\/types\/product"}],"wp:featuredmedia":[{"embeddable":true,"href":"https:\/\/powerchip.com.br\/index.php\/wp-json\/wp\/v2\/media\/1811"}],"wp:attachment":[{"href":"https:\/\/powerchip.com.br\/index.php\/wp-json\/wp\/v2\/media?parent=1821"}],"wp:term":[{"taxonomy":"product_brand","embeddable":true,"href":"https:\/\/powerchip.com.br\/index.php\/wp-json\/wp\/v2\/product_brand?post=1821"},{"taxonomy":"product_cat","embeddable":true,"href":"https:\/\/powerchip.com.br\/index.php\/wp-json\/wp\/v2\/product_cat?post=1821"},{"taxonomy":"product_tag","embeddable":true,"href":"https:\/\/powerchip.com.br\/index.php\/wp-json\/wp\/v2\/product_tag?post=1821"}],"curies":[{"name":"wp","href":"https:\/\/api.w.org\/{rel}","templated":true}]}}