{"id":1799,"date":"2026-04-08T22:42:54","date_gmt":"2026-04-08T22:42:54","guid":{"rendered":"https:\/\/powerchip.com.br\/?post_type=product&#038;p=1799"},"modified":"2026-04-08T22:52:40","modified_gmt":"2026-04-08T22:52:40","slug":"arquivo-para-central-032906034ce-9gv-ce-decat-checksum-d8e0402-potencia-com-pops-decat-arquivo-potencia-com-pops-decat-arquivo-original","status":"publish","type":"product","link":"https:\/\/powerchip.com.br\/index.php\/produto\/arquivo-para-central-032906034ce-9gv-ce-decat-checksum-d8e0402-potencia-com-pops-decat-arquivo-potencia-com-pops-decat-arquivo-original\/","title":{"rendered":"ARQUIVO PARA CENTRAL   032906034CE 9GV.CE  DECAT  CHECKSUM -D8E0402   POT\u00caNCIA COM POPS DECAT + ARQUIVO POT\u00caNCIA COM POPS DECAT + ARQUIVO ORIGINAL."},"content":{"rendered":"<p>ARQUIVO PARA CENTRAL 032906034CE 9GV.CE DECAT CHECKSUM -D8E0402 POT\u00caNCIA COM POPS DECAT + ARQUIVO POT\u00caNCIA COM POPS DECAT + ARQUIVO ORIGINAL.<\/p>\n<p>POT\u00caNCIA COM OU SEM DECAT CAT\u00a0 OFF , COM OU SEM POPS.<\/p>\n<p>CHECKSUM ORIGINAL D8E0402<\/p>\n<p><img loading=\"lazy\" decoding=\"async\" class=\"alignnone size-full wp-image-1040\" src=\"https:\/\/powerchip.com.br\/wp-content\/uploads\/2025\/11\/alto-falante.jpg\" alt=\"\" width=\"67\" height=\"55\" \/>\u00a0 \u00a0<strong>\u00a0Lembrete: Este arquivo\u00a0 N\u00c3O necessita de prepara\u00e7\u00e3o espec\u00edfica para a central (ECU) de destino (\u00a0 \u00a0ENTRE EM CONTATO SE N\u00c3O SOUBER USAR , NORMALMENTE COPIAMOS DADOS E ACERTAMOS O SUM) IOTERMINAL ETC .\u201d<\/strong><\/p>\n<p>Voc\u00ea receber\u00e1 ap\u00f3s pagar:<\/p>\n<p><strong>03 ARQUIVOS DA POWERCHIP+ORIGINAL +POT\u00caNCIA +POPS +DECAT CATOFF, ALGUM MAPA MODIFICADO COM DTC INIBIDO ..<\/strong><\/p>\n<p><img loading=\"lazy\" decoding=\"async\" class=\"alignnone size-full wp-image-1039\" src=\"https:\/\/powerchip.com.br\/wp-content\/uploads\/2025\/11\/veja-acima.jpg\" alt=\"\" width=\"21\" height=\"34\" \/><\/p>\n<p>&nbsp;<\/p>\n<p><img loading=\"lazy\" decoding=\"async\" class=\"alignnone size-full wp-image-1042\" src=\"https:\/\/powerchip.com.br\/wp-content\/uploads\/2025\/11\/pistao.jpg\" alt=\"\" width=\"17\" height=\"41\" \/>\u00a0\u00a0ARQUIVO ORIGINAL<\/p>\n<p><img loading=\"lazy\" decoding=\"async\" class=\"alignnone size-full wp-image-1042\" src=\"https:\/\/powerchip.com.br\/wp-content\/uploads\/2025\/11\/pistao.jpg\" alt=\"\" width=\"17\" height=\"41\" \/><img loading=\"lazy\" decoding=\"async\" class=\"alignnone size-full wp-image-1042\" src=\"https:\/\/powerchip.com.br\/wp-content\/uploads\/2025\/11\/pistao.jpg\" alt=\"\" width=\"17\" height=\"41\" \/>\u00a0ARQUIVO\u00a0 MOD\u00a0<strong>POT\u00caNCIA\u00a0 \u00a0+DECAT CATOFF+ SUM OK<\/strong><\/p>\n<p><img loading=\"lazy\" decoding=\"async\" class=\"alignnone size-full wp-image-1042\" src=\"https:\/\/powerchip.com.br\/wp-content\/uploads\/2025\/11\/pistao.jpg\" alt=\"\" width=\"17\" height=\"41\" \/><img loading=\"lazy\" decoding=\"async\" class=\"alignnone size-full wp-image-1042\" src=\"https:\/\/powerchip.com.br\/wp-content\/uploads\/2025\/11\/pistao.jpg\" alt=\"\" width=\"17\" height=\"41\" \/><img loading=\"lazy\" decoding=\"async\" class=\"alignnone size-full wp-image-1042\" src=\"https:\/\/powerchip.com.br\/wp-content\/uploads\/2025\/11\/pistao.jpg\" alt=\"\" width=\"17\" height=\"41\" \/>\u00a0ARQUIVO\u00a0 MOD\u00a0<strong>POT\u00caNCIA +POPS +DECAT CATOFF+ SUM OK<\/strong><\/p>\n<p>Um profissional saber\u00e1 utilizar isso , ou ap\u00f3s a compra entre em contato.<\/p>\n<p>Nem todas as vers\u00f5es de software podem ser compat\u00edveis.<br \/>\nPara adicionar uma nova vers\u00e3o de software, entre em contato com o portal de suporte e anexe um arquivo.<br \/>\nO uso \u00e9 por sua conta e risco.<\/p>\n<p>O\u00a0\u00a0<strong>\u00a0MAPA MODIFICADO \u00e9\u00a0<\/strong>para diagn\u00f3stico e verifica\u00e7\u00e3o da ECU durante o reparo.<br \/>\nNem todas as vers\u00f5es de software podem ser compat\u00edveis.<br \/>\nPara adicionar uma nova vers\u00e3o de software, entre em contato com o portal de suporte e anexe um arquivo.<br \/>\nO uso \u00e9 por sua conta e risco.<\/p>\n<p>O m\u00f3dulo permite O\u00a0\u00a0<strong>\u00a0MAPA MODIFICADO\u00a0\u00a0<\/strong>\u00a0( O\u00a0\u00a0<strong>\u00a0MAPA MODIFICADO \u00e9\u00a0<\/strong>\u00a0por exemplo, para verificar os componentes do sistema)<\/p>\n<p>Sempre leia e salve seu original para seguran\u00e7a.<\/p>\n<p>Mande um e-mail ou chame no Whatzapp. (16)991342577<\/p>\n<p>&nbsp;<\/p>\n<p><a href=\"https:\/\/powerchip.com.br\/index.php\/arquivo-destinado-a-profissionais\/\">Arquivo destinado a profissionais<\/a>.<\/p>\n<p><a href=\"https:\/\/powerchip.com.br\/index.php\/como-usar-o-arquivo-comprado\/\">Como usar o arquivo<\/a>.<\/p>\n<p><a href=\"https:\/\/powerchip.com.br\/index.php\/como-comprar\/\">Como comprar<\/a><\/p>\n","protected":false},"excerpt":{"rendered":"<p>ARQUIVO PARA CENTRAL 032906034CE 9GV.CE DECAT CHECKSUM -D8E0402 POT\u00caNCIA COM POPS DECAT + ARQUIVO POT\u00caNCIA COM POPS DECAT + ARQUIVO ORIGINAL. POT\u00caNCIA COM OU SEM DECAT CAT\u00a0 OFF , COM OU SEM POPS. CHECKSUM ORIGINAL D8E0402 \u00a0 \u00a0\u00a0Lembrete: Este arquivo\u00a0 N\u00c3O necessita de prepara\u00e7\u00e3o espec\u00edfica para a central (ECU) de destino (\u00a0 \u00a0ENTRE EM CONTATO [&hellip;]<\/p>\n","protected":false},"featured_media":1796,"template":"","meta":{"_joinchat":[]},"product_brand":[],"product_cat":[32],"product_tag":[2215,2216,2217,138],"class_list":{"0":"post-1799","1":"product","2":"type-product","3":"status-publish","4":"has-post-thumbnail","6":"product_cat-vw","7":"product_tag-032906034ce","8":"product_tag-9gv-ce","9":"product_tag-checksum-d8e0402","10":"product_tag-decat","12":"first","13":"instock","14":"downloadable","15":"virtual","16":"purchasable","17":"product-type-simple"},"jetpack_sharing_enabled":true,"_links":{"self":[{"href":"https:\/\/powerchip.com.br\/index.php\/wp-json\/wp\/v2\/product\/1799","targetHints":{"allow":["GET"]}}],"collection":[{"href":"https:\/\/powerchip.com.br\/index.php\/wp-json\/wp\/v2\/product"}],"about":[{"href":"https:\/\/powerchip.com.br\/index.php\/wp-json\/wp\/v2\/types\/product"}],"wp:featuredmedia":[{"embeddable":true,"href":"https:\/\/powerchip.com.br\/index.php\/wp-json\/wp\/v2\/media\/1796"}],"wp:attachment":[{"href":"https:\/\/powerchip.com.br\/index.php\/wp-json\/wp\/v2\/media?parent=1799"}],"wp:term":[{"taxonomy":"product_brand","embeddable":true,"href":"https:\/\/powerchip.com.br\/index.php\/wp-json\/wp\/v2\/product_brand?post=1799"},{"taxonomy":"product_cat","embeddable":true,"href":"https:\/\/powerchip.com.br\/index.php\/wp-json\/wp\/v2\/product_cat?post=1799"},{"taxonomy":"product_tag","embeddable":true,"href":"https:\/\/powerchip.com.br\/index.php\/wp-json\/wp\/v2\/product_tag?post=1799"}],"curies":[{"name":"wp","href":"https:\/\/api.w.org\/{rel}","templated":true}]}}