{"id":1776,"date":"2026-04-02T17:19:23","date_gmt":"2026-04-02T17:19:23","guid":{"rendered":"https:\/\/powerchip.com.br\/?post_type=product&#038;p=1776"},"modified":"2026-04-02T17:19:24","modified_gmt":"2026-04-02T17:19:24","slug":"arquivo-para-potencia-12692780-12692780-12686462-12692819-12686466-12696676-12684431-gm-cruze","status":"publish","type":"product","link":"https:\/\/powerchip.com.br\/index.php\/produto\/arquivo-para-potencia-12692780-12692780-12686462-12692819-12686466-12696676-12684431-gm-cruze\/","title":{"rendered":"ARQUIVO PARA POT\u00caNCIA  12692780 12692780  12686462 12692819  12686466 12696676 12684431 GM  CRUZE"},"content":{"rendered":"<p>ARQUIVO PARA POT\u00caNCIA 12692780 12692780 12686462 12692819 12686466 12696676 12684431 GM CRUZE<\/p>\n<p>POT\u00caNCIA\u00a0 COM\u00a0 DECAT CAT\u00a0 OFF .<\/p>\n<p><img loading=\"lazy\" decoding=\"async\" class=\"alignnone size-full wp-image-1040\" src=\"https:\/\/powerchip.com.br\/wp-content\/uploads\/2025\/11\/alto-falante.jpg\" alt=\"\" width=\"67\" height=\"55\" \/>\u00a0 \u00a0<strong> Lembrete: Este arquivo SIM\u00a0 OU\u00a0 N\u00c3O necessita de prepara\u00e7\u00e3o espec\u00edfica para a central (ECU) de destino ( N\u00c3O USE\u00a0 EM ECU OPEN\u00a0 OU ENTRE EM CONTATO SE N\u00c3O SOUBER USAR , NORMALMENTE COPIAMOS DADOS E ACERTAMOS O SUM) .\u201d<\/strong><\/p>\n<p>Voc\u00ea receber\u00e1 ap\u00f3s pagar:<\/p>\n<p><strong>02 ARQUIVO DA POWERCHIP QUE PODER\u00c1 CONTER ORIGINAL OU\u00a0 POT\u00caNCIA, LIMITADOR VELOCIADE OU POPS, ALGUM MAPA MODIFICADO COM DTC INIBIDO ..<\/strong><\/p>\n<p><img loading=\"lazy\" decoding=\"async\" class=\"alignnone size-full wp-image-1039\" src=\"https:\/\/powerchip.com.br\/wp-content\/uploads\/2025\/11\/veja-acima.jpg\" alt=\"\" width=\"21\" height=\"34\" \/><\/p>\n<p>&nbsp;<\/p>\n<p><img loading=\"lazy\" decoding=\"async\" class=\"alignnone size-full wp-image-1042\" src=\"https:\/\/powerchip.com.br\/wp-content\/uploads\/2025\/11\/pistao.jpg\" alt=\"\" width=\"17\" height=\"41\" \/>\u00a0\u00a0ARQUIVO ORIGINAL<\/p>\n<p><img loading=\"lazy\" decoding=\"async\" class=\"alignnone size-full wp-image-1042\" src=\"https:\/\/powerchip.com.br\/wp-content\/uploads\/2025\/11\/pistao.jpg\" alt=\"\" width=\"17\" height=\"41\" \/><img loading=\"lazy\" decoding=\"async\" class=\"alignnone size-full wp-image-1042\" src=\"https:\/\/powerchip.com.br\/wp-content\/uploads\/2025\/11\/pistao.jpg\" alt=\"\" width=\"17\" height=\"41\" \/> ARQUIVO\u00a0 MOD\u00a0 POT\u00caNCIA\u00a0 COM\u00a0 DECAT CAT\u00a0 OFF<\/p>\n<p>Um profissional saber\u00e1 utilizar isso , ou ap\u00f3s a compra entre em contato.<\/p>\n<p>Nem todas as vers\u00f5es de software podem ser compat\u00edveis.<br \/>\nPara adicionar uma nova vers\u00e3o de software, entre em contato com o portal de suporte e anexe um arquivo.<br \/>\nO uso \u00e9 por sua conta e risco.<\/p>\n<p>O\u00a0 <strong>\u00a0MAPA MODIFICADO \u00e9 <\/strong>para diagn\u00f3stico e verifica\u00e7\u00e3o da ECU durante o reparo.<br \/>\nNem todas as vers\u00f5es de software podem ser compat\u00edveis.<br \/>\nPara adicionar uma nova vers\u00e3o de software, entre em contato com o portal de suporte e anexe um arquivo.<br \/>\nO uso \u00e9 por sua conta e risco.<\/p>\n<p>O m\u00f3dulo permite O\u00a0 <strong>\u00a0MAPA MODIFICADO\u00a0 <\/strong>\u00a0( O\u00a0 <strong>\u00a0MAPA MODIFICADO \u00e9 <\/strong>\u00a0por exemplo, para verificar os componentes do sistema)<\/p>\n<p>Sempre leia e salve seu original para seguran\u00e7a.<\/p>\n<p>Mande um e-mail ou chame no Whatzapp. (16)991342577<\/p>\n<p>&nbsp;<\/p>\n<p><a href=\"https:\/\/powerchip.com.br\/index.php\/arquivo-destinado-a-profissionais\/\">Arquivo destinado a profissionais<\/a>.<\/p>\n<p><a href=\"https:\/\/powerchip.com.br\/index.php\/como-usar-o-arquivo-comprado\/\">Como usar o arquivo<\/a>.<\/p>\n<p><a href=\"https:\/\/powerchip.com.br\/index.php\/como-comprar\/\">Como comprar<\/a><\/p>\n","protected":false},"excerpt":{"rendered":"<p>ARQUIVO PARA POT\u00caNCIA 12692780 12692780 12686462 12692819 12686466 12696676 12684431 GM CRUZE POT\u00caNCIA\u00a0 COM\u00a0 DECAT CAT\u00a0 OFF . \u00a0 \u00a0 Lembrete: Este arquivo SIM\u00a0 OU\u00a0 N\u00c3O necessita de prepara\u00e7\u00e3o espec\u00edfica para a central (ECU) de destino ( N\u00c3O USE\u00a0 EM ECU OPEN\u00a0 OU ENTRE EM CONTATO SE N\u00c3O SOUBER USAR , NORMALMENTE COPIAMOS DADOS E [&hellip;]<\/p>\n","protected":false},"featured_media":335,"template":"","meta":{"_joinchat":[]},"product_brand":[],"product_cat":[81],"product_tag":[2189,2185,2187,2184,2186,2188,2183,2190,82],"class_list":{"0":"post-1776","1":"product","2":"type-product","3":"status-publish","4":"has-post-thumbnail","6":"product_cat-gm","7":"product_tag-2189","8":"product_tag-2185","9":"product_tag-2187","10":"product_tag-2184","11":"product_tag-2186","12":"product_tag-2188","13":"product_tag-arquivo-para-potencia","14":"product_tag-cruze","15":"product_tag-gm","17":"first","18":"instock","19":"downloadable","20":"virtual","21":"purchasable","22":"product-type-simple"},"jetpack_sharing_enabled":true,"_links":{"self":[{"href":"https:\/\/powerchip.com.br\/index.php\/wp-json\/wp\/v2\/product\/1776","targetHints":{"allow":["GET"]}}],"collection":[{"href":"https:\/\/powerchip.com.br\/index.php\/wp-json\/wp\/v2\/product"}],"about":[{"href":"https:\/\/powerchip.com.br\/index.php\/wp-json\/wp\/v2\/types\/product"}],"wp:featuredmedia":[{"embeddable":true,"href":"https:\/\/powerchip.com.br\/index.php\/wp-json\/wp\/v2\/media\/335"}],"wp:attachment":[{"href":"https:\/\/powerchip.com.br\/index.php\/wp-json\/wp\/v2\/media?parent=1776"}],"wp:term":[{"taxonomy":"product_brand","embeddable":true,"href":"https:\/\/powerchip.com.br\/index.php\/wp-json\/wp\/v2\/product_brand?post=1776"},{"taxonomy":"product_cat","embeddable":true,"href":"https:\/\/powerchip.com.br\/index.php\/wp-json\/wp\/v2\/product_cat?post=1776"},{"taxonomy":"product_tag","embeddable":true,"href":"https:\/\/powerchip.com.br\/index.php\/wp-json\/wp\/v2\/product_tag?post=1776"}],"curies":[{"name":"wp","href":"https:\/\/api.w.org\/{rel}","templated":true}]}}