{"id":1762,"date":"2026-04-02T16:00:20","date_gmt":"2026-04-02T16:00:20","guid":{"rendered":"https:\/\/powerchip.com.br\/?post_type=product&#038;p=1762"},"modified":"2026-04-02T16:03:34","modified_gmt":"2026-04-02T16:03:34","slug":"arquivo-decat-cat-off-para-central-xm-31459244-gasolina_-mb279700-9622","status":"publish","type":"product","link":"https:\/\/powerchip.com.br\/index.php\/produto\/arquivo-decat-cat-off-para-central-xm-31459244-gasolina_-mb279700-9622\/","title":{"rendered":"ARQUIVO DECAT CAT OFF  PARA CENTRAL  XM 31459244  gasolina_ MB279700-9622"},"content":{"rendered":"<p>ARQUIVO DECAT CAT OFF PARA CENTRAL XM 31459244 gasolina_ MB279700-9622<\/p>\n<p>COM DECAT CAT\u00a0 OFF , SONDA OFF.<\/p>\n<p><img loading=\"lazy\" decoding=\"async\" class=\"alignnone size-full wp-image-1040\" src=\"https:\/\/powerchip.com.br\/wp-content\/uploads\/2025\/11\/alto-falante.jpg\" alt=\"\" width=\"67\" height=\"55\" \/>\u00a0 \u00a0<strong>\u00a0<\/strong>\u201cLembrete: Este arquivo SIM\u00a0 OU\u00a0 N\u00c3O necessita de prepara\u00e7\u00e3o espec\u00edfica para a central (ECU) de destino ( N\u00c3O USE\u00a0 EM ECU OPEN\u00a0 OU ENTRE EM CONTATO SE N\u00c3O SOUBER USAR , NORMALMENTE COPIAMOS DADOS E ACERTAMOS O SUM) .\u201d<\/p>\n<p>Voc\u00ea receber\u00e1 ap\u00f3s pagar:<\/p>\n<p><strong>02 ARQUIVO DA POWERCHIP QUE PODER\u00c1 CONTER ORIGINAL OU\u00a0 POT\u00caNCIA, LIMITADOR VELOCIADE OU POPS, ALGUM MAPA MODIFICADO COM DTC INIBIDO ..<\/strong><\/p>\n<p><img loading=\"lazy\" decoding=\"async\" class=\"alignnone size-full wp-image-1039\" src=\"https:\/\/powerchip.com.br\/wp-content\/uploads\/2025\/11\/veja-acima.jpg\" alt=\"\" width=\"21\" height=\"34\" \/><\/p>\n<p>&nbsp;<\/p>\n<p><img loading=\"lazy\" decoding=\"async\" class=\"alignnone size-full wp-image-1042\" src=\"https:\/\/powerchip.com.br\/wp-content\/uploads\/2025\/11\/pistao.jpg\" alt=\"\" width=\"17\" height=\"41\" \/>\u00a0\u00a0ARQUIVO ORIGINAL<\/p>\n<p><img loading=\"lazy\" decoding=\"async\" class=\"alignnone size-full wp-image-1042\" src=\"https:\/\/powerchip.com.br\/wp-content\/uploads\/2025\/11\/pistao.jpg\" alt=\"\" width=\"17\" height=\"41\" \/><img loading=\"lazy\" decoding=\"async\" class=\"alignnone size-full wp-image-1042\" src=\"https:\/\/powerchip.com.br\/wp-content\/uploads\/2025\/11\/pistao.jpg\" alt=\"\" width=\"17\" height=\"41\" \/> ARQUIVO\u00a0 MOD<\/p>\n<p>Um profissional saber\u00e1 utilizar isso , ou ap\u00f3s a compra entre em contato.<\/p>\n<p>Nem todas as vers\u00f5es de software podem ser compat\u00edveis.<br \/>\nPara adicionar uma nova vers\u00e3o de software, entre em contato com o portal de suporte e anexe um arquivo.<br \/>\nO uso \u00e9 por sua conta e risco.<\/p>\n<p>O\u00a0 <strong>\u00a0MAPA MODIFICADO \u00e9 <\/strong>para diagn\u00f3stico e verifica\u00e7\u00e3o da ECU durante o reparo.<br \/>\nNem todas as vers\u00f5es de software podem ser compat\u00edveis.<br \/>\nPara adicionar uma nova vers\u00e3o de software, entre em contato com o portal de suporte e anexe um arquivo.<br \/>\nO uso \u00e9 por sua conta e risco.<\/p>\n<p>O m\u00f3dulo permite O\u00a0 <strong>\u00a0MAPA MODIFICADO\u00a0 <\/strong>( O\u00a0 <strong>\u00a0MAPA MODIFICADO \u00e9 <\/strong>por exemplo, para verificar os componentes do sistema)<\/p>\n<p>Sempre leia e salve seu original para seguran\u00e7a.<\/p>\n<p>Mande um e-mail ou chame no Whatzapp. (16)991342577<\/p>\n<p>&nbsp;<\/p>\n<p><a href=\"https:\/\/powerchip.com.br\/index.php\/arquivo-destinado-a-profissionais\/\">Arquivo destinado a profissionais<\/a>.<\/p>\n<p><a href=\"https:\/\/powerchip.com.br\/index.php\/como-usar-o-arquivo-comprado\/\">Como usar o arquivo<\/a>.<\/p>\n<p><a href=\"https:\/\/powerchip.com.br\/index.php\/como-comprar\/\">Como comprar<\/a><\/p>\n","protected":false},"excerpt":{"rendered":"<p>ARQUIVO DECAT CAT OFF PARA CENTRAL XM 31459244 gasolina_ MB279700-9622 COM DECAT CAT\u00a0 OFF , SONDA OFF. \u00a0 \u00a0\u00a0\u201cLembrete: Este arquivo SIM\u00a0 OU\u00a0 N\u00c3O necessita de prepara\u00e7\u00e3o espec\u00edfica para a central (ECU) de destino ( N\u00c3O USE\u00a0 EM ECU OPEN\u00a0 OU ENTRE EM CONTATO SE N\u00c3O SOUBER USAR , NORMALMENTE COPIAMOS DADOS E ACERTAMOS O [&hellip;]<\/p>\n","protected":false},"featured_media":944,"template":"","meta":{"_joinchat":[]},"product_brand":[],"product_cat":[544],"product_tag":[2163,2162,407,2164,2109],"class_list":{"0":"post-1762","1":"product","2":"type-product","3":"status-publish","4":"has-post-thumbnail","6":"product_cat-volvo","7":"product_tag-2163","8":"product_tag-arquivo-decat-cat-off-para-central","9":"product_tag-gasolina","10":"product_tag-mb279700-9622","11":"product_tag-xm","13":"first","14":"instock","15":"downloadable","16":"virtual","17":"purchasable","18":"product-type-simple"},"jetpack_sharing_enabled":true,"_links":{"self":[{"href":"https:\/\/powerchip.com.br\/index.php\/wp-json\/wp\/v2\/product\/1762","targetHints":{"allow":["GET"]}}],"collection":[{"href":"https:\/\/powerchip.com.br\/index.php\/wp-json\/wp\/v2\/product"}],"about":[{"href":"https:\/\/powerchip.com.br\/index.php\/wp-json\/wp\/v2\/types\/product"}],"wp:featuredmedia":[{"embeddable":true,"href":"https:\/\/powerchip.com.br\/index.php\/wp-json\/wp\/v2\/media\/944"}],"wp:attachment":[{"href":"https:\/\/powerchip.com.br\/index.php\/wp-json\/wp\/v2\/media?parent=1762"}],"wp:term":[{"taxonomy":"product_brand","embeddable":true,"href":"https:\/\/powerchip.com.br\/index.php\/wp-json\/wp\/v2\/product_brand?post=1762"},{"taxonomy":"product_cat","embeddable":true,"href":"https:\/\/powerchip.com.br\/index.php\/wp-json\/wp\/v2\/product_cat?post=1762"},{"taxonomy":"product_tag","embeddable":true,"href":"https:\/\/powerchip.com.br\/index.php\/wp-json\/wp\/v2\/product_tag?post=1762"}],"curies":[{"name":"wp","href":"https:\/\/api.w.org\/{rel}","templated":true}]}}