{"id":1745,"date":"2026-03-30T20:05:13","date_gmt":"2026-03-30T20:05:13","guid":{"rendered":"https:\/\/powerchip.com.br\/?post_type=product&#038;p=1745"},"modified":"2026-03-30T20:05:23","modified_gmt":"2026-03-30T20:05:23","slug":"arquivo-para-central-gm-s10-diesel-e98-dpf-egr-original-55513680-12713679-12713672-12713685-12726759-1272675","status":"publish","type":"product","link":"https:\/\/powerchip.com.br\/index.php\/produto\/arquivo-para-central-gm-s10-diesel-e98-dpf-egr-original-55513680-12713679-12713672-12713685-12726759-1272675\/","title":{"rendered":"ARQUIVO PARA CENTRAL GM S10 DIESEL E98  DPF EGR + ORIGINAL  55513680 12713679 12713672 12713685 12726759 1272675"},"content":{"rendered":"<p>ARQUIVO PARA CENTRAL GM S10 DIESEL E98 DPF EGR + ORIGINAL 55513680 12713679 12713672 12713685 12726759 1272675<\/p>\n<p>\u201cLembrete: Este arquivo SIM necessita de prepara\u00e7\u00e3o espec\u00edfica para a central (ECU) de destino antes do uso se for\u00a0 GRAVAR COMPLETO , se for parcial alguns programadores s\u00f3 gravam \u00e1reas\u00a0 maps.\u201d<\/p>\n<p>Um profissional saber\u00e1 utilizar isso , ou ap\u00f3s a compra entre em contato.<\/p>\n<p>\u201cATEN\u00c7\u00c3O\u201d\u00a0 LEIA E SALVE O PASSWORD DO PROCESSADOR no inicio do servi\u00e7o .<\/p>\n<p>Voc\u00ea recebera ap\u00f3s pagar:<\/p>\n<p>02 arquivos.<\/p>\n<p><img loading=\"lazy\" decoding=\"async\" class=\"alignnone size-full wp-image-1042\" src=\"https:\/\/powerchip.com.br\/wp-content\/uploads\/2025\/11\/pistao.jpg\" alt=\"\" width=\"17\" height=\"41\" \/> arquivo original (se for usar tem casar com seu imo).<\/p>\n<p><img loading=\"lazy\" decoding=\"async\" class=\"alignnone size-full wp-image-1042\" src=\"https:\/\/powerchip.com.br\/wp-content\/uploads\/2025\/11\/pistao.jpg\" alt=\"\" width=\"17\" height=\"41\" \/><img loading=\"lazy\" decoding=\"async\" class=\"alignnone size-full wp-image-1042\" src=\"https:\/\/powerchip.com.br\/wp-content\/uploads\/2025\/11\/pistao.jpg\" alt=\"\" width=\"17\" height=\"41\" \/> \u00a0arquivo\u00a0 \u00a0 DPF EGR E98,\u00a0 para escapes.<\/p>\n<p>&nbsp;<\/p>\n<p>Dpf , Egr\u00a0 \u00e9 somente para emerg\u00eancias e se quiser ficar pra sempre \u2026 .<\/p>\n<p><a href=\"https:\/\/powerchip.com.br\/index.php\/como-comprar\/\">Como comprar<\/a><\/p>\n<p><a href=\"https:\/\/powerchip.com.br\/index.php\/arquivo-destinado-a-profissionais\/\">Arquivo destinado a EMERGENCIA , TESTES profissionais<\/a>.<\/p>\n<p><a href=\"https:\/\/powerchip.com.br\/index.php\/como-usar-o-arquivo-comprado\/\">Como usar o arquivo<\/a>.<\/p>\n","protected":false},"excerpt":{"rendered":"<p>ARQUIVO PARA CENTRAL GM S10 DIESEL E98 DPF EGR + ORIGINAL 55513680 12713679 12713672 12713685 12726759 1272675 \u201cLembrete: Este arquivo SIM necessita de prepara\u00e7\u00e3o espec\u00edfica para a central (ECU) de destino antes do uso se for\u00a0 GRAVAR COMPLETO , se for parcial alguns programadores s\u00f3 gravam \u00e1reas\u00a0 maps.\u201d Um profissional saber\u00e1 utilizar isso , ou [&hellip;]<\/p>\n","protected":false},"featured_media":380,"template":"","meta":{"_joinchat":[]},"product_brand":[],"product_cat":[81],"product_tag":[2146,2145,2147,2149,2148,2144,2142,2143,166,66],"class_list":{"0":"post-1745","1":"product","2":"type-product","3":"status-publish","4":"has-post-thumbnail","6":"product_cat-gm","7":"product_tag-2146","8":"product_tag-2145","9":"product_tag-2147","10":"product_tag-2149","11":"product_tag-2148","12":"product_tag-2144","13":"product_tag-arquivo-para-central-gm-s10-diesel","14":"product_tag-dpf-egr","15":"product_tag-e98","16":"product_tag-original","18":"first","19":"instock","20":"downloadable","21":"virtual","22":"purchasable","23":"product-type-simple"},"jetpack_sharing_enabled":true,"_links":{"self":[{"href":"https:\/\/powerchip.com.br\/index.php\/wp-json\/wp\/v2\/product\/1745","targetHints":{"allow":["GET"]}}],"collection":[{"href":"https:\/\/powerchip.com.br\/index.php\/wp-json\/wp\/v2\/product"}],"about":[{"href":"https:\/\/powerchip.com.br\/index.php\/wp-json\/wp\/v2\/types\/product"}],"wp:featuredmedia":[{"embeddable":true,"href":"https:\/\/powerchip.com.br\/index.php\/wp-json\/wp\/v2\/media\/380"}],"wp:attachment":[{"href":"https:\/\/powerchip.com.br\/index.php\/wp-json\/wp\/v2\/media?parent=1745"}],"wp:term":[{"taxonomy":"product_brand","embeddable":true,"href":"https:\/\/powerchip.com.br\/index.php\/wp-json\/wp\/v2\/product_brand?post=1745"},{"taxonomy":"product_cat","embeddable":true,"href":"https:\/\/powerchip.com.br\/index.php\/wp-json\/wp\/v2\/product_cat?post=1745"},{"taxonomy":"product_tag","embeddable":true,"href":"https:\/\/powerchip.com.br\/index.php\/wp-json\/wp\/v2\/product_tag?post=1745"}],"curies":[{"name":"wp","href":"https:\/\/api.w.org\/{rel}","templated":true}]}}