{"id":1735,"date":"2026-03-30T18:20:40","date_gmt":"2026-03-30T18:20:40","guid":{"rendered":"https:\/\/powerchip.com.br\/?post_type=product&#038;p=1735"},"modified":"2026-03-30T20:03:32","modified_gmt":"2026-03-30T20:03:32","slug":"arquivo-para-amarok-edc17cp54-csha-03l906012fg-7569-03l907309ac-tc1797-0281017903-10375422941109k6p1-20240315","status":"publish","type":"product","link":"https:\/\/powerchip.com.br\/index.php\/produto\/arquivo-para-amarok-edc17cp54-csha-03l906012fg-7569-03l907309ac-tc1797-0281017903-10375422941109k6p1-20240315\/","title":{"rendered":"ARQUIVO PARA AMAROK EDC17CP54 CSHA 03L906012FG  7569 03L907309AC TC1797  0281017903 10375422941109K6P1-20240315"},"content":{"rendered":"<p>ARQUIVO PARA AMAROK EDC17CP54 CSHA 03L906012FG 7569 03L907309AC TC1797 0281017903 10375422941109K6P1-20240315<\/p>\n<p><img loading=\"lazy\" decoding=\"async\" class=\"alignnone size-full wp-image-1040\" src=\"https:\/\/powerchip.com.br\/wp-content\/uploads\/2025\/11\/alto-falante.jpg\" alt=\"\" width=\"67\" height=\"55\" \/>\u00a0 \u00a0<strong>\u00a0<\/strong>\u201cLembrete: Este arquivo SIM E N\u00c3O\u00a0 necessita de prepara\u00e7\u00e3o espec\u00edfica para a central (ECU) de destino DEPENDENDO DO PROGRAMADOR .\u201d<\/p>\n<p>Voc\u00ea receber\u00e1 ap\u00f3s pagar:<\/p>\n<p><strong>A PROMO\u00c7\u00c3O 2 CILINDROS POWERCHIP.<\/strong><\/p>\n<p><img loading=\"lazy\" decoding=\"async\" class=\"alignnone size-full wp-image-1039\" src=\"https:\/\/powerchip.com.br\/wp-content\/uploads\/2025\/11\/veja-acima.jpg\" alt=\"\" width=\"21\" height=\"34\" \/><\/p>\n<p>&nbsp;<\/p>\n<p><img loading=\"lazy\" decoding=\"async\" class=\"alignnone size-full wp-image-1042\" src=\"https:\/\/powerchip.com.br\/wp-content\/uploads\/2025\/11\/pistao.jpg\" alt=\"\" width=\"17\" height=\"41\" \/>\u00a0\u00a0ARQUIVO ORIGINAL<\/p>\n<p><img loading=\"lazy\" decoding=\"async\" class=\"alignnone size-full wp-image-1042\" src=\"https:\/\/powerchip.com.br\/wp-content\/uploads\/2025\/11\/pistao.jpg\" alt=\"\" width=\"17\" height=\"41\" \/><img loading=\"lazy\" decoding=\"async\" class=\"alignnone size-full wp-image-1042\" src=\"https:\/\/powerchip.com.br\/wp-content\/uploads\/2025\/11\/pistao.jpg\" alt=\"\" width=\"17\" height=\"41\" \/> ARQUIVO\u00a0 DPF EGR\u00a0 POT\u00caNCIA\u00a0 DTC<\/p>\n<p>Um profissional saber\u00e1 utilizar isso EMERGENCIA , TESTES, ou ap\u00f3s a compra entre em contato.<\/p>\n<p>Mande um e-mail ou chame no Whatzapp. (16)991342577<\/p>\n<p><a href=\"https:\/\/powerchip.com.br\/index.php\/arquivo-destinado-a-profissionais\/\">Arquivo destinado a profissionais<\/a>.<\/p>\n<p><a href=\"https:\/\/powerchip.com.br\/index.php\/como-usar-o-arquivo-comprado\/\">Como usar o arquivo<\/a>.<\/p>\n<p><a href=\"https:\/\/powerchip.com.br\/index.php\/como-comprar\/\">Como comprar<\/a><\/p>\n","protected":false},"excerpt":{"rendered":"<p>ARQUIVO PARA AMAROK EDC17CP54 CSHA 03L906012FG 7569 03L907309AC TC1797 0281017903 10375422941109K6P1-20240315 \u00a0 \u00a0\u00a0\u201cLembrete: Este arquivo SIM E N\u00c3O\u00a0 necessita de prepara\u00e7\u00e3o espec\u00edfica para a central (ECU) de destino DEPENDENDO DO PROGRAMADOR .\u201d Voc\u00ea receber\u00e1 ap\u00f3s pagar: A PROMO\u00c7\u00c3O 2 CILINDROS POWERCHIP. &nbsp; \u00a0\u00a0ARQUIVO ORIGINAL ARQUIVO\u00a0 DPF EGR\u00a0 POT\u00caNCIA\u00a0 DTC Um profissional saber\u00e1 utilizar isso EMERGENCIA [&hellip;]<\/p>\n","protected":false},"featured_media":1644,"template":"","meta":{"_joinchat":[]},"product_brand":[],"product_cat":[32],"product_tag":[2131,2129,524,2132,2130,2127,536,2128,204],"class_list":{"0":"post-1735","1":"product","2":"type-product","3":"status-publish","4":"has-post-thumbnail","6":"product_cat-vw","7":"product_tag-2131","8":"product_tag-03l906012fg","9":"product_tag-03l907309ac","10":"product_tag-10375422941109k6p1","11":"product_tag-2130","12":"product_tag-arquivo-para-amarok","13":"product_tag-csha","14":"product_tag-edc17cp54","15":"product_tag-tc1797","17":"first","18":"instock","19":"downloadable","20":"virtual","21":"purchasable","22":"product-type-simple"},"jetpack_sharing_enabled":true,"_links":{"self":[{"href":"https:\/\/powerchip.com.br\/index.php\/wp-json\/wp\/v2\/product\/1735","targetHints":{"allow":["GET"]}}],"collection":[{"href":"https:\/\/powerchip.com.br\/index.php\/wp-json\/wp\/v2\/product"}],"about":[{"href":"https:\/\/powerchip.com.br\/index.php\/wp-json\/wp\/v2\/types\/product"}],"wp:featuredmedia":[{"embeddable":true,"href":"https:\/\/powerchip.com.br\/index.php\/wp-json\/wp\/v2\/media\/1644"}],"wp:attachment":[{"href":"https:\/\/powerchip.com.br\/index.php\/wp-json\/wp\/v2\/media?parent=1735"}],"wp:term":[{"taxonomy":"product_brand","embeddable":true,"href":"https:\/\/powerchip.com.br\/index.php\/wp-json\/wp\/v2\/product_brand?post=1735"},{"taxonomy":"product_cat","embeddable":true,"href":"https:\/\/powerchip.com.br\/index.php\/wp-json\/wp\/v2\/product_cat?post=1735"},{"taxonomy":"product_tag","embeddable":true,"href":"https:\/\/powerchip.com.br\/index.php\/wp-json\/wp\/v2\/product_tag?post=1735"}],"curies":[{"name":"wp","href":"https:\/\/api.w.org\/{rel}","templated":true}]}}