{"id":1716,"date":"2026-03-30T15:31:39","date_gmt":"2026-03-30T15:31:39","guid":{"rendered":"https:\/\/powerchip.com.br\/?post_type=product&#038;p=1716"},"modified":"2026-03-30T15:32:42","modified_gmt":"2026-03-30T15:32:42","slug":"arquivo-dpf-egr-arla-off-dtc-para-10sw029083-0281034189-edv17c60-modificado-original","status":"publish","type":"product","link":"https:\/\/powerchip.com.br\/index.php\/produto\/arquivo-dpf-egr-arla-off-dtc-para-10sw029083-0281034189-edv17c60-modificado-original\/","title":{"rendered":"ARQUIVO DPF EGR ARLA OFF DTC PARA 10SW029083- 0281034189 EDV17C60 MODIFICADO + ORIGINAL"},"content":{"rendered":"<p>ARQUIVO DPF EGR ARLA OFF DTC PARA 10SW029083- 0281034189 EDV17C60 MODIFICADO + ORIGINAL<\/p>\n<p>Voc\u00ea receber\u00e1 ap\u00f3s pagar:<\/p>\n<p><img loading=\"lazy\" decoding=\"async\" class=\"alignnone size-full wp-image-1042\" src=\"https:\/\/powerchip.com.br\/wp-content\/uploads\/2025\/11\/pistao.jpg\" alt=\"\" width=\"17\" height=\"41\" \/> \u00a0ARQUIVO ORIGINAL<\/p>\n<p><img loading=\"lazy\" decoding=\"async\" class=\"alignnone size-full wp-image-1042\" src=\"https:\/\/powerchip.com.br\/wp-content\/uploads\/2025\/11\/pistao.jpg\" alt=\"\" width=\"17\" height=\"41\" \/><img loading=\"lazy\" decoding=\"async\" class=\"alignnone size-full wp-image-1042\" src=\"https:\/\/powerchip.com.br\/wp-content\/uploads\/2025\/11\/pistao.jpg\" alt=\"\" width=\"17\" height=\"41\" \/> ARQUIVO DE DPF EGR ARLA OFF DTC SUM OK<\/p>\n<p>Um profissional saber\u00e1 utilizar isso , ou ap\u00f3s a compra entre em contato.<\/p>\n<p>A Desativa\u00e7\u00e3o da fun\u00e7\u00e3o DPF EGR ARLA \u00e9 para diagn\u00f3stico e verifica\u00e7\u00e3o da ECU durante o reparo.<br \/>\nNem todas as vers\u00f5es de software podem ser compat\u00edveis.<br \/>\nPara adicionar uma nova vers\u00e3o de software, entre em contato com o portal de suporte e anexe um arquivo.<br \/>\nO uso \u00e9 por sua conta e risco.<\/p>\n<p>O m\u00f3dulo permite desativar o DPF EGR ARLA\u00a0 (DPF EGR ARLA , por exemplo, para verificar os componentes do sistema)<\/p>\n<p>Sempre leia e salve seu original para seguran\u00e7a.<\/p>\n<p>Mande um e-mail ou chame no Whatzapp. (16)991342577<\/p>\n<p>O uso \u00e9 por sua conta e risco.<\/p>\n<p><a href=\"https:\/\/powerchip.com.br\/index.php\/arquivo-destinado-a-profissionais\/\">Arquivo destinado a profissionais<\/a>.<\/p>\n<p><a href=\"https:\/\/powerchip.com.br\/index.php\/como-usar-o-arquivo-comprado\/\">Como usar o arquivo<\/a>.<\/p>\n<p><a href=\"https:\/\/powerchip.com.br\/index.php\/como-comprar\/\">Como comprar<\/a><\/p>\n","protected":false},"excerpt":{"rendered":"<p>ARQUIVO DPF EGR ARLA OFF DTC PARA 10SW029083- 0281034189 EDV17C60 MODIFICADO + ORIGINAL Voc\u00ea receber\u00e1 ap\u00f3s pagar: \u00a0ARQUIVO ORIGINAL ARQUIVO DE DPF EGR ARLA OFF DTC SUM OK Um profissional saber\u00e1 utilizar isso , ou ap\u00f3s a compra entre em contato. A Desativa\u00e7\u00e3o da fun\u00e7\u00e3o DPF EGR ARLA \u00e9 para diagn\u00f3stico e verifica\u00e7\u00e3o da ECU [&hellip;]<\/p>\n","protected":false},"featured_media":1644,"template":"","meta":{"_joinchat":[]},"product_brand":[],"product_cat":[205],"product_tag":[2114,2113,2115],"class_list":{"0":"post-1716","1":"product","2":"type-product","3":"status-publish","4":"has-post-thumbnail","6":"product_cat-psa","7":"product_tag-2114","8":"product_tag-10sw029083","9":"product_tag-edv17c60","11":"first","12":"instock","13":"downloadable","14":"virtual","15":"purchasable","16":"product-type-simple"},"jetpack_sharing_enabled":true,"_links":{"self":[{"href":"https:\/\/powerchip.com.br\/index.php\/wp-json\/wp\/v2\/product\/1716","targetHints":{"allow":["GET"]}}],"collection":[{"href":"https:\/\/powerchip.com.br\/index.php\/wp-json\/wp\/v2\/product"}],"about":[{"href":"https:\/\/powerchip.com.br\/index.php\/wp-json\/wp\/v2\/types\/product"}],"wp:featuredmedia":[{"embeddable":true,"href":"https:\/\/powerchip.com.br\/index.php\/wp-json\/wp\/v2\/media\/1644"}],"wp:attachment":[{"href":"https:\/\/powerchip.com.br\/index.php\/wp-json\/wp\/v2\/media?parent=1716"}],"wp:term":[{"taxonomy":"product_brand","embeddable":true,"href":"https:\/\/powerchip.com.br\/index.php\/wp-json\/wp\/v2\/product_brand?post=1716"},{"taxonomy":"product_cat","embeddable":true,"href":"https:\/\/powerchip.com.br\/index.php\/wp-json\/wp\/v2\/product_cat?post=1716"},{"taxonomy":"product_tag","embeddable":true,"href":"https:\/\/powerchip.com.br\/index.php\/wp-json\/wp\/v2\/product_tag?post=1716"}],"curies":[{"name":"wp","href":"https:\/\/api.w.org\/{rel}","templated":true}]}}